{"id":9466,"date":"2020-03-11T15:49:04","date_gmt":"2020-03-11T15:49:04","guid":{"rendered":"https:\/\/we-building.org\/weihnachtsmarkt\/"},"modified":"2022-03-24T13:13:07","modified_gmt":"2022-03-24T13:13:07","slug":"weihnachtsmarkt","status":"publish","type":"page","link":"https:\/\/we-building.org\/de\/weihnachtsmarkt\/","title":{"rendered":"alt-rixdorf-weihnachtsmarkt"},"content":{"rendered":"\t\t<div data-elementor-type=\"wp-page\" data-elementor-id=\"9466\" class=\"elementor elementor-9466 elementor-1626\" data-elementor-post-type=\"page\">\n\t\t\t\t\t\t<section data-particle_enable=\"false\" data-particle-mobile-disabled=\"false\" class=\"elementor-section elementor-top-section elementor-element elementor-element-4f69a67 elementor-section-full_width elementor-section-height-default elementor-section-height-default\" data-id=\"4f69a67\" data-element_type=\"section\" data-e-type=\"section\">\n\t\t\t\t\t\t<div class=\"elementor-container elementor-column-gap-extended\">\n\t\t\t\t\t<div class=\"elementor-column elementor-col-25 elementor-top-column elementor-element elementor-element-1b68b5d\" data-id=\"1b68b5d\" data-element_type=\"column\" data-e-type=\"column\">\n\t\t\t<div class=\"elementor-widget-wrap\">\n\t\t\t\t\t\t\t<\/div>\n\t\t<\/div>\n\t\t\t\t<div class=\"elementor-column elementor-col-25 elementor-top-column elementor-element elementor-element-55f7de0\" data-id=\"55f7de0\" data-element_type=\"column\" data-e-type=\"column\">\n\t\t\t<div class=\"elementor-widget-wrap elementor-element-populated\">\n\t\t\t\t\t\t<div class=\"elementor-element elementor-element-fe14d34 elementor-widget elementor-widget-text-editor\" data-id=\"fe14d34\" data-element_type=\"widget\" data-e-type=\"widget\" data-widget_type=\"text-editor.default\">\n\t\t\t\t<div class=\"elementor-widget-container\">\n\t\t\t\t\t\t\t\t\t<h1><span style=\"color: #37b0ac;\">Weihnachtsmarkt<\/span><\/h1>\n<p>Seit 2016 nimmt WEbuilding jedes Jahr am <a href=\"https:\/\/www.weihnachteninberlin.de\/weihnachtsmaerkte\/1001438-955635-alt-rixdorfer-weihnachtsmarkt.html\" target=\"_blank\" rel=\"noopener\">Alt-Rixdorfer Weihnachtsmarkt<\/a> teil. Das ist eine besondere Tradition f\u00fcr uns, denn im Oktober und November kommen wir zusammen, um die Dinge vorzubereiten, die wir dort verkaufen. Sie finden uns immer am Freitag, Samstag und Sonntag der 2. Adventswoche auf dem Weihnachtsmarkt. Auf diesem einzigartigen Weihnachtsmarkt bieten wir Gl\u00fchwein und andere Getr\u00e4nke, handgefertigte Taschen, Postkarten und unsere ber\u00fchmten Schoko-Kokos-Kugeln an. Schauen Sie sich unser Kunsthandwerk in unserem <a href=\"https:\/\/we-building.org\/de\/shop\/\">Shop<\/a> an.<\/p>\n\t\t\t\t\t\t\t\t<\/div>\n\t\t\t\t<\/div>\n\t\t\t\t\t<\/div>\n\t\t<\/div>\n\t\t\t\t<div class=\"elementor-column elementor-col-25 elementor-top-column elementor-element elementor-element-08bc168\" data-id=\"08bc168\" data-element_type=\"column\" data-e-type=\"column\">\n\t\t\t<div class=\"elementor-widget-wrap elementor-element-populated\">\n\t\t\t\t\t\t<div class=\"elementor-element elementor-element-aea42e2 elementor-widget elementor-widget-image\" data-id=\"aea42e2\" data-element_type=\"widget\" data-e-type=\"widget\" data-widget_type=\"image.default\">\n\t\t\t\t<div class=\"elementor-widget-container\">\n\t\t\t\t\t\t\t\t\t\t\t\t\t\t\t<img fetchpriority=\"high\" decoding=\"async\" width=\"768\" height=\"768\" src=\"https:\/\/we-building.org\/wp-content\/uploads\/2020\/02\/weihnachtsmarkt-berlin-rixdorf-2.1543826697-768x768.jpg\" class=\"attachment-medium_large size-medium_large wp-image-9008\" alt=\"workshop Rutli WEbuilding\" srcset=\"https:\/\/we-building.org\/wp-content\/uploads\/2020\/02\/weihnachtsmarkt-berlin-rixdorf-2.1543826697-768x768.jpg 768w, https:\/\/we-building.org\/wp-content\/uploads\/2020\/02\/weihnachtsmarkt-berlin-rixdorf-2.1543826697-300x300.jpg 300w, https:\/\/we-building.org\/wp-content\/uploads\/2020\/02\/weihnachtsmarkt-berlin-rixdorf-2.1543826697-150x150.jpg 150w, https:\/\/we-building.org\/wp-content\/uploads\/2020\/02\/weihnachtsmarkt-berlin-rixdorf-2.1543826697.jpg 1000w\" sizes=\"(max-width: 768px) 100vw, 768px\" \/>\t\t\t\t\t\t\t\t\t\t\t\t\t\t\t<\/div>\n\t\t\t\t<\/div>\n\t\t\t\t\t<\/div>\n\t\t<\/div>\n\t\t\t\t<div class=\"elementor-column elementor-col-25 elementor-top-column elementor-element elementor-element-032d8cb\" data-id=\"032d8cb\" data-element_type=\"column\" data-e-type=\"column\">\n\t\t\t<div class=\"elementor-widget-wrap\">\n\t\t\t\t\t\t\t<\/div>\n\t\t<\/div>\n\t\t\t\t\t<\/div>\n\t\t<\/section>\n\t\t\t\t<section data-particle_enable=\"false\" data-particle-mobile-disabled=\"false\" class=\"elementor-section elementor-top-section elementor-element elementor-element-7d7cc11 elementor-section-height-min-height elementor-section-boxed elementor-section-height-default elementor-section-items-middle\" data-id=\"7d7cc11\" data-element_type=\"section\" data-e-type=\"section\">\n\t\t\t\t\t\t<div class=\"elementor-container elementor-column-gap-default\">\n\t\t\t\t\t<div class=\"elementor-column elementor-col-100 elementor-top-column elementor-element elementor-element-52594ca\" data-id=\"52594ca\" data-element_type=\"column\" data-e-type=\"column\">\n\t\t\t<div class=\"elementor-widget-wrap\">\n\t\t\t\t\t\t\t<\/div>\n\t\t<\/div>\n\t\t\t\t\t<\/div>\n\t\t<\/section>\n\t\t\t\t<\/div>\n\t\t","protected":false},"excerpt":{"rendered":"<p>Weihnachtsmarkt Seit 2016 nimmt WEbuilding jedes Jahr am Alt-Rixdorfer Weihnachtsmarkt teil. Das ist eine besondere Tradition f\u00fcr uns, denn im Oktober und November kommen wir zusammen, um die Dinge vorzubereiten, die wir dort verkaufen. Sie finden uns immer am Freitag, Samstag und Sonntag der 2. Adventswoche auf dem Weihnachtsmarkt. Auf diesem einzigartigen Weihnachtsmarkt bieten wir Gl\u00fchwein und andere Getr\u00e4nke, handgefertigte Taschen, Postkarten und unsere ber\u00fchmten Schoko-Kokos-Kugeln an. Schauen Sie sich unser Kunsthandwerk in unserem Shop an.<\/p>\n","protected":false},"author":1,"featured_media":0,"parent":0,"menu_order":0,"comment_status":"closed","ping_status":"closed","template":"","meta":{"site-sidebar-layout":"no-sidebar","site-content-layout":"page-builder","ast-global-header-display":"","ast-banner-title-visibility":"","ast-main-header-display":"disabled","ast-hfb-above-header-display":"","ast-hfb-below-header-display":"","ast-hfb-mobile-header-display":"","site-post-title":"disabled","ast-breadcrumbs-content":"disabled","ast-featured-img":"disabled","footer-sml-layout":"disabled","theme-transparent-header-meta":"disabled","adv-header-id-meta":"","stick-header-meta":"","header-above-stick-meta":"","header-main-stick-meta":"","header-below-stick-meta":"","footnotes":"","_links_to":"","_links_to_target":""},"class_list":["post-9466","page","type-page","status-publish","hentry"],"yoast_head":"<!-- This site is optimized with the Yoast SEO plugin v26.9 - https:\/\/yoast.com\/product\/yoast-seo-wordpress\/ -->\n<title>Alt-Rixdorf Weihnachtsmarkt | We-Building<\/title>\n<meta name=\"description\" content=\"Wir nehmen jedes Jahr am Alt-Rixdorfer Weihnachtsmarkt teil. Wir bieten handgefertigte Taschen, Gl\u00fchwein, unsere ber\u00fchmten Schoko-Kokos-Kugeln und mehr.\" \/>\n<meta name=\"robots\" content=\"index, follow, max-snippet:-1, max-image-preview:large, max-video-preview:-1\" \/>\n<link rel=\"canonical\" href=\"https:\/\/we-building.org\/de\/weihnachtsmarkt\/\" \/>\n<meta property=\"og:locale\" content=\"de_DE\" \/>\n<meta property=\"og:type\" content=\"article\" \/>\n<meta property=\"og:title\" content=\"Alt-Rixdorf Weihnachtsmarkt | We-Building\" \/>\n<meta property=\"og:description\" content=\"Wir nehmen jedes Jahr am Alt-Rixdorfer Weihnachtsmarkt teil. Wir bieten handgefertigte Taschen, Gl\u00fchwein, unsere ber\u00fchmten Schoko-Kokos-Kugeln und mehr.\" \/>\n<meta property=\"og:url\" content=\"https:\/\/we-building.org\/de\/weihnachtsmarkt\/\" \/>\n<meta property=\"og:site_name\" content=\"WEbuilding\" \/>\n<meta property=\"article:modified_time\" content=\"2022-03-24T13:13:07+00:00\" \/>\n<meta property=\"og:image\" content=\"https:\/\/we-building.org\/wp-content\/uploads\/2020\/02\/weihnachtsmarkt-berlin-rixdorf-2.1543826697-768x768.jpg\" \/>\n<meta name=\"twitter:card\" content=\"summary_large_image\" \/>\n<script type=\"application\/ld+json\" class=\"yoast-schema-graph\">{\"@context\":\"https:\/\/schema.org\",\"@graph\":[{\"@type\":\"WebPage\",\"@id\":\"https:\/\/we-building.org\/de\/weihnachtsmarkt\/\",\"url\":\"https:\/\/we-building.org\/de\/weihnachtsmarkt\/\",\"name\":\"Alt-Rixdorf Weihnachtsmarkt | We-Building\",\"isPartOf\":{\"@id\":\"https:\/\/we-building.org\/#website\"},\"primaryImageOfPage\":{\"@id\":\"https:\/\/we-building.org\/de\/weihnachtsmarkt\/#primaryimage\"},\"image\":{\"@id\":\"https:\/\/we-building.org\/de\/weihnachtsmarkt\/#primaryimage\"},\"thumbnailUrl\":\"https:\/\/we-building.org\/wp-content\/uploads\/2020\/02\/weihnachtsmarkt-berlin-rixdorf-2.1543826697-768x768.jpg\",\"datePublished\":\"2020-03-11T15:49:04+00:00\",\"dateModified\":\"2022-03-24T13:13:07+00:00\",\"description\":\"Wir nehmen jedes Jahr am Alt-Rixdorfer Weihnachtsmarkt teil. Wir bieten handgefertigte Taschen, Gl\u00fchwein, unsere ber\u00fchmten Schoko-Kokos-Kugeln und mehr.\",\"breadcrumb\":{\"@id\":\"https:\/\/we-building.org\/de\/weihnachtsmarkt\/#breadcrumb\"},\"inLanguage\":\"de-DE\",\"potentialAction\":[{\"@type\":\"ReadAction\",\"target\":[\"https:\/\/we-building.org\/de\/weihnachtsmarkt\/\"]}]},{\"@type\":\"ImageObject\",\"inLanguage\":\"de-DE\",\"@id\":\"https:\/\/we-building.org\/de\/weihnachtsmarkt\/#primaryimage\",\"url\":\"https:\/\/we-building.org\/wp-content\/uploads\/2020\/02\/weihnachtsmarkt-berlin-rixdorf-2.1543826697-768x768.jpg\",\"contentUrl\":\"https:\/\/we-building.org\/wp-content\/uploads\/2020\/02\/weihnachtsmarkt-berlin-rixdorf-2.1543826697-768x768.jpg\"},{\"@type\":\"BreadcrumbList\",\"@id\":\"https:\/\/we-building.org\/de\/weihnachtsmarkt\/#breadcrumb\",\"itemListElement\":[{\"@type\":\"ListItem\",\"position\":1,\"name\":\"Home\",\"item\":\"https:\/\/we-building.org\/de\/index\/\"},{\"@type\":\"ListItem\",\"position\":2,\"name\":\"alt-rixdorf-weihnachtsmarkt\"}]},{\"@type\":\"WebSite\",\"@id\":\"https:\/\/we-building.org\/#website\",\"url\":\"https:\/\/we-building.org\/\",\"name\":\"WEbuilding\",\"description\":\"Using sustainable architecture to help communities around the world build a better and brighter future.\",\"publisher\":{\"@id\":\"https:\/\/we-building.org\/#organization\"},\"potentialAction\":[{\"@type\":\"SearchAction\",\"target\":{\"@type\":\"EntryPoint\",\"urlTemplate\":\"https:\/\/we-building.org\/?s={search_term_string}\"},\"query-input\":{\"@type\":\"PropertyValueSpecification\",\"valueRequired\":true,\"valueName\":\"search_term_string\"}}],\"inLanguage\":\"de-DE\"},{\"@type\":\"Organization\",\"@id\":\"https:\/\/we-building.org\/#organization\",\"name\":\"WEbuilding\",\"url\":\"https:\/\/we-building.org\/\",\"logo\":{\"@type\":\"ImageObject\",\"inLanguage\":\"de-DE\",\"@id\":\"https:\/\/we-building.org\/#\/schema\/logo\/image\/\",\"url\":\"https:\/\/we-building.org\/wp-content\/uploads\/2020\/02\/cropped-12_Logo-1.png\",\"contentUrl\":\"https:\/\/we-building.org\/wp-content\/uploads\/2020\/02\/cropped-12_Logo-1.png\",\"width\":2288,\"height\":2288,\"caption\":\"WEbuilding\"},\"image\":{\"@id\":\"https:\/\/we-building.org\/#\/schema\/logo\/image\/\"}}]}<\/script>\n<!-- \/ Yoast SEO plugin. -->","yoast_head_json":{"title":"Alt-Rixdorf Weihnachtsmarkt | We-Building","description":"Wir nehmen jedes Jahr am Alt-Rixdorfer Weihnachtsmarkt teil. Wir bieten handgefertigte Taschen, Gl\u00fchwein, unsere ber\u00fchmten Schoko-Kokos-Kugeln und mehr.","robots":{"index":"index","follow":"follow","max-snippet":"max-snippet:-1","max-image-preview":"max-image-preview:large","max-video-preview":"max-video-preview:-1"},"canonical":"https:\/\/we-building.org\/de\/weihnachtsmarkt\/","og_locale":"de_DE","og_type":"article","og_title":"Alt-Rixdorf Weihnachtsmarkt | We-Building","og_description":"Wir nehmen jedes Jahr am Alt-Rixdorfer Weihnachtsmarkt teil. Wir bieten handgefertigte Taschen, Gl\u00fchwein, unsere ber\u00fchmten Schoko-Kokos-Kugeln und mehr.","og_url":"https:\/\/we-building.org\/de\/weihnachtsmarkt\/","og_site_name":"WEbuilding","article_modified_time":"2022-03-24T13:13:07+00:00","og_image":[{"url":"https:\/\/we-building.org\/wp-content\/uploads\/2020\/02\/weihnachtsmarkt-berlin-rixdorf-2.1543826697-768x768.jpg","type":"","width":"","height":""}],"twitter_card":"summary_large_image","schema":{"@context":"https:\/\/schema.org","@graph":[{"@type":"WebPage","@id":"https:\/\/we-building.org\/de\/weihnachtsmarkt\/","url":"https:\/\/we-building.org\/de\/weihnachtsmarkt\/","name":"Alt-Rixdorf Weihnachtsmarkt | We-Building","isPartOf":{"@id":"https:\/\/we-building.org\/#website"},"primaryImageOfPage":{"@id":"https:\/\/we-building.org\/de\/weihnachtsmarkt\/#primaryimage"},"image":{"@id":"https:\/\/we-building.org\/de\/weihnachtsmarkt\/#primaryimage"},"thumbnailUrl":"https:\/\/we-building.org\/wp-content\/uploads\/2020\/02\/weihnachtsmarkt-berlin-rixdorf-2.1543826697-768x768.jpg","datePublished":"2020-03-11T15:49:04+00:00","dateModified":"2022-03-24T13:13:07+00:00","description":"Wir nehmen jedes Jahr am Alt-Rixdorfer Weihnachtsmarkt teil. Wir bieten handgefertigte Taschen, Gl\u00fchwein, unsere ber\u00fchmten Schoko-Kokos-Kugeln und mehr.","breadcrumb":{"@id":"https:\/\/we-building.org\/de\/weihnachtsmarkt\/#breadcrumb"},"inLanguage":"de-DE","potentialAction":[{"@type":"ReadAction","target":["https:\/\/we-building.org\/de\/weihnachtsmarkt\/"]}]},{"@type":"ImageObject","inLanguage":"de-DE","@id":"https:\/\/we-building.org\/de\/weihnachtsmarkt\/#primaryimage","url":"https:\/\/we-building.org\/wp-content\/uploads\/2020\/02\/weihnachtsmarkt-berlin-rixdorf-2.1543826697-768x768.jpg","contentUrl":"https:\/\/we-building.org\/wp-content\/uploads\/2020\/02\/weihnachtsmarkt-berlin-rixdorf-2.1543826697-768x768.jpg"},{"@type":"BreadcrumbList","@id":"https:\/\/we-building.org\/de\/weihnachtsmarkt\/#breadcrumb","itemListElement":[{"@type":"ListItem","position":1,"name":"Home","item":"https:\/\/we-building.org\/de\/index\/"},{"@type":"ListItem","position":2,"name":"alt-rixdorf-weihnachtsmarkt"}]},{"@type":"WebSite","@id":"https:\/\/we-building.org\/#website","url":"https:\/\/we-building.org\/","name":"WEbuilding","description":"Using sustainable architecture to help communities around the world build a better and brighter future.","publisher":{"@id":"https:\/\/we-building.org\/#organization"},"potentialAction":[{"@type":"SearchAction","target":{"@type":"EntryPoint","urlTemplate":"https:\/\/we-building.org\/?s={search_term_string}"},"query-input":{"@type":"PropertyValueSpecification","valueRequired":true,"valueName":"search_term_string"}}],"inLanguage":"de-DE"},{"@type":"Organization","@id":"https:\/\/we-building.org\/#organization","name":"WEbuilding","url":"https:\/\/we-building.org\/","logo":{"@type":"ImageObject","inLanguage":"de-DE","@id":"https:\/\/we-building.org\/#\/schema\/logo\/image\/","url":"https:\/\/we-building.org\/wp-content\/uploads\/2020\/02\/cropped-12_Logo-1.png","contentUrl":"https:\/\/we-building.org\/wp-content\/uploads\/2020\/02\/cropped-12_Logo-1.png","width":2288,"height":2288,"caption":"WEbuilding"},"image":{"@id":"https:\/\/we-building.org\/#\/schema\/logo\/image\/"}}]}},"_links":{"self":[{"href":"https:\/\/we-building.org\/de\/wp-json\/wp\/v2\/pages\/9466","targetHints":{"allow":["GET"]}}],"collection":[{"href":"https:\/\/we-building.org\/de\/wp-json\/wp\/v2\/pages"}],"about":[{"href":"https:\/\/we-building.org\/de\/wp-json\/wp\/v2\/types\/page"}],"author":[{"embeddable":true,"href":"https:\/\/we-building.org\/de\/wp-json\/wp\/v2\/users\/1"}],"replies":[{"embeddable":true,"href":"https:\/\/we-building.org\/de\/wp-json\/wp\/v2\/comments?post=9466"}],"version-history":[{"count":0,"href":"https:\/\/we-building.org\/de\/wp-json\/wp\/v2\/pages\/9466\/revisions"}],"wp:attachment":[{"href":"https:\/\/we-building.org\/de\/wp-json\/wp\/v2\/media?parent=9466"}],"curies":[{"name":"wp","href":"https:\/\/api.w.org\/{rel}","templated":true}]}}