{"id":9424,"date":"2021-02-26T10:33:00","date_gmt":"2021-02-26T10:33:00","guid":{"rendered":"https:\/\/we-building.org\/masaka\/"},"modified":"2021-03-23T12:29:12","modified_gmt":"2021-03-23T12:29:12","slug":"masaka","status":"publish","type":"page","link":"https:\/\/we-building.org\/de\/masaka\/","title":{"rendered":"masaka"},"content":{"rendered":"\t\t<div data-elementor-type=\"wp-page\" data-elementor-id=\"9424\" class=\"elementor elementor-9424 elementor-9325\" data-elementor-post-type=\"page\">\n\t\t\t\t\t\t<section data-particle_enable=\"false\" data-particle-mobile-disabled=\"false\" class=\"elementor-section elementor-top-section elementor-element elementor-element-44cc1af elementor-section-full_width elementor-section-items-stretch elementor-section-content-middle elementor-section-height-min-height elementor-section-height-default\" data-id=\"44cc1af\" data-element_type=\"section\" data-e-type=\"section\">\n\t\t\t\t\t\t<div class=\"elementor-container elementor-column-gap-no\">\n\t\t\t\t\t<div class=\"elementor-column elementor-col-50 elementor-top-column elementor-element elementor-element-1c9ffab\" data-id=\"1c9ffab\" data-element_type=\"column\" data-e-type=\"column\" data-settings=\"{&quot;background_background&quot;:&quot;classic&quot;}\">\n\t\t\t<div class=\"elementor-widget-wrap\">\n\t\t\t\t\t\t\t<\/div>\n\t\t<\/div>\n\t\t\t\t<div class=\"elementor-column elementor-col-50 elementor-top-column elementor-element elementor-element-08bc168\" data-id=\"08bc168\" data-element_type=\"column\" data-e-type=\"column\" data-settings=\"{&quot;background_background&quot;:&quot;classic&quot;}\">\n\t\t\t<div class=\"elementor-widget-wrap elementor-element-populated\">\n\t\t\t\t\t<div class=\"elementor-background-overlay\"><\/div>\n\t\t\t\t\t\t<div class=\"elementor-element elementor-element-05c1ef9 elementor-widget elementor-widget-text-editor\" data-id=\"05c1ef9\" data-element_type=\"widget\" data-e-type=\"widget\" data-widget_type=\"text-editor.default\">\n\t\t\t\t<div class=\"elementor-widget-container\">\n\t\t\t\t\t\t\t\t\t<h2><span style=\"color: #ffffff;\"><b>School in Masaka<\/b><\/span><\/h2>\n<p><strong><span style=\"color: #37b0ac;\"><br \/>Jahr<\/span><\/strong><br \/><span style=\"color: #ffffff;\">2021 &#8211; ongoing<\/span><\/p>\n<p><strong><span style=\"color: #37b0ac;\">Standort<\/span><\/strong><br \/><span style=\"color: #ffffff;\">Masaka &#8211; Uganda<\/span><\/p>\n<p><strong><span style=\"color: #37b0ac;\">Umfeld<\/span><\/strong><br \/><span style=\"color: #ffffff;\">L\u00e4ndlich<\/span><\/p>\n<p><strong><span style=\"color: #37b0ac;\">Gr\u00f6\u00dfe<\/span><\/strong><br \/><span style=\"color: #ffffff;\">0,4 ha \/ 6 Klassenr\u00e4ume, 2 naturwissenschaftliche R\u00e4ume, K\u00fcche, Sanit\u00e4ranlagen<\/span><\/p>\n<p><strong><span style=\"color: #37b0ac;\">Leistung<\/span><\/strong><\/p>\n<p><span style=\"color: #ffffff;\">Vorentwurf<\/span><br \/><strong><span style=\"color: #37b0ac;\">Partner<\/span><\/strong><br \/><a href=\"https:\/\/infoccfu.wixsite.com\/ccfu\" target=\"_blank\" rel=\"noopener\"><span style=\"color: #ffffff;\">CCFU- Community Care Foundation-Uganda<\/span><\/a><br \/><strong><span style=\"color: #37b0ac;\">Nachhaltigkeit<\/span><\/strong><br \/><span style=\"color: #ffffff;\">Lokale Mitarbeiter + Training<\/span><\/p>\n\t\t\t\t\t\t\t\t<\/div>\n\t\t\t\t<\/div>\n\t\t\t\t\t<\/div>\n\t\t<\/div>\n\t\t\t\t\t<\/div>\n\t\t<\/section>\n\t\t\t\t<section data-particle_enable=\"false\" data-particle-mobile-disabled=\"false\" class=\"elementor-section elementor-top-section elementor-element elementor-element-4f69a67 elementor-section-full_width elementor-section-height-default elementor-section-height-default\" data-id=\"4f69a67\" data-element_type=\"section\" data-e-type=\"section\">\n\t\t\t\t\t\t<div class=\"elementor-container elementor-column-gap-extended\">\n\t\t\t\t\t<div class=\"elementor-column elementor-col-33 elementor-top-column elementor-element elementor-element-34ae6a4\" data-id=\"34ae6a4\" data-element_type=\"column\" data-e-type=\"column\">\n\t\t\t<div class=\"elementor-widget-wrap\">\n\t\t\t\t\t\t\t<\/div>\n\t\t<\/div>\n\t\t\t\t<div class=\"elementor-column elementor-col-33 elementor-top-column elementor-element elementor-element-52cdefc\" data-id=\"52cdefc\" data-element_type=\"column\" data-e-type=\"column\">\n\t\t\t<div class=\"elementor-widget-wrap elementor-element-populated\">\n\t\t\t\t\t\t<div class=\"elementor-element elementor-element-fe14d34 elementor-widget elementor-widget-text-editor\" data-id=\"fe14d34\" data-element_type=\"widget\" data-e-type=\"widget\" data-widget_type=\"text-editor.default\">\n\t\t\t\t<div class=\"elementor-widget-container\">\n\t\t\t\t\t\t\t\t\t<h1 style=\"text-align: left;\">Masaka<\/h1>\n<p>Im Sub-County Masaka gibt es keine weiterf\u00fchrenden Schulen, was die Kinder zwingt, weite Wege zu den Schulen in den umliegenden Countys zur\u00fcckzulegen. Das Masaka-Schulprojekt wird 150 Kindern im Alter von 11-19 Jahren eine weiterf\u00fchrende Ausbildung erm\u00f6glichen.<\/p>\n<\/p>\n<p><a href=\"https:\/\/we-building.org\/wp-content\/uploads\/2021\/02\/Masaka-plot.jpg\"><img fetchpriority=\"high\" decoding=\"async\" class=\"aligncenter size-full wp-image-9627\" src=\"https:\/\/we-building.org\/wp-content\/uploads\/2021\/02\/Masaka-plot.jpg\" alt=\"\" width=\"1900\" height=\"685\"><\/a><\/p>\n<\/p>\n<p>Die Schule wird in 2 Phasen gebaut und wird aus 6 Klassenzimmern, 2 Wissenschaftsr\u00e4umen, einer K\u00fcche und Toiletten bestehen.<\/p>\n<p>Die Anordnung der Geb\u00e4ude, das Design und die Baumaterialien wurden weitgehend durch das Terrain, das Programm, das Budget und die lokal verf\u00fcgbaren Materialien bestimmt. Da das Gel\u00e4nde in eine Richtung leicht geneigt ist, haben wir uns entschieden, die Geb\u00e4ude senkrecht zum Hang anzuordnen, um zus\u00e4tzliche Kosten f\u00fcr Fundamente zu vermeiden und das Grundst\u00fcck in mehrere Teile zu teilen. Jeder Teil ist f\u00fcr unterschiedliche Aktivit\u00e4ten ausgelegt; der vordere Platz f\u00fcr die Vorschulkinder, die inneren Pl\u00e4tze f\u00fcr die Mittagspause und den Spielplatz.<\/p>\n<h1 style=\"text-align: left;\"><a href=\"https:\/\/we-building.org\/wp-content\/uploads\/2021\/02\/Masterplan.jpg\"><img decoding=\"async\" class=\"aligncenter size-full wp-image-9635\" src=\"https:\/\/we-building.org\/wp-content\/uploads\/2021\/02\/Masterplan.jpg\" alt=\"\" width=\"600\" srcset=\"https:\/\/we-building.org\/wp-content\/uploads\/2021\/02\/Masterplan.jpg 1156w, https:\/\/we-building.org\/wp-content\/uploads\/2021\/02\/Masterplan-210x300.jpg 210w, https:\/\/we-building.org\/wp-content\/uploads\/2021\/02\/Masterplan-716x1024.jpg 716w, https:\/\/we-building.org\/wp-content\/uploads\/2021\/02\/Masterplan-768x1099.jpg 768w, https:\/\/we-building.org\/wp-content\/uploads\/2021\/02\/Masterplan-1074x1536.jpg 1074w\" sizes=\"(max-width: 1156px) 100vw, 1156px\" \/><\/a><\/h1>\n<\/p>\n<p>Die K\u00fcche soll der zentrale Teil f\u00fcr soziale Aktivit\u00e4ten sein. Er verf\u00fcgt \u00fcber einen offenen Raum mit einer Abdeckung, die Schutz vor Heizsonne oder starken Regenf\u00e4llen bietet. Er verf\u00fcgt \u00fcber einen offenen Raum mit einer Abdeckung, die Schutz vor Heizsonne oder starken Regenf\u00e4llen bietet. F\u00fcr die Dacheindeckung werden Bleche und f\u00fcr das Fundament Zementbl\u00f6cke verwendet.<\/p>\n<h1 style=\"text-align: left;\"><a href=\"https:\/\/we-building.org\/wp-content\/uploads\/2021\/02\/Section-1_100.jpg\"><img decoding=\"async\" class=\"aligncenter size-full wp-image-9633\" src=\"https:\/\/we-building.org\/wp-content\/uploads\/2021\/02\/Section-1_100.jpg\" alt=\"\" width=\"800\" srcset=\"https:\/\/we-building.org\/wp-content\/uploads\/2021\/02\/Section-1_100.jpg 1228w, https:\/\/we-building.org\/wp-content\/uploads\/2021\/02\/Section-1_100-300x170.jpg 300w, https:\/\/we-building.org\/wp-content\/uploads\/2021\/02\/Section-1_100-1024x579.jpg 1024w, https:\/\/we-building.org\/wp-content\/uploads\/2021\/02\/Section-1_100-768x434.jpg 768w\" sizes=\"(max-width: 1228px) 100vw, 1228px\" \/><\/a><\/h1>\n<p><span style=\"font-size: 20px; color: var( --e-global-color-text );\"> <\/span><\/p>\n\t\t\t\t\t\t\t\t<\/div>\n\t\t\t\t<\/div>\n\t\t\t\t<div class=\"elementor-element elementor-element-75ab2cd elementor-widget elementor-widget-image\" data-id=\"75ab2cd\" data-element_type=\"widget\" data-e-type=\"widget\" data-widget_type=\"image.default\">\n\t\t\t\t<div class=\"elementor-widget-container\">\n\t\t\t\t\t\t\t\t\t\t\t\t\t\t\t<img decoding=\"async\" width=\"842\" height=\"570\" src=\"https:\/\/we-building.org\/wp-content\/uploads\/2021\/02\/Entrance-1.jpg\" class=\"attachment-2048x2048 size-2048x2048 wp-image-9376\" alt=\"Schulgeb\u00e4ude in Masaka\" srcset=\"https:\/\/we-building.org\/wp-content\/uploads\/2021\/02\/Entrance-1.jpg 842w, https:\/\/we-building.org\/wp-content\/uploads\/2021\/02\/Entrance-1-300x203.jpg 300w, https:\/\/we-building.org\/wp-content\/uploads\/2021\/02\/Entrance-1-768x520.jpg 768w\" sizes=\"(max-width: 842px) 100vw, 842px\" \/>\t\t\t\t\t\t\t\t\t\t\t\t\t\t\t<\/div>\n\t\t\t\t<\/div>\n\t\t\t\t<div class=\"elementor-element elementor-element-45a1568 elementor-widget elementor-widget-image\" data-id=\"45a1568\" data-element_type=\"widget\" data-e-type=\"widget\" data-widget_type=\"image.default\">\n\t\t\t\t<div class=\"elementor-widget-container\">\n\t\t\t\t\t\t\t\t\t\t\t\t\t\t\t<img decoding=\"async\" width=\"842\" height=\"595\" src=\"https:\/\/we-building.org\/wp-content\/uploads\/2021\/02\/Kitchen-1.jpg\" class=\"attachment-large size-large wp-image-9378\" alt=\"Au\u00dfenbereich in Masaka\" srcset=\"https:\/\/we-building.org\/wp-content\/uploads\/2021\/02\/Kitchen-1.jpg 842w, https:\/\/we-building.org\/wp-content\/uploads\/2021\/02\/Kitchen-1-300x212.jpg 300w, https:\/\/we-building.org\/wp-content\/uploads\/2021\/02\/Kitchen-1-768x543.jpg 768w\" sizes=\"(max-width: 842px) 100vw, 842px\" \/>\t\t\t\t\t\t\t\t\t\t\t\t\t\t\t<\/div>\n\t\t\t\t<\/div>\n\t\t\t\t\t<\/div>\n\t\t<\/div>\n\t\t\t\t<div class=\"elementor-column elementor-col-33 elementor-top-column elementor-element elementor-element-6cf5ce1\" data-id=\"6cf5ce1\" data-element_type=\"column\" data-e-type=\"column\">\n\t\t\t<div class=\"elementor-widget-wrap\">\n\t\t\t\t\t\t\t<\/div>\n\t\t<\/div>\n\t\t\t\t\t<\/div>\n\t\t<\/section>\n\t\t\t\t<\/div>\n\t\t","protected":false},"excerpt":{"rendered":"<p>School in Masaka Jahr2021 &#8211; ongoing StandortMasaka &#8211; Uganda UmfeldL\u00e4ndlich Gr\u00f6\u00dfe0,4 ha \/ 6 Klassenr\u00e4ume, 2 naturwissenschaftliche R\u00e4ume, K\u00fcche, Sanit\u00e4ranlagen Leistung VorentwurfPartnerCCFU- Community Care Foundation-UgandaNachhaltigkeitLokale Mitarbeiter + Training Masaka Im Sub-County Masaka gibt es keine weiterf\u00fchrenden Schulen, was die Kinder zwingt, weite Wege zu den Schulen in den umliegenden Countys zur\u00fcckzulegen. Das Masaka-Schulprojekt wird 150 Kindern im Alter von 11-19 Jahren eine weiterf\u00fchrende Ausbildung erm\u00f6glichen. Die Schule wird in 2 Phasen gebaut und wird aus 6 Klassenzimmern, 2 Wissenschaftsr\u00e4umen, einer K\u00fcche und Toiletten bestehen. Die Anordnung der Geb\u00e4ude, das Design und die Baumaterialien wurden weitgehend durch das Terrain, das Programm, das Budget und &hellip;<\/p>\n<p class=\"read-more\"> <a class=\"\" href=\"https:\/\/we-building.org\/de\/masaka\/\"> <span class=\"screen-reader-text\">masaka<\/span> &#8230;<\/a><\/p>\n","protected":false},"author":1,"featured_media":0,"parent":0,"menu_order":0,"comment_status":"closed","ping_status":"closed","template":"","meta":{"site-sidebar-layout":"no-sidebar","site-content-layout":"page-builder","ast-global-header-display":"","ast-banner-title-visibility":"","ast-main-header-display":"disabled","ast-hfb-above-header-display":"","ast-hfb-below-header-display":"","ast-hfb-mobile-header-display":"","site-post-title":"disabled","ast-breadcrumbs-content":"disabled","ast-featured-img":"disabled","footer-sml-layout":"disabled","theme-transparent-header-meta":"default","adv-header-id-meta":"","stick-header-meta":"","header-above-stick-meta":"","header-main-stick-meta":"","header-below-stick-meta":"","footnotes":"","_links_to":"","_links_to_target":""},"class_list":["post-9424","page","type-page","status-publish","hentry"],"yoast_head":"<!-- This site is optimized with the Yoast SEO plugin v26.9 - https:\/\/yoast.com\/product\/yoast-seo-wordpress\/ -->\n<title>Schule in Masaka | WEbuilding<\/title>\n<meta name=\"description\" content=\"In Masaka gibt es keine weiterf\u00fchrenden Schulen, so dass die Kinder gezwungen sind, weite Strecken zur\u00fcckzulegen, um zu den Schulen in den umliegenden Bezirken zu gelangen.\" \/>\n<meta name=\"robots\" content=\"index, follow, max-snippet:-1, max-image-preview:large, max-video-preview:-1\" \/>\n<link rel=\"canonical\" href=\"https:\/\/we-building.org\/de\/masaka\/\" \/>\n<meta property=\"og:locale\" content=\"de_DE\" \/>\n<meta property=\"og:type\" content=\"article\" \/>\n<meta property=\"og:title\" content=\"Schule in Masaka | WEbuilding\" \/>\n<meta property=\"og:description\" content=\"In Masaka gibt es keine weiterf\u00fchrenden Schulen, so dass die Kinder gezwungen sind, weite Strecken zur\u00fcckzulegen, um zu den Schulen in den umliegenden Bezirken zu gelangen.\" \/>\n<meta property=\"og:url\" content=\"https:\/\/we-building.org\/de\/masaka\/\" \/>\n<meta property=\"og:site_name\" content=\"WEbuilding\" \/>\n<meta property=\"article:modified_time\" content=\"2021-03-23T12:29:12+00:00\" \/>\n<meta property=\"og:image\" content=\"https:\/\/we-building.org\/wp-content\/uploads\/2021\/02\/Masaka-plot.jpg\" \/>\n<meta name=\"twitter:card\" content=\"summary_large_image\" \/>\n<meta name=\"twitter:label1\" content=\"Gesch\u00e4tzte Lesezeit\" \/>\n\t<meta name=\"twitter:data1\" content=\"1 Minute\" \/>\n<script type=\"application\/ld+json\" class=\"yoast-schema-graph\">{\"@context\":\"https:\/\/schema.org\",\"@graph\":[{\"@type\":\"WebPage\",\"@id\":\"https:\/\/we-building.org\/de\/masaka\/\",\"url\":\"https:\/\/we-building.org\/de\/masaka\/\",\"name\":\"Schule in Masaka | WEbuilding\",\"isPartOf\":{\"@id\":\"https:\/\/we-building.org\/#website\"},\"primaryImageOfPage\":{\"@id\":\"https:\/\/we-building.org\/de\/masaka\/#primaryimage\"},\"image\":{\"@id\":\"https:\/\/we-building.org\/de\/masaka\/#primaryimage\"},\"thumbnailUrl\":\"https:\/\/we-building.org\/wp-content\/uploads\/2021\/02\/Masaka-plot.jpg\",\"datePublished\":\"2021-02-26T10:33:00+00:00\",\"dateModified\":\"2021-03-23T12:29:12+00:00\",\"description\":\"In Masaka gibt es keine weiterf\u00fchrenden Schulen, so dass die Kinder gezwungen sind, weite Strecken zur\u00fcckzulegen, um zu den Schulen in den umliegenden Bezirken zu gelangen.\",\"breadcrumb\":{\"@id\":\"https:\/\/we-building.org\/de\/masaka\/#breadcrumb\"},\"inLanguage\":\"de-DE\",\"potentialAction\":[{\"@type\":\"ReadAction\",\"target\":[\"https:\/\/we-building.org\/de\/masaka\/\"]}]},{\"@type\":\"ImageObject\",\"inLanguage\":\"de-DE\",\"@id\":\"https:\/\/we-building.org\/de\/masaka\/#primaryimage\",\"url\":\"https:\/\/we-building.org\/wp-content\/uploads\/2021\/02\/Masaka-plot.jpg\",\"contentUrl\":\"https:\/\/we-building.org\/wp-content\/uploads\/2021\/02\/Masaka-plot.jpg\"},{\"@type\":\"BreadcrumbList\",\"@id\":\"https:\/\/we-building.org\/de\/masaka\/#breadcrumb\",\"itemListElement\":[{\"@type\":\"ListItem\",\"position\":1,\"name\":\"Home\",\"item\":\"https:\/\/we-building.org\/de\/index\/\"},{\"@type\":\"ListItem\",\"position\":2,\"name\":\"masaka\"}]},{\"@type\":\"WebSite\",\"@id\":\"https:\/\/we-building.org\/#website\",\"url\":\"https:\/\/we-building.org\/\",\"name\":\"WEbuilding\",\"description\":\"Using sustainable architecture to help communities around the world build a better and brighter future.\",\"publisher\":{\"@id\":\"https:\/\/we-building.org\/#organization\"},\"potentialAction\":[{\"@type\":\"SearchAction\",\"target\":{\"@type\":\"EntryPoint\",\"urlTemplate\":\"https:\/\/we-building.org\/?s={search_term_string}\"},\"query-input\":{\"@type\":\"PropertyValueSpecification\",\"valueRequired\":true,\"valueName\":\"search_term_string\"}}],\"inLanguage\":\"de-DE\"},{\"@type\":\"Organization\",\"@id\":\"https:\/\/we-building.org\/#organization\",\"name\":\"WEbuilding\",\"url\":\"https:\/\/we-building.org\/\",\"logo\":{\"@type\":\"ImageObject\",\"inLanguage\":\"de-DE\",\"@id\":\"https:\/\/we-building.org\/#\/schema\/logo\/image\/\",\"url\":\"https:\/\/we-building.org\/wp-content\/uploads\/2020\/02\/cropped-12_Logo-1.png\",\"contentUrl\":\"https:\/\/we-building.org\/wp-content\/uploads\/2020\/02\/cropped-12_Logo-1.png\",\"width\":2288,\"height\":2288,\"caption\":\"WEbuilding\"},\"image\":{\"@id\":\"https:\/\/we-building.org\/#\/schema\/logo\/image\/\"}}]}<\/script>\n<!-- \/ Yoast SEO plugin. -->","yoast_head_json":{"title":"Schule in Masaka | WEbuilding","description":"In Masaka gibt es keine weiterf\u00fchrenden Schulen, so dass die Kinder gezwungen sind, weite Strecken zur\u00fcckzulegen, um zu den Schulen in den umliegenden Bezirken zu gelangen.","robots":{"index":"index","follow":"follow","max-snippet":"max-snippet:-1","max-image-preview":"max-image-preview:large","max-video-preview":"max-video-preview:-1"},"canonical":"https:\/\/we-building.org\/de\/masaka\/","og_locale":"de_DE","og_type":"article","og_title":"Schule in Masaka | WEbuilding","og_description":"In Masaka gibt es keine weiterf\u00fchrenden Schulen, so dass die Kinder gezwungen sind, weite Strecken zur\u00fcckzulegen, um zu den Schulen in den umliegenden Bezirken zu gelangen.","og_url":"https:\/\/we-building.org\/de\/masaka\/","og_site_name":"WEbuilding","article_modified_time":"2021-03-23T12:29:12+00:00","og_image":[{"url":"https:\/\/we-building.org\/wp-content\/uploads\/2021\/02\/Masaka-plot.jpg","type":"","width":"","height":""}],"twitter_card":"summary_large_image","twitter_misc":{"Gesch\u00e4tzte Lesezeit":"1 Minute"},"schema":{"@context":"https:\/\/schema.org","@graph":[{"@type":"WebPage","@id":"https:\/\/we-building.org\/de\/masaka\/","url":"https:\/\/we-building.org\/de\/masaka\/","name":"Schule in Masaka | WEbuilding","isPartOf":{"@id":"https:\/\/we-building.org\/#website"},"primaryImageOfPage":{"@id":"https:\/\/we-building.org\/de\/masaka\/#primaryimage"},"image":{"@id":"https:\/\/we-building.org\/de\/masaka\/#primaryimage"},"thumbnailUrl":"https:\/\/we-building.org\/wp-content\/uploads\/2021\/02\/Masaka-plot.jpg","datePublished":"2021-02-26T10:33:00+00:00","dateModified":"2021-03-23T12:29:12+00:00","description":"In Masaka gibt es keine weiterf\u00fchrenden Schulen, so dass die Kinder gezwungen sind, weite Strecken zur\u00fcckzulegen, um zu den Schulen in den umliegenden Bezirken zu gelangen.","breadcrumb":{"@id":"https:\/\/we-building.org\/de\/masaka\/#breadcrumb"},"inLanguage":"de-DE","potentialAction":[{"@type":"ReadAction","target":["https:\/\/we-building.org\/de\/masaka\/"]}]},{"@type":"ImageObject","inLanguage":"de-DE","@id":"https:\/\/we-building.org\/de\/masaka\/#primaryimage","url":"https:\/\/we-building.org\/wp-content\/uploads\/2021\/02\/Masaka-plot.jpg","contentUrl":"https:\/\/we-building.org\/wp-content\/uploads\/2021\/02\/Masaka-plot.jpg"},{"@type":"BreadcrumbList","@id":"https:\/\/we-building.org\/de\/masaka\/#breadcrumb","itemListElement":[{"@type":"ListItem","position":1,"name":"Home","item":"https:\/\/we-building.org\/de\/index\/"},{"@type":"ListItem","position":2,"name":"masaka"}]},{"@type":"WebSite","@id":"https:\/\/we-building.org\/#website","url":"https:\/\/we-building.org\/","name":"WEbuilding","description":"Using sustainable architecture to help communities around the world build a better and brighter future.","publisher":{"@id":"https:\/\/we-building.org\/#organization"},"potentialAction":[{"@type":"SearchAction","target":{"@type":"EntryPoint","urlTemplate":"https:\/\/we-building.org\/?s={search_term_string}"},"query-input":{"@type":"PropertyValueSpecification","valueRequired":true,"valueName":"search_term_string"}}],"inLanguage":"de-DE"},{"@type":"Organization","@id":"https:\/\/we-building.org\/#organization","name":"WEbuilding","url":"https:\/\/we-building.org\/","logo":{"@type":"ImageObject","inLanguage":"de-DE","@id":"https:\/\/we-building.org\/#\/schema\/logo\/image\/","url":"https:\/\/we-building.org\/wp-content\/uploads\/2020\/02\/cropped-12_Logo-1.png","contentUrl":"https:\/\/we-building.org\/wp-content\/uploads\/2020\/02\/cropped-12_Logo-1.png","width":2288,"height":2288,"caption":"WEbuilding"},"image":{"@id":"https:\/\/we-building.org\/#\/schema\/logo\/image\/"}}]}},"_links":{"self":[{"href":"https:\/\/we-building.org\/de\/wp-json\/wp\/v2\/pages\/9424","targetHints":{"allow":["GET"]}}],"collection":[{"href":"https:\/\/we-building.org\/de\/wp-json\/wp\/v2\/pages"}],"about":[{"href":"https:\/\/we-building.org\/de\/wp-json\/wp\/v2\/types\/page"}],"author":[{"embeddable":true,"href":"https:\/\/we-building.org\/de\/wp-json\/wp\/v2\/users\/1"}],"replies":[{"embeddable":true,"href":"https:\/\/we-building.org\/de\/wp-json\/wp\/v2\/comments?post=9424"}],"version-history":[{"count":0,"href":"https:\/\/we-building.org\/de\/wp-json\/wp\/v2\/pages\/9424\/revisions"}],"wp:attachment":[{"href":"https:\/\/we-building.org\/de\/wp-json\/wp\/v2\/media?parent=9424"}],"curies":[{"name":"wp","href":"https:\/\/api.w.org\/{rel}","templated":true}]}}