{"id":9355,"date":"2021-02-11T14:00:53","date_gmt":"2021-02-11T14:00:53","guid":{"rendered":"https:\/\/we-building.org\/hilfefurhelfer\/"},"modified":"2021-12-02T08:40:41","modified_gmt":"2021-12-02T08:40:41","slug":"hilfefurhelfer","status":"publish","type":"page","link":"https:\/\/we-building.org\/de\/hilfefurhelfer\/","title":{"rendered":"hilfefurhelfer"},"content":{"rendered":"\t\t<div data-elementor-type=\"wp-page\" data-elementor-id=\"9355\" class=\"elementor elementor-9355 elementor-7412\" data-elementor-post-type=\"page\">\n\t\t\t\t\t\t<section data-particle_enable=\"false\" data-particle-mobile-disabled=\"false\" class=\"elementor-section elementor-top-section elementor-element elementor-element-4f69a67 elementor-section-full_width elementor-section-height-default elementor-section-height-default\" data-id=\"4f69a67\" data-element_type=\"section\" data-e-type=\"section\">\n\t\t\t\t\t\t<div class=\"elementor-container elementor-column-gap-extended\">\n\t\t\t\t\t<div class=\"elementor-column elementor-col-25 elementor-top-column elementor-element elementor-element-1b68b5d\" data-id=\"1b68b5d\" data-element_type=\"column\" data-e-type=\"column\">\n\t\t\t<div class=\"elementor-widget-wrap\">\n\t\t\t\t\t\t\t<\/div>\n\t\t<\/div>\n\t\t\t\t<div class=\"elementor-column elementor-col-25 elementor-top-column elementor-element elementor-element-55f7de0\" data-id=\"55f7de0\" data-element_type=\"column\" data-e-type=\"column\">\n\t\t\t<div class=\"elementor-widget-wrap elementor-element-populated\">\n\t\t\t\t\t\t<div class=\"elementor-element elementor-element-fe14d34 elementor-widget elementor-widget-text-editor\" data-id=\"fe14d34\" data-element_type=\"widget\" data-e-type=\"widget\" data-widget_type=\"text-editor.default\">\n\t\t\t\t<div class=\"elementor-widget-container\">\n\t\t\t\t\t\t\t\t\t<h1 style=\"text-align: left;\">&#8222;Hilfe f\u00fcr Helfer\u201d Startsocial <\/h1>\n<p>In diesem Jahr wurden wir als eines von 100 Projekten ausgew\u00e4hlt, um ein Stipendium von <a href=\"https:\/\/startsocial.de\/projekte\/2020\/we-building?fbclid=IwAR2TGG-sVM99MV2Pme9-7n6ptSFvFjZHJiTUIxCSFhvApdGcrX4bCt4qz0E\" target=\"_blank\" rel=\"noopener\">Startsocial e.V.<\/a> zu erhalten. WEbuilding wurde aus \u00fcber 300 Bewerbern f\u00fcr das Programm \u201eStartSocial \u2013 Hilfe f\u00fcr Helfer\u201c ausgew\u00e4hlt, das unter der Schirmherrschaft von Bundeskanzlerin Angela Merkel steht. Startsocial vergibt 100 4-monatige Beratungsstipendien und 25 Auszeichnungen, darunter sieben F\u00f6rderpreise, an herausragende soziale Initiativen.<\/p>\n\t\t\t\t\t\t\t\t<\/div>\n\t\t\t\t<\/div>\n\t\t\t\t\t<\/div>\n\t\t<\/div>\n\t\t\t\t<div class=\"elementor-column elementor-col-25 elementor-top-column elementor-element elementor-element-08bc168\" data-id=\"08bc168\" data-element_type=\"column\" data-e-type=\"column\">\n\t\t\t<div class=\"elementor-widget-wrap elementor-element-populated\">\n\t\t\t\t\t\t<div class=\"elementor-element elementor-element-aea42e2 elementor-widget elementor-widget-image\" data-id=\"aea42e2\" data-element_type=\"widget\" data-e-type=\"widget\" data-widget_type=\"image.default\">\n\t\t\t\t<div class=\"elementor-widget-container\">\n\t\t\t\t\t\t\t\t\t\t\t\t\t\t\t\t<a href=\"https:\/\/startsocial.de\" target=\"_blank\">\n\t\t\t\t\t\t\t<img fetchpriority=\"high\" decoding=\"async\" width=\"300\" height=\"300\" src=\"https:\/\/we-building.org\/wp-content\/uploads\/2021\/02\/start-social-logo-300x300.png\" class=\"attachment-medium size-medium wp-image-9162\" alt=\"startsocial logo\" srcset=\"https:\/\/we-building.org\/wp-content\/uploads\/2021\/02\/start-social-logo-300x300.png 300w, https:\/\/we-building.org\/wp-content\/uploads\/2021\/02\/start-social-logo-150x150.png 150w, https:\/\/we-building.org\/wp-content\/uploads\/2021\/02\/start-social-logo.png 500w\" sizes=\"(max-width: 300px) 100vw, 300px\" \/>\t\t\t\t\t\t\t\t<\/a>\n\t\t\t\t\t\t\t\t\t\t\t\t\t\t\t<\/div>\n\t\t\t\t<\/div>\n\t\t\t\t\t<\/div>\n\t\t<\/div>\n\t\t\t\t<div class=\"elementor-column elementor-col-25 elementor-top-column elementor-element elementor-element-032d8cb\" data-id=\"032d8cb\" data-element_type=\"column\" data-e-type=\"column\">\n\t\t\t<div class=\"elementor-widget-wrap\">\n\t\t\t\t\t\t\t<\/div>\n\t\t<\/div>\n\t\t\t\t\t<\/div>\n\t\t<\/section>\n\t\t\t\t<\/div>\n\t\t","protected":false},"excerpt":{"rendered":"<p>&#8222;Hilfe f\u00fcr Helfer\u201d Startsocial In diesem Jahr wurden wir als eines von 100 Projekten ausgew\u00e4hlt, um ein Stipendium von Startsocial e.V. zu erhalten. WEbuilding wurde aus \u00fcber 300 Bewerbern f\u00fcr das Programm \u201eStartSocial \u2013 Hilfe f\u00fcr Helfer\u201c ausgew\u00e4hlt, das unter der Schirmherrschaft von Bundeskanzlerin Angela Merkel steht. Startsocial vergibt 100 4-monatige Beratungsstipendien und 25 Auszeichnungen, darunter sieben F\u00f6rderpreise, an herausragende soziale Initiativen.<\/p>\n","protected":false},"author":1,"featured_media":0,"parent":0,"menu_order":0,"comment_status":"closed","ping_status":"closed","template":"","meta":{"site-sidebar-layout":"no-sidebar","site-content-layout":"page-builder","ast-global-header-display":"","ast-banner-title-visibility":"","ast-main-header-display":"disabled","ast-hfb-above-header-display":"","ast-hfb-below-header-display":"","ast-hfb-mobile-header-display":"","site-post-title":"disabled","ast-breadcrumbs-content":"disabled","ast-featured-img":"disabled","footer-sml-layout":"disabled","theme-transparent-header-meta":"disabled","adv-header-id-meta":"","stick-header-meta":"","header-above-stick-meta":"","header-main-stick-meta":"","header-below-stick-meta":"","footnotes":"","_links_to":"","_links_to_target":""},"class_list":["post-9355","page","type-page","status-publish","hentry"],"yoast_head":"<!-- This site is optimized with the Yoast SEO plugin v26.9 - https:\/\/yoast.com\/product\/yoast-seo-wordpress\/ -->\n<title>Hilfe f\u00fcr Helfer - program - StartSocial | WEbuilding<\/title>\n<meta name=\"description\" content=\"Wir wurden als eines der 100 Projekte ausgew\u00e4hlt, um ein Stipendium von Startsocial e.V. zu erhalten. WEbuilding wurde aus \u00fcber 300 Bewerbern ausgew\u00e4hlt.\" \/>\n<meta name=\"robots\" content=\"index, follow, max-snippet:-1, max-image-preview:large, max-video-preview:-1\" \/>\n<link rel=\"canonical\" href=\"https:\/\/we-building.org\/de\/hilfefurhelfer\/\" \/>\n<meta property=\"og:locale\" content=\"de_DE\" \/>\n<meta property=\"og:type\" content=\"article\" \/>\n<meta property=\"og:title\" content=\"Hilfe f\u00fcr Helfer - program - StartSocial | WEbuilding\" \/>\n<meta property=\"og:description\" content=\"Wir wurden als eines der 100 Projekte ausgew\u00e4hlt, um ein Stipendium von Startsocial e.V. zu erhalten. WEbuilding wurde aus \u00fcber 300 Bewerbern ausgew\u00e4hlt.\" \/>\n<meta property=\"og:url\" content=\"https:\/\/we-building.org\/de\/hilfefurhelfer\/\" \/>\n<meta property=\"og:site_name\" content=\"WEbuilding\" \/>\n<meta property=\"article:modified_time\" content=\"2021-12-02T08:40:41+00:00\" \/>\n<meta property=\"og:image\" content=\"https:\/\/we-building.org\/wp-content\/uploads\/2021\/02\/start-social-logo-300x300.png\" \/>\n<meta name=\"twitter:card\" content=\"summary_large_image\" \/>\n<script type=\"application\/ld+json\" class=\"yoast-schema-graph\">{\"@context\":\"https:\/\/schema.org\",\"@graph\":[{\"@type\":\"WebPage\",\"@id\":\"https:\/\/we-building.org\/de\/hilfefurhelfer\/\",\"url\":\"https:\/\/we-building.org\/de\/hilfefurhelfer\/\",\"name\":\"Hilfe f\u00fcr Helfer - program - StartSocial | WEbuilding\",\"isPartOf\":{\"@id\":\"https:\/\/we-building.org\/#website\"},\"primaryImageOfPage\":{\"@id\":\"https:\/\/we-building.org\/de\/hilfefurhelfer\/#primaryimage\"},\"image\":{\"@id\":\"https:\/\/we-building.org\/de\/hilfefurhelfer\/#primaryimage\"},\"thumbnailUrl\":\"https:\/\/we-building.org\/wp-content\/uploads\/2021\/02\/start-social-logo-300x300.png\",\"datePublished\":\"2021-02-11T14:00:53+00:00\",\"dateModified\":\"2021-12-02T08:40:41+00:00\",\"description\":\"Wir wurden als eines der 100 Projekte ausgew\u00e4hlt, um ein Stipendium von Startsocial e.V. zu erhalten. WEbuilding wurde aus \u00fcber 300 Bewerbern ausgew\u00e4hlt.\",\"breadcrumb\":{\"@id\":\"https:\/\/we-building.org\/de\/hilfefurhelfer\/#breadcrumb\"},\"inLanguage\":\"de-DE\",\"potentialAction\":[{\"@type\":\"ReadAction\",\"target\":[\"https:\/\/we-building.org\/de\/hilfefurhelfer\/\"]}]},{\"@type\":\"ImageObject\",\"inLanguage\":\"de-DE\",\"@id\":\"https:\/\/we-building.org\/de\/hilfefurhelfer\/#primaryimage\",\"url\":\"https:\/\/we-building.org\/wp-content\/uploads\/2021\/02\/start-social-logo-300x300.png\",\"contentUrl\":\"https:\/\/we-building.org\/wp-content\/uploads\/2021\/02\/start-social-logo-300x300.png\"},{\"@type\":\"BreadcrumbList\",\"@id\":\"https:\/\/we-building.org\/de\/hilfefurhelfer\/#breadcrumb\",\"itemListElement\":[{\"@type\":\"ListItem\",\"position\":1,\"name\":\"Home\",\"item\":\"https:\/\/we-building.org\/de\/index\/\"},{\"@type\":\"ListItem\",\"position\":2,\"name\":\"hilfefurhelfer\"}]},{\"@type\":\"WebSite\",\"@id\":\"https:\/\/we-building.org\/#website\",\"url\":\"https:\/\/we-building.org\/\",\"name\":\"WEbuilding\",\"description\":\"Using sustainable architecture to help communities around the world build a better and brighter future.\",\"publisher\":{\"@id\":\"https:\/\/we-building.org\/#organization\"},\"potentialAction\":[{\"@type\":\"SearchAction\",\"target\":{\"@type\":\"EntryPoint\",\"urlTemplate\":\"https:\/\/we-building.org\/?s={search_term_string}\"},\"query-input\":{\"@type\":\"PropertyValueSpecification\",\"valueRequired\":true,\"valueName\":\"search_term_string\"}}],\"inLanguage\":\"de-DE\"},{\"@type\":\"Organization\",\"@id\":\"https:\/\/we-building.org\/#organization\",\"name\":\"WEbuilding\",\"url\":\"https:\/\/we-building.org\/\",\"logo\":{\"@type\":\"ImageObject\",\"inLanguage\":\"de-DE\",\"@id\":\"https:\/\/we-building.org\/#\/schema\/logo\/image\/\",\"url\":\"https:\/\/we-building.org\/wp-content\/uploads\/2020\/02\/cropped-12_Logo-1.png\",\"contentUrl\":\"https:\/\/we-building.org\/wp-content\/uploads\/2020\/02\/cropped-12_Logo-1.png\",\"width\":2288,\"height\":2288,\"caption\":\"WEbuilding\"},\"image\":{\"@id\":\"https:\/\/we-building.org\/#\/schema\/logo\/image\/\"}}]}<\/script>\n<!-- \/ Yoast SEO plugin. -->","yoast_head_json":{"title":"Hilfe f\u00fcr Helfer - program - StartSocial | WEbuilding","description":"Wir wurden als eines der 100 Projekte ausgew\u00e4hlt, um ein Stipendium von Startsocial e.V. zu erhalten. WEbuilding wurde aus \u00fcber 300 Bewerbern ausgew\u00e4hlt.","robots":{"index":"index","follow":"follow","max-snippet":"max-snippet:-1","max-image-preview":"max-image-preview:large","max-video-preview":"max-video-preview:-1"},"canonical":"https:\/\/we-building.org\/de\/hilfefurhelfer\/","og_locale":"de_DE","og_type":"article","og_title":"Hilfe f\u00fcr Helfer - program - StartSocial | WEbuilding","og_description":"Wir wurden als eines der 100 Projekte ausgew\u00e4hlt, um ein Stipendium von Startsocial e.V. zu erhalten. WEbuilding wurde aus \u00fcber 300 Bewerbern ausgew\u00e4hlt.","og_url":"https:\/\/we-building.org\/de\/hilfefurhelfer\/","og_site_name":"WEbuilding","article_modified_time":"2021-12-02T08:40:41+00:00","og_image":[{"url":"https:\/\/we-building.org\/wp-content\/uploads\/2021\/02\/start-social-logo-300x300.png","type":"","width":"","height":""}],"twitter_card":"summary_large_image","schema":{"@context":"https:\/\/schema.org","@graph":[{"@type":"WebPage","@id":"https:\/\/we-building.org\/de\/hilfefurhelfer\/","url":"https:\/\/we-building.org\/de\/hilfefurhelfer\/","name":"Hilfe f\u00fcr Helfer - program - StartSocial | WEbuilding","isPartOf":{"@id":"https:\/\/we-building.org\/#website"},"primaryImageOfPage":{"@id":"https:\/\/we-building.org\/de\/hilfefurhelfer\/#primaryimage"},"image":{"@id":"https:\/\/we-building.org\/de\/hilfefurhelfer\/#primaryimage"},"thumbnailUrl":"https:\/\/we-building.org\/wp-content\/uploads\/2021\/02\/start-social-logo-300x300.png","datePublished":"2021-02-11T14:00:53+00:00","dateModified":"2021-12-02T08:40:41+00:00","description":"Wir wurden als eines der 100 Projekte ausgew\u00e4hlt, um ein Stipendium von Startsocial e.V. zu erhalten. WEbuilding wurde aus \u00fcber 300 Bewerbern ausgew\u00e4hlt.","breadcrumb":{"@id":"https:\/\/we-building.org\/de\/hilfefurhelfer\/#breadcrumb"},"inLanguage":"de-DE","potentialAction":[{"@type":"ReadAction","target":["https:\/\/we-building.org\/de\/hilfefurhelfer\/"]}]},{"@type":"ImageObject","inLanguage":"de-DE","@id":"https:\/\/we-building.org\/de\/hilfefurhelfer\/#primaryimage","url":"https:\/\/we-building.org\/wp-content\/uploads\/2021\/02\/start-social-logo-300x300.png","contentUrl":"https:\/\/we-building.org\/wp-content\/uploads\/2021\/02\/start-social-logo-300x300.png"},{"@type":"BreadcrumbList","@id":"https:\/\/we-building.org\/de\/hilfefurhelfer\/#breadcrumb","itemListElement":[{"@type":"ListItem","position":1,"name":"Home","item":"https:\/\/we-building.org\/de\/index\/"},{"@type":"ListItem","position":2,"name":"hilfefurhelfer"}]},{"@type":"WebSite","@id":"https:\/\/we-building.org\/#website","url":"https:\/\/we-building.org\/","name":"WEbuilding","description":"Using sustainable architecture to help communities around the world build a better and brighter future.","publisher":{"@id":"https:\/\/we-building.org\/#organization"},"potentialAction":[{"@type":"SearchAction","target":{"@type":"EntryPoint","urlTemplate":"https:\/\/we-building.org\/?s={search_term_string}"},"query-input":{"@type":"PropertyValueSpecification","valueRequired":true,"valueName":"search_term_string"}}],"inLanguage":"de-DE"},{"@type":"Organization","@id":"https:\/\/we-building.org\/#organization","name":"WEbuilding","url":"https:\/\/we-building.org\/","logo":{"@type":"ImageObject","inLanguage":"de-DE","@id":"https:\/\/we-building.org\/#\/schema\/logo\/image\/","url":"https:\/\/we-building.org\/wp-content\/uploads\/2020\/02\/cropped-12_Logo-1.png","contentUrl":"https:\/\/we-building.org\/wp-content\/uploads\/2020\/02\/cropped-12_Logo-1.png","width":2288,"height":2288,"caption":"WEbuilding"},"image":{"@id":"https:\/\/we-building.org\/#\/schema\/logo\/image\/"}}]}},"_links":{"self":[{"href":"https:\/\/we-building.org\/de\/wp-json\/wp\/v2\/pages\/9355","targetHints":{"allow":["GET"]}}],"collection":[{"href":"https:\/\/we-building.org\/de\/wp-json\/wp\/v2\/pages"}],"about":[{"href":"https:\/\/we-building.org\/de\/wp-json\/wp\/v2\/types\/page"}],"author":[{"embeddable":true,"href":"https:\/\/we-building.org\/de\/wp-json\/wp\/v2\/users\/1"}],"replies":[{"embeddable":true,"href":"https:\/\/we-building.org\/de\/wp-json\/wp\/v2\/comments?post=9355"}],"version-history":[{"count":0,"href":"https:\/\/we-building.org\/de\/wp-json\/wp\/v2\/pages\/9355\/revisions"}],"wp:attachment":[{"href":"https:\/\/we-building.org\/de\/wp-json\/wp\/v2\/media?parent=9355"}],"curies":[{"name":"wp","href":"https:\/\/api.w.org\/{rel}","templated":true}]}}