{"id":9348,"date":"2020-03-11T15:51:52","date_gmt":"2020-03-11T15:51:52","guid":{"rendered":"https:\/\/we-building.org\/gutermarkt\/"},"modified":"2021-03-23T14:46:30","modified_gmt":"2021-03-23T14:46:30","slug":"gutermarkt","status":"publish","type":"page","link":"https:\/\/we-building.org\/de\/gutermarkt\/","title":{"rendered":"gutermarkt"},"content":{"rendered":"\t\t<div data-elementor-type=\"wp-page\" data-elementor-id=\"9348\" class=\"elementor elementor-9348 elementor-1629\" data-elementor-post-type=\"page\">\n\t\t\t\t\t\t<section data-particle_enable=\"false\" data-particle-mobile-disabled=\"false\" class=\"elementor-section elementor-top-section elementor-element elementor-element-4f69a67 elementor-section-full_width elementor-section-height-default elementor-section-height-default\" data-id=\"4f69a67\" data-element_type=\"section\" data-e-type=\"section\">\n\t\t\t\t\t\t<div class=\"elementor-container elementor-column-gap-extended\">\n\t\t\t\t\t<div class=\"elementor-column elementor-col-25 elementor-top-column elementor-element elementor-element-1b68b5d\" data-id=\"1b68b5d\" data-element_type=\"column\" data-e-type=\"column\">\n\t\t\t<div class=\"elementor-widget-wrap\">\n\t\t\t\t\t\t\t<\/div>\n\t\t<\/div>\n\t\t\t\t<div class=\"elementor-column elementor-col-25 elementor-top-column elementor-element elementor-element-55f7de0\" data-id=\"55f7de0\" data-element_type=\"column\" data-e-type=\"column\">\n\t\t\t<div class=\"elementor-widget-wrap elementor-element-populated\">\n\t\t\t\t\t\t<div class=\"elementor-element elementor-element-fe14d34 elementor-widget elementor-widget-text-editor\" data-id=\"fe14d34\" data-element_type=\"widget\" data-e-type=\"widget\" data-widget_type=\"text-editor.default\">\n\t\t\t\t<div class=\"elementor-widget-container\">\n\t\t\t\t\t\t\t\t\t<h1>G\u00fctermarkt<\/h1>\n<p>WEbuilding hatte auch das Vergn\u00fcgen, am G\u00fctermarkt-Flohmarkt teilzunehmen und Workshops zu veranstalten, um Kinder \u00fcber unsere Arbeit und Projekte aufzukl\u00e4ren und zu unterrichten.<\/p>\n\t\t\t\t\t\t\t\t<\/div>\n\t\t\t\t<\/div>\n\t\t\t\t\t<\/div>\n\t\t<\/div>\n\t\t\t\t<div class=\"elementor-column elementor-col-25 elementor-top-column elementor-element elementor-element-08bc168\" data-id=\"08bc168\" data-element_type=\"column\" data-e-type=\"column\">\n\t\t\t<div class=\"elementor-widget-wrap elementor-element-populated\">\n\t\t\t\t\t\t<div class=\"elementor-element elementor-element-aea42e2 elementor-widget elementor-widget-image\" data-id=\"aea42e2\" data-element_type=\"widget\" data-e-type=\"widget\" data-widget_type=\"image.default\">\n\t\t\t\t<div class=\"elementor-widget-container\">\n\t\t\t\t\t\t\t\t\t\t\t\t\t\t\t<img fetchpriority=\"high\" decoding=\"async\" width=\"768\" height=\"678\" src=\"https:\/\/we-building.org\/wp-content\/uploads\/2020\/02\/gutermarkt2-768x678.jpg\" class=\"attachment-medium_large size-medium_large wp-image-9009\" alt=\"workshop Rutli WEbuilding\" srcset=\"https:\/\/we-building.org\/wp-content\/uploads\/2020\/02\/gutermarkt2-768x678.jpg 768w, https:\/\/we-building.org\/wp-content\/uploads\/2020\/02\/gutermarkt2-300x265.jpg 300w, https:\/\/we-building.org\/wp-content\/uploads\/2020\/02\/gutermarkt2.jpg 815w\" sizes=\"(max-width: 768px) 100vw, 768px\" \/>\t\t\t\t\t\t\t\t\t\t\t\t\t\t\t<\/div>\n\t\t\t\t<\/div>\n\t\t\t\t\t<\/div>\n\t\t<\/div>\n\t\t\t\t<div class=\"elementor-column elementor-col-25 elementor-top-column elementor-element elementor-element-032d8cb\" data-id=\"032d8cb\" data-element_type=\"column\" data-e-type=\"column\">\n\t\t\t<div class=\"elementor-widget-wrap\">\n\t\t\t\t\t\t\t<\/div>\n\t\t<\/div>\n\t\t\t\t\t<\/div>\n\t\t<\/section>\n\t\t\t\t<\/div>\n\t\t","protected":false},"excerpt":{"rendered":"<p>G\u00fctermarkt WEbuilding hatte auch das Vergn\u00fcgen, am G\u00fctermarkt-Flohmarkt teilzunehmen und Workshops zu veranstalten, um Kinder \u00fcber unsere Arbeit und Projekte aufzukl\u00e4ren und zu unterrichten.<\/p>\n","protected":false},"author":1,"featured_media":0,"parent":0,"menu_order":0,"comment_status":"closed","ping_status":"closed","template":"","meta":{"site-sidebar-layout":"no-sidebar","site-content-layout":"page-builder","ast-global-header-display":"","ast-banner-title-visibility":"","ast-main-header-display":"disabled","ast-hfb-above-header-display":"","ast-hfb-below-header-display":"","ast-hfb-mobile-header-display":"","site-post-title":"disabled","ast-breadcrumbs-content":"disabled","ast-featured-img":"disabled","footer-sml-layout":"disabled","theme-transparent-header-meta":"disabled","adv-header-id-meta":"","stick-header-meta":"","header-above-stick-meta":"","header-main-stick-meta":"","header-below-stick-meta":"","footnotes":"","_links_to":"","_links_to_target":""},"class_list":["post-9348","page","type-page","status-publish","hentry"],"yoast_head":"<!-- This site is optimized with the Yoast SEO plugin v26.9 - https:\/\/yoast.com\/product\/yoast-seo-wordpress\/ -->\n<title>Kinder-Workshops: G\u00fctermarkt, Berlin | WEbuilding<\/title>\n<meta name=\"description\" content=\"Wir liefern kulturelle Initiativen, um den kulturellen Austausch zu f\u00f6rdern. Ziel ist es, den Kindern eine Einf\u00fchrung in die L\u00e4nder zu geben, in denen wir arbeiten.\" \/>\n<meta name=\"robots\" content=\"index, follow, max-snippet:-1, max-image-preview:large, max-video-preview:-1\" \/>\n<link rel=\"canonical\" href=\"https:\/\/we-building.org\/de\/gutermarkt\/\" \/>\n<meta property=\"og:locale\" content=\"de_DE\" \/>\n<meta property=\"og:type\" content=\"article\" \/>\n<meta property=\"og:title\" content=\"Kinder-Workshops: G\u00fctermarkt, Berlin | WEbuilding\" \/>\n<meta property=\"og:description\" content=\"Wir liefern kulturelle Initiativen, um den kulturellen Austausch zu f\u00f6rdern. Ziel ist es, den Kindern eine Einf\u00fchrung in die L\u00e4nder zu geben, in denen wir arbeiten.\" \/>\n<meta property=\"og:url\" content=\"https:\/\/we-building.org\/de\/gutermarkt\/\" \/>\n<meta property=\"og:site_name\" content=\"WEbuilding\" \/>\n<meta property=\"article:modified_time\" content=\"2021-03-23T14:46:30+00:00\" \/>\n<meta property=\"og:image\" content=\"https:\/\/we-building.org\/wp-content\/uploads\/2020\/02\/gutermarkt2-768x678.jpg\" \/>\n<meta name=\"twitter:card\" content=\"summary_large_image\" \/>\n<script type=\"application\/ld+json\" class=\"yoast-schema-graph\">{\"@context\":\"https:\/\/schema.org\",\"@graph\":[{\"@type\":\"WebPage\",\"@id\":\"https:\/\/we-building.org\/de\/gutermarkt\/\",\"url\":\"https:\/\/we-building.org\/de\/gutermarkt\/\",\"name\":\"Kinder-Workshops: G\u00fctermarkt, Berlin | WEbuilding\",\"isPartOf\":{\"@id\":\"https:\/\/we-building.org\/#website\"},\"primaryImageOfPage\":{\"@id\":\"https:\/\/we-building.org\/de\/gutermarkt\/#primaryimage\"},\"image\":{\"@id\":\"https:\/\/we-building.org\/de\/gutermarkt\/#primaryimage\"},\"thumbnailUrl\":\"https:\/\/we-building.org\/wp-content\/uploads\/2020\/02\/gutermarkt2-768x678.jpg\",\"datePublished\":\"2020-03-11T15:51:52+00:00\",\"dateModified\":\"2021-03-23T14:46:30+00:00\",\"description\":\"Wir liefern kulturelle Initiativen, um den kulturellen Austausch zu f\u00f6rdern. Ziel ist es, den Kindern eine Einf\u00fchrung in die L\u00e4nder zu geben, in denen wir arbeiten.\",\"breadcrumb\":{\"@id\":\"https:\/\/we-building.org\/de\/gutermarkt\/#breadcrumb\"},\"inLanguage\":\"de-DE\",\"potentialAction\":[{\"@type\":\"ReadAction\",\"target\":[\"https:\/\/we-building.org\/de\/gutermarkt\/\"]}]},{\"@type\":\"ImageObject\",\"inLanguage\":\"de-DE\",\"@id\":\"https:\/\/we-building.org\/de\/gutermarkt\/#primaryimage\",\"url\":\"https:\/\/we-building.org\/wp-content\/uploads\/2020\/02\/gutermarkt2-768x678.jpg\",\"contentUrl\":\"https:\/\/we-building.org\/wp-content\/uploads\/2020\/02\/gutermarkt2-768x678.jpg\"},{\"@type\":\"BreadcrumbList\",\"@id\":\"https:\/\/we-building.org\/de\/gutermarkt\/#breadcrumb\",\"itemListElement\":[{\"@type\":\"ListItem\",\"position\":1,\"name\":\"Home\",\"item\":\"https:\/\/we-building.org\/de\/index\/\"},{\"@type\":\"ListItem\",\"position\":2,\"name\":\"gutermarkt\"}]},{\"@type\":\"WebSite\",\"@id\":\"https:\/\/we-building.org\/#website\",\"url\":\"https:\/\/we-building.org\/\",\"name\":\"WEbuilding\",\"description\":\"Using sustainable architecture to help communities around the world build a better and brighter future.\",\"publisher\":{\"@id\":\"https:\/\/we-building.org\/#organization\"},\"potentialAction\":[{\"@type\":\"SearchAction\",\"target\":{\"@type\":\"EntryPoint\",\"urlTemplate\":\"https:\/\/we-building.org\/?s={search_term_string}\"},\"query-input\":{\"@type\":\"PropertyValueSpecification\",\"valueRequired\":true,\"valueName\":\"search_term_string\"}}],\"inLanguage\":\"de-DE\"},{\"@type\":\"Organization\",\"@id\":\"https:\/\/we-building.org\/#organization\",\"name\":\"WEbuilding\",\"url\":\"https:\/\/we-building.org\/\",\"logo\":{\"@type\":\"ImageObject\",\"inLanguage\":\"de-DE\",\"@id\":\"https:\/\/we-building.org\/#\/schema\/logo\/image\/\",\"url\":\"https:\/\/we-building.org\/wp-content\/uploads\/2020\/02\/cropped-12_Logo-1.png\",\"contentUrl\":\"https:\/\/we-building.org\/wp-content\/uploads\/2020\/02\/cropped-12_Logo-1.png\",\"width\":2288,\"height\":2288,\"caption\":\"WEbuilding\"},\"image\":{\"@id\":\"https:\/\/we-building.org\/#\/schema\/logo\/image\/\"}}]}<\/script>\n<!-- \/ Yoast SEO plugin. -->","yoast_head_json":{"title":"Kinder-Workshops: G\u00fctermarkt, Berlin | WEbuilding","description":"Wir liefern kulturelle Initiativen, um den kulturellen Austausch zu f\u00f6rdern. Ziel ist es, den Kindern eine Einf\u00fchrung in die L\u00e4nder zu geben, in denen wir arbeiten.","robots":{"index":"index","follow":"follow","max-snippet":"max-snippet:-1","max-image-preview":"max-image-preview:large","max-video-preview":"max-video-preview:-1"},"canonical":"https:\/\/we-building.org\/de\/gutermarkt\/","og_locale":"de_DE","og_type":"article","og_title":"Kinder-Workshops: G\u00fctermarkt, Berlin | WEbuilding","og_description":"Wir liefern kulturelle Initiativen, um den kulturellen Austausch zu f\u00f6rdern. Ziel ist es, den Kindern eine Einf\u00fchrung in die L\u00e4nder zu geben, in denen wir arbeiten.","og_url":"https:\/\/we-building.org\/de\/gutermarkt\/","og_site_name":"WEbuilding","article_modified_time":"2021-03-23T14:46:30+00:00","og_image":[{"url":"https:\/\/we-building.org\/wp-content\/uploads\/2020\/02\/gutermarkt2-768x678.jpg","type":"","width":"","height":""}],"twitter_card":"summary_large_image","schema":{"@context":"https:\/\/schema.org","@graph":[{"@type":"WebPage","@id":"https:\/\/we-building.org\/de\/gutermarkt\/","url":"https:\/\/we-building.org\/de\/gutermarkt\/","name":"Kinder-Workshops: G\u00fctermarkt, Berlin | WEbuilding","isPartOf":{"@id":"https:\/\/we-building.org\/#website"},"primaryImageOfPage":{"@id":"https:\/\/we-building.org\/de\/gutermarkt\/#primaryimage"},"image":{"@id":"https:\/\/we-building.org\/de\/gutermarkt\/#primaryimage"},"thumbnailUrl":"https:\/\/we-building.org\/wp-content\/uploads\/2020\/02\/gutermarkt2-768x678.jpg","datePublished":"2020-03-11T15:51:52+00:00","dateModified":"2021-03-23T14:46:30+00:00","description":"Wir liefern kulturelle Initiativen, um den kulturellen Austausch zu f\u00f6rdern. Ziel ist es, den Kindern eine Einf\u00fchrung in die L\u00e4nder zu geben, in denen wir arbeiten.","breadcrumb":{"@id":"https:\/\/we-building.org\/de\/gutermarkt\/#breadcrumb"},"inLanguage":"de-DE","potentialAction":[{"@type":"ReadAction","target":["https:\/\/we-building.org\/de\/gutermarkt\/"]}]},{"@type":"ImageObject","inLanguage":"de-DE","@id":"https:\/\/we-building.org\/de\/gutermarkt\/#primaryimage","url":"https:\/\/we-building.org\/wp-content\/uploads\/2020\/02\/gutermarkt2-768x678.jpg","contentUrl":"https:\/\/we-building.org\/wp-content\/uploads\/2020\/02\/gutermarkt2-768x678.jpg"},{"@type":"BreadcrumbList","@id":"https:\/\/we-building.org\/de\/gutermarkt\/#breadcrumb","itemListElement":[{"@type":"ListItem","position":1,"name":"Home","item":"https:\/\/we-building.org\/de\/index\/"},{"@type":"ListItem","position":2,"name":"gutermarkt"}]},{"@type":"WebSite","@id":"https:\/\/we-building.org\/#website","url":"https:\/\/we-building.org\/","name":"WEbuilding","description":"Using sustainable architecture to help communities around the world build a better and brighter future.","publisher":{"@id":"https:\/\/we-building.org\/#organization"},"potentialAction":[{"@type":"SearchAction","target":{"@type":"EntryPoint","urlTemplate":"https:\/\/we-building.org\/?s={search_term_string}"},"query-input":{"@type":"PropertyValueSpecification","valueRequired":true,"valueName":"search_term_string"}}],"inLanguage":"de-DE"},{"@type":"Organization","@id":"https:\/\/we-building.org\/#organization","name":"WEbuilding","url":"https:\/\/we-building.org\/","logo":{"@type":"ImageObject","inLanguage":"de-DE","@id":"https:\/\/we-building.org\/#\/schema\/logo\/image\/","url":"https:\/\/we-building.org\/wp-content\/uploads\/2020\/02\/cropped-12_Logo-1.png","contentUrl":"https:\/\/we-building.org\/wp-content\/uploads\/2020\/02\/cropped-12_Logo-1.png","width":2288,"height":2288,"caption":"WEbuilding"},"image":{"@id":"https:\/\/we-building.org\/#\/schema\/logo\/image\/"}}]}},"_links":{"self":[{"href":"https:\/\/we-building.org\/de\/wp-json\/wp\/v2\/pages\/9348","targetHints":{"allow":["GET"]}}],"collection":[{"href":"https:\/\/we-building.org\/de\/wp-json\/wp\/v2\/pages"}],"about":[{"href":"https:\/\/we-building.org\/de\/wp-json\/wp\/v2\/types\/page"}],"author":[{"embeddable":true,"href":"https:\/\/we-building.org\/de\/wp-json\/wp\/v2\/users\/1"}],"replies":[{"embeddable":true,"href":"https:\/\/we-building.org\/de\/wp-json\/wp\/v2\/comments?post=9348"}],"version-history":[{"count":0,"href":"https:\/\/we-building.org\/de\/wp-json\/wp\/v2\/pages\/9348\/revisions"}],"wp:attachment":[{"href":"https:\/\/we-building.org\/de\/wp-json\/wp\/v2\/media?parent=9348"}],"curies":[{"name":"wp","href":"https:\/\/api.w.org\/{rel}","templated":true}]}}