{"id":9312,"date":"2020-07-21T23:18:02","date_gmt":"2020-07-21T23:18:02","guid":{"rendered":"https:\/\/we-building.org\/xai-xai\/"},"modified":"2021-02-26T17:45:37","modified_gmt":"2021-02-26T17:45:37","slug":"xai-xai","status":"publish","type":"page","link":"https:\/\/we-building.org\/de\/xai-xai\/","title":{"rendered":"xai xai"},"content":{"rendered":"\t\t<div data-elementor-type=\"wp-page\" data-elementor-id=\"9312\" class=\"elementor elementor-9312 elementor-2889\" data-elementor-post-type=\"page\">\n\t\t\t\t\t\t<section data-particle_enable=\"false\" data-particle-mobile-disabled=\"false\" class=\"elementor-section elementor-top-section elementor-element elementor-element-51d59b7 elementor-section-full_width elementor-section-content-middle elementor-section-height-min-height elementor-section-items-stretch elementor-section-height-default\" data-id=\"51d59b7\" data-element_type=\"section\" data-e-type=\"section\">\n\t\t\t\t\t\t<div class=\"elementor-container elementor-column-gap-no\">\n\t\t\t\t\t<div class=\"elementor-column elementor-col-50 elementor-top-column elementor-element elementor-element-94c5a3d\" data-id=\"94c5a3d\" data-element_type=\"column\" data-e-type=\"column\" data-settings=\"{&quot;background_background&quot;:&quot;classic&quot;}\">\n\t\t\t<div class=\"elementor-widget-wrap elementor-element-populated\">\n\t\t\t\t\t\t<div class=\"elementor-element elementor-element-29a6722 elementor-hidden-desktop elementor-hidden-tablet elementor-widget elementor-widget-image\" data-id=\"29a6722\" data-element_type=\"widget\" data-e-type=\"widget\" data-widget_type=\"image.default\">\n\t\t\t\t<div class=\"elementor-widget-container\">\n\t\t\t\t\t\t\t\t\t\t\t\t\t\t\t<img fetchpriority=\"high\" decoding=\"async\" width=\"1920\" height=\"960\" src=\"https:\/\/we-building.org\/wp-content\/uploads\/2020\/02\/Humbi-cover-photo-2to1.jpg\" class=\"attachment-full size-full wp-image-9040\" alt=\"Humbi\" srcset=\"https:\/\/we-building.org\/wp-content\/uploads\/2020\/02\/Humbi-cover-photo-2to1.jpg 1920w, https:\/\/we-building.org\/wp-content\/uploads\/2020\/02\/Humbi-cover-photo-2to1-300x150.jpg 300w, https:\/\/we-building.org\/wp-content\/uploads\/2020\/02\/Humbi-cover-photo-2to1-1024x512.jpg 1024w, https:\/\/we-building.org\/wp-content\/uploads\/2020\/02\/Humbi-cover-photo-2to1-768x384.jpg 768w, https:\/\/we-building.org\/wp-content\/uploads\/2020\/02\/Humbi-cover-photo-2to1-1536x768.jpg 1536w\" sizes=\"(max-width: 1920px) 100vw, 1920px\" \/>\t\t\t\t\t\t\t\t\t\t\t\t\t\t\t<\/div>\n\t\t\t\t<\/div>\n\t\t\t\t\t<\/div>\n\t\t<\/div>\n\t\t\t\t<div class=\"elementor-column elementor-col-50 elementor-top-column elementor-element elementor-element-08bc168\" data-id=\"08bc168\" data-element_type=\"column\" data-e-type=\"column\" data-settings=\"{&quot;background_background&quot;:&quot;classic&quot;}\">\n\t\t\t<div class=\"elementor-widget-wrap elementor-element-populated\">\n\t\t\t\t\t\t<div class=\"elementor-element elementor-element-05c1ef9 elementor-widget elementor-widget-text-editor\" data-id=\"05c1ef9\" data-element_type=\"widget\" data-e-type=\"widget\" data-widget_type=\"text-editor.default\">\n\t\t\t\t<div class=\"elementor-widget-container\">\n\t\t\t\t\t\t\t\t\t<h2><span style=\"color: #ffffff;\"><b>Humbi home &#8211; Volunteer-Zentrum<\/p>\n<p><\/b><\/span><\/h2>\n<p><strong><span style=\"color: #37b0ac;\">Jahr<\/span><\/strong><br \/><span style=\"color: #ffffff;\">2019-laufend<\/span><\/p>\n<p><strong><span style=\"color: #37b0ac;\">Standort<\/span><\/strong><br \/><span style=\"color: #ffffff;\">Xai-Xai, Mozambique<\/span><\/p>\n<p><strong><span style=\"color: #37b0ac;\">Umfeld<\/span><\/strong><br \/><span style=\"color: #ffffff;\">L\u00e4ndlich, Farm<br \/><\/span><\/p>\n<p><strong><span style=\"color: #37b0ac;\">Gr\u00f6\u00dfe<\/span><\/strong><br \/><span style=\"color: #ffffff;\">15 ha \/ Schlafs\u00e4le, Gemeinschaftsr\u00e4ume, Zimmer, Toiletten<br \/><\/span><\/p>\n<p><strong><span style=\"color: #37b0ac;\">Leistung<\/span><\/strong><br \/><span style=\"color: #ffffff;\">Entwurf, Bau\u00fcberwachung<\/span><\/p>\n<p><strong><span style=\"color: #37b0ac;\">Partner<\/span><\/strong><br \/><span style=\"color: #ffffff;\"><a style=\"color: #ffffff;\" href=\"https:\/\/fundacionkhanimambo.org\/\" target=\"_blank\" rel=\"noopener\">Fundaci\u00f3n Khanimambo<\/a><\/span><\/p>\n<p><strong><span style=\"color: #37b0ac;\">Nachhaltigkeit<\/span><\/strong><br \/><span style=\"color: #ffffff;\">Lokale Arbeiter + Ausbildung, Nachhaltige Materialien z.B. Bio-Bau, Superadobe, Holz,<\/span><br \/><span style=\"color: #ffffff;\">Permakultur-Prinzipien<\/span><\/p>\n\t\t\t\t\t\t\t\t<\/div>\n\t\t\t\t<\/div>\n\t\t\t\t\t<\/div>\n\t\t<\/div>\n\t\t\t\t\t<\/div>\n\t\t<\/section>\n\t\t\t\t<section data-particle_enable=\"false\" data-particle-mobile-disabled=\"false\" class=\"elementor-section elementor-top-section elementor-element elementor-element-4f69a67 elementor-section-full_width elementor-section-height-default elementor-section-height-default\" data-id=\"4f69a67\" data-element_type=\"section\" data-e-type=\"section\">\n\t\t\t\t\t\t<div class=\"elementor-container elementor-column-gap-extended\">\n\t\t\t\t\t<div class=\"elementor-column elementor-col-33 elementor-top-column elementor-element elementor-element-55f7de0\" data-id=\"55f7de0\" data-element_type=\"column\" data-e-type=\"column\">\n\t\t\t<div class=\"elementor-widget-wrap\">\n\t\t\t\t\t\t\t<\/div>\n\t\t<\/div>\n\t\t\t\t<div class=\"elementor-column elementor-col-33 elementor-top-column elementor-element elementor-element-e560492\" data-id=\"e560492\" data-element_type=\"column\" data-e-type=\"column\">\n\t\t\t<div class=\"elementor-widget-wrap elementor-element-populated\">\n\t\t\t\t\t\t<div class=\"elementor-element elementor-element-5c5b334 elementor-widget elementor-widget-text-editor\" data-id=\"5c5b334\" data-element_type=\"widget\" data-e-type=\"widget\" data-widget_type=\"text-editor.default\">\n\t\t\t\t<div class=\"elementor-widget-container\">\n\t\t\t\t\t\t\t\t\t<h1>Humbi home<\/h1>\n<p>Das bestehende Centro Munti ist seit 12 Jahren im Dienst der Gemeinde Praia de Xai-Xai. Es gibt viele Einrichtungen, die die Kinder nutzen k\u00f6nnen &#8211; sieben Klassenzimmer, eine K\u00fcche und einen Speisesaal mit der Kapazit\u00e4t, 400 Kinder t\u00e4glich zu versorgen, ein Gesundheitszentrum, eine Bibliothek, einen Computerraum, Toiletten und Duschen sowie einen Au\u00dfenbereich mit Spielplatz. Das hat es in all der Zeit geschafft, auf ganz nat\u00fcrliche Weise zu wachsen. Es ist tief mit der lokalen Gemeinschaft verbunden und bietet Hilfe in den Bereichen, in denen die L\u00f6sungen der Regierung unzureichend sind. Viele Leben haben sich dadurch positiv ver\u00e4ndert und die Gemeinde hat enorm davon profitiert.<br \/>Jetzt sind sie in einem Stadium, in dem sie sich selbst versorgen wollen, ihr eigenes Essen anbauen, Unterkunftsm\u00f6glichkeiten f\u00fcr die Freiwilligen haben, R\u00e4ume f\u00fcr Werkst\u00e4tten und viele andere Dinge. So ist das Humbi-Projekt entstanden.<\/p>\n<p><a href=\"https:\/\/we-building.org\/wp-content\/uploads\/2020\/07\/mozmabique-axonometry.jpg\"><img decoding=\"async\" src=\"https:\/\/we-building.org\/wp-content\/uploads\/2020\/07\/mozmabique-axonometry.jpg\" alt=\"\" width=\"2000\" height=\"1415\"><\/a><\/p>\n<p>Das Herzst\u00fcck des Projekts ist ein 15 Hektar gro\u00dfer \u00f6kologischer Bauernhof, der auf Permakultur-Prinzipien basiert und der erste Teil des Projekts ist, der entwickelt wird. Sie wird mit lokalen Landwirtschafts- und Permakultur-Experten durchgef\u00fchrt. Innerhalb weniger Jahre soll die Farm die gesamte Nahrung f\u00fcr das bestehende Zentrum liefern, zus\u00e4tzliches Einkommen durch den Verkauf von Bioprodukten erm\u00f6glichen und der lokalen Bev\u00f6lkerung, insbesondere Frauen, Besch\u00e4ftigung bieten. Die erg\u00e4nzenden Einrichtungen werden ebenfalls Einkommen generieren und neue M\u00f6glichkeiten und Partnerschaften bieten. Das neue Freiwilligenzentrum soll Unterk\u00fcnfte anbieten, wodurch die derzeitigen Mietkosten f\u00fcr die Unterbringung von Freiwilligen entfallen und ein zus\u00e4tzliches Einkommen durch G\u00e4ste, die in den R\u00e4umlichkeiten \u00fcbernachten k\u00f6nnen, erzielt wird. Zuk\u00fcnftige Werkst\u00e4tten\/Klassenr\u00e4ume sollen zus\u00e4tzliche Schulungen und Kurse anbieten.<\/p>\n<p><a href=\"https:\/\/we-building.org\/wp-content\/uploads\/2020\/07\/mozmabique-floor-plan.jpg\"><img decoding=\"async\" src=\"https:\/\/we-building.org\/wp-content\/uploads\/2020\/07\/mozmabique-floor-plan.jpg\" alt=\"\" width=\"2000\" height=\"1414\"><\/a><\/p>\n<p>Die Feldforschung dar\u00fcber, was vor Ort nachhaltig und verf\u00fcgbar ist, in Bezug auf die Materialien, die Bauweise und das lokale Know-how, ist ein wesentlicher Bestandteil eines jeden Projekts wie diesem. Man arbeitet mit dem, was da ist. Der Boden ist sehr sandig, und es gibt Leute, die in der Umgebung erfolgreich mit Supeadobe gebaut haben. Ein Nachbardorf liegt in der N\u00e4he von seltenen Tonvorkommen und hat eine lange Tradition in der Herstellung von gebrannten Tonziegeln. Traditionelle H\u00e4user &#8211; canhiso, werden aus Holz und Stroh gebaut und beides ist in H\u00fclle und F\u00fclle vorhanden. Viele teure Strandresorts zeigen eine hohe Kompetenz im Bauen mit Holz und in der Herstellung von hochwertigen traditionellen Strohd\u00e4chern. Diese Informationen werden dann in Bauelemente umgesetzt und es ist von Anfang an klar, welche Materialien verwendet werden sollen und warum.<br \/><a href=\"https:\/\/we-building.org\/wp-content\/uploads\/2020\/07\/mozmabique-materials.jpg\"><img loading=\"lazy\" decoding=\"async\" src=\"https:\/\/we-building.org\/wp-content\/uploads\/2020\/07\/mozmabique-materials.jpg\" alt=\"\" width=\"2000\" height=\"1414\"><\/a><\/p>\n<p>Die Verwendung von Beton und Zement wurde auf ein Minimum beschr\u00e4nkt und soll nur teilweise f\u00fcr Fundamente und S\u00e4ulen verwendet werden. Fast die H\u00e4lfte des Humbi Home-Komplexes soll in Superadobe-Technik errichtet werden, der Rest mit Holz und gebrannten Lehmziegeln, wie sie in den Nachbard\u00f6rfern traditionell verwendet werden. Es gibt keine Metalld\u00e4cher, sondern nur Strohd\u00e4cher, gew\u00f6lbte Ziegeldecken, die mit Kalkm\u00f6rtel bedeckt sind, und Ranken, die die Au\u00dfenbereiche bedecken. Au\u00dferdem wurde viel Wert auf eine gute nat\u00fcrliche Bel\u00fcftung gelegt. F\u00fcr die Elektrizit\u00e4t sollen Solarpaneele eingesetzt werden. Der Innenhof ist nur ein kleiner Teil einer gro\u00dfen \u00d6ko-Farm, die den Komplex umgeben soll.<\/p>\n<p><a href=\"https:\/\/we-building.org\/wp-content\/uploads\/2020\/07\/mozmabique-render-2.jpg\"><img loading=\"lazy\" decoding=\"async\" src=\"https:\/\/we-building.org\/wp-content\/uploads\/2020\/07\/mozmabique-render-2.jpg\" alt=\"\" width=\"2000\" height=\"1414\"><\/a><br \/><a href=\"https:\/\/we-building.org\/wp-content\/uploads\/2020\/07\/mozmabique-render-1.jpg\"><img loading=\"lazy\" decoding=\"async\" src=\"https:\/\/we-building.org\/wp-content\/uploads\/2020\/07\/mozmabique-render-1.jpg\" alt=\"\" width=\"2000\" height=\"1125\"><\/a><\/p>\n<p><a href=\"https:\/\/we-building.org\/wp-content\/uploads\/2020\/02\/photo5951886527300743319.jpg\"><img loading=\"lazy\" decoding=\"async\" src=\"https:\/\/we-building.org\/wp-content\/uploads\/2020\/02\/photo5951886527300743319.jpg\" alt=\"\" width=\"2000\" height=\"1125\"><\/a><\/p>\n\t\t\t\t\t\t\t\t<\/div>\n\t\t\t\t<\/div>\n\t\t\t\t\t<\/div>\n\t\t<\/div>\n\t\t\t\t<div class=\"elementor-column elementor-col-33 elementor-top-column elementor-element elementor-element-d9044fc\" data-id=\"d9044fc\" data-element_type=\"column\" data-e-type=\"column\">\n\t\t\t<div class=\"elementor-widget-wrap\">\n\t\t\t\t\t\t\t<\/div>\n\t\t<\/div>\n\t\t\t\t\t<\/div>\n\t\t<\/section>\n\t\t\t\t<\/div>\n\t\t","protected":false},"excerpt":{"rendered":"<p>Humbi home &#8211; Volunteer-Zentrum Jahr2019-laufend StandortXai-Xai, Mozambique UmfeldL\u00e4ndlich, Farm Gr\u00f6\u00dfe15 ha \/ Schlafs\u00e4le, Gemeinschaftsr\u00e4ume, Zimmer, Toiletten LeistungEntwurf, Bau\u00fcberwachung PartnerFundaci\u00f3n Khanimambo NachhaltigkeitLokale Arbeiter + Ausbildung, Nachhaltige Materialien z.B. Bio-Bau, Superadobe, Holz,Permakultur-Prinzipien Humbi home Das bestehende Centro Munti ist seit 12 Jahren im Dienst der Gemeinde Praia de Xai-Xai. Es gibt viele Einrichtungen, die die Kinder nutzen k\u00f6nnen &#8211; sieben Klassenzimmer, eine K\u00fcche und einen Speisesaal mit der Kapazit\u00e4t, 400 Kinder t\u00e4glich zu versorgen, ein Gesundheitszentrum, eine Bibliothek, einen Computerraum, Toiletten und Duschen sowie einen Au\u00dfenbereich mit Spielplatz. Das hat es in all der Zeit geschafft, auf ganz nat\u00fcrliche Weise zu wachsen. Es ist tief &hellip;<\/p>\n<p class=\"read-more\"> <a class=\"\" href=\"https:\/\/we-building.org\/de\/xai-xai\/\"> <span class=\"screen-reader-text\">xai xai<\/span> &#8230;<\/a><\/p>\n","protected":false},"author":1,"featured_media":0,"parent":0,"menu_order":0,"comment_status":"closed","ping_status":"closed","template":"","meta":{"site-sidebar-layout":"no-sidebar","site-content-layout":"page-builder","ast-global-header-display":"","ast-banner-title-visibility":"","ast-main-header-display":"disabled","ast-hfb-above-header-display":"","ast-hfb-below-header-display":"","ast-hfb-mobile-header-display":"","site-post-title":"disabled","ast-breadcrumbs-content":"disabled","ast-featured-img":"disabled","footer-sml-layout":"disabled","theme-transparent-header-meta":"default","adv-header-id-meta":"","stick-header-meta":"","header-above-stick-meta":"","header-main-stick-meta":"","header-below-stick-meta":"","footnotes":"","_links_to":"","_links_to_target":""},"class_list":["post-9312","page","type-page","status-publish","hentry"],"yoast_head":"<!-- This site is optimized with the Yoast SEO plugin v26.9 - https:\/\/yoast.com\/product\/yoast-seo-wordpress\/ -->\n<title>xai xai - WEbuilding Xai-Xai Volunteer Center<\/title>\n<meta name=\"description\" content=\"Volunteer Center, Xai-Xai, Mozambique. The existing Centre relies on donations to successfully function.\" \/>\n<meta name=\"robots\" content=\"index, follow, max-snippet:-1, max-image-preview:large, max-video-preview:-1\" \/>\n<link rel=\"canonical\" href=\"https:\/\/we-building.org\/de\/xai-xai\/\" \/>\n<meta property=\"og:locale\" content=\"de_DE\" \/>\n<meta property=\"og:type\" content=\"article\" \/>\n<meta property=\"og:title\" content=\"xai xai - WEbuilding Xai-Xai Volunteer Center\" \/>\n<meta property=\"og:description\" content=\"Volunteer Center, Xai-Xai, Mozambique. The existing Centre relies on donations to successfully function.\" \/>\n<meta property=\"og:url\" content=\"https:\/\/we-building.org\/de\/xai-xai\/\" \/>\n<meta property=\"og:site_name\" content=\"WEbuilding\" \/>\n<meta property=\"article:modified_time\" content=\"2021-02-26T17:45:37+00:00\" \/>\n<meta property=\"og:image\" content=\"https:\/\/we-building.org\/wp-content\/uploads\/2020\/02\/Humbi-cover-photo-2to1.jpg\" \/>\n<meta name=\"twitter:card\" content=\"summary_large_image\" \/>\n<meta name=\"twitter:label1\" content=\"Gesch\u00e4tzte Lesezeit\" \/>\n\t<meta name=\"twitter:data1\" content=\"3 Minuten\" \/>\n<script type=\"application\/ld+json\" class=\"yoast-schema-graph\">{\"@context\":\"https:\/\/schema.org\",\"@graph\":[{\"@type\":\"WebPage\",\"@id\":\"https:\/\/we-building.org\/de\/xai-xai\/\",\"url\":\"https:\/\/we-building.org\/de\/xai-xai\/\",\"name\":\"xai xai - WEbuilding Xai-Xai Volunteer Center\",\"isPartOf\":{\"@id\":\"https:\/\/we-building.org\/#website\"},\"primaryImageOfPage\":{\"@id\":\"https:\/\/we-building.org\/de\/xai-xai\/#primaryimage\"},\"image\":{\"@id\":\"https:\/\/we-building.org\/de\/xai-xai\/#primaryimage\"},\"thumbnailUrl\":\"https:\/\/we-building.org\/wp-content\/uploads\/2020\/02\/Humbi-cover-photo-2to1.jpg\",\"datePublished\":\"2020-07-21T23:18:02+00:00\",\"dateModified\":\"2021-02-26T17:45:37+00:00\",\"description\":\"Volunteer Center, Xai-Xai, Mozambique. The existing Centre relies on donations to successfully function.\",\"breadcrumb\":{\"@id\":\"https:\/\/we-building.org\/de\/xai-xai\/#breadcrumb\"},\"inLanguage\":\"de-DE\",\"potentialAction\":[{\"@type\":\"ReadAction\",\"target\":[\"https:\/\/we-building.org\/de\/xai-xai\/\"]}]},{\"@type\":\"ImageObject\",\"inLanguage\":\"de-DE\",\"@id\":\"https:\/\/we-building.org\/de\/xai-xai\/#primaryimage\",\"url\":\"https:\/\/we-building.org\/wp-content\/uploads\/2020\/02\/Humbi-cover-photo-2to1.jpg\",\"contentUrl\":\"https:\/\/we-building.org\/wp-content\/uploads\/2020\/02\/Humbi-cover-photo-2to1.jpg\"},{\"@type\":\"BreadcrumbList\",\"@id\":\"https:\/\/we-building.org\/de\/xai-xai\/#breadcrumb\",\"itemListElement\":[{\"@type\":\"ListItem\",\"position\":1,\"name\":\"Home\",\"item\":\"https:\/\/we-building.org\/de\/index\/\"},{\"@type\":\"ListItem\",\"position\":2,\"name\":\"xai xai\"}]},{\"@type\":\"WebSite\",\"@id\":\"https:\/\/we-building.org\/#website\",\"url\":\"https:\/\/we-building.org\/\",\"name\":\"WEbuilding\",\"description\":\"Using sustainable architecture to help communities around the world build a better and brighter future.\",\"publisher\":{\"@id\":\"https:\/\/we-building.org\/#organization\"},\"potentialAction\":[{\"@type\":\"SearchAction\",\"target\":{\"@type\":\"EntryPoint\",\"urlTemplate\":\"https:\/\/we-building.org\/?s={search_term_string}\"},\"query-input\":{\"@type\":\"PropertyValueSpecification\",\"valueRequired\":true,\"valueName\":\"search_term_string\"}}],\"inLanguage\":\"de-DE\"},{\"@type\":\"Organization\",\"@id\":\"https:\/\/we-building.org\/#organization\",\"name\":\"WEbuilding\",\"url\":\"https:\/\/we-building.org\/\",\"logo\":{\"@type\":\"ImageObject\",\"inLanguage\":\"de-DE\",\"@id\":\"https:\/\/we-building.org\/#\/schema\/logo\/image\/\",\"url\":\"https:\/\/we-building.org\/wp-content\/uploads\/2020\/02\/cropped-12_Logo-1.png\",\"contentUrl\":\"https:\/\/we-building.org\/wp-content\/uploads\/2020\/02\/cropped-12_Logo-1.png\",\"width\":2288,\"height\":2288,\"caption\":\"WEbuilding\"},\"image\":{\"@id\":\"https:\/\/we-building.org\/#\/schema\/logo\/image\/\"}}]}<\/script>\n<!-- \/ Yoast SEO plugin. -->","yoast_head_json":{"title":"xai xai - WEbuilding Xai-Xai Volunteer Center","description":"Volunteer Center, Xai-Xai, Mozambique. The existing Centre relies on donations to successfully function.","robots":{"index":"index","follow":"follow","max-snippet":"max-snippet:-1","max-image-preview":"max-image-preview:large","max-video-preview":"max-video-preview:-1"},"canonical":"https:\/\/we-building.org\/de\/xai-xai\/","og_locale":"de_DE","og_type":"article","og_title":"xai xai - WEbuilding Xai-Xai Volunteer Center","og_description":"Volunteer Center, Xai-Xai, Mozambique. The existing Centre relies on donations to successfully function.","og_url":"https:\/\/we-building.org\/de\/xai-xai\/","og_site_name":"WEbuilding","article_modified_time":"2021-02-26T17:45:37+00:00","og_image":[{"url":"https:\/\/we-building.org\/wp-content\/uploads\/2020\/02\/Humbi-cover-photo-2to1.jpg","type":"","width":"","height":""}],"twitter_card":"summary_large_image","twitter_misc":{"Gesch\u00e4tzte Lesezeit":"3 Minuten"},"schema":{"@context":"https:\/\/schema.org","@graph":[{"@type":"WebPage","@id":"https:\/\/we-building.org\/de\/xai-xai\/","url":"https:\/\/we-building.org\/de\/xai-xai\/","name":"xai xai - WEbuilding Xai-Xai Volunteer Center","isPartOf":{"@id":"https:\/\/we-building.org\/#website"},"primaryImageOfPage":{"@id":"https:\/\/we-building.org\/de\/xai-xai\/#primaryimage"},"image":{"@id":"https:\/\/we-building.org\/de\/xai-xai\/#primaryimage"},"thumbnailUrl":"https:\/\/we-building.org\/wp-content\/uploads\/2020\/02\/Humbi-cover-photo-2to1.jpg","datePublished":"2020-07-21T23:18:02+00:00","dateModified":"2021-02-26T17:45:37+00:00","description":"Volunteer Center, Xai-Xai, Mozambique. The existing Centre relies on donations to successfully function.","breadcrumb":{"@id":"https:\/\/we-building.org\/de\/xai-xai\/#breadcrumb"},"inLanguage":"de-DE","potentialAction":[{"@type":"ReadAction","target":["https:\/\/we-building.org\/de\/xai-xai\/"]}]},{"@type":"ImageObject","inLanguage":"de-DE","@id":"https:\/\/we-building.org\/de\/xai-xai\/#primaryimage","url":"https:\/\/we-building.org\/wp-content\/uploads\/2020\/02\/Humbi-cover-photo-2to1.jpg","contentUrl":"https:\/\/we-building.org\/wp-content\/uploads\/2020\/02\/Humbi-cover-photo-2to1.jpg"},{"@type":"BreadcrumbList","@id":"https:\/\/we-building.org\/de\/xai-xai\/#breadcrumb","itemListElement":[{"@type":"ListItem","position":1,"name":"Home","item":"https:\/\/we-building.org\/de\/index\/"},{"@type":"ListItem","position":2,"name":"xai xai"}]},{"@type":"WebSite","@id":"https:\/\/we-building.org\/#website","url":"https:\/\/we-building.org\/","name":"WEbuilding","description":"Using sustainable architecture to help communities around the world build a better and brighter future.","publisher":{"@id":"https:\/\/we-building.org\/#organization"},"potentialAction":[{"@type":"SearchAction","target":{"@type":"EntryPoint","urlTemplate":"https:\/\/we-building.org\/?s={search_term_string}"},"query-input":{"@type":"PropertyValueSpecification","valueRequired":true,"valueName":"search_term_string"}}],"inLanguage":"de-DE"},{"@type":"Organization","@id":"https:\/\/we-building.org\/#organization","name":"WEbuilding","url":"https:\/\/we-building.org\/","logo":{"@type":"ImageObject","inLanguage":"de-DE","@id":"https:\/\/we-building.org\/#\/schema\/logo\/image\/","url":"https:\/\/we-building.org\/wp-content\/uploads\/2020\/02\/cropped-12_Logo-1.png","contentUrl":"https:\/\/we-building.org\/wp-content\/uploads\/2020\/02\/cropped-12_Logo-1.png","width":2288,"height":2288,"caption":"WEbuilding"},"image":{"@id":"https:\/\/we-building.org\/#\/schema\/logo\/image\/"}}]}},"_links":{"self":[{"href":"https:\/\/we-building.org\/de\/wp-json\/wp\/v2\/pages\/9312","targetHints":{"allow":["GET"]}}],"collection":[{"href":"https:\/\/we-building.org\/de\/wp-json\/wp\/v2\/pages"}],"about":[{"href":"https:\/\/we-building.org\/de\/wp-json\/wp\/v2\/types\/page"}],"author":[{"embeddable":true,"href":"https:\/\/we-building.org\/de\/wp-json\/wp\/v2\/users\/1"}],"replies":[{"embeddable":true,"href":"https:\/\/we-building.org\/de\/wp-json\/wp\/v2\/comments?post=9312"}],"version-history":[{"count":0,"href":"https:\/\/we-building.org\/de\/wp-json\/wp\/v2\/pages\/9312\/revisions"}],"wp:attachment":[{"href":"https:\/\/we-building.org\/de\/wp-json\/wp\/v2\/media?parent=9312"}],"curies":[{"name":"wp","href":"https:\/\/api.w.org\/{rel}","templated":true}]}}