{"id":9280,"date":"2020-02-05T12:49:54","date_gmt":"2020-02-05T12:49:54","guid":{"rendered":"https:\/\/we-building.org\/kasungu\/"},"modified":"2023-12-29T08:50:16","modified_gmt":"2023-12-29T08:50:16","slug":"kasungu","status":"publish","type":"page","link":"https:\/\/we-building.org\/de\/kasungu\/","title":{"rendered":"Kasungu"},"content":{"rendered":"\t\t<div data-elementor-type=\"wp-page\" data-elementor-id=\"9280\" class=\"elementor elementor-9280 elementor-216\" data-elementor-post-type=\"page\">\n\t\t\t\t\t\t<section data-particle_enable=\"false\" data-particle-mobile-disabled=\"false\" class=\"elementor-section elementor-top-section elementor-element elementor-element-51d59b7 elementor-section-full_width elementor-section-content-middle elementor-section-height-min-height elementor-section-items-stretch elementor-section-height-default\" data-id=\"51d59b7\" data-element_type=\"section\" data-e-type=\"section\">\n\t\t\t\t\t\t<div class=\"elementor-container elementor-column-gap-no\">\n\t\t\t\t\t<div class=\"elementor-column elementor-col-50 elementor-top-column elementor-element elementor-element-94c5a3d\" data-id=\"94c5a3d\" data-element_type=\"column\" data-e-type=\"column\" data-settings=\"{&quot;background_background&quot;:&quot;classic&quot;}\">\n\t\t\t<div class=\"elementor-widget-wrap elementor-element-populated\">\n\t\t\t\t\t\t<div class=\"elementor-element elementor-element-70c488e elementor-hidden-desktop elementor-hidden-tablet elementor-widget elementor-widget-image\" data-id=\"70c488e\" data-element_type=\"widget\" data-e-type=\"widget\" data-widget_type=\"image.default\">\n\t\t\t\t<div class=\"elementor-widget-container\">\n\t\t\t\t\t\t\t\t\t\t\t\t\t\t\t<img fetchpriority=\"high\" decoding=\"async\" width=\"1915\" height=\"1073\" src=\"https:\/\/we-building.org\/wp-content\/uploads\/2023\/11\/Screenshot-2023-11-15-115016.png\" class=\"attachment-full size-full wp-image-12523\" alt=\"\" srcset=\"https:\/\/we-building.org\/wp-content\/uploads\/2023\/11\/Screenshot-2023-11-15-115016.png 1915w, https:\/\/we-building.org\/wp-content\/uploads\/2023\/11\/Screenshot-2023-11-15-115016-300x168.png 300w, https:\/\/we-building.org\/wp-content\/uploads\/2023\/11\/Screenshot-2023-11-15-115016-1024x574.png 1024w, https:\/\/we-building.org\/wp-content\/uploads\/2023\/11\/Screenshot-2023-11-15-115016-768x430.png 768w, https:\/\/we-building.org\/wp-content\/uploads\/2023\/11\/Screenshot-2023-11-15-115016-1536x861.png 1536w\" sizes=\"(max-width: 1915px) 100vw, 1915px\" \/>\t\t\t\t\t\t\t\t\t\t\t\t\t\t\t<\/div>\n\t\t\t\t<\/div>\n\t\t\t\t\t<\/div>\n\t\t<\/div>\n\t\t\t\t<div class=\"elementor-column elementor-col-50 elementor-top-column elementor-element elementor-element-08bc168\" data-id=\"08bc168\" data-element_type=\"column\" data-e-type=\"column\" data-settings=\"{&quot;background_background&quot;:&quot;classic&quot;}\">\n\t\t\t<div class=\"elementor-widget-wrap elementor-element-populated\">\n\t\t\t\t\t\t<div class=\"elementor-element elementor-element-05c1ef9 elementor-widget elementor-widget-text-editor\" data-id=\"05c1ef9\" data-element_type=\"widget\" data-e-type=\"widget\" data-widget_type=\"text-editor.default\">\n\t\t\t\t<div class=\"elementor-widget-container\">\n\t\t\t\t\t\t\t\t\t<h2><span style=\"color: #ffffff;\"><b>Chiuno Cultural Center<\/b><\/span><\/h2>\n<\/p>\n<p><strong><span style=\"color: #37b0ac;\">Jahr<\/span><\/strong><br \/><span style=\"color: #ffffff;\">2020 &#8211; laufend<\/span><\/p>\n<p><strong><span style=\"color: #37b0ac;\">Standort<\/span><\/strong><br \/><span style=\"color: #ffffff;\">Kasungu, Malawi<\/span><\/p>\n<p><strong><span style=\"color: #37b0ac;\">Umfeld<\/span><\/strong><br \/><span style=\"color: #ffffff;\">L\u00e4ndlich<\/span><\/p>\n<p><strong><span style=\"color: #37b0ac;\">Gr\u00f6\u00dfe<\/span><\/strong><br \/><span style=\"color: #ffffff;\">2,5 ha \/ 11 Klassenzimmer, Kitan, Toiletten, Mensa<br \/><\/span><\/p>\n<p><strong><span style=\"color: #37b0ac;\">Leistung<\/span><\/strong><br \/><span style=\"color: #ffffff;\">Vorentwurf<\/span><\/p>\n<p><strong><span style=\"color: #37b0ac;\">Partner\/innen<\/span><\/strong><br \/><a href=\"https:\/\/yoow.org\/\" target=\"_blank\" rel=\"noopener\"><span style=\"color: #ffffff;\">YOOW e.V.<\/span><br \/><\/a><\/p>\n<p><strong><span style=\"color: #37b0ac;\">Nachhaltigkeit<\/span><\/strong><br \/><span style=\"color: #ffffff;\">Lokale Mitarbeiter + Training <\/span><\/p>\n\t\t\t\t\t\t\t\t<\/div>\n\t\t\t\t<\/div>\n\t\t\t\t\t<\/div>\n\t\t<\/div>\n\t\t\t\t\t<\/div>\n\t\t<\/section>\n\t\t\t\t<section data-particle_enable=\"false\" data-particle-mobile-disabled=\"false\" class=\"elementor-section elementor-top-section elementor-element elementor-element-4f69a67 elementor-section-full_width elementor-section-height-default elementor-section-height-default\" data-id=\"4f69a67\" data-element_type=\"section\" data-e-type=\"section\">\n\t\t\t\t\t\t<div class=\"elementor-container elementor-column-gap-extended\">\n\t\t\t\t\t<div class=\"elementor-column elementor-col-33 elementor-top-column elementor-element elementor-element-d9044fc\" data-id=\"d9044fc\" data-element_type=\"column\" data-e-type=\"column\">\n\t\t\t<div class=\"elementor-widget-wrap\">\n\t\t\t\t\t\t\t<\/div>\n\t\t<\/div>\n\t\t\t\t<div class=\"elementor-column elementor-col-33 elementor-top-column elementor-element elementor-element-e560492\" data-id=\"e560492\" data-element_type=\"column\" data-e-type=\"column\">\n\t\t\t<div class=\"elementor-widget-wrap elementor-element-populated\">\n\t\t\t\t\t\t<div class=\"elementor-element elementor-element-aa6d170 elementor-widget elementor-widget-text-editor\" data-id=\"aa6d170\" data-element_type=\"widget\" data-e-type=\"widget\" data-widget_type=\"text-editor.default\">\n\t\t\t\t<div class=\"elementor-widget-container\">\n\t\t\t\t\t\t\t\t\t<h1><span style=\"color: #37b0ac;\">Chiuno Cultural Center<\/span><\/h1>\n<p>We-Building unterst\u00fctzt den Berliner Verein YOOW e.V. architektonisch bei der Erweiterung eines Kulturzentrums durch den Bau von 11 Unterrichtsr\u00e4umen.<\/p>\n<p><span style=\"font-size: 18px; font-style: normal; font-weight: bold; text-align: justify;\">Thema<\/span><\/p>\n<p>In Chiuno Village gibt es keinen Strom und kein flie\u00dfendes Wasser. Die Menschen leben von Subsistenz-Landwirtschaft, wobei nur eine Ernte im Jahr m\u00f6glich ist: nach der Regenzeit. Ackerland bleibt mithin mangels Wassers einen Gro\u00dfteil des Jahres ungenutzt. Tagelohnarbeiten bedingen, dass Familienv\u00e4ter oft ausw\u00e4rts arbeiten m\u00fcssen und daher f\u00fcr die Familie nur selten da sein k\u00f6nnen.<\/p>\n<p><a href=\"https:\/\/mlnn1kqgdzzo.i.optimole.com\/w:auto\/h:auto\/q:mauto\/f:avif\/https:\/\/we-building.org\/wp-content\/uploads\/2023\/11\/Screenshot-2023-11-15-115456.png\"><img decoding=\"async\" decoding=async  data-opt-src=\"https:\/\/mlnn1kqgdzzo.i.optimole.com\/w:auto\/h:auto\/q:mauto\/f:avif\/https:\/\/we-building.org\/wp-content\/uploads\/2023\/11\/Screenshot-2023-11-15-115456.png\"  class=\"aligncenter size-full wp-image-12526\" src=\"https:\/\/mlnn1kqgdzzo.i.optimole.com\/w:auto\/h:auto\/q:eco\/f:avif\/https:\/\/we-building.org\/wp-content\/uploads\/2023\/11\/Screenshot-2023-11-15-115456.png\" alt=\"\" width=\"1914\" height=\"1075\" srcset=\"https:\/\/we-building.org\/wp-content\/uploads\/2023\/11\/Screenshot-2023-11-15-115456.png 1914w, https:\/\/we-building.org\/wp-content\/uploads\/2023\/11\/Screenshot-2023-11-15-115456-300x168.png 300w, https:\/\/we-building.org\/wp-content\/uploads\/2023\/11\/Screenshot-2023-11-15-115456-1024x575.png 1024w, https:\/\/we-building.org\/wp-content\/uploads\/2023\/11\/Screenshot-2023-11-15-115456-768x431.png 768w, https:\/\/we-building.org\/wp-content\/uploads\/2023\/11\/Screenshot-2023-11-15-115456-1536x863.png 1536w\" sizes=\"(max-width: 1914px) 100vw, 1914px\" \/><noscript><img decoding=\"async\" decoding=async  class=\"aligncenter size-full wp-image-12526\" src=\"https:\/\/mlnn1kqgdzzo.i.optimole.com\/w:auto\/h:auto\/q:mauto\/f:avif\/https:\/\/we-building.org\/wp-content\/uploads\/2023\/11\/Screenshot-2023-11-15-115456.png\" alt=\"\" width=\"1914\" height=\"1075\" srcset=\"https:\/\/we-building.org\/wp-content\/uploads\/2023\/11\/Screenshot-2023-11-15-115456.png 1914w, https:\/\/we-building.org\/wp-content\/uploads\/2023\/11\/Screenshot-2023-11-15-115456-300x168.png 300w, https:\/\/we-building.org\/wp-content\/uploads\/2023\/11\/Screenshot-2023-11-15-115456-1024x575.png 1024w, https:\/\/we-building.org\/wp-content\/uploads\/2023\/11\/Screenshot-2023-11-15-115456-768x431.png 768w, https:\/\/we-building.org\/wp-content\/uploads\/2023\/11\/Screenshot-2023-11-15-115456-1536x863.png 1536w\" sizes=\"(max-width: 1914px) 100vw, 1914px\" \/><\/noscript><\/a><\/p>\n<p>Das Projekt ist aufgrund des Wunsches der Dorfbewohner entstanden. Sie w\u00fcnschen sich einen Kindergarten, eine Schule, ein Arzthaus und Ausbildungswerkst\u00e4tten insbesondere f\u00fcr Frauen zur Existenzgr\u00fcndung. Zur Realisierung wurde die CBO gegr\u00fcndet und die Kooperation mit YOOW e.V. geschlossen.<\/p>\n<div> <\/div>\n<p><a href=\"https:\/\/mlnn1kqgdzzo.i.optimole.com\/w:auto\/h:auto\/q:mauto\/f:avif\/https:\/\/we-building.org\/wp-content\/uploads\/2021\/02\/malawi-lageplan.jpg\"><img decoding=\"async\" decoding=async  data-opt-src=\"https:\/\/mlnn1kqgdzzo.i.optimole.com\/w:auto\/h:auto\/q:mauto\/f:avif\/https:\/\/we-building.org\/wp-content\/uploads\/2021\/02\/malawi-lageplan.jpg\"  class=\"aligncenter\" src=\"https:\/\/mlnn1kqgdzzo.i.optimole.com\/w:auto\/h:auto\/q:eco\/f:avif\/https:\/\/we-building.org\/wp-content\/uploads\/2021\/02\/malawi-lageplan.jpg\" alt=\"\" width=\"600\"><noscript><img decoding=\"async\" decoding=async  class=\"aligncenter\" src=\"https:\/\/mlnn1kqgdzzo.i.optimole.com\/w:auto\/h:auto\/q:mauto\/f:avif\/https:\/\/we-building.org\/wp-content\/uploads\/2021\/02\/malawi-lageplan.jpg\" alt=\"\" width=\"600\"><\/noscript><\/a><\/p>\n<p>Geplant sind freundliche Klassenr\u00e4ume in traditioneller Ziegelbauweise. Das Regenwasser wird gesammelt und zur Gartenbew\u00e4sserung genutzt. Das Brauchwasser kommt aus einem Tiefbrunnen. Warmwasser und Elektrizit\u00e4t resultieren aus Solarenergie. Das Abwasser wird in Grauwasser und F\u00e4kalien getrennt und in einer Bio-Kleinkl\u00e4ranlage aufbereitet. Das Grundst\u00fcck wird \u2013 neben Schatten spendenden B\u00e4umen \u2013 mit allen landes\u00fcblichen Obstb\u00e4umen bepflanzt. Ein gro\u00dfer Gem\u00fcsegarten dient der Selbstversorgung f\u00fcr die Kantine, wo gesunde Ern\u00e4hrung geboten und gelehrt wird. Die Kantine\/Mensa ist auch Versammlungsort f\u00fcr schulische und sonstige Veranstaltungen (Hochzeiten, Familienfeste, Kultur, Seniorentreff udergl.). Der geplante Sportplatz ist \u2013 wie auch die Lehrerwohnungen \u2013 eine Bedingung der Schulbeh\u00f6rden zur \u00dcbernahme des Schulbetriebs. Neben der Schule, dem Kindergarten und der Kantine werden ein Arzthaus (Clinic) und Ausbildungswerkst\u00e4tten auf dem Gel\u00e4nde realisiert.<\/p>\n<p><a href=\"https:\/\/mlnn1kqgdzzo.i.optimole.com\/w:auto\/h:auto\/q:mauto\/f:avif\/https:\/\/we-building.org\/wp-content\/uploads\/2023\/11\/Screenshot-2023-11-15-114555.png\"><img loading=\"lazy\" decoding=\"async\" decoding=async  data-opt-src=\"https:\/\/mlnn1kqgdzzo.i.optimole.com\/w:auto\/h:auto\/q:mauto\/f:avif\/https:\/\/we-building.org\/wp-content\/uploads\/2023\/11\/Screenshot-2023-11-15-114555.png\"  class=\"aligncenter size-full wp-image-12518\" src=\"https:\/\/mlnn1kqgdzzo.i.optimole.com\/w:auto\/h:auto\/q:eco\/f:avif\/https:\/\/we-building.org\/wp-content\/uploads\/2023\/11\/Screenshot-2023-11-15-114555.png\" alt=\"\" width=\"1914\" height=\"1076\" srcset=\"https:\/\/we-building.org\/wp-content\/uploads\/2023\/11\/Screenshot-2023-11-15-114555.png 1914w, https:\/\/we-building.org\/wp-content\/uploads\/2023\/11\/Screenshot-2023-11-15-114555-300x169.png 300w, https:\/\/we-building.org\/wp-content\/uploads\/2023\/11\/Screenshot-2023-11-15-114555-1024x576.png 1024w, https:\/\/we-building.org\/wp-content\/uploads\/2023\/11\/Screenshot-2023-11-15-114555-768x432.png 768w, https:\/\/we-building.org\/wp-content\/uploads\/2023\/11\/Screenshot-2023-11-15-114555-1536x863.png 1536w\" sizes=\"(max-width: 1914px) 100vw, 1914px\" \/><noscript><img loading=\"lazy\" decoding=\"async\" decoding=async  class=\"aligncenter size-full wp-image-12518\" src=\"https:\/\/mlnn1kqgdzzo.i.optimole.com\/w:auto\/h:auto\/q:mauto\/f:avif\/https:\/\/we-building.org\/wp-content\/uploads\/2023\/11\/Screenshot-2023-11-15-114555.png\" alt=\"\" width=\"1914\" height=\"1076\" srcset=\"https:\/\/we-building.org\/wp-content\/uploads\/2023\/11\/Screenshot-2023-11-15-114555.png 1914w, https:\/\/we-building.org\/wp-content\/uploads\/2023\/11\/Screenshot-2023-11-15-114555-300x169.png 300w, https:\/\/we-building.org\/wp-content\/uploads\/2023\/11\/Screenshot-2023-11-15-114555-1024x576.png 1024w, https:\/\/we-building.org\/wp-content\/uploads\/2023\/11\/Screenshot-2023-11-15-114555-768x432.png 768w, https:\/\/we-building.org\/wp-content\/uploads\/2023\/11\/Screenshot-2023-11-15-114555-1536x863.png 1536w\" sizes=\"(max-width: 1914px) 100vw, 1914px\" \/><\/noscript><\/a><\/p>\n<p>Primary School mit 8 Klassenr\u00e4umen f\u00fcr 256 Sch\u00fcler. Das Personal besteht aus 8 Lehrern einschlie\u00dflich dem\/der Headmaster\/in. F\u00fcr die Schulleitung gibt es ein B\u00fcro im abgetrennt befindlichen Bibliotheksgeb\u00e4ude.Der Kindergarten (Vorschule) ist f\u00fcr 60 Kinder ausgelegt. Das Betreuungspersonal hier wird 6 Personen umfassen.<\/p>\n\t\t\t\t\t\t\t\t<\/div>\n\t\t\t\t<\/div>\n\t\t\t\t<div class=\"elementor-element elementor-element-d01d0d7 elementor-widget elementor-widget-image\" data-id=\"d01d0d7\" data-element_type=\"widget\" data-e-type=\"widget\" data-widget_type=\"image.default\">\n\t\t\t\t<div class=\"elementor-widget-container\">\n\t\t\t\t\t\t\t\t\t\t\t\t\t\t\t<img loading=\"lazy\" decoding=\"async\" width=\"2560\" height=\"1440\" src=\"https:\/\/we-building.org\/wp-content\/uploads\/2023\/11\/20220412_120457-scaled.jpg\" class=\"attachment-full size-full wp-image-12517\" alt=\"\" srcset=\"https:\/\/we-building.org\/wp-content\/uploads\/2023\/11\/20220412_120457-scaled.jpg 2560w, https:\/\/we-building.org\/wp-content\/uploads\/2023\/11\/20220412_120457-300x169.jpg 300w, https:\/\/we-building.org\/wp-content\/uploads\/2023\/11\/20220412_120457-1024x576.jpg 1024w, https:\/\/we-building.org\/wp-content\/uploads\/2023\/11\/20220412_120457-768x432.jpg 768w, https:\/\/we-building.org\/wp-content\/uploads\/2023\/11\/20220412_120457-1536x864.jpg 1536w, https:\/\/we-building.org\/wp-content\/uploads\/2023\/11\/20220412_120457-2048x1152.jpg 2048w\" sizes=\"(max-width: 2560px) 100vw, 2560px\" \/>\t\t\t\t\t\t\t\t\t\t\t\t\t\t\t<\/div>\n\t\t\t\t<\/div>\n\t\t\t\t\t<\/div>\n\t\t<\/div>\n\t\t\t\t<div class=\"elementor-column elementor-col-33 elementor-top-column elementor-element elementor-element-398bbbb\" data-id=\"398bbbb\" data-element_type=\"column\" data-e-type=\"column\">\n\t\t\t<div class=\"elementor-widget-wrap\">\n\t\t\t\t\t\t\t<\/div>\n\t\t<\/div>\n\t\t\t\t\t<\/div>\n\t\t<\/section>\n\t\t\t\t<\/div>\n\t\t","protected":false},"excerpt":{"rendered":"<p>Chiuno Cultural Center Jahr2020 &#8211; laufend StandortKasungu, Malawi UmfeldL\u00e4ndlich Gr\u00f6\u00dfe2,5 ha \/ 11 Klassenzimmer, Kitan, Toiletten, Mensa LeistungVorentwurf Partner\/innenYOOW e.V. NachhaltigkeitLokale Mitarbeiter + Training Chiuno Cultural Center We-Building unterst\u00fctzt den Berliner Verein YOOW e.V. architektonisch bei der Erweiterung eines Kulturzentrums durch den Bau von 11 Unterrichtsr\u00e4umen. Thema In Chiuno Village gibt es keinen Strom und kein flie\u00dfendes Wasser. Die Menschen leben von Subsistenz-Landwirtschaft, wobei nur eine Ernte im Jahr m\u00f6glich ist: nach der Regenzeit. Ackerland bleibt mithin mangels Wassers einen Gro\u00dfteil des Jahres ungenutzt. Tagelohnarbeiten bedingen, dass Familienv\u00e4ter oft ausw\u00e4rts arbeiten m\u00fcssen und daher f\u00fcr die Familie nur selten da sein k\u00f6nnen. Das &hellip;<\/p>\n<p class=\"read-more\"> <a class=\"\" href=\"https:\/\/we-building.org\/de\/kasungu\/\"> <span class=\"screen-reader-text\">Kasungu<\/span> &#8230;<\/a><\/p>\n","protected":false},"author":1,"featured_media":0,"parent":0,"menu_order":0,"comment_status":"closed","ping_status":"closed","template":"","meta":{"site-sidebar-layout":"no-sidebar","site-content-layout":"page-builder","ast-global-header-display":"","ast-banner-title-visibility":"","ast-main-header-display":"disabled","ast-hfb-above-header-display":"","ast-hfb-below-header-display":"","ast-hfb-mobile-header-display":"","site-post-title":"disabled","ast-breadcrumbs-content":"disabled","ast-featured-img":"disabled","footer-sml-layout":"disabled","theme-transparent-header-meta":"default","adv-header-id-meta":"","stick-header-meta":"","header-above-stick-meta":"","header-main-stick-meta":"","header-below-stick-meta":"","footnotes":"","_links_to":"","_links_to_target":""},"class_list":["post-9280","page","type-page","status-publish","hentry"],"yoast_head":"<!-- This site is optimized with the Yoast SEO plugin v26.9 - https:\/\/yoast.com\/product\/yoast-seo-wordpress\/ -->\n<title>Chiuno Cultural Center - Kasungu, Malawi | We-Building<\/title>\n<meta name=\"description\" content=\"Kulturzentrum Chiuno: Die Menschen leben von Subsistenzlandwirtschaft, wobei nur eine Ernte pro Jahr m\u00f6glich ist: nach der Regenzeit.\" \/>\n<meta name=\"robots\" content=\"index, follow, max-snippet:-1, max-image-preview:large, max-video-preview:-1\" \/>\n<link rel=\"canonical\" href=\"https:\/\/we-building.org\/de\/kasungu\/\" \/>\n<meta property=\"og:locale\" content=\"de_DE\" \/>\n<meta property=\"og:type\" content=\"article\" \/>\n<meta property=\"og:title\" content=\"Chiuno Cultural Center - Kasungu, Malawi | We-Building\" \/>\n<meta property=\"og:description\" content=\"Kulturzentrum Chiuno: Die Menschen leben von Subsistenzlandwirtschaft, wobei nur eine Ernte pro Jahr m\u00f6glich ist: nach der Regenzeit.\" \/>\n<meta property=\"og:url\" content=\"https:\/\/we-building.org\/de\/kasungu\/\" \/>\n<meta property=\"og:site_name\" content=\"WEbuilding\" \/>\n<meta property=\"article:modified_time\" content=\"2023-12-29T08:50:16+00:00\" \/>\n<meta property=\"og:image\" content=\"https:\/\/we-building.org\/wp-content\/uploads\/2023\/11\/Screenshot-2023-11-15-115016.png\" \/>\n<meta name=\"twitter:card\" content=\"summary_large_image\" \/>\n<meta name=\"twitter:label1\" content=\"Gesch\u00e4tzte Lesezeit\" \/>\n\t<meta name=\"twitter:data1\" content=\"2 Minuten\" \/>\n<script type=\"application\/ld+json\" class=\"yoast-schema-graph\">{\"@context\":\"https:\/\/schema.org\",\"@graph\":[{\"@type\":\"WebPage\",\"@id\":\"https:\/\/we-building.org\/de\/kasungu\/\",\"url\":\"https:\/\/we-building.org\/de\/kasungu\/\",\"name\":\"Chiuno Cultural Center - Kasungu, Malawi | We-Building\",\"isPartOf\":{\"@id\":\"https:\/\/we-building.org\/#website\"},\"primaryImageOfPage\":{\"@id\":\"https:\/\/we-building.org\/de\/kasungu\/#primaryimage\"},\"image\":{\"@id\":\"https:\/\/we-building.org\/de\/kasungu\/#primaryimage\"},\"thumbnailUrl\":\"https:\/\/we-building.org\/wp-content\/uploads\/2023\/11\/Screenshot-2023-11-15-115016.png\",\"datePublished\":\"2020-02-05T12:49:54+00:00\",\"dateModified\":\"2023-12-29T08:50:16+00:00\",\"description\":\"Kulturzentrum Chiuno: Die Menschen leben von Subsistenzlandwirtschaft, wobei nur eine Ernte pro Jahr m\u00f6glich ist: nach der Regenzeit.\",\"breadcrumb\":{\"@id\":\"https:\/\/we-building.org\/de\/kasungu\/#breadcrumb\"},\"inLanguage\":\"de-DE\",\"potentialAction\":[{\"@type\":\"ReadAction\",\"target\":[\"https:\/\/we-building.org\/de\/kasungu\/\"]}]},{\"@type\":\"ImageObject\",\"inLanguage\":\"de-DE\",\"@id\":\"https:\/\/we-building.org\/de\/kasungu\/#primaryimage\",\"url\":\"https:\/\/we-building.org\/wp-content\/uploads\/2023\/11\/Screenshot-2023-11-15-115016.png\",\"contentUrl\":\"https:\/\/we-building.org\/wp-content\/uploads\/2023\/11\/Screenshot-2023-11-15-115016.png\"},{\"@type\":\"BreadcrumbList\",\"@id\":\"https:\/\/we-building.org\/de\/kasungu\/#breadcrumb\",\"itemListElement\":[{\"@type\":\"ListItem\",\"position\":1,\"name\":\"Home\",\"item\":\"https:\/\/we-building.org\/de\/index\/\"},{\"@type\":\"ListItem\",\"position\":2,\"name\":\"Kasungu\"}]},{\"@type\":\"WebSite\",\"@id\":\"https:\/\/we-building.org\/#website\",\"url\":\"https:\/\/we-building.org\/\",\"name\":\"WEbuilding\",\"description\":\"Using sustainable architecture to help communities around the world build a better and brighter future.\",\"publisher\":{\"@id\":\"https:\/\/we-building.org\/#organization\"},\"potentialAction\":[{\"@type\":\"SearchAction\",\"target\":{\"@type\":\"EntryPoint\",\"urlTemplate\":\"https:\/\/we-building.org\/?s={search_term_string}\"},\"query-input\":{\"@type\":\"PropertyValueSpecification\",\"valueRequired\":true,\"valueName\":\"search_term_string\"}}],\"inLanguage\":\"de-DE\"},{\"@type\":\"Organization\",\"@id\":\"https:\/\/we-building.org\/#organization\",\"name\":\"WEbuilding\",\"url\":\"https:\/\/we-building.org\/\",\"logo\":{\"@type\":\"ImageObject\",\"inLanguage\":\"de-DE\",\"@id\":\"https:\/\/we-building.org\/#\/schema\/logo\/image\/\",\"url\":\"https:\/\/we-building.org\/wp-content\/uploads\/2020\/02\/cropped-12_Logo-1.png\",\"contentUrl\":\"https:\/\/we-building.org\/wp-content\/uploads\/2020\/02\/cropped-12_Logo-1.png\",\"width\":2288,\"height\":2288,\"caption\":\"WEbuilding\"},\"image\":{\"@id\":\"https:\/\/we-building.org\/#\/schema\/logo\/image\/\"}}]}<\/script>\n<!-- \/ Yoast SEO plugin. -->","yoast_head_json":{"title":"Chiuno Cultural Center - Kasungu, Malawi | We-Building","description":"Kulturzentrum Chiuno: Die Menschen leben von Subsistenzlandwirtschaft, wobei nur eine Ernte pro Jahr m\u00f6glich ist: nach der Regenzeit.","robots":{"index":"index","follow":"follow","max-snippet":"max-snippet:-1","max-image-preview":"max-image-preview:large","max-video-preview":"max-video-preview:-1"},"canonical":"https:\/\/we-building.org\/de\/kasungu\/","og_locale":"de_DE","og_type":"article","og_title":"Chiuno Cultural Center - Kasungu, Malawi | We-Building","og_description":"Kulturzentrum Chiuno: Die Menschen leben von Subsistenzlandwirtschaft, wobei nur eine Ernte pro Jahr m\u00f6glich ist: nach der Regenzeit.","og_url":"https:\/\/we-building.org\/de\/kasungu\/","og_site_name":"WEbuilding","article_modified_time":"2023-12-29T08:50:16+00:00","og_image":[{"url":"https:\/\/we-building.org\/wp-content\/uploads\/2023\/11\/Screenshot-2023-11-15-115016.png","type":"","width":"","height":""}],"twitter_card":"summary_large_image","twitter_misc":{"Gesch\u00e4tzte Lesezeit":"2 Minuten"},"schema":{"@context":"https:\/\/schema.org","@graph":[{"@type":"WebPage","@id":"https:\/\/we-building.org\/de\/kasungu\/","url":"https:\/\/we-building.org\/de\/kasungu\/","name":"Chiuno Cultural Center - Kasungu, Malawi | We-Building","isPartOf":{"@id":"https:\/\/we-building.org\/#website"},"primaryImageOfPage":{"@id":"https:\/\/we-building.org\/de\/kasungu\/#primaryimage"},"image":{"@id":"https:\/\/we-building.org\/de\/kasungu\/#primaryimage"},"thumbnailUrl":"https:\/\/we-building.org\/wp-content\/uploads\/2023\/11\/Screenshot-2023-11-15-115016.png","datePublished":"2020-02-05T12:49:54+00:00","dateModified":"2023-12-29T08:50:16+00:00","description":"Kulturzentrum Chiuno: Die Menschen leben von Subsistenzlandwirtschaft, wobei nur eine Ernte pro Jahr m\u00f6glich ist: nach der Regenzeit.","breadcrumb":{"@id":"https:\/\/we-building.org\/de\/kasungu\/#breadcrumb"},"inLanguage":"de-DE","potentialAction":[{"@type":"ReadAction","target":["https:\/\/we-building.org\/de\/kasungu\/"]}]},{"@type":"ImageObject","inLanguage":"de-DE","@id":"https:\/\/we-building.org\/de\/kasungu\/#primaryimage","url":"https:\/\/we-building.org\/wp-content\/uploads\/2023\/11\/Screenshot-2023-11-15-115016.png","contentUrl":"https:\/\/we-building.org\/wp-content\/uploads\/2023\/11\/Screenshot-2023-11-15-115016.png"},{"@type":"BreadcrumbList","@id":"https:\/\/we-building.org\/de\/kasungu\/#breadcrumb","itemListElement":[{"@type":"ListItem","position":1,"name":"Home","item":"https:\/\/we-building.org\/de\/index\/"},{"@type":"ListItem","position":2,"name":"Kasungu"}]},{"@type":"WebSite","@id":"https:\/\/we-building.org\/#website","url":"https:\/\/we-building.org\/","name":"WEbuilding","description":"Using sustainable architecture to help communities around the world build a better and brighter future.","publisher":{"@id":"https:\/\/we-building.org\/#organization"},"potentialAction":[{"@type":"SearchAction","target":{"@type":"EntryPoint","urlTemplate":"https:\/\/we-building.org\/?s={search_term_string}"},"query-input":{"@type":"PropertyValueSpecification","valueRequired":true,"valueName":"search_term_string"}}],"inLanguage":"de-DE"},{"@type":"Organization","@id":"https:\/\/we-building.org\/#organization","name":"WEbuilding","url":"https:\/\/we-building.org\/","logo":{"@type":"ImageObject","inLanguage":"de-DE","@id":"https:\/\/we-building.org\/#\/schema\/logo\/image\/","url":"https:\/\/we-building.org\/wp-content\/uploads\/2020\/02\/cropped-12_Logo-1.png","contentUrl":"https:\/\/we-building.org\/wp-content\/uploads\/2020\/02\/cropped-12_Logo-1.png","width":2288,"height":2288,"caption":"WEbuilding"},"image":{"@id":"https:\/\/we-building.org\/#\/schema\/logo\/image\/"}}]}},"_links":{"self":[{"href":"https:\/\/we-building.org\/de\/wp-json\/wp\/v2\/pages\/9280","targetHints":{"allow":["GET"]}}],"collection":[{"href":"https:\/\/we-building.org\/de\/wp-json\/wp\/v2\/pages"}],"about":[{"href":"https:\/\/we-building.org\/de\/wp-json\/wp\/v2\/types\/page"}],"author":[{"embeddable":true,"href":"https:\/\/we-building.org\/de\/wp-json\/wp\/v2\/users\/1"}],"replies":[{"embeddable":true,"href":"https:\/\/we-building.org\/de\/wp-json\/wp\/v2\/comments?post=9280"}],"version-history":[{"count":0,"href":"https:\/\/we-building.org\/de\/wp-json\/wp\/v2\/pages\/9280\/revisions"}],"wp:attachment":[{"href":"https:\/\/we-building.org\/de\/wp-json\/wp\/v2\/media?parent=9280"}],"curies":[{"name":"wp","href":"https:\/\/api.w.org\/{rel}","templated":true}]}}