{"id":9272,"date":"2020-02-05T13:45:38","date_gmt":"2020-02-05T13:45:38","guid":{"rendered":"https:\/\/we-building.org\/la-ensenada\/"},"modified":"2021-12-16T14:24:43","modified_gmt":"2021-12-16T14:24:43","slug":"laensenada","status":"publish","type":"page","link":"https:\/\/we-building.org\/de\/laensenada\/","title":{"rendered":"La Ensenada"},"content":{"rendered":"\t\t<div data-elementor-type=\"wp-page\" data-elementor-id=\"9272\" class=\"elementor elementor-9272 elementor-228\" data-elementor-post-type=\"page\">\n\t\t\t\t\t\t<section data-particle_enable=\"false\" data-particle-mobile-disabled=\"false\" class=\"elementor-section elementor-top-section elementor-element elementor-element-44cc1af elementor-section-full_width elementor-section-items-stretch elementor-section-content-middle elementor-section-height-min-height elementor-section-height-default\" data-id=\"44cc1af\" data-element_type=\"section\" data-e-type=\"section\">\n\t\t\t\t\t\t<div class=\"elementor-container elementor-column-gap-no\">\n\t\t\t\t\t<div class=\"elementor-column elementor-col-50 elementor-top-column elementor-element elementor-element-1c9ffab\" data-id=\"1c9ffab\" data-element_type=\"column\" data-e-type=\"column\" data-settings=\"{&quot;background_background&quot;:&quot;classic&quot;}\">\n\t\t\t<div class=\"elementor-widget-wrap elementor-element-populated\">\n\t\t\t\t\t\t<div class=\"elementor-element elementor-element-29a6722 elementor-hidden-desktop elementor-hidden-tablet elementor-widget elementor-widget-image\" data-id=\"29a6722\" data-element_type=\"widget\" data-e-type=\"widget\" data-widget_type=\"image.default\">\n\t\t\t\t<div class=\"elementor-widget-container\">\n\t\t\t\t\t\t\t\t\t\t\t\t\t\t\t<img fetchpriority=\"high\" decoding=\"async\" width=\"1365\" height=\"682\" src=\"https:\/\/we-building.org\/wp-content\/uploads\/2020\/02\/San-Andres-cover.jpg\" class=\"attachment-full size-full wp-image-9041\" alt=\"San Andres\" srcset=\"https:\/\/we-building.org\/wp-content\/uploads\/2020\/02\/San-Andres-cover.jpg 1365w, https:\/\/we-building.org\/wp-content\/uploads\/2020\/02\/San-Andres-cover-300x150.jpg 300w, https:\/\/we-building.org\/wp-content\/uploads\/2020\/02\/San-Andres-cover-1024x512.jpg 1024w, https:\/\/we-building.org\/wp-content\/uploads\/2020\/02\/San-Andres-cover-768x384.jpg 768w\" sizes=\"(max-width: 1365px) 100vw, 1365px\" \/>\t\t\t\t\t\t\t\t\t\t\t\t\t\t\t<\/div>\n\t\t\t\t<\/div>\n\t\t\t\t\t<\/div>\n\t\t<\/div>\n\t\t\t\t<div class=\"elementor-column elementor-col-50 elementor-top-column elementor-element elementor-element-08bc168\" data-id=\"08bc168\" data-element_type=\"column\" data-e-type=\"column\" data-settings=\"{&quot;background_background&quot;:&quot;classic&quot;}\">\n\t\t\t<div class=\"elementor-widget-wrap elementor-element-populated\">\n\t\t\t\t\t<div class=\"elementor-background-overlay\"><\/div>\n\t\t\t\t\t\t<div class=\"elementor-element elementor-element-05c1ef9 elementor-widget elementor-widget-text-editor\" data-id=\"05c1ef9\" data-element_type=\"widget\" data-e-type=\"widget\" data-widget_type=\"text-editor.default\">\n\t\t\t\t<div class=\"elementor-widget-container\">\n\t\t\t\t\t\t\t\t\t<h2><span style=\"color: #ffffff;\"><b>La Ensenada Centro Educativo<\/p>\n<p><\/b><\/span><\/h2>\n<p><strong><span style=\"color: #37b0ac;\">Jahr<\/span><\/strong><br \/><span style=\"color: #ffffff;\">2019 &#8211; laufend<\/span><\/p>\n<p><strong><span style=\"color: #37b0ac;\">Standort<\/span><\/strong><br \/><span style=\"color: #ffffff;\">La Ensenada, Colombia<\/span><\/p>\n<p><strong><span style=\"color: #37b0ac;\">Umfeld<\/span><\/strong><br \/><span style=\"color: #ffffff;\">L\u00e4ndlich<\/span><\/p>\n<p><strong><span style=\"color: #37b0ac;\">Gr\u00f6\u00dfe<\/span><\/strong><br \/><span style=\"color: #ffffff;\">11 Klassenzimmer<\/span><\/p>\n<p><strong><span style=\"color: #37b0ac;\">Leistung<\/span><\/strong><br \/><span style=\"color: #ffffff;\">Entwurf<\/span><\/p>\n<p><strong><span style=\"color: #37b0ac;\">Partner<\/span><\/strong><br \/><span style=\"color: #ffffff;\">La Ensenada Centro Educativo<\/span><br \/><span style=\"color: #ffffff;\">HTW<\/span><br \/><span style=\"color: #ffffff;\">Universidad los Andes<\/span><\/p>\n<p><strong><span style=\"color: #37b0ac;\">Nachhaltigkeit<\/span><\/strong><br \/><span style=\"color: #ffffff;\">Lokale Mitarbeiter und <\/span><span style=\"color: #ffffff;\">Materialien<\/span><\/p>\n\t\t\t\t\t\t\t\t<\/div>\n\t\t\t\t<\/div>\n\t\t\t\t\t<\/div>\n\t\t<\/div>\n\t\t\t\t\t<\/div>\n\t\t<\/section>\n\t\t\t\t<section data-particle_enable=\"false\" data-particle-mobile-disabled=\"false\" class=\"elementor-section elementor-top-section elementor-element elementor-element-4f69a67 elementor-section-full_width elementor-section-height-default elementor-section-height-default\" data-id=\"4f69a67\" data-element_type=\"section\" data-e-type=\"section\">\n\t\t\t\t\t\t<div class=\"elementor-container elementor-column-gap-extended\">\n\t\t\t\t\t<div class=\"elementor-column elementor-col-33 elementor-top-column elementor-element elementor-element-34ae6a4\" data-id=\"34ae6a4\" data-element_type=\"column\" data-e-type=\"column\">\n\t\t\t<div class=\"elementor-widget-wrap\">\n\t\t\t\t\t\t\t<\/div>\n\t\t<\/div>\n\t\t\t\t<div class=\"elementor-column elementor-col-33 elementor-top-column elementor-element elementor-element-52cdefc\" data-id=\"52cdefc\" data-element_type=\"column\" data-e-type=\"column\">\n\t\t\t<div class=\"elementor-widget-wrap elementor-element-populated\">\n\t\t\t\t\t\t<div class=\"elementor-element elementor-element-fe14d34 elementor-widget elementor-widget-text-editor\" data-id=\"fe14d34\" data-element_type=\"widget\" data-e-type=\"widget\" data-widget_type=\"text-editor.default\">\n\t\t\t\t<div class=\"elementor-widget-container\">\n\t\t\t\t\t\t\t\t\t<h1 style=\"text-align: left;\">La Ensenada Centro Educativo<\/h1>\n<p>Als Teil des Projekts InnoPiangua, das von der HTW und der Universit\u00e4t Los Andes&nbsp; geleitet wird, will WEbuilding Infrastrukturprojekte durchf\u00fchren, die zur Entwicklung der Gemeinden beitragen.&nbsp;<span style=\"font-size: 20px; font-style: normal; font-weight: 400; color: var( --e-global-color-text );\">Das Vorhaben soll eine nachhaltige lokale Entwicklung durch innovative Mobilit\u00e4ts- und Energiestrukturen in der Region Nari\u00f1o im Nachkriegskolumbien erm\u00f6glichen.<\/span><span style=\"font-size: 20px; color: var( --e-global-color-text );\">&nbsp;Dieses Projekt wurde als Pilotprojekt durchgef\u00fchrt. Das Projekt beinhaltet den Wiederaufbau des bereits bestehenden Schulzentrums La Ensenada.<\/span><\/p>\n<p><strong>Thema<\/strong><br \/>Das Hauptproblem des Projekts La Ensenada ist der Mangel an guten Lernbedingungen. Zum Beispiel findet der Unterricht von vier verschiedenen Klassen in einem gemeinsamen Raum statt. Dar\u00fcber hinaus ist im aktuellen Geb\u00e4ude nicht nur die Qualit\u00e4t des Unterrichts gef\u00e4hrdet, sondern auch die Sicherheit aller Kinder und Lehrer, da das Geb\u00e4ude schlecht gewartet wird und die Umgebung feucht ist.<\/p>\n<p><strong>L\u00f6sung<\/strong><br \/>Wir schlagen den Wiederaufbau der Schule vor, indem wir eine komplett neue Infrastruktur entwerfen, die aus 11 Klassenr\u00e4umen, einem Lehrerb\u00fcro, Toilettenanlagen&nbsp;, einem Medienraum\/Bibliothek und einem Gemeinschaftsraum f\u00fcr Veranstaltungen und Essen.<br \/>und einem Gemeinschaftsraum f\u00fcr Veranstaltungen und Essen.<\/p>\n\t\t\t\t\t\t\t\t<\/div>\n\t\t\t\t<\/div>\n\t\t\t\t<div class=\"elementor-element elementor-element-75ab2cd elementor-widget elementor-widget-image\" data-id=\"75ab2cd\" data-element_type=\"widget\" data-e-type=\"widget\" data-widget_type=\"image.default\">\n\t\t\t\t<div class=\"elementor-widget-container\">\n\t\t\t\t\t\t\t\t\t\t\t\t\t\t\t<img decoding=\"async\" width=\"878\" height=\"620\" src=\"https:\/\/we-building.org\/wp-content\/uploads\/2020\/02\/s-1.png\" class=\"attachment-2048x2048 size-2048x2048 wp-image-3504\" alt=\"La Ensenada Centro Educativo plan\" srcset=\"https:\/\/we-building.org\/wp-content\/uploads\/2020\/02\/s-1.png 878w, https:\/\/we-building.org\/wp-content\/uploads\/2020\/02\/s-1-300x212.png 300w, https:\/\/we-building.org\/wp-content\/uploads\/2020\/02\/s-1-768x542.png 768w\" sizes=\"(max-width: 878px) 100vw, 878px\" \/>\t\t\t\t\t\t\t\t\t\t\t\t\t\t\t<\/div>\n\t\t\t\t<\/div>\n\t\t\t\t<div class=\"elementor-element elementor-element-45a1568 elementor-widget elementor-widget-image\" data-id=\"45a1568\" data-element_type=\"widget\" data-e-type=\"widget\" data-widget_type=\"image.default\">\n\t\t\t\t<div class=\"elementor-widget-container\">\n\t\t\t\t\t\t\t\t\t\t\t\t\t\t\t<img decoding=\"async\" width=\"768\" height=\"1024\" src=\"https:\/\/we-building.org\/wp-content\/uploads\/2020\/02\/64650534_480092019424337_2872570188803342336_n-1-768x1024.jpg\" class=\"attachment-large size-large wp-image-3503\" alt=\"classroom in La Ensenada Centro Educativo\" srcset=\"https:\/\/we-building.org\/wp-content\/uploads\/2020\/02\/64650534_480092019424337_2872570188803342336_n-1-768x1024.jpg 768w, https:\/\/we-building.org\/wp-content\/uploads\/2020\/02\/64650534_480092019424337_2872570188803342336_n-1-225x300.jpg 225w, https:\/\/we-building.org\/wp-content\/uploads\/2020\/02\/64650534_480092019424337_2872570188803342336_n-1.jpg 864w\" sizes=\"(max-width: 768px) 100vw, 768px\" \/>\t\t\t\t\t\t\t\t\t\t\t\t\t\t\t<\/div>\n\t\t\t\t<\/div>\n\t\t\t\t\t<\/div>\n\t\t<\/div>\n\t\t\t\t<div class=\"elementor-column elementor-col-33 elementor-top-column elementor-element elementor-element-6cf5ce1\" data-id=\"6cf5ce1\" data-element_type=\"column\" data-e-type=\"column\">\n\t\t\t<div class=\"elementor-widget-wrap\">\n\t\t\t\t\t\t\t<\/div>\n\t\t<\/div>\n\t\t\t\t\t<\/div>\n\t\t<\/section>\n\t\t\t\t<\/div>\n\t\t","protected":false},"excerpt":{"rendered":"<p>La Ensenada Centro Educativo Jahr2019 &#8211; laufend StandortLa Ensenada, Colombia UmfeldL\u00e4ndlich Gr\u00f6\u00dfe11 Klassenzimmer LeistungEntwurf PartnerLa Ensenada Centro EducativoHTWUniversidad los Andes NachhaltigkeitLokale Mitarbeiter und Materialien La Ensenada Centro Educativo Als Teil des Projekts InnoPiangua, das von der HTW und der Universit\u00e4t Los Andes&nbsp; geleitet wird, will WEbuilding Infrastrukturprojekte durchf\u00fchren, die zur Entwicklung der Gemeinden beitragen.&nbsp;Das Vorhaben soll eine nachhaltige lokale Entwicklung durch innovative Mobilit\u00e4ts- und Energiestrukturen in der Region Nari\u00f1o im Nachkriegskolumbien erm\u00f6glichen.&nbsp;Dieses Projekt wurde als Pilotprojekt durchgef\u00fchrt. Das Projekt beinhaltet den Wiederaufbau des bereits bestehenden Schulzentrums La Ensenada. ThemaDas Hauptproblem des Projekts La Ensenada ist der Mangel an guten Lernbedingungen. Zum Beispiel findet &hellip;<\/p>\n<p class=\"read-more\"> <a class=\"\" href=\"https:\/\/we-building.org\/de\/laensenada\/\"> <span class=\"screen-reader-text\">La Ensenada<\/span> &#8230;<\/a><\/p>\n","protected":false},"author":1,"featured_media":0,"parent":0,"menu_order":0,"comment_status":"closed","ping_status":"closed","template":"","meta":{"site-sidebar-layout":"no-sidebar","site-content-layout":"page-builder","ast-global-header-display":"","ast-banner-title-visibility":"","ast-main-header-display":"disabled","ast-hfb-above-header-display":"","ast-hfb-below-header-display":"","ast-hfb-mobile-header-display":"","site-post-title":"disabled","ast-breadcrumbs-content":"disabled","ast-featured-img":"disabled","footer-sml-layout":"disabled","theme-transparent-header-meta":"default","adv-header-id-meta":"","stick-header-meta":"","header-above-stick-meta":"","header-main-stick-meta":"","header-below-stick-meta":"","footnotes":"","_links_to":"","_links_to_target":""},"class_list":["post-9272","page","type-page","status-publish","hentry"],"yoast_head":"<!-- This site is optimized with the Yoast SEO plugin v26.9 - https:\/\/yoast.com\/product\/yoast-seo-wordpress\/ -->\n<title>La Ensenada Centro Educativo | WEbuilding<\/title>\n<meta name=\"description\" content=\"La Ensenada Centro Educativo: Das Projekt beinhaltet den Wiederaufbau des bereits bestehenden Schulzentrums La Ensenada.\" \/>\n<meta name=\"robots\" content=\"index, follow, max-snippet:-1, max-image-preview:large, max-video-preview:-1\" \/>\n<link rel=\"canonical\" href=\"https:\/\/we-building.org\/de\/laensenada\/\" \/>\n<meta property=\"og:locale\" content=\"de_DE\" \/>\n<meta property=\"og:type\" content=\"article\" \/>\n<meta property=\"og:title\" content=\"La Ensenada Centro Educativo | WEbuilding\" \/>\n<meta property=\"og:description\" content=\"La Ensenada Centro Educativo: Das Projekt beinhaltet den Wiederaufbau des bereits bestehenden Schulzentrums La Ensenada.\" \/>\n<meta property=\"og:url\" content=\"https:\/\/we-building.org\/de\/laensenada\/\" \/>\n<meta property=\"og:site_name\" content=\"WEbuilding\" \/>\n<meta property=\"article:modified_time\" content=\"2021-12-16T14:24:43+00:00\" \/>\n<meta property=\"og:image\" content=\"https:\/\/we-building.org\/wp-content\/uploads\/2020\/02\/San-Andres-cover.jpg\" \/>\n<meta name=\"twitter:card\" content=\"summary_large_image\" \/>\n<meta name=\"twitter:label1\" content=\"Gesch\u00e4tzte Lesezeit\" \/>\n\t<meta name=\"twitter:data1\" content=\"1 Minute\" \/>\n<script type=\"application\/ld+json\" class=\"yoast-schema-graph\">{\"@context\":\"https:\/\/schema.org\",\"@graph\":[{\"@type\":\"WebPage\",\"@id\":\"https:\/\/we-building.org\/de\/laensenada\/\",\"url\":\"https:\/\/we-building.org\/de\/laensenada\/\",\"name\":\"La Ensenada Centro Educativo | WEbuilding\",\"isPartOf\":{\"@id\":\"https:\/\/we-building.org\/#website\"},\"primaryImageOfPage\":{\"@id\":\"https:\/\/we-building.org\/de\/laensenada\/#primaryimage\"},\"image\":{\"@id\":\"https:\/\/we-building.org\/de\/laensenada\/#primaryimage\"},\"thumbnailUrl\":\"https:\/\/we-building.org\/wp-content\/uploads\/2020\/02\/San-Andres-cover.jpg\",\"datePublished\":\"2020-02-05T13:45:38+00:00\",\"dateModified\":\"2021-12-16T14:24:43+00:00\",\"description\":\"La Ensenada Centro Educativo: Das Projekt beinhaltet den Wiederaufbau des bereits bestehenden Schulzentrums La Ensenada.\",\"breadcrumb\":{\"@id\":\"https:\/\/we-building.org\/de\/laensenada\/#breadcrumb\"},\"inLanguage\":\"de-DE\",\"potentialAction\":[{\"@type\":\"ReadAction\",\"target\":[\"https:\/\/we-building.org\/de\/laensenada\/\"]}]},{\"@type\":\"ImageObject\",\"inLanguage\":\"de-DE\",\"@id\":\"https:\/\/we-building.org\/de\/laensenada\/#primaryimage\",\"url\":\"https:\/\/we-building.org\/wp-content\/uploads\/2020\/02\/San-Andres-cover.jpg\",\"contentUrl\":\"https:\/\/we-building.org\/wp-content\/uploads\/2020\/02\/San-Andres-cover.jpg\"},{\"@type\":\"BreadcrumbList\",\"@id\":\"https:\/\/we-building.org\/de\/laensenada\/#breadcrumb\",\"itemListElement\":[{\"@type\":\"ListItem\",\"position\":1,\"name\":\"Home\",\"item\":\"https:\/\/we-building.org\/de\/index\/\"},{\"@type\":\"ListItem\",\"position\":2,\"name\":\"La Ensenada\"}]},{\"@type\":\"WebSite\",\"@id\":\"https:\/\/we-building.org\/#website\",\"url\":\"https:\/\/we-building.org\/\",\"name\":\"WEbuilding\",\"description\":\"Using sustainable architecture to help communities around the world build a better and brighter future.\",\"publisher\":{\"@id\":\"https:\/\/we-building.org\/#organization\"},\"potentialAction\":[{\"@type\":\"SearchAction\",\"target\":{\"@type\":\"EntryPoint\",\"urlTemplate\":\"https:\/\/we-building.org\/?s={search_term_string}\"},\"query-input\":{\"@type\":\"PropertyValueSpecification\",\"valueRequired\":true,\"valueName\":\"search_term_string\"}}],\"inLanguage\":\"de-DE\"},{\"@type\":\"Organization\",\"@id\":\"https:\/\/we-building.org\/#organization\",\"name\":\"WEbuilding\",\"url\":\"https:\/\/we-building.org\/\",\"logo\":{\"@type\":\"ImageObject\",\"inLanguage\":\"de-DE\",\"@id\":\"https:\/\/we-building.org\/#\/schema\/logo\/image\/\",\"url\":\"https:\/\/we-building.org\/wp-content\/uploads\/2020\/02\/cropped-12_Logo-1.png\",\"contentUrl\":\"https:\/\/we-building.org\/wp-content\/uploads\/2020\/02\/cropped-12_Logo-1.png\",\"width\":2288,\"height\":2288,\"caption\":\"WEbuilding\"},\"image\":{\"@id\":\"https:\/\/we-building.org\/#\/schema\/logo\/image\/\"}}]}<\/script>\n<!-- \/ Yoast SEO plugin. -->","yoast_head_json":{"title":"La Ensenada Centro Educativo | WEbuilding","description":"La Ensenada Centro Educativo: Das Projekt beinhaltet den Wiederaufbau des bereits bestehenden Schulzentrums La Ensenada.","robots":{"index":"index","follow":"follow","max-snippet":"max-snippet:-1","max-image-preview":"max-image-preview:large","max-video-preview":"max-video-preview:-1"},"canonical":"https:\/\/we-building.org\/de\/laensenada\/","og_locale":"de_DE","og_type":"article","og_title":"La Ensenada Centro Educativo | WEbuilding","og_description":"La Ensenada Centro Educativo: Das Projekt beinhaltet den Wiederaufbau des bereits bestehenden Schulzentrums La Ensenada.","og_url":"https:\/\/we-building.org\/de\/laensenada\/","og_site_name":"WEbuilding","article_modified_time":"2021-12-16T14:24:43+00:00","og_image":[{"url":"https:\/\/we-building.org\/wp-content\/uploads\/2020\/02\/San-Andres-cover.jpg","type":"","width":"","height":""}],"twitter_card":"summary_large_image","twitter_misc":{"Gesch\u00e4tzte Lesezeit":"1 Minute"},"schema":{"@context":"https:\/\/schema.org","@graph":[{"@type":"WebPage","@id":"https:\/\/we-building.org\/de\/laensenada\/","url":"https:\/\/we-building.org\/de\/laensenada\/","name":"La Ensenada Centro Educativo | WEbuilding","isPartOf":{"@id":"https:\/\/we-building.org\/#website"},"primaryImageOfPage":{"@id":"https:\/\/we-building.org\/de\/laensenada\/#primaryimage"},"image":{"@id":"https:\/\/we-building.org\/de\/laensenada\/#primaryimage"},"thumbnailUrl":"https:\/\/we-building.org\/wp-content\/uploads\/2020\/02\/San-Andres-cover.jpg","datePublished":"2020-02-05T13:45:38+00:00","dateModified":"2021-12-16T14:24:43+00:00","description":"La Ensenada Centro Educativo: Das Projekt beinhaltet den Wiederaufbau des bereits bestehenden Schulzentrums La Ensenada.","breadcrumb":{"@id":"https:\/\/we-building.org\/de\/laensenada\/#breadcrumb"},"inLanguage":"de-DE","potentialAction":[{"@type":"ReadAction","target":["https:\/\/we-building.org\/de\/laensenada\/"]}]},{"@type":"ImageObject","inLanguage":"de-DE","@id":"https:\/\/we-building.org\/de\/laensenada\/#primaryimage","url":"https:\/\/we-building.org\/wp-content\/uploads\/2020\/02\/San-Andres-cover.jpg","contentUrl":"https:\/\/we-building.org\/wp-content\/uploads\/2020\/02\/San-Andres-cover.jpg"},{"@type":"BreadcrumbList","@id":"https:\/\/we-building.org\/de\/laensenada\/#breadcrumb","itemListElement":[{"@type":"ListItem","position":1,"name":"Home","item":"https:\/\/we-building.org\/de\/index\/"},{"@type":"ListItem","position":2,"name":"La Ensenada"}]},{"@type":"WebSite","@id":"https:\/\/we-building.org\/#website","url":"https:\/\/we-building.org\/","name":"WEbuilding","description":"Using sustainable architecture to help communities around the world build a better and brighter future.","publisher":{"@id":"https:\/\/we-building.org\/#organization"},"potentialAction":[{"@type":"SearchAction","target":{"@type":"EntryPoint","urlTemplate":"https:\/\/we-building.org\/?s={search_term_string}"},"query-input":{"@type":"PropertyValueSpecification","valueRequired":true,"valueName":"search_term_string"}}],"inLanguage":"de-DE"},{"@type":"Organization","@id":"https:\/\/we-building.org\/#organization","name":"WEbuilding","url":"https:\/\/we-building.org\/","logo":{"@type":"ImageObject","inLanguage":"de-DE","@id":"https:\/\/we-building.org\/#\/schema\/logo\/image\/","url":"https:\/\/we-building.org\/wp-content\/uploads\/2020\/02\/cropped-12_Logo-1.png","contentUrl":"https:\/\/we-building.org\/wp-content\/uploads\/2020\/02\/cropped-12_Logo-1.png","width":2288,"height":2288,"caption":"WEbuilding"},"image":{"@id":"https:\/\/we-building.org\/#\/schema\/logo\/image\/"}}]}},"_links":{"self":[{"href":"https:\/\/we-building.org\/de\/wp-json\/wp\/v2\/pages\/9272","targetHints":{"allow":["GET"]}}],"collection":[{"href":"https:\/\/we-building.org\/de\/wp-json\/wp\/v2\/pages"}],"about":[{"href":"https:\/\/we-building.org\/de\/wp-json\/wp\/v2\/types\/page"}],"author":[{"embeddable":true,"href":"https:\/\/we-building.org\/de\/wp-json\/wp\/v2\/users\/1"}],"replies":[{"embeddable":true,"href":"https:\/\/we-building.org\/de\/wp-json\/wp\/v2\/comments?post=9272"}],"version-history":[{"count":0,"href":"https:\/\/we-building.org\/de\/wp-json\/wp\/v2\/pages\/9272\/revisions"}],"wp:attachment":[{"href":"https:\/\/we-building.org\/de\/wp-json\/wp\/v2\/media?parent=9272"}],"curies":[{"name":"wp","href":"https:\/\/api.w.org\/{rel}","templated":true}]}}