{"id":8805,"date":"2020-02-28T10:18:06","date_gmt":"2020-02-28T10:18:06","guid":{"rendered":"https:\/\/we-building.org\/volunteering\/"},"modified":"2021-04-22T17:21:33","modified_gmt":"2021-04-22T17:21:33","slug":"volunteering","status":"publish","type":"page","link":"https:\/\/we-building.org\/de\/volunteering\/","title":{"rendered":"Freiwilligenarbeit"},"content":{"rendered":"\t\t<div data-elementor-type=\"wp-page\" data-elementor-id=\"8805\" class=\"elementor elementor-8805 elementor-1413\" data-elementor-post-type=\"page\">\n\t\t\t\t\t\t<section data-particle_enable=\"false\" data-particle-mobile-disabled=\"false\" class=\"elementor-section elementor-top-section elementor-element elementor-element-452b421 elementor-section-full_width elementor-section-height-default elementor-section-height-default\" data-id=\"452b421\" data-element_type=\"section\" data-e-type=\"section\" data-settings=\"{&quot;sticky&quot;:&quot;top&quot;,&quot;sticky_offset&quot;:113,&quot;animation&quot;:&quot;none&quot;,&quot;background_background&quot;:&quot;classic&quot;,&quot;sticky_on&quot;:[&quot;desktop&quot;],&quot;sticky_effects_offset&quot;:0,&quot;sticky_anchor_link_offset&quot;:0}\">\n\t\t\t\t\t\t\t<div class=\"elementor-background-overlay\"><\/div>\n\t\t\t\t\t\t\t<div class=\"elementor-container elementor-column-gap-no\">\n\t\t\t\t\t<div class=\"elementor-column elementor-col-100 elementor-top-column elementor-element elementor-element-c3d5641\" data-id=\"c3d5641\" data-element_type=\"column\" data-e-type=\"column\" data-settings=\"{&quot;background_background&quot;:&quot;classic&quot;}\">\n\t\t\t<div class=\"elementor-widget-wrap elementor-element-populated\">\n\t\t\t\t\t\t<div class=\"elementor-element elementor-element-49a1bb9 elementor-nav-menu__align-end elementor-nav-menu--dropdown-none elementor-hidden-phone elementor-widget elementor-widget-global elementor-global-2109 elementor-widget-nav-menu\" data-id=\"49a1bb9\" data-element_type=\"widget\" data-e-type=\"widget\" data-settings=\"{&quot;submenu_icon&quot;:{&quot;value&quot;:&quot;&quot;,&quot;library&quot;:&quot;&quot;},&quot;layout&quot;:&quot;horizontal&quot;}\" data-widget_type=\"nav-menu.default\">\n\t\t\t\t<div class=\"elementor-widget-container\">\n\t\t\t\t\t\t\t\t<nav aria-label=\"Menu\" class=\"elementor-nav-menu--main elementor-nav-menu__container elementor-nav-menu--layout-horizontal e--pointer-none\">\n\t\t\t\t<ul id=\"menu-1-49a1bb9\" class=\"elementor-nav-menu\"><li class=\"menu-item menu-item-type-post_type menu-item-object-page menu-item-11999\"><a href=\"https:\/\/we-building.org\/de\/ueber-uns\/\" class=\"elementor-item menu-link\">\u00dcber uns<\/a><\/li>\n<li class=\"menu-item menu-item-type-post_type menu-item-object-page menu-item-11991\"><a href=\"https:\/\/we-building.org\/de\/nachhaltigkeit\/\" class=\"elementor-item menu-link\">Nachhaltigkeit<\/a><\/li>\n<li class=\"menu-item menu-item-type-post_type menu-item-object-page menu-item-8884\"><a href=\"https:\/\/we-building.org\/de\/grundwerte\/\" class=\"elementor-item menu-link\">Grundwerte<\/a><\/li>\n<li class=\"menu-item menu-item-type-post_type menu-item-object-page menu-item-12029\"><a href=\"https:\/\/we-building.org\/de\/sdg\/\" class=\"elementor-item menu-link\">SDGs<\/a><\/li>\n<li class=\"menu-item menu-item-type-post_type menu-item-object-page menu-item-12774\"><a href=\"https:\/\/we-building.org\/de\/team\/\" class=\"elementor-item menu-link\">Team<\/a><\/li>\n<\/ul>\t\t\t<\/nav>\n\t\t\t\t\t\t<nav class=\"elementor-nav-menu--dropdown elementor-nav-menu__container\" aria-hidden=\"true\">\n\t\t\t\t<ul id=\"menu-2-49a1bb9\" class=\"elementor-nav-menu\"><li class=\"menu-item menu-item-type-post_type menu-item-object-page menu-item-11999\"><a href=\"https:\/\/we-building.org\/de\/ueber-uns\/\" class=\"elementor-item menu-link\" tabindex=\"-1\">\u00dcber uns<\/a><\/li>\n<li class=\"menu-item menu-item-type-post_type menu-item-object-page menu-item-11991\"><a href=\"https:\/\/we-building.org\/de\/nachhaltigkeit\/\" class=\"elementor-item menu-link\" tabindex=\"-1\">Nachhaltigkeit<\/a><\/li>\n<li class=\"menu-item menu-item-type-post_type menu-item-object-page menu-item-8884\"><a href=\"https:\/\/we-building.org\/de\/grundwerte\/\" class=\"elementor-item menu-link\" tabindex=\"-1\">Grundwerte<\/a><\/li>\n<li class=\"menu-item menu-item-type-post_type menu-item-object-page menu-item-12029\"><a href=\"https:\/\/we-building.org\/de\/sdg\/\" class=\"elementor-item menu-link\" tabindex=\"-1\">SDGs<\/a><\/li>\n<li class=\"menu-item menu-item-type-post_type menu-item-object-page menu-item-12774\"><a href=\"https:\/\/we-building.org\/de\/team\/\" class=\"elementor-item menu-link\" tabindex=\"-1\">Team<\/a><\/li>\n<\/ul>\t\t\t<\/nav>\n\t\t\t\t\t\t<\/div>\n\t\t\t\t<\/div>\n\t\t\t\t\t<\/div>\n\t\t<\/div>\n\t\t\t\t\t<\/div>\n\t\t<\/section>\n\t\t\t\t<section data-particle_enable=\"false\" data-particle-mobile-disabled=\"false\" class=\"elementor-section elementor-top-section elementor-element elementor-element-4f69a67 elementor-section-full_width elementor-section-height-default elementor-section-height-default\" data-id=\"4f69a67\" data-element_type=\"section\" data-e-type=\"section\">\n\t\t\t\t\t\t<div class=\"elementor-container elementor-column-gap-extended\">\n\t\t\t\t\t<div class=\"elementor-column elementor-col-25 elementor-top-column elementor-element elementor-element-032d8cb\" data-id=\"032d8cb\" data-element_type=\"column\" data-e-type=\"column\">\n\t\t\t<div class=\"elementor-widget-wrap\">\n\t\t\t\t\t\t\t<\/div>\n\t\t<\/div>\n\t\t\t\t<div class=\"elementor-column elementor-col-25 elementor-top-column elementor-element elementor-element-55f7de0\" data-id=\"55f7de0\" data-element_type=\"column\" data-e-type=\"column\">\n\t\t\t<div class=\"elementor-widget-wrap elementor-element-populated\">\n\t\t\t\t\t\t<div class=\"elementor-element elementor-element-fe14d34 elementor-widget elementor-widget-text-editor\" data-id=\"fe14d34\" data-element_type=\"widget\" data-e-type=\"widget\" data-widget_type=\"text-editor.default\">\n\t\t\t\t<div class=\"elementor-widget-container\">\n\t\t\t\t\t\t\t\t\t<h1 style=\"text-align: left;\">Gemeinsam viel bewegen &#8211; in Berlin oder remote!<\/h1>\n<p>Wir freuen uns immer \u00fcber neue Freiwillige in unseren Teams. Wenn Sie f\u00fcr mindestens 3 Monate Zeit und ca. 8 Stunden pro Woche, Ideen und engagierte Mitarbeit einbringen k\u00f6nnen, sind Sie bei WeBuilding richtig. Melden Sie sich daf\u00fcr gerne per E-Mail an!<\/p>\n<p>Ihr Unternehmen ist auf der Suche nach M\u00f6glichkeiten f\u00fcr Corporate Volunteering? Gerne sprechen wir mit Ihnen \u00fcber sinnstiftende Eins\u00e4tze. Bitte schreiben Sie uns eine E-Mail an: <a href=\"mailto:info@we-building.org\" target=\"_blank\" rel=\"noopener\">info@we-building.org<\/a>.<\/p>\n<p>Bei WeBuilding sind viele unterschiedliche F\u00e4higkeiten gefragt. Unsere Freiwilligen kommen aus der ganzen Welt. Mit ganz verschiedenen Hintergr\u00fcnden und Erfahrungen. Lernen Sie unser Team <a href=\"https:\/\/we-building.org\/team\/\">hier<\/a> kennen. Sie werden sich bei uns wohl f\u00fchlen. Wir freuen uns darauf, Sie kennenzulernen!<\/p>\n\t\t\t\t\t\t\t\t<\/div>\n\t\t\t\t<\/div>\n\t\t\t\t\t<\/div>\n\t\t<\/div>\n\t\t\t\t<div class=\"elementor-column elementor-col-25 elementor-top-column elementor-element elementor-element-08bc168\" data-id=\"08bc168\" data-element_type=\"column\" data-e-type=\"column\">\n\t\t\t<div class=\"elementor-widget-wrap elementor-element-populated\">\n\t\t\t\t\t\t<div class=\"elementor-element elementor-element-aea42e2 elementor-widget elementor-widget-image\" data-id=\"aea42e2\" data-element_type=\"widget\" data-e-type=\"widget\" data-widget_type=\"image.default\">\n\t\t\t\t<div class=\"elementor-widget-container\">\n\t\t\t\t\t\t\t\t\t\t\t\t\t\t\t<img fetchpriority=\"high\" decoding=\"async\" width=\"768\" height=\"576\" src=\"https:\/\/we-building.org\/wp-content\/uploads\/2021\/02\/we-won-PS-768x576.jpg\" class=\"attachment-medium_large size-medium_large wp-image-9184\" alt=\"webuilding team\" srcset=\"https:\/\/we-building.org\/wp-content\/uploads\/2021\/02\/we-won-PS-768x576.jpg 768w, https:\/\/we-building.org\/wp-content\/uploads\/2021\/02\/we-won-PS-300x225.jpg 300w, https:\/\/we-building.org\/wp-content\/uploads\/2021\/02\/we-won-PS-1024x767.jpg 1024w, https:\/\/we-building.org\/wp-content\/uploads\/2021\/02\/we-won-PS-1536x1151.jpg 1536w, https:\/\/we-building.org\/wp-content\/uploads\/2021\/02\/we-won-PS-2048x1535.jpg 2048w\" sizes=\"(max-width: 768px) 100vw, 768px\" \/>\t\t\t\t\t\t\t\t\t\t\t\t\t\t\t<\/div>\n\t\t\t\t<\/div>\n\t\t\t\t\t<\/div>\n\t\t<\/div>\n\t\t\t\t<div class=\"elementor-column elementor-col-25 elementor-top-column elementor-element elementor-element-f707993\" data-id=\"f707993\" data-element_type=\"column\" data-e-type=\"column\">\n\t\t\t<div class=\"elementor-widget-wrap\">\n\t\t\t\t\t\t\t<\/div>\n\t\t<\/div>\n\t\t\t\t\t<\/div>\n\t\t<\/section>\n\t\t\t\t<\/div>\n\t\t","protected":false},"excerpt":{"rendered":"<p>Gemeinsam viel bewegen &#8211; in Berlin oder remote! Wir freuen uns immer \u00fcber neue Freiwillige in unseren Teams. Wenn Sie f\u00fcr mindestens 3 Monate Zeit und ca. 8 Stunden pro Woche, Ideen und engagierte Mitarbeit einbringen k\u00f6nnen, sind Sie bei WeBuilding richtig. Melden Sie sich daf\u00fcr gerne per E-Mail an! Ihr Unternehmen ist auf der Suche nach M\u00f6glichkeiten f\u00fcr Corporate Volunteering? Gerne sprechen wir mit Ihnen \u00fcber sinnstiftende Eins\u00e4tze. Bitte schreiben Sie uns eine E-Mail an: info@we-building.org. Bei WeBuilding sind viele unterschiedliche F\u00e4higkeiten gefragt. Unsere Freiwilligen kommen aus der ganzen Welt. Mit ganz verschiedenen Hintergr\u00fcnden und Erfahrungen. Lernen Sie unser Team hier kennen. &hellip;<\/p>\n<p class=\"read-more\"> <a class=\"\" href=\"https:\/\/we-building.org\/de\/volunteering\/\"> <span class=\"screen-reader-text\">Freiwilligenarbeit<\/span> &#8230;<\/a><\/p>\n","protected":false},"author":1,"featured_media":0,"parent":0,"menu_order":0,"comment_status":"closed","ping_status":"closed","template":"","meta":{"site-sidebar-layout":"no-sidebar","site-content-layout":"page-builder","ast-global-header-display":"","ast-banner-title-visibility":"","ast-main-header-display":"disabled","ast-hfb-above-header-display":"","ast-hfb-below-header-display":"","ast-hfb-mobile-header-display":"","site-post-title":"disabled","ast-breadcrumbs-content":"disabled","ast-featured-img":"disabled","footer-sml-layout":"disabled","theme-transparent-header-meta":"disabled","adv-header-id-meta":"","stick-header-meta":"","header-above-stick-meta":"","header-main-stick-meta":"","header-below-stick-meta":"","footnotes":"","_links_to":"","_links_to_target":""},"class_list":["post-8805","page","type-page","status-publish","hentry"],"yoast_head":"<!-- This site is optimized with the Yoast SEO plugin v26.9 - https:\/\/yoast.com\/product\/yoast-seo-wordpress\/ -->\n<title>M\u00f6chten Sie sich freiwillig melden? Werden Sie Teil unseres Freiwilligen-Teams in Berlin | WEbuilding<\/title>\n<meta name=\"description\" content=\"Wir suchen Freiwillige, die etwas bewirken wollen. Wir suchen Freiwillige, die etwas bewirken wollen.\" \/>\n<meta name=\"robots\" content=\"index, follow, max-snippet:-1, max-image-preview:large, max-video-preview:-1\" \/>\n<link rel=\"canonical\" href=\"https:\/\/we-building.org\/de\/volunteering\/\" \/>\n<meta property=\"og:locale\" content=\"de_DE\" \/>\n<meta property=\"og:type\" content=\"article\" \/>\n<meta property=\"og:title\" content=\"M\u00f6chten Sie sich freiwillig melden? Werden Sie Teil unseres Freiwilligen-Teams in Berlin | WEbuilding\" \/>\n<meta property=\"og:description\" content=\"Wir suchen Freiwillige, die etwas bewirken wollen. Wir suchen Freiwillige, die etwas bewirken wollen.\" \/>\n<meta property=\"og:url\" content=\"https:\/\/we-building.org\/de\/volunteering\/\" \/>\n<meta property=\"og:site_name\" content=\"WEbuilding\" \/>\n<meta property=\"article:modified_time\" content=\"2021-04-22T17:21:33+00:00\" \/>\n<meta property=\"og:image\" content=\"https:\/\/we-building.org\/wp-content\/uploads\/2021\/02\/we-won-PS-768x576.jpg\" \/>\n<meta name=\"twitter:card\" content=\"summary_large_image\" \/>\n<meta name=\"twitter:label1\" content=\"Gesch\u00e4tzte Lesezeit\" \/>\n\t<meta name=\"twitter:data1\" content=\"1 Minute\" \/>\n<script type=\"application\/ld+json\" class=\"yoast-schema-graph\">{\"@context\":\"https:\/\/schema.org\",\"@graph\":[{\"@type\":\"WebPage\",\"@id\":\"https:\/\/we-building.org\/de\/volunteering\/\",\"url\":\"https:\/\/we-building.org\/de\/volunteering\/\",\"name\":\"M\u00f6chten Sie sich freiwillig melden? Werden Sie Teil unseres Freiwilligen-Teams in Berlin | WEbuilding\",\"isPartOf\":{\"@id\":\"https:\/\/we-building.org\/#website\"},\"primaryImageOfPage\":{\"@id\":\"https:\/\/we-building.org\/de\/volunteering\/#primaryimage\"},\"image\":{\"@id\":\"https:\/\/we-building.org\/de\/volunteering\/#primaryimage\"},\"thumbnailUrl\":\"https:\/\/we-building.org\/wp-content\/uploads\/2021\/02\/we-won-PS-768x576.jpg\",\"datePublished\":\"2020-02-28T10:18:06+00:00\",\"dateModified\":\"2021-04-22T17:21:33+00:00\",\"description\":\"Wir suchen Freiwillige, die etwas bewirken wollen. Wir suchen Freiwillige, die etwas bewirken wollen.\",\"breadcrumb\":{\"@id\":\"https:\/\/we-building.org\/de\/volunteering\/#breadcrumb\"},\"inLanguage\":\"de-DE\",\"potentialAction\":[{\"@type\":\"ReadAction\",\"target\":[\"https:\/\/we-building.org\/de\/volunteering\/\"]}]},{\"@type\":\"ImageObject\",\"inLanguage\":\"de-DE\",\"@id\":\"https:\/\/we-building.org\/de\/volunteering\/#primaryimage\",\"url\":\"https:\/\/we-building.org\/wp-content\/uploads\/2021\/02\/we-won-PS-768x576.jpg\",\"contentUrl\":\"https:\/\/we-building.org\/wp-content\/uploads\/2021\/02\/we-won-PS-768x576.jpg\"},{\"@type\":\"BreadcrumbList\",\"@id\":\"https:\/\/we-building.org\/de\/volunteering\/#breadcrumb\",\"itemListElement\":[{\"@type\":\"ListItem\",\"position\":1,\"name\":\"Home\",\"item\":\"https:\/\/we-building.org\/de\/index\/\"},{\"@type\":\"ListItem\",\"position\":2,\"name\":\"Freiwilligenarbeit\"}]},{\"@type\":\"WebSite\",\"@id\":\"https:\/\/we-building.org\/#website\",\"url\":\"https:\/\/we-building.org\/\",\"name\":\"WEbuilding\",\"description\":\"Using sustainable architecture to help communities around the world build a better and brighter future.\",\"publisher\":{\"@id\":\"https:\/\/we-building.org\/#organization\"},\"potentialAction\":[{\"@type\":\"SearchAction\",\"target\":{\"@type\":\"EntryPoint\",\"urlTemplate\":\"https:\/\/we-building.org\/?s={search_term_string}\"},\"query-input\":{\"@type\":\"PropertyValueSpecification\",\"valueRequired\":true,\"valueName\":\"search_term_string\"}}],\"inLanguage\":\"de-DE\"},{\"@type\":\"Organization\",\"@id\":\"https:\/\/we-building.org\/#organization\",\"name\":\"WEbuilding\",\"url\":\"https:\/\/we-building.org\/\",\"logo\":{\"@type\":\"ImageObject\",\"inLanguage\":\"de-DE\",\"@id\":\"https:\/\/we-building.org\/#\/schema\/logo\/image\/\",\"url\":\"https:\/\/we-building.org\/wp-content\/uploads\/2020\/02\/cropped-12_Logo-1.png\",\"contentUrl\":\"https:\/\/we-building.org\/wp-content\/uploads\/2020\/02\/cropped-12_Logo-1.png\",\"width\":2288,\"height\":2288,\"caption\":\"WEbuilding\"},\"image\":{\"@id\":\"https:\/\/we-building.org\/#\/schema\/logo\/image\/\"}}]}<\/script>\n<!-- \/ Yoast SEO plugin. -->","yoast_head_json":{"title":"M\u00f6chten Sie sich freiwillig melden? Werden Sie Teil unseres Freiwilligen-Teams in Berlin | WEbuilding","description":"Wir suchen Freiwillige, die etwas bewirken wollen. Wir suchen Freiwillige, die etwas bewirken wollen.","robots":{"index":"index","follow":"follow","max-snippet":"max-snippet:-1","max-image-preview":"max-image-preview:large","max-video-preview":"max-video-preview:-1"},"canonical":"https:\/\/we-building.org\/de\/volunteering\/","og_locale":"de_DE","og_type":"article","og_title":"M\u00f6chten Sie sich freiwillig melden? Werden Sie Teil unseres Freiwilligen-Teams in Berlin | WEbuilding","og_description":"Wir suchen Freiwillige, die etwas bewirken wollen. Wir suchen Freiwillige, die etwas bewirken wollen.","og_url":"https:\/\/we-building.org\/de\/volunteering\/","og_site_name":"WEbuilding","article_modified_time":"2021-04-22T17:21:33+00:00","og_image":[{"url":"https:\/\/we-building.org\/wp-content\/uploads\/2021\/02\/we-won-PS-768x576.jpg","type":"","width":"","height":""}],"twitter_card":"summary_large_image","twitter_misc":{"Gesch\u00e4tzte Lesezeit":"1 Minute"},"schema":{"@context":"https:\/\/schema.org","@graph":[{"@type":"WebPage","@id":"https:\/\/we-building.org\/de\/volunteering\/","url":"https:\/\/we-building.org\/de\/volunteering\/","name":"M\u00f6chten Sie sich freiwillig melden? Werden Sie Teil unseres Freiwilligen-Teams in Berlin | WEbuilding","isPartOf":{"@id":"https:\/\/we-building.org\/#website"},"primaryImageOfPage":{"@id":"https:\/\/we-building.org\/de\/volunteering\/#primaryimage"},"image":{"@id":"https:\/\/we-building.org\/de\/volunteering\/#primaryimage"},"thumbnailUrl":"https:\/\/we-building.org\/wp-content\/uploads\/2021\/02\/we-won-PS-768x576.jpg","datePublished":"2020-02-28T10:18:06+00:00","dateModified":"2021-04-22T17:21:33+00:00","description":"Wir suchen Freiwillige, die etwas bewirken wollen. Wir suchen Freiwillige, die etwas bewirken wollen.","breadcrumb":{"@id":"https:\/\/we-building.org\/de\/volunteering\/#breadcrumb"},"inLanguage":"de-DE","potentialAction":[{"@type":"ReadAction","target":["https:\/\/we-building.org\/de\/volunteering\/"]}]},{"@type":"ImageObject","inLanguage":"de-DE","@id":"https:\/\/we-building.org\/de\/volunteering\/#primaryimage","url":"https:\/\/we-building.org\/wp-content\/uploads\/2021\/02\/we-won-PS-768x576.jpg","contentUrl":"https:\/\/we-building.org\/wp-content\/uploads\/2021\/02\/we-won-PS-768x576.jpg"},{"@type":"BreadcrumbList","@id":"https:\/\/we-building.org\/de\/volunteering\/#breadcrumb","itemListElement":[{"@type":"ListItem","position":1,"name":"Home","item":"https:\/\/we-building.org\/de\/index\/"},{"@type":"ListItem","position":2,"name":"Freiwilligenarbeit"}]},{"@type":"WebSite","@id":"https:\/\/we-building.org\/#website","url":"https:\/\/we-building.org\/","name":"WEbuilding","description":"Using sustainable architecture to help communities around the world build a better and brighter future.","publisher":{"@id":"https:\/\/we-building.org\/#organization"},"potentialAction":[{"@type":"SearchAction","target":{"@type":"EntryPoint","urlTemplate":"https:\/\/we-building.org\/?s={search_term_string}"},"query-input":{"@type":"PropertyValueSpecification","valueRequired":true,"valueName":"search_term_string"}}],"inLanguage":"de-DE"},{"@type":"Organization","@id":"https:\/\/we-building.org\/#organization","name":"WEbuilding","url":"https:\/\/we-building.org\/","logo":{"@type":"ImageObject","inLanguage":"de-DE","@id":"https:\/\/we-building.org\/#\/schema\/logo\/image\/","url":"https:\/\/we-building.org\/wp-content\/uploads\/2020\/02\/cropped-12_Logo-1.png","contentUrl":"https:\/\/we-building.org\/wp-content\/uploads\/2020\/02\/cropped-12_Logo-1.png","width":2288,"height":2288,"caption":"WEbuilding"},"image":{"@id":"https:\/\/we-building.org\/#\/schema\/logo\/image\/"}}]}},"_links":{"self":[{"href":"https:\/\/we-building.org\/de\/wp-json\/wp\/v2\/pages\/8805","targetHints":{"allow":["GET"]}}],"collection":[{"href":"https:\/\/we-building.org\/de\/wp-json\/wp\/v2\/pages"}],"about":[{"href":"https:\/\/we-building.org\/de\/wp-json\/wp\/v2\/types\/page"}],"author":[{"embeddable":true,"href":"https:\/\/we-building.org\/de\/wp-json\/wp\/v2\/users\/1"}],"replies":[{"embeddable":true,"href":"https:\/\/we-building.org\/de\/wp-json\/wp\/v2\/comments?post=8805"}],"version-history":[{"count":0,"href":"https:\/\/we-building.org\/de\/wp-json\/wp\/v2\/pages\/8805\/revisions"}],"wp:attachment":[{"href":"https:\/\/we-building.org\/de\/wp-json\/wp\/v2\/media?parent=8805"}],"curies":[{"name":"wp","href":"https:\/\/api.w.org\/{rel}","templated":true}]}}