{"id":8762,"date":"2021-02-23T12:55:56","date_gmt":"2021-02-23T12:55:56","guid":{"rendered":"https:\/\/we-building.org\/shop\/"},"modified":"2021-03-23T13:57:32","modified_gmt":"2021-03-23T13:57:32","slug":"shop","status":"publish","type":"page","link":"https:\/\/we-building.org\/de\/shop\/","title":{"rendered":"Shop"},"content":{"rendered":"\t\t<div data-elementor-type=\"wp-page\" data-elementor-id=\"8762\" class=\"elementor elementor-8762\" data-elementor-post-type=\"page\">\n\t\t\t\t\t\t<section data-particle_enable=\"false\" data-particle-mobile-disabled=\"false\" class=\"elementor-section elementor-top-section elementor-element elementor-element-4f69a67 elementor-section-full_width elementor-section-height-default elementor-section-height-default\" data-id=\"4f69a67\" data-element_type=\"section\" data-e-type=\"section\">\n\t\t\t\t\t\t<div class=\"elementor-container elementor-column-gap-extended\">\n\t\t\t\t\t<div class=\"elementor-column elementor-col-25 elementor-top-column elementor-element elementor-element-1b68b5d\" data-id=\"1b68b5d\" data-element_type=\"column\" data-e-type=\"column\">\n\t\t\t<div class=\"elementor-widget-wrap\">\n\t\t\t\t\t\t\t<\/div>\n\t\t<\/div>\n\t\t\t\t<div class=\"elementor-column elementor-col-25 elementor-top-column elementor-element elementor-element-55f7de0\" data-id=\"55f7de0\" data-element_type=\"column\" data-e-type=\"column\">\n\t\t\t<div class=\"elementor-widget-wrap elementor-element-populated\">\n\t\t\t\t\t\t<div class=\"elementor-element elementor-element-fe14d34 elementor-widget elementor-widget-text-editor\" data-id=\"fe14d34\" data-element_type=\"widget\" data-e-type=\"widget\" data-widget_type=\"text-editor.default\">\n\t\t\t\t<div class=\"elementor-widget-container\">\n\t\t\t\t\t\t\t\t\t<h1>Shop<\/h1>\n<p>Im Laufe des Jahres kann man uns auf vielen Berliner M\u00e4rkten wie dem Nowkoelln Flowmarkt oder dem Gutermarkt finden, wo wir \u00fcber unsere Projekte sprechen und handgefertigte Taschen, Rucks\u00e4cke, T-Shirts und verschiedene Souvenirs verkaufen. Die wichtigste Veranstaltung, die wir nie verpassen, ist der Rixdorfer Weihnachtsmarkt, an dem wir seit 2016 teilnehmen. Pr\u00e4sent sind wir meist auch auf dem Nowkoelln Flowmarkt oder dem Gutermarkt. Nat\u00fcrlich nutzen wir das auch, um \u00fcber unsere Projekte zu sprechen.<\/p>\n<\/p>\n<p>Das ganze Jahr \u00fcber k\u00f6nnen Sie uns auf unserem <a href=\"https:\/\/www.etsy.com\/shop\/WEbuildingStore\" target=\"_blank\" rel=\"noopener\">Online-Shop auf Etsy<\/a> besuchen &#8211; unterst\u00fctzen Sie uns durch Ihren Kauf! Sicher finden Sie etwas, das Ihnen gef\u00e4llt!<\/p>\n<p>Alles, was Sie in unserem Shop kaufen, dient als Spende und unterst\u00fctzt die Arbeit unseres Vereins und unserer Projekte. Alle Stoffe und Produkte sind lokal bezogen und mit Liebe von Freiwilligen handgefertigt. Wir danken Ihnen! Wir bedanken uns recht herzlich daf\u00fcr.<\/p>\n\t\t\t\t\t\t\t\t<\/div>\n\t\t\t\t<\/div>\n\t\t\t\t\t<\/div>\n\t\t<\/div>\n\t\t\t\t<div class=\"elementor-column elementor-col-25 elementor-top-column elementor-element elementor-element-08bc168\" data-id=\"08bc168\" data-element_type=\"column\" data-e-type=\"column\">\n\t\t\t<div class=\"elementor-widget-wrap elementor-element-populated\">\n\t\t\t\t\t\t<div class=\"elementor-element elementor-element-aea42e2 elementor-widget elementor-widget-image\" data-id=\"aea42e2\" data-element_type=\"widget\" data-e-type=\"widget\" data-widget_type=\"image.default\">\n\t\t\t\t<div class=\"elementor-widget-container\">\n\t\t\t\t\t\t\t\t\t\t\t\t\t\t\t\t<a href=\"https:\/\/greenbuzzberlin.de\/event\/coming-soon-sustainable-architecture\/\">\n\t\t\t\t\t\t\t<img fetchpriority=\"high\" decoding=\"async\" width=\"768\" height=\"576\" src=\"https:\/\/we-building.org\/wp-content\/uploads\/2021\/02\/Nowkoeln-for-web-768x576.jpg\" class=\"attachment-medium_large size-medium_large wp-image-9185\" alt=\"Nowkoeln fleamarket\" srcset=\"https:\/\/we-building.org\/wp-content\/uploads\/2021\/02\/Nowkoeln-for-web-768x576.jpg 768w, https:\/\/we-building.org\/wp-content\/uploads\/2021\/02\/Nowkoeln-for-web-300x225.jpg 300w, https:\/\/we-building.org\/wp-content\/uploads\/2021\/02\/Nowkoeln-for-web-1024x768.jpg 1024w, https:\/\/we-building.org\/wp-content\/uploads\/2021\/02\/Nowkoeln-for-web.jpg 1176w\" sizes=\"(max-width: 768px) 100vw, 768px\" \/>\t\t\t\t\t\t\t\t<\/a>\n\t\t\t\t\t\t\t\t\t\t\t\t\t\t\t<\/div>\n\t\t\t\t<\/div>\n\t\t\t\t\t<\/div>\n\t\t<\/div>\n\t\t\t\t<div class=\"elementor-column elementor-col-25 elementor-top-column elementor-element elementor-element-032d8cb\" data-id=\"032d8cb\" data-element_type=\"column\" data-e-type=\"column\">\n\t\t\t<div class=\"elementor-widget-wrap\">\n\t\t\t\t\t\t\t<\/div>\n\t\t<\/div>\n\t\t\t\t\t<\/div>\n\t\t<\/section>\n\t\t\t\t<\/div>\n\t\t","protected":false},"excerpt":{"rendered":"<p>Shop Im Laufe des Jahres kann man uns auf vielen Berliner M\u00e4rkten wie dem Nowkoelln Flowmarkt oder dem Gutermarkt finden, wo wir \u00fcber unsere Projekte sprechen und handgefertigte Taschen, Rucks\u00e4cke, T-Shirts und verschiedene Souvenirs verkaufen. Die wichtigste Veranstaltung, die wir nie verpassen, ist der Rixdorfer Weihnachtsmarkt, an dem wir seit 2016 teilnehmen. Pr\u00e4sent sind wir meist auch auf dem Nowkoelln Flowmarkt oder dem Gutermarkt. Nat\u00fcrlich nutzen wir das auch, um \u00fcber unsere Projekte zu sprechen. Das ganze Jahr \u00fcber k\u00f6nnen Sie uns auf unserem Online-Shop auf Etsy besuchen &#8211; unterst\u00fctzen Sie uns durch Ihren Kauf! Sicher finden Sie etwas, das Ihnen gef\u00e4llt! Alles, &hellip;<\/p>\n<p class=\"read-more\"> <a class=\"\" href=\"https:\/\/we-building.org\/de\/shop\/\"> <span class=\"screen-reader-text\">Shop<\/span> &#8230;<\/a><\/p>\n","protected":false},"author":1,"featured_media":0,"parent":0,"menu_order":0,"comment_status":"closed","ping_status":"closed","template":"","meta":{"site-sidebar-layout":"no-sidebar","site-content-layout":"page-builder","ast-global-header-display":"","ast-banner-title-visibility":"","ast-main-header-display":"disabled","ast-hfb-above-header-display":"","ast-hfb-below-header-display":"","ast-hfb-mobile-header-display":"","site-post-title":"disabled","ast-breadcrumbs-content":"disabled","ast-featured-img":"disabled","footer-sml-layout":"disabled","theme-transparent-header-meta":"disabled","adv-header-id-meta":"","stick-header-meta":"","header-above-stick-meta":"","header-main-stick-meta":"","header-below-stick-meta":"","footnotes":"","_links_to":"","_links_to_target":""},"class_list":["post-8762","page","type-page","status-publish","hentry"],"yoast_head":"<!-- This site is optimized with the Yoast SEO plugin v26.9 - https:\/\/yoast.com\/product\/yoast-seo-wordpress\/ -->\n<title>Online shop | WEbuilding<\/title>\n<meta name=\"description\" content=\"Online Shop auf Etsy: Alles, was Sie in unserem Shop kaufen, dient als Spende und unterst\u00fctzt die Arbeit unserer Organisation und unserer Projekte.\" \/>\n<meta name=\"robots\" content=\"index, follow, max-snippet:-1, max-image-preview:large, max-video-preview:-1\" \/>\n<link rel=\"canonical\" href=\"https:\/\/we-building.org\/de\/shop\/\" \/>\n<meta property=\"og:locale\" content=\"de_DE\" \/>\n<meta property=\"og:type\" content=\"article\" \/>\n<meta property=\"og:title\" content=\"Online shop | WEbuilding\" \/>\n<meta property=\"og:description\" content=\"Online Shop auf Etsy: Alles, was Sie in unserem Shop kaufen, dient als Spende und unterst\u00fctzt die Arbeit unserer Organisation und unserer Projekte.\" \/>\n<meta property=\"og:url\" content=\"https:\/\/we-building.org\/de\/shop\/\" \/>\n<meta property=\"og:site_name\" content=\"WEbuilding\" \/>\n<meta property=\"article:modified_time\" content=\"2021-03-23T13:57:32+00:00\" \/>\n<meta property=\"og:image\" content=\"https:\/\/we-building.org\/wp-content\/uploads\/2021\/02\/Nowkoeln-for-web-768x576.jpg\" \/>\n<meta name=\"twitter:card\" content=\"summary_large_image\" \/>\n<meta name=\"twitter:label1\" content=\"Gesch\u00e4tzte Lesezeit\" \/>\n\t<meta name=\"twitter:data1\" content=\"1 Minute\" \/>\n<script type=\"application\/ld+json\" class=\"yoast-schema-graph\">{\"@context\":\"https:\/\/schema.org\",\"@graph\":[{\"@type\":\"WebPage\",\"@id\":\"https:\/\/we-building.org\/de\/shop\/\",\"url\":\"https:\/\/we-building.org\/de\/shop\/\",\"name\":\"Online shop | WEbuilding\",\"isPartOf\":{\"@id\":\"https:\/\/we-building.org\/#website\"},\"primaryImageOfPage\":{\"@id\":\"https:\/\/we-building.org\/de\/shop\/#primaryimage\"},\"image\":{\"@id\":\"https:\/\/we-building.org\/de\/shop\/#primaryimage\"},\"thumbnailUrl\":\"https:\/\/we-building.org\/wp-content\/uploads\/2021\/02\/Nowkoeln-for-web-768x576.jpg\",\"datePublished\":\"2021-02-23T12:55:56+00:00\",\"dateModified\":\"2021-03-23T13:57:32+00:00\",\"description\":\"Online Shop auf Etsy: Alles, was Sie in unserem Shop kaufen, dient als Spende und unterst\u00fctzt die Arbeit unserer Organisation und unserer Projekte.\",\"breadcrumb\":{\"@id\":\"https:\/\/we-building.org\/de\/shop\/#breadcrumb\"},\"inLanguage\":\"de-DE\",\"potentialAction\":[{\"@type\":\"ReadAction\",\"target\":[\"https:\/\/we-building.org\/de\/shop\/\"]}]},{\"@type\":\"ImageObject\",\"inLanguage\":\"de-DE\",\"@id\":\"https:\/\/we-building.org\/de\/shop\/#primaryimage\",\"url\":\"https:\/\/we-building.org\/wp-content\/uploads\/2021\/02\/Nowkoeln-for-web-768x576.jpg\",\"contentUrl\":\"https:\/\/we-building.org\/wp-content\/uploads\/2021\/02\/Nowkoeln-for-web-768x576.jpg\"},{\"@type\":\"BreadcrumbList\",\"@id\":\"https:\/\/we-building.org\/de\/shop\/#breadcrumb\",\"itemListElement\":[{\"@type\":\"ListItem\",\"position\":1,\"name\":\"Home\",\"item\":\"https:\/\/we-building.org\/de\/index\/\"},{\"@type\":\"ListItem\",\"position\":2,\"name\":\"Shop\"}]},{\"@type\":\"WebSite\",\"@id\":\"https:\/\/we-building.org\/#website\",\"url\":\"https:\/\/we-building.org\/\",\"name\":\"WEbuilding\",\"description\":\"Using sustainable architecture to help communities around the world build a better and brighter future.\",\"publisher\":{\"@id\":\"https:\/\/we-building.org\/#organization\"},\"potentialAction\":[{\"@type\":\"SearchAction\",\"target\":{\"@type\":\"EntryPoint\",\"urlTemplate\":\"https:\/\/we-building.org\/?s={search_term_string}\"},\"query-input\":{\"@type\":\"PropertyValueSpecification\",\"valueRequired\":true,\"valueName\":\"search_term_string\"}}],\"inLanguage\":\"de-DE\"},{\"@type\":\"Organization\",\"@id\":\"https:\/\/we-building.org\/#organization\",\"name\":\"WEbuilding\",\"url\":\"https:\/\/we-building.org\/\",\"logo\":{\"@type\":\"ImageObject\",\"inLanguage\":\"de-DE\",\"@id\":\"https:\/\/we-building.org\/#\/schema\/logo\/image\/\",\"url\":\"https:\/\/we-building.org\/wp-content\/uploads\/2020\/02\/cropped-12_Logo-1.png\",\"contentUrl\":\"https:\/\/we-building.org\/wp-content\/uploads\/2020\/02\/cropped-12_Logo-1.png\",\"width\":2288,\"height\":2288,\"caption\":\"WEbuilding\"},\"image\":{\"@id\":\"https:\/\/we-building.org\/#\/schema\/logo\/image\/\"}}]}<\/script>\n<!-- \/ Yoast SEO plugin. -->","yoast_head_json":{"title":"Online shop | WEbuilding","description":"Online Shop auf Etsy: Alles, was Sie in unserem Shop kaufen, dient als Spende und unterst\u00fctzt die Arbeit unserer Organisation und unserer Projekte.","robots":{"index":"index","follow":"follow","max-snippet":"max-snippet:-1","max-image-preview":"max-image-preview:large","max-video-preview":"max-video-preview:-1"},"canonical":"https:\/\/we-building.org\/de\/shop\/","og_locale":"de_DE","og_type":"article","og_title":"Online shop | WEbuilding","og_description":"Online Shop auf Etsy: Alles, was Sie in unserem Shop kaufen, dient als Spende und unterst\u00fctzt die Arbeit unserer Organisation und unserer Projekte.","og_url":"https:\/\/we-building.org\/de\/shop\/","og_site_name":"WEbuilding","article_modified_time":"2021-03-23T13:57:32+00:00","og_image":[{"url":"https:\/\/we-building.org\/wp-content\/uploads\/2021\/02\/Nowkoeln-for-web-768x576.jpg","type":"","width":"","height":""}],"twitter_card":"summary_large_image","twitter_misc":{"Gesch\u00e4tzte Lesezeit":"1 Minute"},"schema":{"@context":"https:\/\/schema.org","@graph":[{"@type":"WebPage","@id":"https:\/\/we-building.org\/de\/shop\/","url":"https:\/\/we-building.org\/de\/shop\/","name":"Online shop | WEbuilding","isPartOf":{"@id":"https:\/\/we-building.org\/#website"},"primaryImageOfPage":{"@id":"https:\/\/we-building.org\/de\/shop\/#primaryimage"},"image":{"@id":"https:\/\/we-building.org\/de\/shop\/#primaryimage"},"thumbnailUrl":"https:\/\/we-building.org\/wp-content\/uploads\/2021\/02\/Nowkoeln-for-web-768x576.jpg","datePublished":"2021-02-23T12:55:56+00:00","dateModified":"2021-03-23T13:57:32+00:00","description":"Online Shop auf Etsy: Alles, was Sie in unserem Shop kaufen, dient als Spende und unterst\u00fctzt die Arbeit unserer Organisation und unserer Projekte.","breadcrumb":{"@id":"https:\/\/we-building.org\/de\/shop\/#breadcrumb"},"inLanguage":"de-DE","potentialAction":[{"@type":"ReadAction","target":["https:\/\/we-building.org\/de\/shop\/"]}]},{"@type":"ImageObject","inLanguage":"de-DE","@id":"https:\/\/we-building.org\/de\/shop\/#primaryimage","url":"https:\/\/we-building.org\/wp-content\/uploads\/2021\/02\/Nowkoeln-for-web-768x576.jpg","contentUrl":"https:\/\/we-building.org\/wp-content\/uploads\/2021\/02\/Nowkoeln-for-web-768x576.jpg"},{"@type":"BreadcrumbList","@id":"https:\/\/we-building.org\/de\/shop\/#breadcrumb","itemListElement":[{"@type":"ListItem","position":1,"name":"Home","item":"https:\/\/we-building.org\/de\/index\/"},{"@type":"ListItem","position":2,"name":"Shop"}]},{"@type":"WebSite","@id":"https:\/\/we-building.org\/#website","url":"https:\/\/we-building.org\/","name":"WEbuilding","description":"Using sustainable architecture to help communities around the world build a better and brighter future.","publisher":{"@id":"https:\/\/we-building.org\/#organization"},"potentialAction":[{"@type":"SearchAction","target":{"@type":"EntryPoint","urlTemplate":"https:\/\/we-building.org\/?s={search_term_string}"},"query-input":{"@type":"PropertyValueSpecification","valueRequired":true,"valueName":"search_term_string"}}],"inLanguage":"de-DE"},{"@type":"Organization","@id":"https:\/\/we-building.org\/#organization","name":"WEbuilding","url":"https:\/\/we-building.org\/","logo":{"@type":"ImageObject","inLanguage":"de-DE","@id":"https:\/\/we-building.org\/#\/schema\/logo\/image\/","url":"https:\/\/we-building.org\/wp-content\/uploads\/2020\/02\/cropped-12_Logo-1.png","contentUrl":"https:\/\/we-building.org\/wp-content\/uploads\/2020\/02\/cropped-12_Logo-1.png","width":2288,"height":2288,"caption":"WEbuilding"},"image":{"@id":"https:\/\/we-building.org\/#\/schema\/logo\/image\/"}}]}},"_links":{"self":[{"href":"https:\/\/we-building.org\/de\/wp-json\/wp\/v2\/pages\/8762","targetHints":{"allow":["GET"]}}],"collection":[{"href":"https:\/\/we-building.org\/de\/wp-json\/wp\/v2\/pages"}],"about":[{"href":"https:\/\/we-building.org\/de\/wp-json\/wp\/v2\/types\/page"}],"author":[{"embeddable":true,"href":"https:\/\/we-building.org\/de\/wp-json\/wp\/v2\/users\/1"}],"replies":[{"embeddable":true,"href":"https:\/\/we-building.org\/de\/wp-json\/wp\/v2\/comments?post=8762"}],"version-history":[{"count":0,"href":"https:\/\/we-building.org\/de\/wp-json\/wp\/v2\/pages\/8762\/revisions"}],"wp:attachment":[{"href":"https:\/\/we-building.org\/de\/wp-json\/wp\/v2\/media?parent=8762"}],"curies":[{"name":"wp","href":"https:\/\/api.w.org\/{rel}","templated":true}]}}