{"id":79,"date":"2020-01-26T22:28:32","date_gmt":"2020-01-26T22:28:32","guid":{"rendered":"http:\/\/localhost\/wordpress\/?page_id=79"},"modified":"2026-03-12T11:46:56","modified_gmt":"2026-03-12T11:46:56","slug":"transparenz","status":"publish","type":"page","link":"https:\/\/we-building.org\/de\/transparenz\/","title":{"rendered":"Transparenz"},"content":{"rendered":"\t\t<div data-elementor-type=\"wp-page\" data-elementor-id=\"79\" class=\"elementor elementor-79\" data-elementor-post-type=\"page\">\n\t\t\t\t\t\t<section data-particle_enable=\"false\" data-particle-mobile-disabled=\"false\" class=\"elementor-section elementor-top-section elementor-element elementor-element-4f69a67 elementor-section-full_width elementor-section-height-default elementor-section-height-default\" data-id=\"4f69a67\" data-element_type=\"section\" data-e-type=\"section\">\n\t\t\t\t\t\t<div class=\"elementor-container elementor-column-gap-extended\">\n\t\t\t\t\t<div class=\"elementor-column elementor-col-16 elementor-top-column elementor-element elementor-element-1b68b5d\" data-id=\"1b68b5d\" data-element_type=\"column\" data-e-type=\"column\">\n\t\t\t<div class=\"elementor-widget-wrap\">\n\t\t\t\t\t\t\t<\/div>\n\t\t<\/div>\n\t\t\t\t<div class=\"elementor-column elementor-col-66 elementor-top-column elementor-element elementor-element-55f7de0\" data-id=\"55f7de0\" data-element_type=\"column\" data-e-type=\"column\">\n\t\t\t<div class=\"elementor-widget-wrap elementor-element-populated\">\n\t\t\t\t\t\t<div class=\"elementor-element elementor-element-fe14d34 elementor-widget elementor-widget-text-editor\" data-id=\"fe14d34\" data-element_type=\"widget\" data-e-type=\"widget\" data-widget_type=\"text-editor.default\">\n\t\t\t\t<div class=\"elementor-widget-container\">\n\t\t\t\t\t\t\t\t\t<h1 style=\"text-align: left;\"><span style=\"color: #37b0ac;\">Transparenz<\/span><\/h1><div><p style=\"text-align: left;\"><span style=\"color: #000000;\">Wir, We-Building e.V. verpflichten uns, die nachstehend aufgef\u00fchrten Informationen der \u00d6ffentlichkeit zur Verf\u00fcgung zu stellen, indem wir sie mit dieser Erkl\u00e4rung leicht auffindbar auf unsere Website stellen oder auf Anfrage elektronisch bzw. postalisch versenden:<\/span><\/p><p style=\"text-align: left;\"><span style=\"color: #000000;\"><strong>1. Name, Sitz, Anschrift und Gr\u00fcndungsjahr unserer Organisation<\/strong><br \/><\/span><span style=\"color: #000000;\">Name: WEbuilding e. V.<\/span><br \/><span style=\"color: #000000;\">Sitz: Pohlstra\u00dfe 28, 10785 Berlin<\/span><br \/><span style=\"color: #000000;\">Gr\u00fcndungsjahr: 2015<\/span><\/p><p style=\"text-align: left;\"><span style=\"color: #000000;\"><strong>2. Satzung<\/strong><\/span><\/p><p style=\"text-align: left;\">Zweck des Vereins ist die F\u00f6rderung der Entwicklungszusammenarbeit durch Planung, Aufbau, Unterst\u00fctzung und Durchf\u00fchrung von f\u00f6rderungsw\u00fcrdigen sozialen Projekten in Entwicklungsl\u00e4ndern im Bereich der Architektur, und die F\u00f6rderung internationaler Gesinnung, der Toleranz auf allen Gebieten der Kultur und des V\u00f6lkerverst\u00e4ndigungsgedankens. Der Verein hilft Menschen, die keine oder nur eine unzureichende Versorgung mit einer Unterkunft besitzen, wie etwa Slum-Bewohner. Die Projekte werden in Abstimmung mit z.B. NGOs vor Ort nach ihrer Umwelt- und Sozialvertr\u00e4glichkeit, der Armuts- und Gemeinschaftsorientierung sowie der Entwicklungsrelevanz des Projekts ausgew\u00e4hlt.<\/p><p style=\"text-align: left;\">Die Unterst\u00fctzung erfolgt insbesondere durch Geld- und Sachspenden sowie durch t\u00e4tige Mithilfe, wie etwa kostenlose Beratung.<\/p><p style=\"text-align: left;\">Der Verein f\u00f6rdert insbesondere Projekte zur Entwicklung des Gemeinwesens, wie etwa durch den Bau von Schulen, Krankenh\u00e4usern, Bibliotheken, Begegnungsst\u00e4tten oder Waisenh\u00e4usern dienen sowie Projekte, die nachhaltigen und lebensverbessernden Infrastrukturma\u00dfnahmen und der Verbesserung der Lebensverh\u00e4ltnisse der Menschen dienen, wie den Bau oder die Verbesserung einer Wasserversorgung (d\u00f6rfliche Wasserpumpen) , Bau einer Klein-Biogasanlage (f\u00fcr Heizung und zum Kochen), Anbringung von Sonnenkollektoren (f\u00fcr die Erzeugung von warmem Wasser).<\/p><p style=\"text-align: left;\">Der Verein hat sich zum Ziel gesetzt, die Aufmerksamkeit von Kindern und Eltern auf die Schwierigkeiten zu lenken, mit denen verschiedene Gesellschaften rund um den Globus konfrontiert sind \u2013 mit einem Fokus auf die Gemeinsamkeiten und weniger auf die Unterschiede. Um dies zu realisieren, planen wir, Workshops und Vortr\u00e4ge\/Lesungen zu organisieren und unsere fertiggestellten Projekte als Beispiele zu nutzen, wie einige der Probleme gel\u00f6st werden k\u00f6nnen und als eine Br\u00fccke zwischen verschiedenen Leuten, die wir getroffen haben bzw. mit denen wir kooperieren \u2013 z. B. Schulkinder aus verschiedenen L\u00e4ndern, lokalen Organisationen, etc.<\/p><p style=\"text-align: left;\"><span style=\"color: #000000;\">Unsere aktuelle Satzung kann hier heruntergeladen werden: <a href=\"https:\/\/we-building.org\/satzung\/\"><span style=\"color: #37b0ac;\">Satzung 2023<\/span><\/a><\/span><\/p><p style=\"text-align: left;\"><strong><span style=\"color: #000000;\">3. Datum des j\u00fcngsten Bescheides vom Finanzamt \u00fcber die Anerkennung als steuerbeg\u00fcnstigte K\u00f6rperschaft<\/span><\/strong><br \/><span style=\"color: #000000;\">Der j\u00fcngste Best\u00e4tigung des Finanzamtes kann hier heruntergeladen werden: <\/span><a href=\"https:\/\/we-building.org\/wp-content\/uploads\/2023\/12\/2020-2022-Freistellungsbescheid.pdf\" target=\"_blank\" rel=\"noopener\">Freistellungsbescheid 2022<\/a><\/p><p style=\"text-align: left;\"><span style=\"color: #000000;\"><strong>4. Name und Funktion der wesentlichen Entscheidungstr\u00e4ger<\/strong><br \/><\/span><span style=\"color: #000000;\">Personen die satzungs- bzw. gesellschaftsvertragsgem\u00e4\u00dfe Entscheidungen f\u00e4llen k\u00f6nnen:<\/span><br \/><span style=\"color: #000000;\">Laura G\u00f3mez Agudelo (1. Vorsitzender)<\/span><br \/><span style=\"color: #000000;\">Ivan Rali\u0161 (2. Vorsitzender)<\/span><\/p><p style=\"text-align: left;\"><span style=\"color: #000000;\"><strong>5. Bericht \u00fcber die T\u00e4tigkeiten unserer Organisation<\/strong><br \/><\/span><span style=\"color: #000000;\">Unser T\u00e4tigkeitsbericht f\u00fcr 2025 kann hier heruntergeladen werden: <a href=\"https:\/\/we-building.org\/wp-content\/uploads\/2026\/02\/Jahresbericht-2025.pdf\">Jahresbericht 2025<\/a><\/span><\/p><p style=\"text-align: left;\"><span style=\"color: #000000;\"><strong>6. Personalstruktur<\/strong><br \/><\/span><span style=\"color: #000000;\"><u>Mitarbeiter \u2013 Freiwillige<\/u><\/span><\/p><p style=\"text-align: left;\"><span style=\"color: #000000;\">Laura G\u00f3mez Agudelo, Masafumi Oshiro, Ivan Rali\u0161\u00a0<\/span><\/p><p style=\"text-align: left;\"><span style=\"color: #000000;\"><u>Mitarbeiter<\/u><\/span><\/p><p style=\"text-align: left;\"><span style=\"color: #000000;\">Hannah Albrecht, Delphina Wedell, Annja Weinberger, Florian Schlummer<\/span><\/p><p style=\"text-align: left;\"><span style=\"color: #000000;\"><u>Freiwillige<\/u><\/span><\/p><p style=\"text-align: left;\"><span style=\"color: #000000;\">Denise Mendoza Mamani, Santiago Quispe Mullisaca<\/span>, Alexander Trofimov, Iuliia Shestakova, Elisabetta Scarafone, Javier Mola, Domagoj Ciglar, Sini\u0161a Bodro\u017ei\u0107, Gaui Emilsson, Juliet Barbieri<\/p><p style=\"text-align: left;\"><strong><span style=\"color: #000000;\">7, 8. Mittelherkunft und\u00a0Mittelverwendung<br \/><\/span><\/strong><span style=\"color: #000000;\">Einnahmen und Ausgaben kann hier heruntergeladen werden: <a href=\"https:\/\/we-building.org\/wp-content\/uploads\/2026\/02\/Jahresabrechnung-2025-WEbuilding-e.V.pdf\">Jahresabrechnung 2025<\/a><\/span><\/p><p style=\"text-align: left;\"><span style=\"color: #000000;\"><strong>9. Gesellschaftsrechtliche Verbundenheit mit Dritten<\/strong><br \/><\/span><span style=\"color: #000000;\">Keine<\/span><\/p><p style=\"text-align: left;\"><strong><span style=\"color: #000000;\">10. Namen von Personen, deren j\u00e4hrliche Zuwendung mehr als 10% unserer gesamten Jahreseinnahmen ausmachen<\/span><\/strong><\/p><p style=\"text-align: left;\">Keine<\/p><\/div>\t\t\t\t\t\t\t\t<\/div>\n\t\t\t\t<\/div>\n\t\t\t\t\t<\/div>\n\t\t<\/div>\n\t\t\t\t<div class=\"elementor-column elementor-col-16 elementor-top-column elementor-element elementor-element-08bc168\" data-id=\"08bc168\" data-element_type=\"column\" data-e-type=\"column\">\n\t\t\t<div class=\"elementor-widget-wrap\">\n\t\t\t\t\t\t\t<\/div>\n\t\t<\/div>\n\t\t\t\t\t<\/div>\n\t\t<\/section>\n\t\t\t\t<section data-particle_enable=\"false\" data-particle-mobile-disabled=\"false\" class=\"elementor-section elementor-top-section elementor-element elementor-element-a51ebb2 elementor-section-full_width elementor-section-content-top elementor-section-height-default elementor-section-height-default\" data-id=\"a51ebb2\" data-element_type=\"section\" data-e-type=\"section\">\n\t\t\t\t\t\t<div class=\"elementor-container elementor-column-gap-default\">\n\t\t\t\t\t<div class=\"elementor-column elementor-col-33 elementor-top-column elementor-element elementor-element-6eb1522\" data-id=\"6eb1522\" data-element_type=\"column\" data-e-type=\"column\">\n\t\t\t<div class=\"elementor-widget-wrap\">\n\t\t\t\t\t\t\t<\/div>\n\t\t<\/div>\n\t\t\t\t<div class=\"elementor-column elementor-col-33 elementor-top-column elementor-element elementor-element-49fbdb0\" data-id=\"49fbdb0\" data-element_type=\"column\" data-e-type=\"column\">\n\t\t\t<div class=\"elementor-widget-wrap elementor-element-populated\">\n\t\t\t\t\t\t<div class=\"elementor-element elementor-element-f29aeea elementor-widget elementor-widget-image\" data-id=\"f29aeea\" data-element_type=\"widget\" data-e-type=\"widget\" data-widget_type=\"image.default\">\n\t\t\t\t<div class=\"elementor-widget-container\">\n\t\t\t\t\t\t\t\t\t\t\t\t\t\t\t\t<a href=\"https:\/\/www.transparency.de\/\" target=\"_blank\">\n\t\t\t\t\t\t\t<img fetchpriority=\"high\" decoding=\"async\" width=\"1024\" height=\"682\" src=\"https:\/\/we-building.org\/wp-content\/uploads\/2020\/02\/Transparente_Zivilgesellschaft-1024x682.jpg\" class=\"attachment-large size-large wp-image-203\" alt=\"Tranparente logo\" srcset=\"https:\/\/we-building.org\/wp-content\/uploads\/2020\/02\/Transparente_Zivilgesellschaft-1024x682.jpg 1024w, https:\/\/we-building.org\/wp-content\/uploads\/2020\/02\/Transparente_Zivilgesellschaft-300x200.jpg 300w, https:\/\/we-building.org\/wp-content\/uploads\/2020\/02\/Transparente_Zivilgesellschaft-768x512.jpg 768w, https:\/\/we-building.org\/wp-content\/uploads\/2020\/02\/Transparente_Zivilgesellschaft-1536x1024.jpg 1536w, https:\/\/we-building.org\/wp-content\/uploads\/2020\/02\/Transparente_Zivilgesellschaft.jpg 1772w\" sizes=\"(max-width: 1024px) 100vw, 1024px\" \/>\t\t\t\t\t\t\t\t<\/a>\n\t\t\t\t\t\t\t\t\t\t\t\t\t\t\t<\/div>\n\t\t\t\t<\/div>\n\t\t\t\t\t<\/div>\n\t\t<\/div>\n\t\t\t\t<div class=\"elementor-column elementor-col-33 elementor-top-column elementor-element elementor-element-efb8419\" data-id=\"efb8419\" data-element_type=\"column\" data-e-type=\"column\">\n\t\t\t<div class=\"elementor-widget-wrap\">\n\t\t\t\t\t\t\t<\/div>\n\t\t<\/div>\n\t\t\t\t\t<\/div>\n\t\t<\/section>\n\t\t\t\t<\/div>\n\t\t","protected":false},"excerpt":{"rendered":"<p>Transparenz Wir, We-Building e.V. verpflichten uns, die nachstehend aufgef\u00fchrten Informationen der \u00d6ffentlichkeit zur Verf\u00fcgung zu stellen, indem wir sie mit dieser Erkl\u00e4rung leicht auffindbar auf unsere Website stellen oder auf Anfrage elektronisch bzw. postalisch versenden: 1. Name, Sitz, Anschrift und Gr\u00fcndungsjahr unserer OrganisationName: WEbuilding e. V.Sitz: Pohlstra\u00dfe 28, 10785 BerlinGr\u00fcndungsjahr: 2015 2. Satzung Zweck des Vereins ist die F\u00f6rderung der Entwicklungszusammenarbeit durch Planung, Aufbau, Unterst\u00fctzung und Durchf\u00fchrung von f\u00f6rderungsw\u00fcrdigen sozialen Projekten in Entwicklungsl\u00e4ndern im Bereich der Architektur, und die F\u00f6rderung internationaler Gesinnung, der Toleranz auf allen Gebieten der Kultur und des V\u00f6lkerverst\u00e4ndigungsgedankens. Der Verein hilft Menschen, die keine oder nur eine unzureichende Versorgung &hellip;<\/p>\n<p class=\"read-more\"> <a class=\"\" href=\"https:\/\/we-building.org\/de\/transparenz\/\"> <span class=\"screen-reader-text\">Transparenz<\/span> &#8230;<\/a><\/p>\n","protected":false},"author":1,"featured_media":0,"parent":0,"menu_order":0,"comment_status":"closed","ping_status":"closed","template":"","meta":{"site-sidebar-layout":"no-sidebar","site-content-layout":"page-builder","ast-global-header-display":"","ast-banner-title-visibility":"","ast-main-header-display":"disabled","ast-hfb-above-header-display":"","ast-hfb-below-header-display":"","ast-hfb-mobile-header-display":"","site-post-title":"disabled","ast-breadcrumbs-content":"disabled","ast-featured-img":"disabled","footer-sml-layout":"disabled","theme-transparent-header-meta":"default","adv-header-id-meta":"","stick-header-meta":"","header-above-stick-meta":"","header-main-stick-meta":"","header-below-stick-meta":"","footnotes":"","_links_to":"","_links_to_target":""},"class_list":["post-79","page","type-page","status-publish","hentry"],"yoast_head":"<!-- This site is optimized with the Yoast SEO plugin v26.9 - https:\/\/yoast.com\/product\/yoast-seo-wordpress\/ -->\n<title>Transparenz | WEbuilding<\/title>\n<meta name=\"robots\" content=\"index, follow, max-snippet:-1, max-image-preview:large, max-video-preview:-1\" \/>\n<link rel=\"canonical\" href=\"https:\/\/we-building.org\/transparenz\/\" \/>\n<meta property=\"og:locale\" content=\"de_DE\" \/>\n<meta property=\"og:type\" content=\"article\" \/>\n<meta property=\"og:title\" content=\"Transparenz | WEbuilding\" \/>\n<meta property=\"og:description\" content=\"Transparenz Wir, We-Building e.V. verpflichten uns, die nachstehend aufgef\u00fchrten Informationen der \u00d6ffentlichkeit zur Verf\u00fcgung zu stellen, indem wir sie mit dieser Erkl\u00e4rung leicht auffindbar auf unsere Website stellen oder auf Anfrage elektronisch bzw. postalisch versenden: 1. Name, Sitz, Anschrift und Gr\u00fcndungsjahr unserer OrganisationName: WEbuilding e. V.Sitz: Pohlstra\u00dfe 28, 10785 BerlinGr\u00fcndungsjahr: 2015 2. Satzung Zweck des Vereins ist die F\u00f6rderung der Entwicklungszusammenarbeit durch Planung, Aufbau, Unterst\u00fctzung und Durchf\u00fchrung von f\u00f6rderungsw\u00fcrdigen sozialen Projekten in Entwicklungsl\u00e4ndern im Bereich der Architektur, und die F\u00f6rderung internationaler Gesinnung, der Toleranz auf allen Gebieten der Kultur und des V\u00f6lkerverst\u00e4ndigungsgedankens. Der Verein hilft Menschen, die keine oder nur eine unzureichende Versorgung &hellip; Transparenz ...\" \/>\n<meta property=\"og:url\" content=\"https:\/\/we-building.org\/transparenz\/\" \/>\n<meta property=\"og:site_name\" content=\"WEbuilding\" \/>\n<meta property=\"article:modified_time\" content=\"2026-03-12T11:46:56+00:00\" \/>\n<meta property=\"og:image\" content=\"https:\/\/we-building.org\/wp-content\/uploads\/2020\/02\/Transparente_Zivilgesellschaft.jpg\" \/>\n\t<meta property=\"og:image:width\" content=\"1772\" \/>\n\t<meta property=\"og:image:height\" content=\"1181\" \/>\n\t<meta property=\"og:image:type\" content=\"image\/jpeg\" \/>\n<meta name=\"twitter:card\" content=\"summary_large_image\" \/>\n<meta name=\"twitter:label1\" content=\"Gesch\u00e4tzte Lesezeit\" \/>\n\t<meta name=\"twitter:data1\" content=\"3 Minuten\" \/>\n<script type=\"application\/ld+json\" class=\"yoast-schema-graph\">{\"@context\":\"https:\/\/schema.org\",\"@graph\":[{\"@type\":\"WebPage\",\"@id\":\"https:\/\/we-building.org\/transparenz\/\",\"url\":\"https:\/\/we-building.org\/transparenz\/\",\"name\":\"Transparenz | WEbuilding\",\"isPartOf\":{\"@id\":\"https:\/\/we-building.org\/#website\"},\"primaryImageOfPage\":{\"@id\":\"https:\/\/we-building.org\/transparenz\/#primaryimage\"},\"image\":{\"@id\":\"https:\/\/we-building.org\/transparenz\/#primaryimage\"},\"thumbnailUrl\":\"https:\/\/we-building.org\/wp-content\/uploads\/2020\/02\/Transparente_Zivilgesellschaft-1024x682.jpg\",\"datePublished\":\"2020-01-26T22:28:32+00:00\",\"dateModified\":\"2026-03-12T11:46:56+00:00\",\"breadcrumb\":{\"@id\":\"https:\/\/we-building.org\/transparenz\/#breadcrumb\"},\"inLanguage\":\"de-DE\",\"potentialAction\":[{\"@type\":\"ReadAction\",\"target\":[\"https:\/\/we-building.org\/transparenz\/\"]}]},{\"@type\":\"ImageObject\",\"inLanguage\":\"de-DE\",\"@id\":\"https:\/\/we-building.org\/transparenz\/#primaryimage\",\"url\":\"https:\/\/we-building.org\/wp-content\/uploads\/2020\/02\/Transparente_Zivilgesellschaft-1024x682.jpg\",\"contentUrl\":\"https:\/\/we-building.org\/wp-content\/uploads\/2020\/02\/Transparente_Zivilgesellschaft-1024x682.jpg\"},{\"@type\":\"BreadcrumbList\",\"@id\":\"https:\/\/we-building.org\/transparenz\/#breadcrumb\",\"itemListElement\":[{\"@type\":\"ListItem\",\"position\":1,\"name\":\"Home\",\"item\":\"https:\/\/we-building.org\/de\/index\/\"},{\"@type\":\"ListItem\",\"position\":2,\"name\":\"Transparenz\"}]},{\"@type\":\"WebSite\",\"@id\":\"https:\/\/we-building.org\/#website\",\"url\":\"https:\/\/we-building.org\/\",\"name\":\"WEbuilding\",\"description\":\"Using sustainable architecture to help communities around the world build a better and brighter future.\",\"publisher\":{\"@id\":\"https:\/\/we-building.org\/#organization\"},\"potentialAction\":[{\"@type\":\"SearchAction\",\"target\":{\"@type\":\"EntryPoint\",\"urlTemplate\":\"https:\/\/we-building.org\/?s={search_term_string}\"},\"query-input\":{\"@type\":\"PropertyValueSpecification\",\"valueRequired\":true,\"valueName\":\"search_term_string\"}}],\"inLanguage\":\"de-DE\"},{\"@type\":\"Organization\",\"@id\":\"https:\/\/we-building.org\/#organization\",\"name\":\"WEbuilding\",\"url\":\"https:\/\/we-building.org\/\",\"logo\":{\"@type\":\"ImageObject\",\"inLanguage\":\"de-DE\",\"@id\":\"https:\/\/we-building.org\/#\/schema\/logo\/image\/\",\"url\":\"https:\/\/we-building.org\/wp-content\/uploads\/2020\/02\/cropped-12_Logo-1.png\",\"contentUrl\":\"https:\/\/we-building.org\/wp-content\/uploads\/2020\/02\/cropped-12_Logo-1.png\",\"width\":2288,\"height\":2288,\"caption\":\"WEbuilding\"},\"image\":{\"@id\":\"https:\/\/we-building.org\/#\/schema\/logo\/image\/\"}}]}<\/script>\n<!-- \/ Yoast SEO plugin. -->","yoast_head_json":{"title":"Transparenz | WEbuilding","robots":{"index":"index","follow":"follow","max-snippet":"max-snippet:-1","max-image-preview":"max-image-preview:large","max-video-preview":"max-video-preview:-1"},"canonical":"https:\/\/we-building.org\/transparenz\/","og_locale":"de_DE","og_type":"article","og_title":"Transparenz | WEbuilding","og_description":"Transparenz Wir, We-Building e.V. verpflichten uns, die nachstehend aufgef\u00fchrten Informationen der \u00d6ffentlichkeit zur Verf\u00fcgung zu stellen, indem wir sie mit dieser Erkl\u00e4rung leicht auffindbar auf unsere Website stellen oder auf Anfrage elektronisch bzw. postalisch versenden: 1. Name, Sitz, Anschrift und Gr\u00fcndungsjahr unserer OrganisationName: WEbuilding e. V.Sitz: Pohlstra\u00dfe 28, 10785 BerlinGr\u00fcndungsjahr: 2015 2. Satzung Zweck des Vereins ist die F\u00f6rderung der Entwicklungszusammenarbeit durch Planung, Aufbau, Unterst\u00fctzung und Durchf\u00fchrung von f\u00f6rderungsw\u00fcrdigen sozialen Projekten in Entwicklungsl\u00e4ndern im Bereich der Architektur, und die F\u00f6rderung internationaler Gesinnung, der Toleranz auf allen Gebieten der Kultur und des V\u00f6lkerverst\u00e4ndigungsgedankens. Der Verein hilft Menschen, die keine oder nur eine unzureichende Versorgung &hellip; Transparenz ...","og_url":"https:\/\/we-building.org\/transparenz\/","og_site_name":"WEbuilding","article_modified_time":"2026-03-12T11:46:56+00:00","og_image":[{"width":1772,"height":1181,"url":"https:\/\/we-building.org\/wp-content\/uploads\/2020\/02\/Transparente_Zivilgesellschaft.jpg","type":"image\/jpeg"}],"twitter_card":"summary_large_image","twitter_misc":{"Gesch\u00e4tzte Lesezeit":"3 Minuten"},"schema":{"@context":"https:\/\/schema.org","@graph":[{"@type":"WebPage","@id":"https:\/\/we-building.org\/transparenz\/","url":"https:\/\/we-building.org\/transparenz\/","name":"Transparenz | WEbuilding","isPartOf":{"@id":"https:\/\/we-building.org\/#website"},"primaryImageOfPage":{"@id":"https:\/\/we-building.org\/transparenz\/#primaryimage"},"image":{"@id":"https:\/\/we-building.org\/transparenz\/#primaryimage"},"thumbnailUrl":"https:\/\/we-building.org\/wp-content\/uploads\/2020\/02\/Transparente_Zivilgesellschaft-1024x682.jpg","datePublished":"2020-01-26T22:28:32+00:00","dateModified":"2026-03-12T11:46:56+00:00","breadcrumb":{"@id":"https:\/\/we-building.org\/transparenz\/#breadcrumb"},"inLanguage":"de-DE","potentialAction":[{"@type":"ReadAction","target":["https:\/\/we-building.org\/transparenz\/"]}]},{"@type":"ImageObject","inLanguage":"de-DE","@id":"https:\/\/we-building.org\/transparenz\/#primaryimage","url":"https:\/\/we-building.org\/wp-content\/uploads\/2020\/02\/Transparente_Zivilgesellschaft-1024x682.jpg","contentUrl":"https:\/\/we-building.org\/wp-content\/uploads\/2020\/02\/Transparente_Zivilgesellschaft-1024x682.jpg"},{"@type":"BreadcrumbList","@id":"https:\/\/we-building.org\/transparenz\/#breadcrumb","itemListElement":[{"@type":"ListItem","position":1,"name":"Home","item":"https:\/\/we-building.org\/de\/index\/"},{"@type":"ListItem","position":2,"name":"Transparenz"}]},{"@type":"WebSite","@id":"https:\/\/we-building.org\/#website","url":"https:\/\/we-building.org\/","name":"WEbuilding","description":"Using sustainable architecture to help communities around the world build a better and brighter future.","publisher":{"@id":"https:\/\/we-building.org\/#organization"},"potentialAction":[{"@type":"SearchAction","target":{"@type":"EntryPoint","urlTemplate":"https:\/\/we-building.org\/?s={search_term_string}"},"query-input":{"@type":"PropertyValueSpecification","valueRequired":true,"valueName":"search_term_string"}}],"inLanguage":"de-DE"},{"@type":"Organization","@id":"https:\/\/we-building.org\/#organization","name":"WEbuilding","url":"https:\/\/we-building.org\/","logo":{"@type":"ImageObject","inLanguage":"de-DE","@id":"https:\/\/we-building.org\/#\/schema\/logo\/image\/","url":"https:\/\/we-building.org\/wp-content\/uploads\/2020\/02\/cropped-12_Logo-1.png","contentUrl":"https:\/\/we-building.org\/wp-content\/uploads\/2020\/02\/cropped-12_Logo-1.png","width":2288,"height":2288,"caption":"WEbuilding"},"image":{"@id":"https:\/\/we-building.org\/#\/schema\/logo\/image\/"}}]}},"_links":{"self":[{"href":"https:\/\/we-building.org\/de\/wp-json\/wp\/v2\/pages\/79","targetHints":{"allow":["GET"]}}],"collection":[{"href":"https:\/\/we-building.org\/de\/wp-json\/wp\/v2\/pages"}],"about":[{"href":"https:\/\/we-building.org\/de\/wp-json\/wp\/v2\/types\/page"}],"author":[{"embeddable":true,"href":"https:\/\/we-building.org\/de\/wp-json\/wp\/v2\/users\/1"}],"replies":[{"embeddable":true,"href":"https:\/\/we-building.org\/de\/wp-json\/wp\/v2\/comments?post=79"}],"version-history":[{"count":6,"href":"https:\/\/we-building.org\/de\/wp-json\/wp\/v2\/pages\/79\/revisions"}],"predecessor-version":[{"id":15642,"href":"https:\/\/we-building.org\/de\/wp-json\/wp\/v2\/pages\/79\/revisions\/15642"}],"wp:attachment":[{"href":"https:\/\/we-building.org\/de\/wp-json\/wp\/v2\/media?parent=79"}],"curies":[{"name":"wp","href":"https:\/\/api.w.org\/{rel}","templated":true}]}}