{"id":75,"date":"2020-01-26T22:22:05","date_gmt":"2020-01-26T22:22:05","guid":{"rendered":"http:\/\/localhost\/wordpress\/?page_id=75"},"modified":"2023-07-19T12:00:47","modified_gmt":"2023-07-19T12:00:47","slug":"satzung","status":"publish","type":"page","link":"https:\/\/we-building.org\/de\/satzung\/","title":{"rendered":"satzung"},"content":{"rendered":"\t\t<div data-elementor-type=\"wp-page\" data-elementor-id=\"75\" class=\"elementor elementor-75\" data-elementor-post-type=\"page\">\n\t\t\t\t\t\t<section data-particle_enable=\"false\" data-particle-mobile-disabled=\"false\" class=\"elementor-section elementor-top-section elementor-element elementor-element-4f69a67 elementor-section-full_width elementor-section-height-default elementor-section-height-default\" data-id=\"4f69a67\" data-element_type=\"section\" data-e-type=\"section\">\n\t\t\t\t\t\t<div class=\"elementor-container elementor-column-gap-extended\">\n\t\t\t\t\t<div class=\"elementor-column elementor-col-16 elementor-top-column elementor-element elementor-element-1b68b5d\" data-id=\"1b68b5d\" data-element_type=\"column\" data-e-type=\"column\">\n\t\t\t<div class=\"elementor-widget-wrap\">\n\t\t\t\t\t\t\t<\/div>\n\t\t<\/div>\n\t\t\t\t<div class=\"elementor-column elementor-col-66 elementor-top-column elementor-element elementor-element-55f7de0\" data-id=\"55f7de0\" data-element_type=\"column\" data-e-type=\"column\">\n\t\t\t<div class=\"elementor-widget-wrap elementor-element-populated\">\n\t\t\t\t\t\t<div class=\"elementor-element elementor-element-fe14d34 elementor-widget elementor-widget-text-editor\" data-id=\"fe14d34\" data-element_type=\"widget\" data-e-type=\"widget\" data-widget_type=\"text-editor.default\">\n\t\t\t\t<div class=\"elementor-widget-container\">\n\t\t\t\t\t\t\t\t\t<h1>Satzung<\/h1><p>SATZUNG DES WE-BUILDING E.V.<\/p><p>(in der Fassung vom 09.05.2023)<\/p><p>\u00a0<\/p><ul><li><strong> 1 Name und Sitz<\/strong><\/li><\/ul><ol><li>Der Verein f\u00fchrt den Namen &#8222;WE-BUILDING\u201c. Er soll in das Vereinsregister eingetragen werden und tr\u00e4gt dann den Zusatz \u201ee.V.\u201c.<\/li><li>Sitz des Vereins ist Berlin.<\/li><\/ol><ul><li><strong> 2 Zweck<\/strong><\/li><\/ul><ol><li>Zweck des Vereins ist die F\u00f6rderung der Entwicklungszusammenarbeit durch Planung, Aufbau, Unterst\u00fctzung und Durchf\u00fchrung von f\u00f6rderungsw\u00fcrdigen sozialen Projekten in Entwicklungsl\u00e4ndern im Bereich der Architektur, und die F\u00f6rderung internationaler Gesinnung, der Toleranz auf allen Gebieten der Kultur und des V\u00f6lkerverst\u00e4ndigungsgedankens. Der Verein hilft Menschen, die keine oder nur eine unzureichende Versorgung mit einer Unterkunft besitzen, wie etwa Slum-Bewohner. Die Projekte werden in Abstimmung mit z.B. NGOs vor Ort nach ihrer Umwelt- und Sozialvertr\u00e4glichkeit, der Armuts- und Gemeinschaftsorientierung sowie der Entwicklungsrelevanz des Projekts ausgew\u00e4hlt.<\/li><li>Die Unterst\u00fctzung erfolgt insbesondere durch Geld- und Sachspenden sowie durch t\u00e4tige Mithilfe, wie etwa kostenlose Beratung.<\/li><li>Der Verein f\u00f6rdert insbesondere Projekte zur Entwicklung des Gemeinwesens, wie etwa durch den Bau von Schulen, Krankenh\u00e4usern, Bibliotheken, Begegnungsst\u00e4tten oder Waisenh\u00e4usern dienen sowie Projekte, die nachhaltigen und lebensverbessernden Infrastrukturma\u00dfnahmen und der Verbesserung der Lebensverh\u00e4ltnisse der Menschen dienen, wie den Bau oder die Verbesserung einer Wasserversorgung (d\u00f6rfliche Wasserpumpen) , Bau einer Klein-Biogasanlage (f\u00fcr Heizung und zum Kochen), Anbringung von Sonnenkollektoren (f\u00fcr die Erzeugung von warmem Wasser).<\/li><li>Der Verein hat sich zum Ziel gesetzt, die Aufmerksamkeit von Kindern und Eltern auf die Schwierigkeiten zu lenken, mit denen verschiedene Gesellschaften rund um den Globus konfrontiert sind \u2013 mit einem Fokus auf die Gemeinsamkeiten und weniger auf die Unterschiede. Um dies zu realisieren, planen wir, Workshops und Vortr\u00e4ge\/Lesungen zu organisieren und unsere fertiggestellten Projekte als Beispiele zu nutzen, wie einige der Probleme gel\u00f6st werden k\u00f6nnen und als eine Br\u00fccke zwischen verschiedenen Leuten, die wir getroffen haben bzw. mit denen wir kooperieren \u2013 z. B. Schulkinder aus verschiedenen L\u00e4ndern, lokalen Organisationen, etc.<\/li><\/ol><p>\u00a0<\/p><ul><li><strong> 3 Gemeinn\u00fctzigkeit<\/strong><\/li><\/ul><ol><li>Der Verein verfolgt ausschlie\u00dflich und unmittelbar gemeinn\u00fctzige und mildt\u00e4tige Zwecke im Sinne des Abschnittes &#8222;steuerbeg\u00fcnstigte Zwecke&#8220; der Abgabenordnung.<\/li><li>Mittel des Vereins d\u00fcrfen nur f\u00fcr die satzungsm\u00e4\u00dfigen Zwecke verwendet werden. Die Mitglieder erhalten keine Gewinnanteile und in ihrer Eigenschaft als Mitglieder auch keine sonstigen Zuwendungen aus Mitteln des Vereins. Sie erhalten bei ihrem Ausscheiden oder bei Aufl\u00f6sung des Vereins keinerlei Entsch\u00e4digung.<\/li><li>Es darf keine Person durch Ausgaben, die dem gesetzten Zweck des Vereins fremd sind oder durch unverh\u00e4ltnism\u00e4\u00dfig hohe Verg\u00fctungen beg\u00fcnstigt werden.<\/li><li>Der Verein ist selbstlos t\u00e4tig; er verfolgt nicht in erster Linie eigenwirtschaftliche Zwecke.<\/li><li>Der Vorstand ist grunds\u00e4tzlich ehrenamtlich t\u00e4tig. Die Mitgliederversammlung kann jedoch unter Ber\u00fccksichtigung der wirtschaftlichen Verh\u00e4ltnisse und der Haushaltslage eine T\u00e4tigkeitsverg\u00fctung f\u00fcr die Mitglieder des Vorstandes beschlie\u00dfen oder, dass diese auf Grundlage eines Dienstverh\u00e4ltnisses t\u00e4tig sein k\u00f6nnen. Die jeweils vereinbarte Verg\u00fctung der Vorstandsmitglieder darf nicht unangemessen hoch im Verh\u00e4ltnis zur T\u00e4tigkeit und den mit der T\u00e4tigkeit verbundenen zeitlichen Aufwand ausfallen. Zust\u00e4ndig f\u00fcr die Inhalte des Vertrags ist die Mitgliederversammlung. Die Mitgliederversammlung kann ein Mitglied des Gesamtvorstandes erm\u00e4chtigen, den Vertrag mit dem betreffenden Vorstandsmitglied abzuschlie\u00dfen.<\/li><\/ol><p>Zur Erledigung der Gesch\u00e4ftsf\u00fchrungsaufgaben und zur F\u00fchrung der Gesch\u00e4ftsstelle ist der Vorstand erm\u00e4chtigt, im Rahmen der haushaltsrechtlichen T\u00e4tigkeiten, hauptamtlich Besch\u00e4ftigte f\u00fcr die Verwaltung anzustellen. Die arbeitsrechtliche Direktionsbefugnis hat der Vorstand.<\/p><p>Der Vorstand kann bei Bedarf und unter Ber\u00fccksichtigung der wirtschaftlichen Verh\u00e4ltnisse und der Haushaltslage Auftr\u00e4ge \u00fcber T\u00e4tigkeiten f\u00fcr den Verein gegen eine angemessene Verg\u00fctung oder Honorierung an Dritte vergeben.<\/p><p>Im \u00dcbrigen haben die Mitglieder und Mitarbeiter des Vereins einen Aufwendungsersatzanspruch nach \u00a7 670 BGB f\u00fcr solche Aufwendungen, die ihnen durch die T\u00e4tigkeit f\u00fcr den Verein entstanden sind. Hierzu geh\u00f6ren insbesondere Fahrtkosten, Reisekosten, Porto, Telefon und Kopier- und Druckkosten.\u00a0 Die Mitglieder und Mitarbeiter haben das Gebot der Sparsamkeit zu beachten. Der Vorstand kann durch Beschluss im Rahmen der steuerrechtlichen M\u00f6glichkeiten Aufwandspauschalen festsetzen.<\/p><p>\u00a0<\/p><ul><li><strong> 4 Mittel<\/strong><\/li><\/ul><p>Die Mittel zur Erf\u00fcllung seiner Aufgaben erh\u00e4lt der Verein durch<\/p><ol><li>a) Mitgliedsbeitr\u00e4ge<\/li><li>b) Geld- und Sachspenden<\/li><li>c) \u00f6ffentliche Zusch\u00fcsse und\/oder Zuwendungen.<\/li><\/ol><p>\u00a0<\/p><ul><li><strong> 5 Gesch\u00e4ftsjahr <\/strong><\/li><\/ul><p>Das Gesch\u00e4ftsjahr ist das Kalenderjahr.<\/p><p><strong>\u00a0<\/strong><\/p><ul><li><strong> 6 Mitgliedschaft<\/strong><\/li><\/ul><ol><li>Alle Vereinsmitglieder sind zur Teilnahme und zur Abstimmung bei der Mitgliederversammlung berechtigt.<\/li><li>Mitglieder des Vereins sind<\/li><li>a) ordentliche Mitglieder<\/li><li>b) F\u00f6rdermitglieder.<\/li><\/ol><p>Mitglieder k\u00f6nnen nat\u00fcrliche und juristische Personen sein, die die Zwecke des Vereins unterst\u00fctzen. Ordentliche Mitglieder sollen in der Regel nur nat\u00fcrliche Personen sein. Firmen und K\u00f6rperschaften sollen als F\u00f6rdermitglieder aufgenommen werden. Der Antrag auf Aufnahme ist durch Erkl\u00e4rung in Textform oder schriftlich an den Vorstand zu richten. \u00dcber die Aufnahme neuer Mitglieder entscheidet der Vorstand.<\/p><ol start=\"3\"><li>Die Mitgliedschaft verpflichtet zu einem Mitgliedsbeitrag, dessen F\u00e4lligkeit, H\u00f6he und m\u00f6glichen Erm\u00e4\u00dfigungen von der Mitgliederversammlung festgesetzt werden.<\/li><li>Die Mitgliedschaft erlischt durch Tod bzw. Aufl\u00f6sung als juristische Person oder L\u00f6schung im Vereinsregister, durch Austritt, durch Streichung von der Mitgliederliste oder durch Ausschluss.<\/li><li>a) Der Austritt aus dem Verein ist jederzeit zum Jahresende zul\u00e4ssig. Die Austrittserkl\u00e4rung ist in Textform oder schriftlich dem Vorstand zu \u00fcbermitteln. Ein ausgetretenes Mitglied hat keinen Anspruch auf einen Anteil am Vereinsverm\u00f6gen.<\/li><li>b) Ein Mitglied, das mit der Beitragszahlung im R\u00fcckstand ist, wird schriftlich oder per Mail zwei Mal an die f\u00e4llige Zahlung erinnert. Erfolgt innerhalb einer Frist von einem Monat nach Versand der letzten Zahlungserinnerung keine Zahlung, kann das Mitglied durch Beschluss des Vorstandes von der Mitgliederliste gestrichen werden.<\/li><li>c) Ein Mitglied kann aus dem Verein ausgeschlossen werden, wenn es grob fahrl\u00e4ssig oder vors\u00e4tzlich gegen die Interessen des Vereins verst\u00f6\u00dft. \u00dcber den Ausschluss entscheidet der Vorstand. Dieser hat das Mitglied vorher zu h\u00f6ren und ihm Gelegenheit zu geben, binnen einer Frist von einem Monat schriftlich zu dem vom Vorstand angek\u00fcndigten Ausschluss Stellung zu nehmen. Danach entscheidet der Vorstand \u00fcber den Ausschluss. Der Beschluss des Vorstandes ist dem Mitglied mit Begr\u00fcndung bekanntzugeben. Mit dem Ausscheiden aus dem Verein erl\u00f6schen alle Anspr\u00fcche dem Verein gegen\u00fcber.<\/li><\/ol><div>\u00a0<\/div><ul><li><strong> 7 Organe<\/strong><\/li><\/ul><ol><li>Organe des Vereins sind<\/li><li>a) die Mitgliederversammlung<\/li><li>b) der Vorstand.<\/li><li>Durch Beschluss der Mitgliederversammlung k\u00f6nnen weitere Organe gebildet werden.<\/li><\/ol><p><strong>\u00a0<\/strong><\/p><ul><li><strong> 8 Mitgliederversammlung<\/strong><\/li><\/ul><ol><li>Eine ordentliche Mitgliederversammlung ist j\u00e4hrlich durchzuf\u00fchren. Mitglieder m\u00fcssen pers\u00f6nlich oder mittels elektronischer \u00dcbertragung (z.B. per Skype) pr\u00e4sent sein oder sich durch Vollmacht durch ein anderes Mitglied bei der Stimmabgabe vertreten lassen. Auch ohne Versammlung der Mitglieder ist eine Beschlussfassung m\u00f6glich, wenn nicht mehr als ein Drittel der Mitglieder innerhalb von 14 Tagen nach Absendung des Beschlussantrags schriftlich widerspricht.<\/li><li>Zu der Mitgliederversammlung l\u00e4dt der Vorstand unter Einhaltung einer Frist von zwei Wochen und unter Angabe der Tagesordnung ein. Die Einladung zur Mitgliederversammlung kann schriftlich, per Fax oder per E-Mail erfolgen, wobei es zur Wahrung der Frist auf die rechtzeitige Versendung der Einladung, nicht auf den Zugang beim Mitglied ankommt.<\/li><li>Jede ordnungsgem\u00e4\u00df anberaumte Mitgliederversammlung ist beschlussf\u00e4hig.<\/li><li>Die Mitgliederversammlung beschlie\u00dft \u00fcber:<\/li><li>a) die Festsetzung der Mitgliedsbeitr\u00e4ge gem. \u00a7 5<\/li><li>b) die Entlastung des Vorstandes<\/li><li>c) die Wahl und Abberufung der Vorstandsmitglieder<\/li><li>d) den Rechenschaftsbericht des Vorstandes<\/li><li>e) den Haushaltsvorschlag, wobei die Beschlussfassung hier\u00fcber dem Vorstand \u00fcbertragen werden kann<\/li><li>f) Satzungs\u00e4nderungen (es sei denn in F\u00e4llen des \u00a7 9 Abs. 4)<\/li><li>g) die Aufl\u00f6sung des Vereins.<\/li><li>Antr\u00e4ge, die auf die Tagesordnung der Mitgliederversammlung gesetzt werden sollen, sind dem Vorstand sp\u00e4testens 3 Tage vor der Mitgliederversammlung schriftlich oder per Mail mitzuteilen.<\/li><li>Die Mitgliederversammlung bestimmt den Versammlungsleiter und den Schriftf\u00fchrer. Sie beschlie\u00dft \u00fcber Antr\u00e4ge mit einfacher Mehrheit, soweit sie nicht eine \u00c4nderung der Satzung, die Abberufung des Vorstandes oder die Aufl\u00f6sung des Vereins betreffen. Vorweg kann offen dar\u00fcber abgestimmt werden, ob und ggf. \u00fcber welche Angelegenheit geheim abzustimmen ist.<\/li><li>Eine Satzungs\u00e4nderung und die Aufl\u00f6sung des Vereins bed\u00fcrfen einer Dreiviertelmehrheit der anwesenden Mitglieder. Stimmenthaltungen werden nicht mitgez\u00e4hlt. Die beabsichtigte Satzungs\u00e4nderung muss in der Mitgliederversammlung im Wortlaut mitgeteilt werden.<\/li><li>Bei Stimmengleichheit entscheidet die Stimme des Versammlungsleiters. Jedes stimmberechtigte Mitglied kann seine Stimme durch schriftliche Vollmacht auf ein anderes Mitglied \u00fcbertragen.<\/li><li>Auf schriftliches Verlangen von einem F\u00fcnftel der Mitglieder hat der Vorstand unverz\u00fcglich eine au\u00dferordentliche Mitgliederversammlung einzuberufen, die \u00fcber die, in dem schriftlichen Verlangen enthaltenen Angelegenheiten, beschlussf\u00e4hig ist. Ebenso kann eine au\u00dferordentliche Mitgliederversammlung einberufen werden, wenn dies, nach Meinung des Vorstandes, die Interessen des Vereins erfordern.<\/li><\/ol><div>\u00a0<\/div><ul><li><strong> 9 Vorstand<\/strong><\/li><\/ul><ol><li>Der Vorstand besteht aus 2 Personen, dem 1. Vorsitzenden und dem 2. Vorsitzenden. Vorstand im Sinne des \u00a7 26 BGB, also zur au\u00dfergerichlichen und gerichtlichen Vertretung befugt, ist der 1. Vorsitzende und der 2. Vorsitzende. Beide sind allein vertretungsberechtigt. Im Innenverh\u00e4ltnis gilt, dass der 2. Vorsitzende nur bei Verhinderung des 1. Vorsitzenden befugt ist. Die Vorstandsmitglieder sind von den Beschr\u00e4nkungen des \u00a7 181 BGB befreit.<\/li><li>Der Vorstand wird von der Mitgliederversammlung gew\u00e4hlt. Die Amtsdauer der gew\u00e4hlten Vorstandsmitglieder betr\u00e4gt drei Jahre, wiederholte Wahl ist zul\u00e4ssig. Der Vorstand bleibt solange im Amt, bis ein neuer Vorstand gew\u00e4hlt ist. Abberufung der Gew\u00e4hlten bedarf in jedem Fall (auch wenn sie auf einer au\u00dferordentlichen Mitgliederversammlung geschieht) einer Zustimmung von zwei Dritteln der erschienenen Mitglieder.<\/li><li>Dem Vorstand obliegen die Gesch\u00e4ftsleitung, die Ausf\u00fchrung der Beschl\u00fcsse der Mitgliederversammlung und die Verwaltung des Vereinsverm\u00f6gens. Er ist f\u00fcr alle Angelegenheiten des Vereins zust\u00e4ndig, die nicht einem anderen Organ zugewiesen sind.<\/li><li>\u00c4nderungen der Satzung im Zusammenhang mit der Eintragung des Vereins oder der Erreichung der Gemeinn\u00fctzigkeit, die beh\u00f6rdlich auferlegt oder angeregt werden, darf der Vorstand beschlie\u00dfen.<\/li><li>Der Vorstand haftet dem Verein bzw. den Mitgliedern des Vereins gegen\u00fcber f\u00fcr einen in Wahrnehmung seiner Vorstandspflichten verursachten Schaden nur bei Vorliegen von Vorsatz und grober Fahrl\u00e4ssigkeit. Ist ein Vorstand einem anderen zum Ersatz eines in Wahrnehmung seiner Vorstandspflichten verursachten Schadens verpflichtet, so kann er von dem Verein die Befreiung von der Verbindlichkeit verlangen, wenn der Schaden nicht vors\u00e4tzlich oder grob fahrl\u00e4ssig verursacht wurde.<\/li><\/ol><div>\u00a0<\/div><ul><li><strong> 10 Niederschriften<\/strong><\/li><\/ul><p>\u00dcber die Mitgliederversammlungen ist eine Niederschrift zu f\u00fchren, in denen die Beschl\u00fcsse w\u00f6rtlich niederzulegen sind. Die Niederschrift ist vom Schriftf\u00fchrer, dem Versammlungsleiter oder einem Vorstandsmitglied zu unterzeichnen. Die Niederschriften sind bei der n\u00e4chstfolgenden Mitgliederversammlung zu verlesen.<\/p><p>\u00a0<\/p><ul><li><strong> 11 Aufl\u00f6sung des Vereins<\/strong><\/li><\/ul><ol><li>\u00dcber die Aufl\u00f6sung des Vereins kann nur eine hierzu besonders einberufene Mitgliederversammlung mit Dreiviertelmehrheit der Anwesenden beschliessen.<\/li><li>Bei Aufl\u00f6sung des Vereins oder Wegfall seines bisherigen steuerbeg\u00fcnstigten Zwecks erfolgt die Liquidation durch die zum Zeitpunkt des Aufl\u00f6sungsbeschlusses amtierenden Vorstandsmitglieder, und zwar in dem in \u00a7 9 n\u00e4her bezeichneten Vertretungsverh\u00e4ltnis.<\/li><li>Bei Aufl\u00f6sung des Vereins oder bei Wegfall seines bisherigen steuerbeg\u00fcnstigten Zwecks f\u00e4llt das Verm\u00f6gen des Vereins an eine juristische Person des \u00f6ffentlichen Rechts oder an eine andere steuerbeg\u00fcnstigte K\u00f6rperschaft zur Verwendung f\u00fcr die F\u00f6rderung der Entwicklungszusammenarbeit.<\/li><\/ol><div>\u00a0<\/div><p>Die Richtigkeit und Vollst\u00e4ndigkeit der Satzung gem. \u00a7 71 Abs. 1 Satz 4 BGB wird versichert.<\/p>\t\t\t\t\t\t\t\t<\/div>\n\t\t\t\t<\/div>\n\t\t\t\t\t<\/div>\n\t\t<\/div>\n\t\t\t\t<div class=\"elementor-column elementor-col-16 elementor-top-column elementor-element elementor-element-08bc168\" data-id=\"08bc168\" data-element_type=\"column\" data-e-type=\"column\">\n\t\t\t<div class=\"elementor-widget-wrap\">\n\t\t\t\t\t\t\t<\/div>\n\t\t<\/div>\n\t\t\t\t\t<\/div>\n\t\t<\/section>\n\t\t\t\t<\/div>\n\t\t","protected":false},"excerpt":{"rendered":"<p>Satzung SATZUNG DES WE-BUILDING E.V. (in der Fassung vom 09.05.2023) \u00a0 1 Name und Sitz Der Verein f\u00fchrt den Namen &#8222;WE-BUILDING\u201c. Er soll in das Vereinsregister eingetragen werden und tr\u00e4gt dann den Zusatz \u201ee.V.\u201c. Sitz des Vereins ist Berlin. 2 Zweck Zweck des Vereins ist die F\u00f6rderung der Entwicklungszusammenarbeit durch Planung, Aufbau, Unterst\u00fctzung und Durchf\u00fchrung von f\u00f6rderungsw\u00fcrdigen sozialen Projekten in Entwicklungsl\u00e4ndern im Bereich der Architektur, und die F\u00f6rderung internationaler Gesinnung, der Toleranz auf allen Gebieten der Kultur und des V\u00f6lkerverst\u00e4ndigungsgedankens. Der Verein hilft Menschen, die keine oder nur eine unzureichende Versorgung mit einer Unterkunft besitzen, wie etwa Slum-Bewohner. Die Projekte werden in Abstimmung &hellip;<\/p>\n<p class=\"read-more\"> <a class=\"\" href=\"https:\/\/we-building.org\/de\/satzung\/\"> <span class=\"screen-reader-text\">satzung<\/span> &#8230;<\/a><\/p>\n","protected":false},"author":1,"featured_media":0,"parent":0,"menu_order":0,"comment_status":"closed","ping_status":"closed","template":"","meta":{"site-sidebar-layout":"no-sidebar","site-content-layout":"page-builder","ast-global-header-display":"","ast-banner-title-visibility":"","ast-main-header-display":"disabled","ast-hfb-above-header-display":"","ast-hfb-below-header-display":"","ast-hfb-mobile-header-display":"","site-post-title":"disabled","ast-breadcrumbs-content":"disabled","ast-featured-img":"disabled","footer-sml-layout":"disabled","theme-transparent-header-meta":"default","adv-header-id-meta":"","stick-header-meta":"","header-above-stick-meta":"","header-main-stick-meta":"","header-below-stick-meta":"","footnotes":"","_links_to":"","_links_to_target":""},"class_list":["post-75","page","type-page","status-publish","hentry"],"yoast_head":"<!-- This site is optimized with the Yoast SEO plugin v26.9 - https:\/\/yoast.com\/product\/yoast-seo-wordpress\/ -->\n<title>Satzung | WEbuilding<\/title>\n<meta name=\"description\" content=\"Satzung | WEbuilding\" \/>\n<meta name=\"robots\" content=\"index, follow, max-snippet:-1, max-image-preview:large, max-video-preview:-1\" \/>\n<link rel=\"canonical\" href=\"https:\/\/we-building.org\/satzung\/\" \/>\n<meta property=\"og:locale\" content=\"de_DE\" \/>\n<meta property=\"og:type\" content=\"article\" \/>\n<meta property=\"og:title\" content=\"Satzung | WEbuilding\" \/>\n<meta property=\"og:description\" content=\"Satzung | WEbuilding\" \/>\n<meta property=\"og:url\" content=\"https:\/\/we-building.org\/satzung\/\" \/>\n<meta property=\"og:site_name\" content=\"WEbuilding\" \/>\n<meta property=\"article:modified_time\" content=\"2023-07-19T12:00:47+00:00\" \/>\n<meta name=\"twitter:card\" content=\"summary_large_image\" \/>\n<meta name=\"twitter:label1\" content=\"Gesch\u00e4tzte Lesezeit\" \/>\n\t<meta name=\"twitter:data1\" content=\"8 Minuten\" \/>\n<script type=\"application\/ld+json\" class=\"yoast-schema-graph\">{\"@context\":\"https:\/\/schema.org\",\"@graph\":[{\"@type\":\"WebPage\",\"@id\":\"https:\/\/we-building.org\/satzung\/\",\"url\":\"https:\/\/we-building.org\/satzung\/\",\"name\":\"Satzung | WEbuilding\",\"isPartOf\":{\"@id\":\"https:\/\/we-building.org\/#website\"},\"datePublished\":\"2020-01-26T22:22:05+00:00\",\"dateModified\":\"2023-07-19T12:00:47+00:00\",\"description\":\"Satzung | WEbuilding\",\"breadcrumb\":{\"@id\":\"https:\/\/we-building.org\/satzung\/#breadcrumb\"},\"inLanguage\":\"de-DE\",\"potentialAction\":[{\"@type\":\"ReadAction\",\"target\":[\"https:\/\/we-building.org\/satzung\/\"]}]},{\"@type\":\"BreadcrumbList\",\"@id\":\"https:\/\/we-building.org\/satzung\/#breadcrumb\",\"itemListElement\":[{\"@type\":\"ListItem\",\"position\":1,\"name\":\"Home\",\"item\":\"https:\/\/we-building.org\/de\/index\/\"},{\"@type\":\"ListItem\",\"position\":2,\"name\":\"satzung\"}]},{\"@type\":\"WebSite\",\"@id\":\"https:\/\/we-building.org\/#website\",\"url\":\"https:\/\/we-building.org\/\",\"name\":\"WEbuilding\",\"description\":\"Using sustainable architecture to help communities around the world build a better and brighter future.\",\"publisher\":{\"@id\":\"https:\/\/we-building.org\/#organization\"},\"potentialAction\":[{\"@type\":\"SearchAction\",\"target\":{\"@type\":\"EntryPoint\",\"urlTemplate\":\"https:\/\/we-building.org\/?s={search_term_string}\"},\"query-input\":{\"@type\":\"PropertyValueSpecification\",\"valueRequired\":true,\"valueName\":\"search_term_string\"}}],\"inLanguage\":\"de-DE\"},{\"@type\":\"Organization\",\"@id\":\"https:\/\/we-building.org\/#organization\",\"name\":\"WEbuilding\",\"url\":\"https:\/\/we-building.org\/\",\"logo\":{\"@type\":\"ImageObject\",\"inLanguage\":\"de-DE\",\"@id\":\"https:\/\/we-building.org\/#\/schema\/logo\/image\/\",\"url\":\"https:\/\/we-building.org\/wp-content\/uploads\/2020\/02\/cropped-12_Logo-1.png\",\"contentUrl\":\"https:\/\/we-building.org\/wp-content\/uploads\/2020\/02\/cropped-12_Logo-1.png\",\"width\":2288,\"height\":2288,\"caption\":\"WEbuilding\"},\"image\":{\"@id\":\"https:\/\/we-building.org\/#\/schema\/logo\/image\/\"}}]}<\/script>\n<!-- \/ Yoast SEO plugin. -->","yoast_head_json":{"title":"Satzung | WEbuilding","description":"Satzung | WEbuilding","robots":{"index":"index","follow":"follow","max-snippet":"max-snippet:-1","max-image-preview":"max-image-preview:large","max-video-preview":"max-video-preview:-1"},"canonical":"https:\/\/we-building.org\/satzung\/","og_locale":"de_DE","og_type":"article","og_title":"Satzung | WEbuilding","og_description":"Satzung | WEbuilding","og_url":"https:\/\/we-building.org\/satzung\/","og_site_name":"WEbuilding","article_modified_time":"2023-07-19T12:00:47+00:00","twitter_card":"summary_large_image","twitter_misc":{"Gesch\u00e4tzte Lesezeit":"8 Minuten"},"schema":{"@context":"https:\/\/schema.org","@graph":[{"@type":"WebPage","@id":"https:\/\/we-building.org\/satzung\/","url":"https:\/\/we-building.org\/satzung\/","name":"Satzung | WEbuilding","isPartOf":{"@id":"https:\/\/we-building.org\/#website"},"datePublished":"2020-01-26T22:22:05+00:00","dateModified":"2023-07-19T12:00:47+00:00","description":"Satzung | WEbuilding","breadcrumb":{"@id":"https:\/\/we-building.org\/satzung\/#breadcrumb"},"inLanguage":"de-DE","potentialAction":[{"@type":"ReadAction","target":["https:\/\/we-building.org\/satzung\/"]}]},{"@type":"BreadcrumbList","@id":"https:\/\/we-building.org\/satzung\/#breadcrumb","itemListElement":[{"@type":"ListItem","position":1,"name":"Home","item":"https:\/\/we-building.org\/de\/index\/"},{"@type":"ListItem","position":2,"name":"satzung"}]},{"@type":"WebSite","@id":"https:\/\/we-building.org\/#website","url":"https:\/\/we-building.org\/","name":"WEbuilding","description":"Using sustainable architecture to help communities around the world build a better and brighter future.","publisher":{"@id":"https:\/\/we-building.org\/#organization"},"potentialAction":[{"@type":"SearchAction","target":{"@type":"EntryPoint","urlTemplate":"https:\/\/we-building.org\/?s={search_term_string}"},"query-input":{"@type":"PropertyValueSpecification","valueRequired":true,"valueName":"search_term_string"}}],"inLanguage":"de-DE"},{"@type":"Organization","@id":"https:\/\/we-building.org\/#organization","name":"WEbuilding","url":"https:\/\/we-building.org\/","logo":{"@type":"ImageObject","inLanguage":"de-DE","@id":"https:\/\/we-building.org\/#\/schema\/logo\/image\/","url":"https:\/\/we-building.org\/wp-content\/uploads\/2020\/02\/cropped-12_Logo-1.png","contentUrl":"https:\/\/we-building.org\/wp-content\/uploads\/2020\/02\/cropped-12_Logo-1.png","width":2288,"height":2288,"caption":"WEbuilding"},"image":{"@id":"https:\/\/we-building.org\/#\/schema\/logo\/image\/"}}]}},"_links":{"self":[{"href":"https:\/\/we-building.org\/de\/wp-json\/wp\/v2\/pages\/75","targetHints":{"allow":["GET"]}}],"collection":[{"href":"https:\/\/we-building.org\/de\/wp-json\/wp\/v2\/pages"}],"about":[{"href":"https:\/\/we-building.org\/de\/wp-json\/wp\/v2\/types\/page"}],"author":[{"embeddable":true,"href":"https:\/\/we-building.org\/de\/wp-json\/wp\/v2\/users\/1"}],"replies":[{"embeddable":true,"href":"https:\/\/we-building.org\/de\/wp-json\/wp\/v2\/comments?post=75"}],"version-history":[{"count":0,"href":"https:\/\/we-building.org\/de\/wp-json\/wp\/v2\/pages\/75\/revisions"}],"wp:attachment":[{"href":"https:\/\/we-building.org\/de\/wp-json\/wp\/v2\/media?parent=75"}],"curies":[{"name":"wp","href":"https:\/\/api.w.org\/{rel}","templated":true}]}}