{"id":3570,"date":"2020-07-07T07:28:07","date_gmt":"2020-07-07T07:28:07","guid":{"rendered":"https:\/\/we-building.org\/spenden\/"},"modified":"2025-07-16T11:36:42","modified_gmt":"2025-07-16T11:36:42","slug":"spenden","status":"publish","type":"page","link":"https:\/\/we-building.org\/de\/spenden\/","title":{"rendered":"Spenden"},"content":{"rendered":"\t\t<div data-elementor-type=\"wp-page\" data-elementor-id=\"3570\" class=\"elementor elementor-3570 elementor-2461\" data-elementor-post-type=\"page\">\n\t\t\t\t\t\t<section data-particle_enable=\"false\" data-particle-mobile-disabled=\"false\" class=\"elementor-section elementor-top-section elementor-element elementor-element-c1c8a67 elementor-section-full_width elementor-section-height-default elementor-section-height-default\" data-id=\"c1c8a67\" data-element_type=\"section\" data-e-type=\"section\">\n\t\t\t\t\t\t<div class=\"elementor-container elementor-column-gap-no\">\n\t\t\t\t\t<div class=\"elementor-column elementor-col-33 elementor-top-column elementor-element elementor-element-5c745cdc\" data-id=\"5c745cdc\" data-element_type=\"column\" data-e-type=\"column\">\n\t\t\t<div class=\"elementor-widget-wrap\">\n\t\t\t\t\t\t\t<\/div>\n\t\t<\/div>\n\t\t\t\t<div class=\"elementor-column elementor-col-33 elementor-top-column elementor-element elementor-element-3b6be502\" data-id=\"3b6be502\" data-element_type=\"column\" data-e-type=\"column\">\n\t\t\t<div class=\"elementor-widget-wrap elementor-element-populated\">\n\t\t\t\t\t\t<div class=\"elementor-element elementor-element-2e7705ad elementor-widget elementor-widget-spacer\" data-id=\"2e7705ad\" data-element_type=\"widget\" data-e-type=\"widget\" data-widget_type=\"spacer.default\">\n\t\t\t\t<div class=\"elementor-widget-container\">\n\t\t\t\t\t\t\t<div class=\"elementor-spacer\">\n\t\t\t<div class=\"elementor-spacer-inner\"><\/div>\n\t\t<\/div>\n\t\t\t\t\t\t<\/div>\n\t\t\t\t<\/div>\n\t\t\t\t<div class=\"elementor-element elementor-element-128e17fb elementor-widget elementor-widget-image\" data-id=\"128e17fb\" data-element_type=\"widget\" data-e-type=\"widget\" data-widget_type=\"image.default\">\n\t\t\t\t<div class=\"elementor-widget-container\">\n\t\t\t\t\t\t\t\t\t\t\t\t\t\t\t\t<a href=\"https:\/\/we-building.org\/darmang\/\">\n\t\t\t\t\t\t\t<img fetchpriority=\"high\" decoding=\"async\" width=\"1494\" height=\"559\" src=\"https:\/\/we-building.org\/wp-content\/uploads\/2025\/07\/Website-banner-eng.png\" class=\"attachment-1536x1536 size-1536x1536 wp-image-14870\" alt=\"\" srcset=\"https:\/\/we-building.org\/wp-content\/uploads\/2025\/07\/Website-banner-eng.png 1494w, https:\/\/we-building.org\/wp-content\/uploads\/2025\/07\/Website-banner-eng-300x112.png 300w, https:\/\/we-building.org\/wp-content\/uploads\/2025\/07\/Website-banner-eng-1024x383.png 1024w, https:\/\/we-building.org\/wp-content\/uploads\/2025\/07\/Website-banner-eng-768x287.png 768w\" sizes=\"(max-width: 1494px) 100vw, 1494px\" \/>\t\t\t\t\t\t\t\t<\/a>\n\t\t\t\t\t\t\t\t\t\t\t\t\t\t\t<\/div>\n\t\t\t\t<\/div>\n\t\t\t\t\t<\/div>\n\t\t<\/div>\n\t\t\t\t<div class=\"elementor-column elementor-col-33 elementor-top-column elementor-element elementor-element-19b76367 elementor-hidden-phone\" data-id=\"19b76367\" data-element_type=\"column\" data-e-type=\"column\">\n\t\t\t<div class=\"elementor-widget-wrap\">\n\t\t\t\t\t\t\t<\/div>\n\t\t<\/div>\n\t\t\t\t\t<\/div>\n\t\t<\/section>\n\t\t\t\t<section data-particle_enable=\"false\" data-particle-mobile-disabled=\"false\" class=\"elementor-section elementor-top-section elementor-element elementor-element-ed83010 elementor-section-full_width elementor-section-height-default elementor-section-height-default\" data-id=\"ed83010\" data-element_type=\"section\" data-e-type=\"section\">\n\t\t\t\t\t\t<div class=\"elementor-container elementor-column-gap-extended\">\n\t\t\t\t\t<div class=\"elementor-column elementor-col-33 elementor-top-column elementor-element elementor-element-624e911\" data-id=\"624e911\" data-element_type=\"column\" data-e-type=\"column\">\n\t\t\t<div class=\"elementor-widget-wrap\">\n\t\t\t\t\t\t\t<\/div>\n\t\t<\/div>\n\t\t\t\t<div class=\"elementor-column elementor-col-33 elementor-top-column elementor-element elementor-element-561941e\" data-id=\"561941e\" data-element_type=\"column\" data-e-type=\"column\">\n\t\t\t<div class=\"elementor-widget-wrap elementor-element-populated\">\n\t\t\t\t<div data-particle_enable=\"false\" data-particle-mobile-disabled=\"false\" class=\"elementor-element elementor-element-ac1ab53 e-flex e-con-boxed e-con e-parent\" data-id=\"ac1ab53\" data-element_type=\"container\" data-e-type=\"container\" data-settings=\"{&quot;background_background&quot;:&quot;classic&quot;}\">\n\t\t\t\t\t<div class=\"e-con-inner\">\n\t\t\t\t<div class=\"elementor-element elementor-element-d2d4125 elementor-widget elementor-widget-heading\" data-id=\"d2d4125\" data-element_type=\"widget\" data-e-type=\"widget\" data-widget_type=\"heading.default\">\n\t\t\t\t<div class=\"elementor-widget-container\">\n\t\t\t\t\t<h2 class=\"elementor-heading-title elementor-size-large\">Im Jahr 2025 muss We-Building mit einer K\u00fcrzung von 22,26\u202f% der F\u00f6rdermittel f\u00fcr Bildungsprojekte rechnen.<\/h2>\t\t\t\t<\/div>\n\t\t\t\t<\/div>\n\t\t\t\t\t<\/div>\n\t\t\t\t<\/div>\n\t\t\t\t<div class=\"elementor-element elementor-element-37a9329 elementor-widget elementor-widget-spacer\" data-id=\"37a9329\" data-element_type=\"widget\" data-e-type=\"widget\" data-widget_type=\"spacer.default\">\n\t\t\t\t<div class=\"elementor-widget-container\">\n\t\t\t\t\t\t\t<div class=\"elementor-spacer\">\n\t\t\t<div class=\"elementor-spacer-inner\"><\/div>\n\t\t<\/div>\n\t\t\t\t\t\t<\/div>\n\t\t\t\t<\/div>\n\t\t\t\t<div class=\"elementor-element elementor-element-76b2992 elementor-align-center elementor-widget__width-initial elementor-icon-list--layout-traditional elementor-list-item-link-full_width elementor-widget elementor-widget-icon-list\" data-id=\"76b2992\" data-element_type=\"widget\" data-e-type=\"widget\" data-widget_type=\"icon-list.default\">\n\t\t\t\t<div class=\"elementor-widget-container\">\n\t\t\t\t\t\t\t<ul class=\"elementor-icon-list-items\">\n\t\t\t\t\t\t\t<li class=\"elementor-icon-list-item\">\n\t\t\t\t\t\t\t\t\t\t\t<span class=\"elementor-icon-list-icon\">\n\t\t\t\t\t\t\t<i aria-hidden=\"true\" class=\"fas fa-check\"><\/i>\t\t\t\t\t\t<\/span>\n\t\t\t\t\t\t\t\t\t\t<span class=\"elementor-icon-list-text\">Jede Spende z\u00e4hlt<\/span>\n\t\t\t\t\t\t\t\t\t<\/li>\n\t\t\t\t\t\t\t\t<li class=\"elementor-icon-list-item\">\n\t\t\t\t\t\t\t\t\t\t\t<span class=\"elementor-icon-list-icon\">\n\t\t\t\t\t\t\t<i aria-hidden=\"true\" class=\"fas fa-check\"><\/i>\t\t\t\t\t\t<\/span>\n\t\t\t\t\t\t\t\t\t\t<span class=\"elementor-icon-list-text\">100% goes into our current projects<\/span>\n\t\t\t\t\t\t\t\t\t<\/li>\n\t\t\t\t\t\t\t\t<li class=\"elementor-icon-list-item\">\n\t\t\t\t\t\t\t\t\t\t\t<span class=\"elementor-icon-list-icon\">\n\t\t\t\t\t\t\t<i aria-hidden=\"true\" class=\"fas fa-check\"><\/i>\t\t\t\t\t\t<\/span>\n\t\t\t\t\t\t\t\t\t\t<span class=\"elementor-icon-list-text\">Jede Spende ist steuerlich absetzbar<\/span>\n\t\t\t\t\t\t\t\t\t<\/li>\n\t\t\t\t\t\t\t\t<li class=\"elementor-icon-list-item\">\n\t\t\t\t\t\t\t\t\t\t\t<span class=\"elementor-icon-list-icon\">\n\t\t\t\t\t\t\t<i aria-hidden=\"true\" class=\"fas fa-check\"><\/i>\t\t\t\t\t\t<\/span>\n\t\t\t\t\t\t\t\t\t\t<span class=\"elementor-icon-list-text\">Sie helfen, eine sozial, \u00f6kologisch und wirtschaftlich gerechtere Zukunft zu gestalten<\/span>\n\t\t\t\t\t\t\t\t\t<\/li>\n\t\t\t\t\t\t<\/ul>\n\t\t\t\t\t\t<\/div>\n\t\t\t\t<\/div>\n\t\t\t\t<div class=\"elementor-element elementor-element-3da199a elementor-widget elementor-widget-spacer\" data-id=\"3da199a\" data-element_type=\"widget\" data-e-type=\"widget\" data-widget_type=\"spacer.default\">\n\t\t\t\t<div class=\"elementor-widget-container\">\n\t\t\t\t\t\t\t<div class=\"elementor-spacer\">\n\t\t\t<div class=\"elementor-spacer-inner\"><\/div>\n\t\t<\/div>\n\t\t\t\t\t\t<\/div>\n\t\t\t\t<\/div>\n\t\t\t\t\t<\/div>\n\t\t<\/div>\n\t\t\t\t<div class=\"elementor-column elementor-col-33 elementor-top-column elementor-element elementor-element-1d1ff0b\" data-id=\"1d1ff0b\" data-element_type=\"column\" data-e-type=\"column\">\n\t\t\t<div class=\"elementor-widget-wrap\">\n\t\t\t\t\t\t\t<\/div>\n\t\t<\/div>\n\t\t\t\t\t<\/div>\n\t\t<\/section>\n\t\t\t\t<section data-particle_enable=\"false\" data-particle-mobile-disabled=\"false\" class=\"elementor-section elementor-top-section elementor-element elementor-element-612b3f2 elementor-section-full_width elementor-section-height-default elementor-section-height-default\" data-id=\"612b3f2\" data-element_type=\"section\" data-e-type=\"section\">\n\t\t\t\t\t\t<div class=\"elementor-container elementor-column-gap-default\">\n\t\t\t\t\t<div class=\"elementor-column elementor-col-100 elementor-top-column elementor-element elementor-element-914fbdb\" data-id=\"914fbdb\" data-element_type=\"column\" data-e-type=\"column\">\n\t\t\t<div class=\"elementor-widget-wrap elementor-element-populated\">\n\t\t\t\t\t\t<div class=\"elementor-element elementor-element-dde84e7 elementor-widget__width-auto elementor-widget elementor-widget-html\" data-id=\"dde84e7\" data-element_type=\"widget\" data-e-type=\"widget\" data-widget_type=\"html.default\">\n\t\t\t\t<div class=\"elementor-widget-container\">\n\t\t\t\t\t<script type=\"text\/javascript\" defer src=\"https:\/\/donorbox.org\/install-popup-button.js\"><\/script><a class=\"dbox-donation-button\" style=\"background: #37B0AC no-repeat 37px;color: #fff;text-decoration: none;font-family: Verdana,sans-serif;display: inline-block;font-size: 16px;padding: 5px 38px;padding-left: 35px;-webkit-border-radius: 3px;-moz-border-radius: 3px;border-radius: 20px;box-shadow: 0 1px 0 0 ;text-shadow: 0 0px rgba(0, 0, 0, 0.3);\" href=\"https:\/\/donorbox.org\/webuilding-campaign\">JETZT SPENDEN!<\/a>\t\t\t\t<\/div>\n\t\t\t\t<\/div>\n\t\t\t\t\t<\/div>\n\t\t<\/div>\n\t\t\t\t\t<\/div>\n\t\t<\/section>\n\t\t\t\t<section data-particle_enable=\"false\" data-particle-mobile-disabled=\"false\" class=\"elementor-section elementor-top-section elementor-element elementor-element-bd4329a elementor-section-full_width elementor-section-height-default elementor-section-height-default\" data-id=\"bd4329a\" data-element_type=\"section\" data-e-type=\"section\">\n\t\t\t\t\t\t<div class=\"elementor-container elementor-column-gap-no\">\n\t\t\t\t\t<div class=\"elementor-column elementor-col-25 elementor-top-column elementor-element elementor-element-227e4cfd\" data-id=\"227e4cfd\" data-element_type=\"column\" data-e-type=\"column\">\n\t\t\t<div class=\"elementor-widget-wrap\">\n\t\t\t\t\t\t\t<\/div>\n\t\t<\/div>\n\t\t\t\t<div class=\"elementor-column elementor-col-25 elementor-top-column elementor-element elementor-element-22af16ef\" data-id=\"22af16ef\" data-element_type=\"column\" data-e-type=\"column\" data-settings=\"{&quot;background_background&quot;:&quot;classic&quot;}\">\n\t\t\t<div class=\"elementor-widget-wrap elementor-element-populated\">\n\t\t\t\t\t\t<div class=\"elementor-element elementor-element-1a3869ec elementor-widget__width-inherit elementor-widget elementor-widget-image\" data-id=\"1a3869ec\" data-element_type=\"widget\" data-e-type=\"widget\" data-widget_type=\"image.default\">\n\t\t\t\t<div class=\"elementor-widget-container\">\n\t\t\t\t\t\t\t\t\t\t\t\t\t\t\t<img decoding=\"async\" width=\"300\" height=\"289\" src=\"https:\/\/we-building.org\/wp-content\/uploads\/2025\/07\/Tax-300x289.png\" class=\"attachment-medium size-medium wp-image-14909\" alt=\"\" srcset=\"https:\/\/we-building.org\/wp-content\/uploads\/2025\/07\/Tax-300x289.png 300w, https:\/\/we-building.org\/wp-content\/uploads\/2025\/07\/Tax.png 688w\" sizes=\"(max-width: 300px) 100vw, 300px\" \/>\t\t\t\t\t\t\t\t\t\t\t\t\t\t\t<\/div>\n\t\t\t\t<\/div>\n\t\t\t\t\t<\/div>\n\t\t<\/div>\n\t\t\t\t<div class=\"elementor-column elementor-col-25 elementor-top-column elementor-element elementor-element-fe11aca\" data-id=\"fe11aca\" data-element_type=\"column\" data-e-type=\"column\" data-settings=\"{&quot;background_background&quot;:&quot;classic&quot;}\">\n\t\t\t<div class=\"elementor-widget-wrap elementor-element-populated\">\n\t\t\t\t\t\t<div class=\"elementor-element elementor-element-59dd880a elementor-widget elementor-widget-text-editor\" data-id=\"59dd880a\" data-element_type=\"widget\" data-e-type=\"widget\" data-widget_type=\"text-editor.default\">\n\t\t\t\t<div class=\"elementor-widget-container\">\n\t\t\t\t\t\t\t\t\t<h5 class=\"font_2\" style=\"text-align: left;\"><span style=\"font-size: 12.424px; font-style: normal; font-weight: bold; color: #000000; font-family: Arial, sans-serif;\">Der Verein We-Building e.V. erhielt vom Finanzamt f\u00fcr K\u00f6rperschaften I Berlin die Gemeinn\u00fctzigkeit bescheinigt (Freistellungsbescheid von der K\u00f6rperschaftsteuer). Wir d\u00fcrfen allen Spendern Spendenquittungen ausstellen, damit sie diese Zahlungen steuerlich geltend machen k\u00f6nnen.<\/span><\/h5>\t\t\t\t\t\t\t\t<\/div>\n\t\t\t\t<\/div>\n\t\t\t\t\t<\/div>\n\t\t<\/div>\n\t\t\t\t<div class=\"elementor-column elementor-col-25 elementor-top-column elementor-element elementor-element-64b7ce82 elementor-hidden-phone\" data-id=\"64b7ce82\" data-element_type=\"column\" data-e-type=\"column\">\n\t\t\t<div class=\"elementor-widget-wrap\">\n\t\t\t\t\t\t\t<\/div>\n\t\t<\/div>\n\t\t\t\t\t<\/div>\n\t\t<\/section>\n\t\t\t\t<\/div>\n\t\t","protected":false},"excerpt":{"rendered":"<p>Im Jahr 2025 muss We-Building mit einer K\u00fcrzung von 22,26\u202f% der F\u00f6rdermittel f\u00fcr Bildungsprojekte rechnen. Jede Spende z\u00e4hlt 100% goes into our current projects Jede Spende ist steuerlich absetzbar Sie helfen, eine sozial, \u00f6kologisch und wirtschaftlich gerechtere Zukunft zu gestalten JETZT SPENDEN! Der Verein We-Building e.V. erhielt vom Finanzamt f\u00fcr K\u00f6rperschaften I Berlin die Gemeinn\u00fctzigkeit bescheinigt (Freistellungsbescheid von der K\u00f6rperschaftsteuer). Wir d\u00fcrfen allen Spendern Spendenquittungen ausstellen, damit sie diese Zahlungen steuerlich geltend machen k\u00f6nnen.<\/p>\n","protected":false},"author":1,"featured_media":0,"parent":0,"menu_order":0,"comment_status":"closed","ping_status":"closed","template":"","meta":{"site-sidebar-layout":"no-sidebar","site-content-layout":"page-builder","ast-global-header-display":"","ast-banner-title-visibility":"","ast-main-header-display":"disabled","ast-hfb-above-header-display":"","ast-hfb-below-header-display":"","ast-hfb-mobile-header-display":"","site-post-title":"disabled","ast-breadcrumbs-content":"disabled","ast-featured-img":"disabled","footer-sml-layout":"disabled","theme-transparent-header-meta":"disabled","adv-header-id-meta":"","stick-header-meta":"","header-above-stick-meta":"","header-main-stick-meta":"","header-below-stick-meta":"","footnotes":"","_links_to":"","_links_to_target":""},"class_list":["post-3570","page","type-page","status-publish","hentry"],"yoast_head":"<!-- This site is optimized with the Yoast SEO plugin v26.9 - https:\/\/yoast.com\/product\/yoast-seo-wordpress\/ -->\n<title>Helfen Sie uns, anderen zu helfen - Ihre Spende erm\u00f6glicht soziales Wachstum | WEbuilding<\/title>\n<meta name=\"description\" content=\"Spenden Sie und unterst\u00fctzen Sie eine NGO: Wir arbeiten mit lokalen Nichtregierungsorganisationen zusammen und unterst\u00fctzen sie bei der Entwicklung nachhaltiger Bauprojekte, die Chancen und soziales Wachstum f\u00fcr die lokalen Gemeinschaften schaffen.\" \/>\n<meta name=\"robots\" content=\"index, follow, max-snippet:-1, max-image-preview:large, max-video-preview:-1\" \/>\n<link rel=\"canonical\" href=\"https:\/\/we-building.org\/donate\/\" \/>\n<meta property=\"og:locale\" content=\"de_DE\" \/>\n<meta property=\"og:type\" content=\"article\" \/>\n<meta property=\"og:title\" content=\"Helfen Sie uns, anderen zu helfen - Ihre Spende erm\u00f6glicht soziales Wachstum | WEbuilding\" \/>\n<meta property=\"og:description\" content=\"Spenden Sie und unterst\u00fctzen Sie eine NGO: Wir arbeiten mit lokalen Nichtregierungsorganisationen zusammen und unterst\u00fctzen sie bei der Entwicklung nachhaltiger Bauprojekte, die Chancen und soziales Wachstum f\u00fcr die lokalen Gemeinschaften schaffen.\" \/>\n<meta property=\"og:url\" content=\"https:\/\/we-building.org\/donate\/\" \/>\n<meta property=\"og:site_name\" content=\"WEbuilding\" \/>\n<meta property=\"article:modified_time\" content=\"2025-07-16T11:36:42+00:00\" \/>\n<meta property=\"og:image\" content=\"https:\/\/we-building.org\/wp-content\/uploads\/2025\/07\/Website-banner-eng.png\" \/>\n<meta name=\"twitter:card\" content=\"summary_large_image\" \/>\n<meta name=\"twitter:label1\" content=\"Gesch\u00e4tzte Lesezeit\" \/>\n\t<meta name=\"twitter:data1\" content=\"1 Minute\" \/>\n<script type=\"application\/ld+json\" class=\"yoast-schema-graph\">{\"@context\":\"https:\/\/schema.org\",\"@graph\":[{\"@type\":\"WebPage\",\"@id\":\"https:\/\/we-building.org\/donate\/\",\"url\":\"https:\/\/we-building.org\/donate\/\",\"name\":\"Helfen Sie uns, anderen zu helfen - Ihre Spende erm\u00f6glicht soziales Wachstum | WEbuilding\",\"isPartOf\":{\"@id\":\"https:\/\/we-building.org\/#website\"},\"primaryImageOfPage\":{\"@id\":\"https:\/\/we-building.org\/donate\/#primaryimage\"},\"image\":{\"@id\":\"https:\/\/we-building.org\/donate\/#primaryimage\"},\"thumbnailUrl\":\"https:\/\/we-building.org\/wp-content\/uploads\/2025\/07\/Website-banner-eng.png\",\"datePublished\":\"2020-07-07T07:28:07+00:00\",\"dateModified\":\"2025-07-16T11:36:42+00:00\",\"description\":\"Spenden Sie und unterst\u00fctzen Sie eine NGO: Wir arbeiten mit lokalen Nichtregierungsorganisationen zusammen und unterst\u00fctzen sie bei der Entwicklung nachhaltiger Bauprojekte, die Chancen und soziales Wachstum f\u00fcr die lokalen Gemeinschaften schaffen.\",\"breadcrumb\":{\"@id\":\"https:\/\/we-building.org\/donate\/#breadcrumb\"},\"inLanguage\":\"de-DE\",\"potentialAction\":[{\"@type\":\"ReadAction\",\"target\":[\"https:\/\/we-building.org\/donate\/\"]}]},{\"@type\":\"ImageObject\",\"inLanguage\":\"de-DE\",\"@id\":\"https:\/\/we-building.org\/donate\/#primaryimage\",\"url\":\"https:\/\/we-building.org\/wp-content\/uploads\/2025\/07\/Website-banner-eng.png\",\"contentUrl\":\"https:\/\/we-building.org\/wp-content\/uploads\/2025\/07\/Website-banner-eng.png\"},{\"@type\":\"BreadcrumbList\",\"@id\":\"https:\/\/we-building.org\/donate\/#breadcrumb\",\"itemListElement\":[{\"@type\":\"ListItem\",\"position\":1,\"name\":\"Home\",\"item\":\"https:\/\/we-building.org\/de\/index\/\"},{\"@type\":\"ListItem\",\"position\":2,\"name\":\"Spenden\"}]},{\"@type\":\"WebSite\",\"@id\":\"https:\/\/we-building.org\/#website\",\"url\":\"https:\/\/we-building.org\/\",\"name\":\"WEbuilding\",\"description\":\"Using sustainable architecture to help communities around the world build a better and brighter future.\",\"publisher\":{\"@id\":\"https:\/\/we-building.org\/#organization\"},\"potentialAction\":[{\"@type\":\"SearchAction\",\"target\":{\"@type\":\"EntryPoint\",\"urlTemplate\":\"https:\/\/we-building.org\/?s={search_term_string}\"},\"query-input\":{\"@type\":\"PropertyValueSpecification\",\"valueRequired\":true,\"valueName\":\"search_term_string\"}}],\"inLanguage\":\"de-DE\"},{\"@type\":\"Organization\",\"@id\":\"https:\/\/we-building.org\/#organization\",\"name\":\"WEbuilding\",\"url\":\"https:\/\/we-building.org\/\",\"logo\":{\"@type\":\"ImageObject\",\"inLanguage\":\"de-DE\",\"@id\":\"https:\/\/we-building.org\/#\/schema\/logo\/image\/\",\"url\":\"https:\/\/we-building.org\/wp-content\/uploads\/2020\/02\/cropped-12_Logo-1.png\",\"contentUrl\":\"https:\/\/we-building.org\/wp-content\/uploads\/2020\/02\/cropped-12_Logo-1.png\",\"width\":2288,\"height\":2288,\"caption\":\"WEbuilding\"},\"image\":{\"@id\":\"https:\/\/we-building.org\/#\/schema\/logo\/image\/\"}}]}<\/script>\n<!-- \/ Yoast SEO plugin. -->","yoast_head_json":{"title":"Helfen Sie uns, anderen zu helfen - Ihre Spende erm\u00f6glicht soziales Wachstum | WEbuilding","description":"Spenden Sie und unterst\u00fctzen Sie eine NGO: Wir arbeiten mit lokalen Nichtregierungsorganisationen zusammen und unterst\u00fctzen sie bei der Entwicklung nachhaltiger Bauprojekte, die Chancen und soziales Wachstum f\u00fcr die lokalen Gemeinschaften schaffen.","robots":{"index":"index","follow":"follow","max-snippet":"max-snippet:-1","max-image-preview":"max-image-preview:large","max-video-preview":"max-video-preview:-1"},"canonical":"https:\/\/we-building.org\/donate\/","og_locale":"de_DE","og_type":"article","og_title":"Helfen Sie uns, anderen zu helfen - Ihre Spende erm\u00f6glicht soziales Wachstum | WEbuilding","og_description":"Spenden Sie und unterst\u00fctzen Sie eine NGO: Wir arbeiten mit lokalen Nichtregierungsorganisationen zusammen und unterst\u00fctzen sie bei der Entwicklung nachhaltiger Bauprojekte, die Chancen und soziales Wachstum f\u00fcr die lokalen Gemeinschaften schaffen.","og_url":"https:\/\/we-building.org\/donate\/","og_site_name":"WEbuilding","article_modified_time":"2025-07-16T11:36:42+00:00","og_image":[{"url":"https:\/\/we-building.org\/wp-content\/uploads\/2025\/07\/Website-banner-eng.png","type":"","width":"","height":""}],"twitter_card":"summary_large_image","twitter_misc":{"Gesch\u00e4tzte Lesezeit":"1 Minute"},"schema":{"@context":"https:\/\/schema.org","@graph":[{"@type":"WebPage","@id":"https:\/\/we-building.org\/donate\/","url":"https:\/\/we-building.org\/donate\/","name":"Helfen Sie uns, anderen zu helfen - Ihre Spende erm\u00f6glicht soziales Wachstum | WEbuilding","isPartOf":{"@id":"https:\/\/we-building.org\/#website"},"primaryImageOfPage":{"@id":"https:\/\/we-building.org\/donate\/#primaryimage"},"image":{"@id":"https:\/\/we-building.org\/donate\/#primaryimage"},"thumbnailUrl":"https:\/\/we-building.org\/wp-content\/uploads\/2025\/07\/Website-banner-eng.png","datePublished":"2020-07-07T07:28:07+00:00","dateModified":"2025-07-16T11:36:42+00:00","description":"Spenden Sie und unterst\u00fctzen Sie eine NGO: Wir arbeiten mit lokalen Nichtregierungsorganisationen zusammen und unterst\u00fctzen sie bei der Entwicklung nachhaltiger Bauprojekte, die Chancen und soziales Wachstum f\u00fcr die lokalen Gemeinschaften schaffen.","breadcrumb":{"@id":"https:\/\/we-building.org\/donate\/#breadcrumb"},"inLanguage":"de-DE","potentialAction":[{"@type":"ReadAction","target":["https:\/\/we-building.org\/donate\/"]}]},{"@type":"ImageObject","inLanguage":"de-DE","@id":"https:\/\/we-building.org\/donate\/#primaryimage","url":"https:\/\/we-building.org\/wp-content\/uploads\/2025\/07\/Website-banner-eng.png","contentUrl":"https:\/\/we-building.org\/wp-content\/uploads\/2025\/07\/Website-banner-eng.png"},{"@type":"BreadcrumbList","@id":"https:\/\/we-building.org\/donate\/#breadcrumb","itemListElement":[{"@type":"ListItem","position":1,"name":"Home","item":"https:\/\/we-building.org\/de\/index\/"},{"@type":"ListItem","position":2,"name":"Spenden"}]},{"@type":"WebSite","@id":"https:\/\/we-building.org\/#website","url":"https:\/\/we-building.org\/","name":"WEbuilding","description":"Using sustainable architecture to help communities around the world build a better and brighter future.","publisher":{"@id":"https:\/\/we-building.org\/#organization"},"potentialAction":[{"@type":"SearchAction","target":{"@type":"EntryPoint","urlTemplate":"https:\/\/we-building.org\/?s={search_term_string}"},"query-input":{"@type":"PropertyValueSpecification","valueRequired":true,"valueName":"search_term_string"}}],"inLanguage":"de-DE"},{"@type":"Organization","@id":"https:\/\/we-building.org\/#organization","name":"WEbuilding","url":"https:\/\/we-building.org\/","logo":{"@type":"ImageObject","inLanguage":"de-DE","@id":"https:\/\/we-building.org\/#\/schema\/logo\/image\/","url":"https:\/\/we-building.org\/wp-content\/uploads\/2020\/02\/cropped-12_Logo-1.png","contentUrl":"https:\/\/we-building.org\/wp-content\/uploads\/2020\/02\/cropped-12_Logo-1.png","width":2288,"height":2288,"caption":"WEbuilding"},"image":{"@id":"https:\/\/we-building.org\/#\/schema\/logo\/image\/"}}]}},"_links":{"self":[{"href":"https:\/\/we-building.org\/de\/wp-json\/wp\/v2\/pages\/3570","targetHints":{"allow":["GET"]}}],"collection":[{"href":"https:\/\/we-building.org\/de\/wp-json\/wp\/v2\/pages"}],"about":[{"href":"https:\/\/we-building.org\/de\/wp-json\/wp\/v2\/types\/page"}],"author":[{"embeddable":true,"href":"https:\/\/we-building.org\/de\/wp-json\/wp\/v2\/users\/1"}],"replies":[{"embeddable":true,"href":"https:\/\/we-building.org\/de\/wp-json\/wp\/v2\/comments?post=3570"}],"version-history":[{"count":0,"href":"https:\/\/we-building.org\/de\/wp-json\/wp\/v2\/pages\/3570\/revisions"}],"wp:attachment":[{"href":"https:\/\/we-building.org\/de\/wp-json\/wp\/v2\/media?parent=3570"}],"curies":[{"name":"wp","href":"https:\/\/api.w.org\/{rel}","templated":true}]}}