{"id":3568,"date":"2020-03-11T15:28:33","date_gmt":"2020-03-11T15:28:33","guid":{"rendered":"https:\/\/we-building.org\/greenbuzz\/"},"modified":"2021-03-11T13:49:43","modified_gmt":"2021-03-11T13:49:43","slug":"greenbuzz","status":"publish","type":"page","link":"https:\/\/we-building.org\/de\/greenbuzz\/","title":{"rendered":"greenbuzz"},"content":{"rendered":"\t\t<div data-elementor-type=\"wp-page\" data-elementor-id=\"3568\" class=\"elementor elementor-3568 elementor-1615\" data-elementor-post-type=\"page\">\n\t\t\t\t\t\t<section data-particle_enable=\"false\" data-particle-mobile-disabled=\"false\" class=\"elementor-section elementor-top-section elementor-element elementor-element-4f69a67 elementor-section-full_width elementor-section-height-default elementor-section-height-default\" data-id=\"4f69a67\" data-element_type=\"section\" data-e-type=\"section\">\n\t\t\t\t\t\t<div class=\"elementor-container elementor-column-gap-extended\">\n\t\t\t\t\t<div class=\"elementor-column elementor-col-25 elementor-top-column elementor-element elementor-element-1b68b5d\" data-id=\"1b68b5d\" data-element_type=\"column\" data-e-type=\"column\">\n\t\t\t<div class=\"elementor-widget-wrap\">\n\t\t\t\t\t\t\t<\/div>\n\t\t<\/div>\n\t\t\t\t<div class=\"elementor-column elementor-col-25 elementor-top-column elementor-element elementor-element-55f7de0\" data-id=\"55f7de0\" data-element_type=\"column\" data-e-type=\"column\">\n\t\t\t<div class=\"elementor-widget-wrap elementor-element-populated\">\n\t\t\t\t\t\t<div class=\"elementor-element elementor-element-fe14d34 elementor-widget elementor-widget-text-editor\" data-id=\"fe14d34\" data-element_type=\"widget\" data-e-type=\"widget\" data-widget_type=\"text-editor.default\">\n\t\t\t\t<div class=\"elementor-widget-container\">\n\t\t\t\t\t\t\t\t\t<h1>GreenBuzz article<\/h1>\n<p>Im November 2019 hat uns die unglaubliche Barbara, Volont\u00e4rin bei Greenbuzz und Soonafternoon-Bloggerin, zusammen mit zwei anderen Gruppen eingeladen, unser Wissen beim Greenbuzz Berlin Forum &#8222;Perspectives on Sustainable Architecture&#8220; zu pr\u00e4sentieren und zu teilen. Als Vertreter von WEbuilding in seinem Beruf als Architekt sprach Mitbegr\u00fcnder Ivan Rali\u0161 \u00fcber nachhaltige Architektur, insbesondere im Hinblick auf verarmte Gemeinden und die Projekte, an denen WEbuilding beteiligt ist. Sehen Sie den Artikel <a href=\"https:\/\/greenbuzzberlin.de\/event\/coming-soon-sustainable-architecture\/\" target=\"_blank\" rel=\"noopener\">hier<\/a>.<\/p>\n\t\t\t\t\t\t\t\t<\/div>\n\t\t\t\t<\/div>\n\t\t\t\t\t<\/div>\n\t\t<\/div>\n\t\t\t\t<div class=\"elementor-column elementor-col-25 elementor-top-column elementor-element elementor-element-08bc168\" data-id=\"08bc168\" data-element_type=\"column\" data-e-type=\"column\">\n\t\t\t<div class=\"elementor-widget-wrap elementor-element-populated\">\n\t\t\t\t\t\t<div class=\"elementor-element elementor-element-aea42e2 elementor-widget elementor-widget-image\" data-id=\"aea42e2\" data-element_type=\"widget\" data-e-type=\"widget\" data-widget_type=\"image.default\">\n\t\t\t\t<div class=\"elementor-widget-container\">\n\t\t\t\t\t\t\t\t\t\t\t\t\t\t\t\t<a href=\"https:\/\/greenbuzzberlin.de\/event\/coming-soon-sustainable-architecture\/\">\n\t\t\t\t\t\t\t<img fetchpriority=\"high\" decoding=\"async\" width=\"555\" height=\"524\" src=\"https:\/\/we-building.org\/wp-content\/uploads\/2020\/02\/greenbuzz.png\" class=\"attachment-medium_large size-medium_large wp-image-9006\" alt=\"Greenbuzz-Artikel\" srcset=\"https:\/\/we-building.org\/wp-content\/uploads\/2020\/02\/greenbuzz.png 555w, https:\/\/we-building.org\/wp-content\/uploads\/2020\/02\/greenbuzz-300x283.png 300w\" sizes=\"(max-width: 555px) 100vw, 555px\" \/>\t\t\t\t\t\t\t\t<\/a>\n\t\t\t\t\t\t\t\t\t\t\t\t\t\t\t<\/div>\n\t\t\t\t<\/div>\n\t\t\t\t\t<\/div>\n\t\t<\/div>\n\t\t\t\t<div class=\"elementor-column elementor-col-25 elementor-top-column elementor-element elementor-element-032d8cb\" data-id=\"032d8cb\" data-element_type=\"column\" data-e-type=\"column\">\n\t\t\t<div class=\"elementor-widget-wrap\">\n\t\t\t\t\t\t\t<\/div>\n\t\t<\/div>\n\t\t\t\t\t<\/div>\n\t\t<\/section>\n\t\t\t\t<\/div>\n\t\t","protected":false},"excerpt":{"rendered":"<p>GreenBuzz article Im November 2019 hat uns die unglaubliche Barbara, Volont\u00e4rin bei Greenbuzz und Soonafternoon-Bloggerin, zusammen mit zwei anderen Gruppen eingeladen, unser Wissen beim Greenbuzz Berlin Forum &#8222;Perspectives on Sustainable Architecture&#8220; zu pr\u00e4sentieren und zu teilen. Als Vertreter von WEbuilding in seinem Beruf als Architekt sprach Mitbegr\u00fcnder Ivan Rali\u0161 \u00fcber nachhaltige Architektur, insbesondere im Hinblick auf verarmte Gemeinden und die Projekte, an denen WEbuilding beteiligt ist. Sehen Sie den Artikel hier.<\/p>\n","protected":false},"author":1,"featured_media":0,"parent":0,"menu_order":0,"comment_status":"closed","ping_status":"closed","template":"","meta":{"site-sidebar-layout":"no-sidebar","site-content-layout":"page-builder","ast-global-header-display":"","ast-banner-title-visibility":"","ast-main-header-display":"disabled","ast-hfb-above-header-display":"","ast-hfb-below-header-display":"","ast-hfb-mobile-header-display":"","site-post-title":"disabled","ast-breadcrumbs-content":"disabled","ast-featured-img":"disabled","footer-sml-layout":"disabled","theme-transparent-header-meta":"disabled","adv-header-id-meta":"","stick-header-meta":"","header-above-stick-meta":"","header-main-stick-meta":"","header-below-stick-meta":"","footnotes":"","_links_to":"","_links_to_target":""},"class_list":["post-3568","page","type-page","status-publish","hentry"],"yoast_head":"<!-- This site is optimized with the Yoast SEO plugin v26.9 - https:\/\/yoast.com\/product\/yoast-seo-wordpress\/ -->\n<title>Greenbuzz Artikel - Perspektiven f\u00fcr nachhaltige Architektur | WEbuilding<\/title>\n<meta name=\"description\" content=\"Wir pr\u00e4sentierten und teilten unser Wissen auf dem Greenbuzz Berlin Forum &quot;Perspectives on Sustainable Architecture&quot;. Ivan Rali\u0161 sprach zu diesem Thema, insbesondere im Hinblick auf verarmte Gemeinden und die Projekte, in denen WEbuilding t\u00e4tig ist.\" \/>\n<meta name=\"robots\" content=\"index, follow, max-snippet:-1, max-image-preview:large, max-video-preview:-1\" \/>\n<link rel=\"canonical\" href=\"https:\/\/we-building.org\/de\/greenbuzz\/\" \/>\n<meta property=\"og:locale\" content=\"de_DE\" \/>\n<meta property=\"og:type\" content=\"article\" \/>\n<meta property=\"og:title\" content=\"Greenbuzz Artikel - Perspektiven f\u00fcr nachhaltige Architektur | WEbuilding\" \/>\n<meta property=\"og:description\" content=\"Wir pr\u00e4sentierten und teilten unser Wissen auf dem Greenbuzz Berlin Forum &quot;Perspectives on Sustainable Architecture&quot;. Ivan Rali\u0161 sprach zu diesem Thema, insbesondere im Hinblick auf verarmte Gemeinden und die Projekte, in denen WEbuilding t\u00e4tig ist.\" \/>\n<meta property=\"og:url\" content=\"https:\/\/we-building.org\/de\/greenbuzz\/\" \/>\n<meta property=\"og:site_name\" content=\"WEbuilding\" \/>\n<meta property=\"article:modified_time\" content=\"2021-03-11T13:49:43+00:00\" \/>\n<meta property=\"og:image\" content=\"https:\/\/we-building.org\/wp-content\/uploads\/2020\/02\/greenbuzz.png\" \/>\n<meta name=\"twitter:card\" content=\"summary_large_image\" \/>\n<script type=\"application\/ld+json\" class=\"yoast-schema-graph\">{\"@context\":\"https:\/\/schema.org\",\"@graph\":[{\"@type\":\"WebPage\",\"@id\":\"https:\/\/we-building.org\/de\/greenbuzz\/\",\"url\":\"https:\/\/we-building.org\/de\/greenbuzz\/\",\"name\":\"Greenbuzz Artikel - Perspektiven f\u00fcr nachhaltige Architektur | WEbuilding\",\"isPartOf\":{\"@id\":\"https:\/\/we-building.org\/#website\"},\"primaryImageOfPage\":{\"@id\":\"https:\/\/we-building.org\/de\/greenbuzz\/#primaryimage\"},\"image\":{\"@id\":\"https:\/\/we-building.org\/de\/greenbuzz\/#primaryimage\"},\"thumbnailUrl\":\"https:\/\/we-building.org\/wp-content\/uploads\/2020\/02\/greenbuzz.png\",\"datePublished\":\"2020-03-11T15:28:33+00:00\",\"dateModified\":\"2021-03-11T13:49:43+00:00\",\"description\":\"Wir pr\u00e4sentierten und teilten unser Wissen auf dem Greenbuzz Berlin Forum \\\"Perspectives on Sustainable Architecture\\\". Ivan Rali\u0161 sprach zu diesem Thema, insbesondere im Hinblick auf verarmte Gemeinden und die Projekte, in denen WEbuilding t\u00e4tig ist.\",\"breadcrumb\":{\"@id\":\"https:\/\/we-building.org\/de\/greenbuzz\/#breadcrumb\"},\"inLanguage\":\"de-DE\",\"potentialAction\":[{\"@type\":\"ReadAction\",\"target\":[\"https:\/\/we-building.org\/de\/greenbuzz\/\"]}]},{\"@type\":\"ImageObject\",\"inLanguage\":\"de-DE\",\"@id\":\"https:\/\/we-building.org\/de\/greenbuzz\/#primaryimage\",\"url\":\"https:\/\/we-building.org\/wp-content\/uploads\/2020\/02\/greenbuzz.png\",\"contentUrl\":\"https:\/\/we-building.org\/wp-content\/uploads\/2020\/02\/greenbuzz.png\"},{\"@type\":\"BreadcrumbList\",\"@id\":\"https:\/\/we-building.org\/de\/greenbuzz\/#breadcrumb\",\"itemListElement\":[{\"@type\":\"ListItem\",\"position\":1,\"name\":\"Home\",\"item\":\"https:\/\/we-building.org\/de\/index\/\"},{\"@type\":\"ListItem\",\"position\":2,\"name\":\"greenbuzz\"}]},{\"@type\":\"WebSite\",\"@id\":\"https:\/\/we-building.org\/#website\",\"url\":\"https:\/\/we-building.org\/\",\"name\":\"WEbuilding\",\"description\":\"Using sustainable architecture to help communities around the world build a better and brighter future.\",\"publisher\":{\"@id\":\"https:\/\/we-building.org\/#organization\"},\"potentialAction\":[{\"@type\":\"SearchAction\",\"target\":{\"@type\":\"EntryPoint\",\"urlTemplate\":\"https:\/\/we-building.org\/?s={search_term_string}\"},\"query-input\":{\"@type\":\"PropertyValueSpecification\",\"valueRequired\":true,\"valueName\":\"search_term_string\"}}],\"inLanguage\":\"de-DE\"},{\"@type\":\"Organization\",\"@id\":\"https:\/\/we-building.org\/#organization\",\"name\":\"WEbuilding\",\"url\":\"https:\/\/we-building.org\/\",\"logo\":{\"@type\":\"ImageObject\",\"inLanguage\":\"de-DE\",\"@id\":\"https:\/\/we-building.org\/#\/schema\/logo\/image\/\",\"url\":\"https:\/\/we-building.org\/wp-content\/uploads\/2020\/02\/cropped-12_Logo-1.png\",\"contentUrl\":\"https:\/\/we-building.org\/wp-content\/uploads\/2020\/02\/cropped-12_Logo-1.png\",\"width\":2288,\"height\":2288,\"caption\":\"WEbuilding\"},\"image\":{\"@id\":\"https:\/\/we-building.org\/#\/schema\/logo\/image\/\"}}]}<\/script>\n<!-- \/ Yoast SEO plugin. -->","yoast_head_json":{"title":"Greenbuzz Artikel - Perspektiven f\u00fcr nachhaltige Architektur | WEbuilding","description":"Wir pr\u00e4sentierten und teilten unser Wissen auf dem Greenbuzz Berlin Forum \"Perspectives on Sustainable Architecture\". Ivan Rali\u0161 sprach zu diesem Thema, insbesondere im Hinblick auf verarmte Gemeinden und die Projekte, in denen WEbuilding t\u00e4tig ist.","robots":{"index":"index","follow":"follow","max-snippet":"max-snippet:-1","max-image-preview":"max-image-preview:large","max-video-preview":"max-video-preview:-1"},"canonical":"https:\/\/we-building.org\/de\/greenbuzz\/","og_locale":"de_DE","og_type":"article","og_title":"Greenbuzz Artikel - Perspektiven f\u00fcr nachhaltige Architektur | WEbuilding","og_description":"Wir pr\u00e4sentierten und teilten unser Wissen auf dem Greenbuzz Berlin Forum \"Perspectives on Sustainable Architecture\". Ivan Rali\u0161 sprach zu diesem Thema, insbesondere im Hinblick auf verarmte Gemeinden und die Projekte, in denen WEbuilding t\u00e4tig ist.","og_url":"https:\/\/we-building.org\/de\/greenbuzz\/","og_site_name":"WEbuilding","article_modified_time":"2021-03-11T13:49:43+00:00","og_image":[{"url":"https:\/\/we-building.org\/wp-content\/uploads\/2020\/02\/greenbuzz.png","type":"","width":"","height":""}],"twitter_card":"summary_large_image","schema":{"@context":"https:\/\/schema.org","@graph":[{"@type":"WebPage","@id":"https:\/\/we-building.org\/de\/greenbuzz\/","url":"https:\/\/we-building.org\/de\/greenbuzz\/","name":"Greenbuzz Artikel - Perspektiven f\u00fcr nachhaltige Architektur | WEbuilding","isPartOf":{"@id":"https:\/\/we-building.org\/#website"},"primaryImageOfPage":{"@id":"https:\/\/we-building.org\/de\/greenbuzz\/#primaryimage"},"image":{"@id":"https:\/\/we-building.org\/de\/greenbuzz\/#primaryimage"},"thumbnailUrl":"https:\/\/we-building.org\/wp-content\/uploads\/2020\/02\/greenbuzz.png","datePublished":"2020-03-11T15:28:33+00:00","dateModified":"2021-03-11T13:49:43+00:00","description":"Wir pr\u00e4sentierten und teilten unser Wissen auf dem Greenbuzz Berlin Forum \"Perspectives on Sustainable Architecture\". Ivan Rali\u0161 sprach zu diesem Thema, insbesondere im Hinblick auf verarmte Gemeinden und die Projekte, in denen WEbuilding t\u00e4tig ist.","breadcrumb":{"@id":"https:\/\/we-building.org\/de\/greenbuzz\/#breadcrumb"},"inLanguage":"de-DE","potentialAction":[{"@type":"ReadAction","target":["https:\/\/we-building.org\/de\/greenbuzz\/"]}]},{"@type":"ImageObject","inLanguage":"de-DE","@id":"https:\/\/we-building.org\/de\/greenbuzz\/#primaryimage","url":"https:\/\/we-building.org\/wp-content\/uploads\/2020\/02\/greenbuzz.png","contentUrl":"https:\/\/we-building.org\/wp-content\/uploads\/2020\/02\/greenbuzz.png"},{"@type":"BreadcrumbList","@id":"https:\/\/we-building.org\/de\/greenbuzz\/#breadcrumb","itemListElement":[{"@type":"ListItem","position":1,"name":"Home","item":"https:\/\/we-building.org\/de\/index\/"},{"@type":"ListItem","position":2,"name":"greenbuzz"}]},{"@type":"WebSite","@id":"https:\/\/we-building.org\/#website","url":"https:\/\/we-building.org\/","name":"WEbuilding","description":"Using sustainable architecture to help communities around the world build a better and brighter future.","publisher":{"@id":"https:\/\/we-building.org\/#organization"},"potentialAction":[{"@type":"SearchAction","target":{"@type":"EntryPoint","urlTemplate":"https:\/\/we-building.org\/?s={search_term_string}"},"query-input":{"@type":"PropertyValueSpecification","valueRequired":true,"valueName":"search_term_string"}}],"inLanguage":"de-DE"},{"@type":"Organization","@id":"https:\/\/we-building.org\/#organization","name":"WEbuilding","url":"https:\/\/we-building.org\/","logo":{"@type":"ImageObject","inLanguage":"de-DE","@id":"https:\/\/we-building.org\/#\/schema\/logo\/image\/","url":"https:\/\/we-building.org\/wp-content\/uploads\/2020\/02\/cropped-12_Logo-1.png","contentUrl":"https:\/\/we-building.org\/wp-content\/uploads\/2020\/02\/cropped-12_Logo-1.png","width":2288,"height":2288,"caption":"WEbuilding"},"image":{"@id":"https:\/\/we-building.org\/#\/schema\/logo\/image\/"}}]}},"_links":{"self":[{"href":"https:\/\/we-building.org\/de\/wp-json\/wp\/v2\/pages\/3568","targetHints":{"allow":["GET"]}}],"collection":[{"href":"https:\/\/we-building.org\/de\/wp-json\/wp\/v2\/pages"}],"about":[{"href":"https:\/\/we-building.org\/de\/wp-json\/wp\/v2\/types\/page"}],"author":[{"embeddable":true,"href":"https:\/\/we-building.org\/de\/wp-json\/wp\/v2\/users\/1"}],"replies":[{"embeddable":true,"href":"https:\/\/we-building.org\/de\/wp-json\/wp\/v2\/comments?post=3568"}],"version-history":[{"count":0,"href":"https:\/\/we-building.org\/de\/wp-json\/wp\/v2\/pages\/3568\/revisions"}],"wp:attachment":[{"href":"https:\/\/we-building.org\/de\/wp-json\/wp\/v2\/media?parent=3568"}],"curies":[{"name":"wp","href":"https:\/\/api.w.org\/{rel}","templated":true}]}}