{"id":13477,"date":"2025-01-21T10:32:48","date_gmt":"2025-01-21T10:32:48","guid":{"rendered":"https:\/\/we-building.org\/?page_id=13477"},"modified":"2025-02-04T13:23:03","modified_gmt":"2025-02-04T13:23:03","slug":"materialien","status":"publish","type":"page","link":"https:\/\/we-building.org\/de\/materialien\/","title":{"rendered":"Bildungsmaterialien und Hintergrundwissen"},"content":{"rendered":"\t\t<div data-elementor-type=\"wp-page\" data-elementor-id=\"13477\" class=\"elementor elementor-13477\" data-elementor-post-type=\"page\">\n\t\t\t\t\t\t<section data-particle_enable=\"false\" data-particle-mobile-disabled=\"false\" class=\"elementor-section elementor-top-section elementor-element elementor-element-4f69a67 elementor-section-full_width elementor-section-height-default elementor-section-height-default\" data-id=\"4f69a67\" data-element_type=\"section\" data-e-type=\"section\">\n\t\t\t\t\t\t<div class=\"elementor-container elementor-column-gap-extended\">\n\t\t\t\t\t<div class=\"elementor-column elementor-col-33 elementor-top-column elementor-element elementor-element-1b68b5d\" data-id=\"1b68b5d\" data-element_type=\"column\" data-e-type=\"column\">\n\t\t\t<div class=\"elementor-widget-wrap\">\n\t\t\t\t\t\t\t<\/div>\n\t\t<\/div>\n\t\t\t\t<div class=\"elementor-column elementor-col-33 elementor-top-column elementor-element elementor-element-55f7de0\" data-id=\"55f7de0\" data-element_type=\"column\" data-e-type=\"column\">\n\t\t\t<div class=\"elementor-widget-wrap elementor-element-populated\">\n\t\t\t\t\t\t<div class=\"elementor-element elementor-element-fe14d34 elementor-widget elementor-widget-text-editor\" data-id=\"fe14d34\" data-element_type=\"widget\" data-e-type=\"widget\" data-widget_type=\"text-editor.default\">\n\t\t\t\t<div class=\"elementor-widget-container\">\n\t\t\t\t\t\t\t\t\t<h1 style=\"text-align: left;\">Hintergrundwissen und Bildungsmaterialien<\/h1>\n<p style=\"text-align: left;\">Hier finden Sie Ressourcen zum Thema Nachhaltiges Bauen, die Sie eigenst\u00e4ndig im Unterricht nutzen k\u00f6nnen. Sie sind vor allem f\u00fcr die Sekundarstufe und Berufsschule geeignet.*<\/p>\n&nbsp;\n<h2><span data-token-index=\"0\">Hintergrundwissen<\/span><\/h2>\n<p style=\"text-align: left;\">Als Einstieg in das Thema empfehlen wir diese drei Dokumente.<\/p>\n<br>\n<p style=\"text-align: left;\"><strong>\u00dcberm\u00e4\u00dfiger Verbrauch im Geb\u00e4udesektor &#8211; <a href=\"https:\/\/we-building.org\/wp-content\/uploads\/2025\/01\/Ubermasiger-Verbrauch-im-Bausektor.pdf\">PDF<\/a>\n<\/strong><\/p>\n<p style=\"text-align: left;\"><strong>Bausektor ist ein Haupttreiber fu\u0308r den Klimawandel &#8211; <a href=\"https:\/\/we-building.org\/wp-content\/uploads\/2025\/01\/Bausektor-ist-ein-Haupttreiber-fur-den-Klimawandel.pdf\">PDF<\/a>\n<\/strong><\/p>\n<p style=\"text-align: left;\"><strong>Nachhaltiges Bauen im globalen Kontext &#8211; <a href=\"https:\/\/we-building.org\/wp-content\/uploads\/2025\/01\/Nachhaltiges-Bauen-im-globalen-Kontext.pdf\">PDF<\/a>\n<\/strong><\/p>\n&nbsp;\n<h2>Bildungsmaterialien<\/h2>\n<p style=\"text-align: left;\"><strong>Aus dem Workshop \u201c<a href=\"https:\/\/we-building.org\/de\/bildungsprojekte\/\">Weltreise &#8211; Geschichten von Baurohstoffen und Menschenrechten<\/a>\u201d<\/strong><\/p>\n<p style=\"text-align: left;\">In diesem Quiz erfahren Sch\u00fcler:innen, wie enorm der Bedarf an neuen Geb\u00e4uden bis 2060, welche Gr\u00fcnde das hat und was das in Bezug auf Baurohstoffe bedeutet.<\/p>\n<p style=\"text-align: left; padding-left: 40px;\"><strong>Quiz zu Bevo\u0308lkerungswachstum, Geba\u0308udebedarf und Baurohstoffen &#8211; <a href=\"https:\/\/we-building.org\/wp-content\/uploads\/2025\/02\/Quiz-zu-Bevolkerungswachstum-Gebaudebedarf-und-Baurohstoffen.pdf\">PDF<\/a>\n<\/strong><\/p>\n<p><br><\/p>\n<p style=\"text-align: left;\">Mehr \u00fcber die Menschenrechte, die Lieferketten von Kalkstein und Eisenerz sowie aktuelle Lieferkettengesetze k\u00f6nnen Sch\u00fcler:innen selbstst\u00e4ndig anhand dieser Padlets erkunden.<\/p>\n\n<ul>\n \t<li><a href=\"https:\/\/padlet.com\/hannah1524\/ein-blick-in-die-geschichte-37mylqybpu3dzdii\/slideshow\"><strong>Ein Blick in die Geschichte<\/strong> <\/a>Ausbeutung, Menschenrechte und die ILO-Kernarbeitsnormen<\/li>\n \t<li><a href=\"https:\/\/padlet.com\/hannah1524\/dem-eisenerz-auf-der-spur-ttcnwzkr8unv6zys\/slideshow\"><strong>Dem Eisenerz auf der Spur<\/strong><\/a> Welche Probleme f\u00fcr Mensch und Natur werden durch den Abbau von Eisenerz f\u00fcr die Stahlproduktion verursacht?<\/li>\n \t<li><a href=\"https:\/\/padlet.com\/hannah1524\/dem-kalkstein-auf-der-spur-hfi5zsjt0a25hgm7\/slideshow\"><strong>Dem Kalkstein auf der Spur<\/strong><\/a> Welche Probleme f\u00fcr Mensch und Natur werden durch den Abbau von Kalkstein f\u00fcr die Zementproduktion verursacht?<\/li>\n \t<li><a href=\"https:\/\/padlet.com\/bildung140\/lieferkettengesetze-7fyga3tyy63forqt\/slideshow\"><strong>Lieferkettengesetze<\/strong><\/a> Ein m\u00f6glicher L\u00f6sungsansatz im Kampf gegen Ausbeutung?<\/li>\n<\/ul>\n&nbsp;\n<p style=\"text-align: left;\"><strong><span data-token-index=\"0\">Aus dem Workshop \u201c<a href=\"https:\/\/we-building.org\/de\/bildungsprojekte\/\">Architekturwettbewerb &#8211; Nachhaltig Bauen<\/a>\u201d<\/span><\/strong><\/p>\n<p style=\"text-align: left;\">In diesem Workshop errichten die Sch\u00fcler:innen eigene Modelle f\u00fcr einen Schulneubau in Berlin. Dabei haben sie die Aufgabe, Baumaterialien auszuw\u00e4hlen und dabei zwischen Kosten und Treibhausgasemissionen der Materialien abzuw\u00e4gen.<\/p>\n<p style=\"text-align: left; padding-left: 40px;\"><strong>Architekturwettbewerb Aufgabenblatt &#8211; <a href=\"https:\/\/we-building.org\/wp-content\/uploads\/2025\/02\/Architekturwettbewerb_Aufgabenblatt.pdf\">PDF<\/a><\/strong><\/p>\n<p style=\"text-align: left; padding-left: 40px;\">Im Aufgabenblatt gibt es alle n\u00f6tigen Informationen und Tabellen f\u00fcr die Kalkulationen.<\/p>\n<p style=\"text-align: left; padding-left: 40px;\">Auf dieser Webseite gibt es weitere Informationen zu den Emissionen, die bei der Herstellung verschiedener Baumaterialien entstehen: <a class=\"notion-link-token notion-focusable-token notion-enable-hover\" tabindex=\"0\" href=\"https:\/\/www.materialepyramiden.dk\/\" rel=\"noopener noreferrer\" data-token-index=\"1\"><span class=\"link-annotation-unknown-block-id-431276027\">https:\/\/www.materialepyramiden.dk<\/span><\/a><\/p>\n&nbsp;\n<p style=\"text-align: left;\"><strong><span data-token-index=\"0\">Aus dem Workshop \u201c<a href=\"https:\/\/we-building.org\/de\/bildungsprojekte\/\">Umbau statt Abriss &#8211; Altbau neu gestalten<\/a>\u201d<\/span><\/strong><\/p>\n<p style=\"text-align: left;\"><span class=\"notion-enable-hover\" data-token-index=\"0\">In diesem Workshop lernen die Teilnehmenden die Auswirkungen des Bau- und Geb\u00e4udesektors und probieren praktisch einen L\u00f6sungsansatz aus: ein Umbauprojekt. Dabei planen sie den Umbau der ehemaligen Jesus-Kirche in Berlin unter Beachtung sozialer, \u00f6kologischer und \u00f6konomischer Nachhaltigkeitsaspekte. Hier k\u00f6nnen Sie auf ein Quiz zugreifen, welches vor dem Praxisteil durchgef\u00fchrt wird. <\/span><\/p>\n<p style=\"text-align: left; padding-left: 40px;\"><strong>Quiz Umbau statt Abriss Fakten zu Leerstand, Abriss und Neubau &#8211; <a href=\"https:\/\/we-building.org\/wp-content\/uploads\/2025\/02\/Quiz_Umbau-statt-Abriss.-Fakten-zu-Leerstand-Abriss-und-Neubau.pdf\">PDF<\/a>\n<\/strong><\/p>\n<strong>\u00a0<\/strong>\n\n<hr \/>\n\n&nbsp;\n\n<hr \/>\n<p style=\"text-align: left;\">*<span data-token-index=\"0\">F\u00fcr Grundschulen wird es den n\u00e4chsten Jahren physische Materialien geben, die ausgeliehen werden k\u00f6nnen.<\/span><\/p>\t\t\t\t\t\t\t\t<\/div>\n\t\t\t\t<\/div>\n\t\t\t\t\t<\/div>\n\t\t<\/div>\n\t\t\t\t<div class=\"elementor-column elementor-col-33 elementor-top-column elementor-element elementor-element-032d8cb\" data-id=\"032d8cb\" data-element_type=\"column\" data-e-type=\"column\">\n\t\t\t<div class=\"elementor-widget-wrap\">\n\t\t\t\t\t\t\t<\/div>\n\t\t<\/div>\n\t\t\t\t\t<\/div>\n\t\t<\/section>\n\t\t\t\t<\/div>\n\t\t","protected":false},"excerpt":{"rendered":"<p>Hintergrundwissen und Bildungsmaterialien Hier finden Sie Ressourcen zum Thema Nachhaltiges Bauen, die Sie eigenst\u00e4ndig im Unterricht nutzen k\u00f6nnen. Sie sind vor allem f\u00fcr die Sekundarstufe und Berufsschule geeignet.* &nbsp; Hintergrundwissen Als Einstieg in das Thema empfehlen wir diese drei Dokumente. \u00dcberm\u00e4\u00dfiger Verbrauch im Geb\u00e4udesektor &#8211; PDF Bausektor ist ein Haupttreiber fu\u0308r den Klimawandel &#8211; PDF Nachhaltiges Bauen im globalen Kontext &#8211; PDF &nbsp; Bildungsmaterialien Aus dem Workshop \u201cWeltreise &#8211; Geschichten von Baurohstoffen und Menschenrechten\u201d In diesem Quiz erfahren Sch\u00fcler:innen, wie enorm der Bedarf an neuen Geb\u00e4uden bis 2060, welche Gr\u00fcnde das hat und was das in Bezug auf Baurohstoffe bedeutet. Quiz zu Bevo\u0308lkerungswachstum, &hellip;<\/p>\n<p class=\"read-more\"> <a class=\"\" href=\"https:\/\/we-building.org\/de\/materialien\/\"> <span class=\"screen-reader-text\">Bildungsmaterialien und Hintergrundwissen<\/span> &#8230;<\/a><\/p>\n","protected":false},"author":1,"featured_media":0,"parent":0,"menu_order":0,"comment_status":"closed","ping_status":"closed","template":"","meta":{"site-sidebar-layout":"no-sidebar","site-content-layout":"page-builder","ast-global-header-display":"","ast-banner-title-visibility":"","ast-main-header-display":"disabled","ast-hfb-above-header-display":"","ast-hfb-below-header-display":"","ast-hfb-mobile-header-display":"","site-post-title":"disabled","ast-breadcrumbs-content":"disabled","ast-featured-img":"disabled","footer-sml-layout":"disabled","theme-transparent-header-meta":"disabled","adv-header-id-meta":"","stick-header-meta":"","header-above-stick-meta":"","header-main-stick-meta":"","header-below-stick-meta":"","footnotes":"","_links_to":"","_links_to_target":""},"class_list":["post-13477","page","type-page","status-publish","hentry"],"yoast_head":"<!-- This site is optimized with the Yoast SEO plugin v26.9 - https:\/\/yoast.com\/product\/yoast-seo-wordpress\/ -->\n<title>Hintergrundwissen und Bildungsmaterialien | WEbuilding<\/title>\n<meta name=\"description\" content=\"Hintergrundwissen und Bildungsmaterialien zum Thema nachhaltiges Bauen\" \/>\n<meta name=\"robots\" content=\"index, follow, max-snippet:-1, max-image-preview:large, max-video-preview:-1\" \/>\n<link rel=\"canonical\" href=\"https:\/\/we-building.org\/de\/materialien\/\" \/>\n<meta property=\"og:locale\" content=\"de_DE\" \/>\n<meta property=\"og:type\" content=\"article\" \/>\n<meta property=\"og:title\" content=\"Hintergrundwissen und Bildungsmaterialien | WEbuilding\" \/>\n<meta property=\"og:description\" content=\"Hintergrundwissen und Bildungsmaterialien zum Thema nachhaltiges Bauen\" \/>\n<meta property=\"og:url\" content=\"https:\/\/we-building.org\/de\/materialien\/\" \/>\n<meta property=\"og:site_name\" content=\"WEbuilding\" \/>\n<meta property=\"article:modified_time\" content=\"2025-02-04T13:23:03+00:00\" \/>\n<meta name=\"twitter:card\" content=\"summary_large_image\" \/>\n<meta name=\"twitter:label1\" content=\"Gesch\u00e4tzte Lesezeit\" \/>\n\t<meta name=\"twitter:data1\" content=\"2 Minuten\" \/>\n<script type=\"application\/ld+json\" class=\"yoast-schema-graph\">{\"@context\":\"https:\/\/schema.org\",\"@graph\":[{\"@type\":\"WebPage\",\"@id\":\"https:\/\/we-building.org\/de\/materialien\/\",\"url\":\"https:\/\/we-building.org\/de\/materialien\/\",\"name\":\"Hintergrundwissen und Bildungsmaterialien | WEbuilding\",\"isPartOf\":{\"@id\":\"https:\/\/we-building.org\/#website\"},\"datePublished\":\"2025-01-21T10:32:48+00:00\",\"dateModified\":\"2025-02-04T13:23:03+00:00\",\"description\":\"Hintergrundwissen und Bildungsmaterialien zum Thema nachhaltiges Bauen\",\"breadcrumb\":{\"@id\":\"https:\/\/we-building.org\/de\/materialien\/#breadcrumb\"},\"inLanguage\":\"de-DE\",\"potentialAction\":[{\"@type\":\"ReadAction\",\"target\":[\"https:\/\/we-building.org\/de\/materialien\/\"]}]},{\"@type\":\"BreadcrumbList\",\"@id\":\"https:\/\/we-building.org\/de\/materialien\/#breadcrumb\",\"itemListElement\":[{\"@type\":\"ListItem\",\"position\":1,\"name\":\"Home\",\"item\":\"https:\/\/we-building.org\/de\/index\/\"},{\"@type\":\"ListItem\",\"position\":2,\"name\":\"Bildungsmaterialien und Hintergrundwissen\"}]},{\"@type\":\"WebSite\",\"@id\":\"https:\/\/we-building.org\/#website\",\"url\":\"https:\/\/we-building.org\/\",\"name\":\"WEbuilding\",\"description\":\"Using sustainable architecture to help communities around the world build a better and brighter future.\",\"publisher\":{\"@id\":\"https:\/\/we-building.org\/#organization\"},\"potentialAction\":[{\"@type\":\"SearchAction\",\"target\":{\"@type\":\"EntryPoint\",\"urlTemplate\":\"https:\/\/we-building.org\/?s={search_term_string}\"},\"query-input\":{\"@type\":\"PropertyValueSpecification\",\"valueRequired\":true,\"valueName\":\"search_term_string\"}}],\"inLanguage\":\"de-DE\"},{\"@type\":\"Organization\",\"@id\":\"https:\/\/we-building.org\/#organization\",\"name\":\"WEbuilding\",\"url\":\"https:\/\/we-building.org\/\",\"logo\":{\"@type\":\"ImageObject\",\"inLanguage\":\"de-DE\",\"@id\":\"https:\/\/we-building.org\/#\/schema\/logo\/image\/\",\"url\":\"https:\/\/we-building.org\/wp-content\/uploads\/2020\/02\/cropped-12_Logo-1.png\",\"contentUrl\":\"https:\/\/we-building.org\/wp-content\/uploads\/2020\/02\/cropped-12_Logo-1.png\",\"width\":2288,\"height\":2288,\"caption\":\"WEbuilding\"},\"image\":{\"@id\":\"https:\/\/we-building.org\/#\/schema\/logo\/image\/\"}}]}<\/script>\n<!-- \/ Yoast SEO plugin. -->","yoast_head_json":{"title":"Hintergrundwissen und Bildungsmaterialien | WEbuilding","description":"Hintergrundwissen und Bildungsmaterialien zum Thema nachhaltiges Bauen","robots":{"index":"index","follow":"follow","max-snippet":"max-snippet:-1","max-image-preview":"max-image-preview:large","max-video-preview":"max-video-preview:-1"},"canonical":"https:\/\/we-building.org\/de\/materialien\/","og_locale":"de_DE","og_type":"article","og_title":"Hintergrundwissen und Bildungsmaterialien | WEbuilding","og_description":"Hintergrundwissen und Bildungsmaterialien zum Thema nachhaltiges Bauen","og_url":"https:\/\/we-building.org\/de\/materialien\/","og_site_name":"WEbuilding","article_modified_time":"2025-02-04T13:23:03+00:00","twitter_card":"summary_large_image","twitter_misc":{"Gesch\u00e4tzte Lesezeit":"2 Minuten"},"schema":{"@context":"https:\/\/schema.org","@graph":[{"@type":"WebPage","@id":"https:\/\/we-building.org\/de\/materialien\/","url":"https:\/\/we-building.org\/de\/materialien\/","name":"Hintergrundwissen und Bildungsmaterialien | WEbuilding","isPartOf":{"@id":"https:\/\/we-building.org\/#website"},"datePublished":"2025-01-21T10:32:48+00:00","dateModified":"2025-02-04T13:23:03+00:00","description":"Hintergrundwissen und Bildungsmaterialien zum Thema nachhaltiges Bauen","breadcrumb":{"@id":"https:\/\/we-building.org\/de\/materialien\/#breadcrumb"},"inLanguage":"de-DE","potentialAction":[{"@type":"ReadAction","target":["https:\/\/we-building.org\/de\/materialien\/"]}]},{"@type":"BreadcrumbList","@id":"https:\/\/we-building.org\/de\/materialien\/#breadcrumb","itemListElement":[{"@type":"ListItem","position":1,"name":"Home","item":"https:\/\/we-building.org\/de\/index\/"},{"@type":"ListItem","position":2,"name":"Bildungsmaterialien und Hintergrundwissen"}]},{"@type":"WebSite","@id":"https:\/\/we-building.org\/#website","url":"https:\/\/we-building.org\/","name":"WEbuilding","description":"Using sustainable architecture to help communities around the world build a better and brighter future.","publisher":{"@id":"https:\/\/we-building.org\/#organization"},"potentialAction":[{"@type":"SearchAction","target":{"@type":"EntryPoint","urlTemplate":"https:\/\/we-building.org\/?s={search_term_string}"},"query-input":{"@type":"PropertyValueSpecification","valueRequired":true,"valueName":"search_term_string"}}],"inLanguage":"de-DE"},{"@type":"Organization","@id":"https:\/\/we-building.org\/#organization","name":"WEbuilding","url":"https:\/\/we-building.org\/","logo":{"@type":"ImageObject","inLanguage":"de-DE","@id":"https:\/\/we-building.org\/#\/schema\/logo\/image\/","url":"https:\/\/we-building.org\/wp-content\/uploads\/2020\/02\/cropped-12_Logo-1.png","contentUrl":"https:\/\/we-building.org\/wp-content\/uploads\/2020\/02\/cropped-12_Logo-1.png","width":2288,"height":2288,"caption":"WEbuilding"},"image":{"@id":"https:\/\/we-building.org\/#\/schema\/logo\/image\/"}}]}},"_links":{"self":[{"href":"https:\/\/we-building.org\/de\/wp-json\/wp\/v2\/pages\/13477","targetHints":{"allow":["GET"]}}],"collection":[{"href":"https:\/\/we-building.org\/de\/wp-json\/wp\/v2\/pages"}],"about":[{"href":"https:\/\/we-building.org\/de\/wp-json\/wp\/v2\/types\/page"}],"author":[{"embeddable":true,"href":"https:\/\/we-building.org\/de\/wp-json\/wp\/v2\/users\/1"}],"replies":[{"embeddable":true,"href":"https:\/\/we-building.org\/de\/wp-json\/wp\/v2\/comments?post=13477"}],"version-history":[{"count":1,"href":"https:\/\/we-building.org\/de\/wp-json\/wp\/v2\/pages\/13477\/revisions"}],"predecessor-version":[{"id":15537,"href":"https:\/\/we-building.org\/de\/wp-json\/wp\/v2\/pages\/13477\/revisions\/15537"}],"wp:attachment":[{"href":"https:\/\/we-building.org\/de\/wp-json\/wp\/v2\/media?parent=13477"}],"curies":[{"name":"wp","href":"https:\/\/api.w.org\/{rel}","templated":true}]}}