{"id":12026,"date":"2023-07-31T12:59:22","date_gmt":"2023-07-31T12:59:22","guid":{"rendered":"https:\/\/we-building.org\/sdg\/"},"modified":"2023-07-31T22:01:22","modified_gmt":"2023-07-31T22:01:22","slug":"sdg","status":"publish","type":"page","link":"https:\/\/we-building.org\/de\/sdg\/","title":{"rendered":"SDG"},"content":{"rendered":"\t\t<div data-elementor-type=\"wp-page\" data-elementor-id=\"12026\" class=\"elementor elementor-12026 elementor-12020\" data-elementor-post-type=\"page\">\n\t\t\t\t\t\t<section data-particle_enable=\"false\" data-particle-mobile-disabled=\"false\" class=\"elementor-section elementor-top-section elementor-element elementor-element-189ca8a elementor-section-full_width elementor-section-height-default elementor-section-height-default\" data-id=\"189ca8a\" data-element_type=\"section\" data-e-type=\"section\" data-settings=\"{&quot;sticky&quot;:&quot;top&quot;,&quot;sticky_offset&quot;:119,&quot;sticky_on&quot;:[&quot;desktop&quot;],&quot;sticky_effects_offset&quot;:0,&quot;sticky_anchor_link_offset&quot;:0}\">\n\t\t\t\t\t\t\t<div class=\"elementor-background-overlay\"><\/div>\n\t\t\t\t\t\t\t<div class=\"elementor-container elementor-column-gap-no\">\n\t\t\t\t\t<div class=\"elementor-column elementor-col-100 elementor-top-column elementor-element elementor-element-3c3ef23\" data-id=\"3c3ef23\" data-element_type=\"column\" data-e-type=\"column\">\n\t\t\t<div class=\"elementor-widget-wrap elementor-element-populated\">\n\t\t\t\t\t\t<div class=\"elementor-element elementor-element-59fe0ba elementor-nav-menu__align-end elementor-nav-menu--dropdown-none elementor-hidden-phone elementor-widget elementor-widget-global elementor-global-2109 elementor-widget-nav-menu\" data-id=\"59fe0ba\" data-element_type=\"widget\" data-e-type=\"widget\" data-settings=\"{&quot;submenu_icon&quot;:{&quot;value&quot;:&quot;&quot;,&quot;library&quot;:&quot;&quot;},&quot;layout&quot;:&quot;horizontal&quot;}\" data-widget_type=\"nav-menu.default\">\n\t\t\t\t<div class=\"elementor-widget-container\">\n\t\t\t\t\t\t\t\t<nav aria-label=\"Menu\" class=\"elementor-nav-menu--main elementor-nav-menu__container elementor-nav-menu--layout-horizontal e--pointer-none\">\n\t\t\t\t<ul id=\"menu-1-59fe0ba\" class=\"elementor-nav-menu\"><li class=\"menu-item menu-item-type-post_type menu-item-object-page menu-item-11999\"><a href=\"https:\/\/we-building.org\/de\/ueber-uns\/\" class=\"elementor-item menu-link\">\u00dcber uns<\/a><\/li>\n<li class=\"menu-item menu-item-type-post_type menu-item-object-page menu-item-11991\"><a href=\"https:\/\/we-building.org\/de\/nachhaltigkeit\/\" class=\"elementor-item menu-link\">Nachhaltigkeit<\/a><\/li>\n<li class=\"menu-item menu-item-type-post_type menu-item-object-page menu-item-8884\"><a href=\"https:\/\/we-building.org\/de\/grundwerte\/\" class=\"elementor-item menu-link\">Grundwerte<\/a><\/li>\n<li class=\"menu-item menu-item-type-post_type menu-item-object-page menu-item-12029\"><a href=\"https:\/\/we-building.org\/de\/sdg\/\" class=\"elementor-item menu-link\">SDGs<\/a><\/li>\n<li class=\"menu-item menu-item-type-post_type menu-item-object-page menu-item-12774\"><a href=\"https:\/\/we-building.org\/de\/team\/\" class=\"elementor-item menu-link\">Team<\/a><\/li>\n<\/ul>\t\t\t<\/nav>\n\t\t\t\t\t\t<nav class=\"elementor-nav-menu--dropdown elementor-nav-menu__container\" aria-hidden=\"true\">\n\t\t\t\t<ul id=\"menu-2-59fe0ba\" class=\"elementor-nav-menu\"><li class=\"menu-item menu-item-type-post_type menu-item-object-page menu-item-11999\"><a href=\"https:\/\/we-building.org\/de\/ueber-uns\/\" class=\"elementor-item menu-link\" tabindex=\"-1\">\u00dcber uns<\/a><\/li>\n<li class=\"menu-item menu-item-type-post_type menu-item-object-page menu-item-11991\"><a href=\"https:\/\/we-building.org\/de\/nachhaltigkeit\/\" class=\"elementor-item menu-link\" tabindex=\"-1\">Nachhaltigkeit<\/a><\/li>\n<li class=\"menu-item menu-item-type-post_type menu-item-object-page menu-item-8884\"><a href=\"https:\/\/we-building.org\/de\/grundwerte\/\" class=\"elementor-item menu-link\" tabindex=\"-1\">Grundwerte<\/a><\/li>\n<li class=\"menu-item menu-item-type-post_type menu-item-object-page menu-item-12029\"><a href=\"https:\/\/we-building.org\/de\/sdg\/\" class=\"elementor-item menu-link\" tabindex=\"-1\">SDGs<\/a><\/li>\n<li class=\"menu-item menu-item-type-post_type menu-item-object-page menu-item-12774\"><a href=\"https:\/\/we-building.org\/de\/team\/\" class=\"elementor-item menu-link\" tabindex=\"-1\">Team<\/a><\/li>\n<\/ul>\t\t\t<\/nav>\n\t\t\t\t\t\t<\/div>\n\t\t\t\t<\/div>\n\t\t\t\t\t<\/div>\n\t\t<\/div>\n\t\t\t\t\t<\/div>\n\t\t<\/section>\n\t\t<div data-particle_enable=\"false\" data-particle-mobile-disabled=\"false\" class=\"elementor-element elementor-element-f51baec e-flex e-con-boxed e-con e-parent\" data-id=\"f51baec\" data-element_type=\"container\" data-e-type=\"container\">\n\t\t\t\t\t<div class=\"e-con-inner\">\n\t\t\t\t<div class=\"elementor-element elementor-element-858a140 elementor-widget elementor-widget-text-editor\" data-id=\"858a140\" data-element_type=\"widget\" data-e-type=\"widget\" data-widget_type=\"text-editor.default\">\n\t\t\t\t<div class=\"elementor-widget-container\">\n\t\t\t\t\t\t\t\t\t<h1>Ziele f\u00fcr nachhaltige Entwicklung (SDGs)<\/h1>\n\t\t\t\t\t\t\t\t<\/div>\n\t\t\t\t<\/div>\n\t\t\t\t\t<\/div>\n\t\t\t\t<\/div>\n\t\t<div data-particle_enable=\"false\" data-particle-mobile-disabled=\"false\" class=\"elementor-element elementor-element-4b020c2 e-flex e-con-boxed e-con e-parent\" data-id=\"4b020c2\" data-element_type=\"container\" data-e-type=\"container\">\n\t\t\t\t\t<div class=\"e-con-inner\">\n\t\t<div data-particle_enable=\"false\" data-particle-mobile-disabled=\"false\" class=\"elementor-element elementor-element-f570821 e-con-full e-flex e-con e-parent\" data-id=\"f570821\" data-element_type=\"container\" data-e-type=\"container\">\n\t\t\t\t<div class=\"elementor-element elementor-element-c2c4f9e elementor-widget elementor-widget-text-editor\" data-id=\"c2c4f9e\" data-element_type=\"widget\" data-e-type=\"widget\" data-widget_type=\"text-editor.default\">\n\t\t\t\t<div class=\"elementor-widget-container\">\n\t\t\t\t\t\t\t\t\t<p>We-Building leistet mit seiner Arbeit einen Beitrag zur Verwirklichung von Zielen im Rahmen der nachhaltigen Entwicklungsziele (Sustainable Development Goals &#8211; SDG). Um eine m\u00f6glichst positive Wirkung zu erzielen, haben wir beschlossen, uns auf einige spezifische SDGs zu konzentrieren.<\/p>\n<p><strong>SDG 4 &#8211; Hochwertige Bildung<\/strong><\/p>\n<p>Dieses Ziel gew\u00e4hrleistet eine integrative und gerechte Qualit\u00e4tsbildung und f\u00f6rdert M\u00f6glichkeiten des lebenslangen Lernens f\u00fcr alle. Mit dem Bau und der Modernisierung integrativer und sicherer Schulen schaffen wir Infrastruktur f\u00fcr Bildung. Gleichzeitig engagieren wir uns in der Inland Bildungslandschaft mit Workshops zum Thema Bauen und Nachhaltigkeit f\u00fcr Kinder, Jugendliche und Erwachsene, um eine Sensibilit\u00e4t f\u00fcr das Thema zu schaffen.<\/p>\n<p><strong>SDG 11 &#8211; Nachhaltige St\u00e4dte und Gemeinden<\/strong><\/p>\n<p>Ein Ziel von SDG 11 ist, St\u00e4dte, Gemeinde und Siedlungen integrativ, sicher, widerstandsf\u00e4hig und nachhaltig machen. L\u00e4nder, die ihre Infrastruktur aufbauen, sollen unterst\u00fctzt werden mit finanzieller und technischer Hilfe, nachhaltige und widerstandsf\u00e4hige Geb\u00e4ude aus lokalen Materialien zu bauen. Das Ziel stimmt mit unserem Schwerpunkt auf nachhaltiger Architektur \u00fcberein und hilft uns auch, unsere Wirkung auf andere SDGs zu verst\u00e4rken, die sich auf die Linderung von Armut, Ungleichheit, Hunger und den Mangel an nat\u00fcrlichen Ressourcen beziehen.<\/p>\n<p><strong>SDG 13 &#8211; Ma\u00dfnahmen zum Klimaschutz<br \/><\/strong><\/p>\n<p>SDG 13 nimmt den Klimaschutz als auch spezifische Ziele zur Anpassung als Folge des Kilmaschutzes in den Fokus. Durch effektive Planung und effiziente Bauweise unterst\u00fctzen wir menschen- und klimafreundliches Wohnen. Dabei greifen wir, wenn immer m\u00f6glich zur\u00fcck auf schonende Ressourcennutzung, den Einsatz von lokal verf\u00fcgbaren Materialien, vor Ort vorhandenes Know-how sowie umweltfreundliche Baumaterialien.<\/p>\n\t\t\t\t\t\t\t\t<\/div>\n\t\t\t\t<\/div>\n\t\t\t\t<\/div>\n\t\t<div data-particle_enable=\"false\" data-particle-mobile-disabled=\"false\" class=\"elementor-element elementor-element-f410a08 e-con-full e-flex e-con e-parent\" data-id=\"f410a08\" data-element_type=\"container\" data-e-type=\"container\">\n\t\t<div data-particle_enable=\"false\" data-particle-mobile-disabled=\"false\" class=\"elementor-element elementor-element-cab65fd e-con-full e-flex e-con e-parent\" data-id=\"cab65fd\" data-element_type=\"container\" data-e-type=\"container\">\n\t\t\t\t<div class=\"elementor-element elementor-element-39a9818 elementor-widget elementor-widget-image\" data-id=\"39a9818\" data-element_type=\"widget\" data-e-type=\"widget\" data-widget_type=\"image.default\">\n\t\t\t\t<div class=\"elementor-widget-container\">\n\t\t\t\t\t\t\t\t\t\t\t\t\t\t\t<img fetchpriority=\"high\" decoding=\"async\" width=\"768\" height=\"768\" src=\"https:\/\/we-building.org\/wp-content\/uploads\/2023\/07\/SDG_icons_DE-04-1-768x768.png\" class=\"attachment-medium_large size-medium_large wp-image-11903\" alt=\"\" srcset=\"https:\/\/we-building.org\/wp-content\/uploads\/2023\/07\/SDG_icons_DE-04-1-768x768.png 768w, https:\/\/we-building.org\/wp-content\/uploads\/2023\/07\/SDG_icons_DE-04-1-300x300.png 300w, https:\/\/we-building.org\/wp-content\/uploads\/2023\/07\/SDG_icons_DE-04-1-1024x1024.png 1024w, https:\/\/we-building.org\/wp-content\/uploads\/2023\/07\/SDG_icons_DE-04-1-150x150.png 150w, https:\/\/we-building.org\/wp-content\/uploads\/2023\/07\/SDG_icons_DE-04-1.png 1536w\" sizes=\"(max-width: 768px) 100vw, 768px\" \/>\t\t\t\t\t\t\t\t\t\t\t\t\t\t\t<\/div>\n\t\t\t\t<\/div>\n\t\t\t\t<div class=\"elementor-element elementor-element-c8395d4 elementor-widget elementor-widget-image\" data-id=\"c8395d4\" data-element_type=\"widget\" data-e-type=\"widget\" data-widget_type=\"image.default\">\n\t\t\t\t<div class=\"elementor-widget-container\">\n\t\t\t\t\t\t\t\t\t\t\t\t\t\t\t<img decoding=\"async\" width=\"768\" height=\"768\" src=\"https:\/\/we-building.org\/wp-content\/uploads\/2023\/07\/SDG_icons_DE-11-1-768x768.png\" class=\"attachment-medium_large size-medium_large wp-image-11899\" alt=\"\" srcset=\"https:\/\/we-building.org\/wp-content\/uploads\/2023\/07\/SDG_icons_DE-11-1-768x768.png 768w, https:\/\/we-building.org\/wp-content\/uploads\/2023\/07\/SDG_icons_DE-11-1-300x300.png 300w, https:\/\/we-building.org\/wp-content\/uploads\/2023\/07\/SDG_icons_DE-11-1-1024x1024.png 1024w, https:\/\/we-building.org\/wp-content\/uploads\/2023\/07\/SDG_icons_DE-11-1-150x150.png 150w, https:\/\/we-building.org\/wp-content\/uploads\/2023\/07\/SDG_icons_DE-11-1.png 1536w\" sizes=\"(max-width: 768px) 100vw, 768px\" \/>\t\t\t\t\t\t\t\t\t\t\t\t\t\t\t<\/div>\n\t\t\t\t<\/div>\n\t\t\t\t<div class=\"elementor-element elementor-element-ff92290 elementor-widget elementor-widget-image\" data-id=\"ff92290\" data-element_type=\"widget\" data-e-type=\"widget\" data-widget_type=\"image.default\">\n\t\t\t\t<div class=\"elementor-widget-container\">\n\t\t\t\t\t\t\t\t\t\t\t\t\t\t\t<img decoding=\"async\" width=\"768\" height=\"768\" src=\"https:\/\/we-building.org\/wp-content\/uploads\/2023\/07\/SDG_icons_DE-13-1-768x768.png\" class=\"attachment-medium_large size-medium_large wp-image-11907\" alt=\"\" srcset=\"https:\/\/we-building.org\/wp-content\/uploads\/2023\/07\/SDG_icons_DE-13-1-768x768.png 768w, https:\/\/we-building.org\/wp-content\/uploads\/2023\/07\/SDG_icons_DE-13-1-300x300.png 300w, https:\/\/we-building.org\/wp-content\/uploads\/2023\/07\/SDG_icons_DE-13-1-1024x1024.png 1024w, https:\/\/we-building.org\/wp-content\/uploads\/2023\/07\/SDG_icons_DE-13-1-150x150.png 150w, https:\/\/we-building.org\/wp-content\/uploads\/2023\/07\/SDG_icons_DE-13-1.png 1536w\" sizes=\"(max-width: 768px) 100vw, 768px\" \/>\t\t\t\t\t\t\t\t\t\t\t\t\t\t\t<\/div>\n\t\t\t\t<\/div>\n\t\t\t\t<\/div>\n\t\t\t\t<\/div>\n\t\t\t\t\t<\/div>\n\t\t\t\t<\/div>\n\t\t<div data-particle_enable=\"false\" data-particle-mobile-disabled=\"false\" class=\"elementor-element elementor-element-c283a9f e-flex e-con-boxed e-con e-parent\" data-id=\"c283a9f\" data-element_type=\"container\" data-e-type=\"container\">\n\t\t\t\t\t<div class=\"e-con-inner\">\n\t\t\t\t\t<\/div>\n\t\t\t\t<\/div>\n\t\t\t\t<\/div>\n\t\t","protected":false},"excerpt":{"rendered":"<p>Ziele f\u00fcr nachhaltige Entwicklung (SDGs) We-Building leistet mit seiner Arbeit einen Beitrag zur Verwirklichung von Zielen im Rahmen der nachhaltigen Entwicklungsziele (Sustainable Development Goals &#8211; SDG). Um eine m\u00f6glichst positive Wirkung zu erzielen, haben wir beschlossen, uns auf einige spezifische SDGs zu konzentrieren. SDG 4 &#8211; Hochwertige Bildung Dieses Ziel gew\u00e4hrleistet eine integrative und gerechte Qualit\u00e4tsbildung und f\u00f6rdert M\u00f6glichkeiten des lebenslangen Lernens f\u00fcr alle. Mit dem Bau und der Modernisierung integrativer und sicherer Schulen schaffen wir Infrastruktur f\u00fcr Bildung. Gleichzeitig engagieren wir uns in der Inland Bildungslandschaft mit Workshops zum Thema Bauen und Nachhaltigkeit f\u00fcr Kinder, Jugendliche und Erwachsene, um eine Sensibilit\u00e4t f\u00fcr &hellip;<\/p>\n<p class=\"read-more\"> <a class=\"\" href=\"https:\/\/we-building.org\/de\/sdg\/\"> <span class=\"screen-reader-text\">SDG<\/span> &#8230;<\/a><\/p>\n","protected":false},"author":1,"featured_media":0,"parent":0,"menu_order":0,"comment_status":"closed","ping_status":"closed","template":"","meta":{"site-sidebar-layout":"no-sidebar","site-content-layout":"page-builder","ast-global-header-display":"","ast-banner-title-visibility":"","ast-main-header-display":"disabled","ast-hfb-above-header-display":"","ast-hfb-below-header-display":"","ast-hfb-mobile-header-display":"","site-post-title":"disabled","ast-breadcrumbs-content":"disabled","ast-featured-img":"disabled","footer-sml-layout":"disabled","theme-transparent-header-meta":"disabled","adv-header-id-meta":"","stick-header-meta":"","header-above-stick-meta":"","header-main-stick-meta":"","header-below-stick-meta":"","footnotes":"","_links_to":"","_links_to_target":""},"class_list":["post-12026","page","type-page","status-publish","hentry"],"yoast_head":"<!-- This site is optimized with the Yoast SEO plugin v26.9 - https:\/\/yoast.com\/product\/yoast-seo-wordpress\/ -->\n<title>We-Building&#039;s Core Values and SDGs - Vision and Mission | We-Building<\/title>\n<meta name=\"description\" content=\"We-Building&#039;s Core Values: Integrity and Inclusiveness - Knowledge exchange and capacity building - Team Spirit and Professionalism - Sustainability and Stewardship - Creativity\" \/>\n<meta name=\"robots\" content=\"index, follow, max-snippet:-1, max-image-preview:large, max-video-preview:-1\" \/>\n<link rel=\"canonical\" href=\"https:\/\/we-building.org\/sdg\/\" \/>\n<meta property=\"og:locale\" content=\"de_DE\" \/>\n<meta property=\"og:type\" content=\"article\" \/>\n<meta property=\"og:title\" content=\"We-Building&#039;s Core Values and SDGs - Vision and Mission | We-Building\" \/>\n<meta property=\"og:description\" content=\"We-Building&#039;s Core Values: Integrity and Inclusiveness - Knowledge exchange and capacity building - Team Spirit and Professionalism - Sustainability and Stewardship - Creativity\" \/>\n<meta property=\"og:url\" content=\"https:\/\/we-building.org\/sdg\/\" \/>\n<meta property=\"og:site_name\" content=\"WEbuilding\" \/>\n<meta property=\"article:modified_time\" content=\"2023-07-31T22:01:22+00:00\" \/>\n<meta property=\"og:image\" content=\"https:\/\/we-building.org\/wp-content\/uploads\/2023\/07\/E_WEB_04-768x768.png\" \/>\n<meta name=\"twitter:card\" content=\"summary_large_image\" \/>\n<meta name=\"twitter:label1\" content=\"Gesch\u00e4tzte Lesezeit\" \/>\n\t<meta name=\"twitter:data1\" content=\"1 Minute\" \/>\n<script type=\"application\/ld+json\" class=\"yoast-schema-graph\">{\"@context\":\"https:\/\/schema.org\",\"@graph\":[{\"@type\":\"WebPage\",\"@id\":\"https:\/\/we-building.org\/sdg\/\",\"url\":\"https:\/\/we-building.org\/sdg\/\",\"name\":\"We-Building's Core Values and SDGs - Vision and Mission | We-Building\",\"isPartOf\":{\"@id\":\"https:\/\/we-building.org\/#website\"},\"primaryImageOfPage\":{\"@id\":\"https:\/\/we-building.org\/sdg\/#primaryimage\"},\"image\":{\"@id\":\"https:\/\/we-building.org\/sdg\/#primaryimage\"},\"thumbnailUrl\":\"https:\/\/we-building.org\/wp-content\/uploads\/2023\/07\/E_WEB_04-768x768.png\",\"datePublished\":\"2023-07-31T12:59:22+00:00\",\"dateModified\":\"2023-07-31T22:01:22+00:00\",\"description\":\"We-Building's Core Values: Integrity and Inclusiveness - Knowledge exchange and capacity building - Team Spirit and Professionalism - Sustainability and Stewardship - Creativity\",\"breadcrumb\":{\"@id\":\"https:\/\/we-building.org\/sdg\/#breadcrumb\"},\"inLanguage\":\"de-DE\",\"potentialAction\":[{\"@type\":\"ReadAction\",\"target\":[\"https:\/\/we-building.org\/sdg\/\"]}]},{\"@type\":\"ImageObject\",\"inLanguage\":\"de-DE\",\"@id\":\"https:\/\/we-building.org\/sdg\/#primaryimage\",\"url\":\"https:\/\/we-building.org\/wp-content\/uploads\/2023\/07\/E_WEB_04-768x768.png\",\"contentUrl\":\"https:\/\/we-building.org\/wp-content\/uploads\/2023\/07\/E_WEB_04-768x768.png\"},{\"@type\":\"BreadcrumbList\",\"@id\":\"https:\/\/we-building.org\/sdg\/#breadcrumb\",\"itemListElement\":[{\"@type\":\"ListItem\",\"position\":1,\"name\":\"Home\",\"item\":\"https:\/\/we-building.org\/de\/index\/\"},{\"@type\":\"ListItem\",\"position\":2,\"name\":\"SDG\"}]},{\"@type\":\"WebSite\",\"@id\":\"https:\/\/we-building.org\/#website\",\"url\":\"https:\/\/we-building.org\/\",\"name\":\"WEbuilding\",\"description\":\"Using sustainable architecture to help communities around the world build a better and brighter future.\",\"publisher\":{\"@id\":\"https:\/\/we-building.org\/#organization\"},\"potentialAction\":[{\"@type\":\"SearchAction\",\"target\":{\"@type\":\"EntryPoint\",\"urlTemplate\":\"https:\/\/we-building.org\/?s={search_term_string}\"},\"query-input\":{\"@type\":\"PropertyValueSpecification\",\"valueRequired\":true,\"valueName\":\"search_term_string\"}}],\"inLanguage\":\"de-DE\"},{\"@type\":\"Organization\",\"@id\":\"https:\/\/we-building.org\/#organization\",\"name\":\"WEbuilding\",\"url\":\"https:\/\/we-building.org\/\",\"logo\":{\"@type\":\"ImageObject\",\"inLanguage\":\"de-DE\",\"@id\":\"https:\/\/we-building.org\/#\/schema\/logo\/image\/\",\"url\":\"https:\/\/we-building.org\/wp-content\/uploads\/2020\/02\/cropped-12_Logo-1.png\",\"contentUrl\":\"https:\/\/we-building.org\/wp-content\/uploads\/2020\/02\/cropped-12_Logo-1.png\",\"width\":2288,\"height\":2288,\"caption\":\"WEbuilding\"},\"image\":{\"@id\":\"https:\/\/we-building.org\/#\/schema\/logo\/image\/\"}}]}<\/script>\n<!-- \/ Yoast SEO plugin. -->","yoast_head_json":{"title":"We-Building's Core Values and SDGs - Vision and Mission | We-Building","description":"We-Building's Core Values: Integrity and Inclusiveness - Knowledge exchange and capacity building - Team Spirit and Professionalism - Sustainability and Stewardship - Creativity","robots":{"index":"index","follow":"follow","max-snippet":"max-snippet:-1","max-image-preview":"max-image-preview:large","max-video-preview":"max-video-preview:-1"},"canonical":"https:\/\/we-building.org\/sdg\/","og_locale":"de_DE","og_type":"article","og_title":"We-Building's Core Values and SDGs - Vision and Mission | We-Building","og_description":"We-Building's Core Values: Integrity and Inclusiveness - Knowledge exchange and capacity building - Team Spirit and Professionalism - Sustainability and Stewardship - Creativity","og_url":"https:\/\/we-building.org\/sdg\/","og_site_name":"WEbuilding","article_modified_time":"2023-07-31T22:01:22+00:00","og_image":[{"url":"https:\/\/we-building.org\/wp-content\/uploads\/2023\/07\/E_WEB_04-768x768.png","type":"","width":"","height":""}],"twitter_card":"summary_large_image","twitter_misc":{"Gesch\u00e4tzte Lesezeit":"1 Minute"},"schema":{"@context":"https:\/\/schema.org","@graph":[{"@type":"WebPage","@id":"https:\/\/we-building.org\/sdg\/","url":"https:\/\/we-building.org\/sdg\/","name":"We-Building's Core Values and SDGs - Vision and Mission | We-Building","isPartOf":{"@id":"https:\/\/we-building.org\/#website"},"primaryImageOfPage":{"@id":"https:\/\/we-building.org\/sdg\/#primaryimage"},"image":{"@id":"https:\/\/we-building.org\/sdg\/#primaryimage"},"thumbnailUrl":"https:\/\/we-building.org\/wp-content\/uploads\/2023\/07\/E_WEB_04-768x768.png","datePublished":"2023-07-31T12:59:22+00:00","dateModified":"2023-07-31T22:01:22+00:00","description":"We-Building's Core Values: Integrity and Inclusiveness - Knowledge exchange and capacity building - Team Spirit and Professionalism - Sustainability and Stewardship - Creativity","breadcrumb":{"@id":"https:\/\/we-building.org\/sdg\/#breadcrumb"},"inLanguage":"de-DE","potentialAction":[{"@type":"ReadAction","target":["https:\/\/we-building.org\/sdg\/"]}]},{"@type":"ImageObject","inLanguage":"de-DE","@id":"https:\/\/we-building.org\/sdg\/#primaryimage","url":"https:\/\/we-building.org\/wp-content\/uploads\/2023\/07\/E_WEB_04-768x768.png","contentUrl":"https:\/\/we-building.org\/wp-content\/uploads\/2023\/07\/E_WEB_04-768x768.png"},{"@type":"BreadcrumbList","@id":"https:\/\/we-building.org\/sdg\/#breadcrumb","itemListElement":[{"@type":"ListItem","position":1,"name":"Home","item":"https:\/\/we-building.org\/de\/index\/"},{"@type":"ListItem","position":2,"name":"SDG"}]},{"@type":"WebSite","@id":"https:\/\/we-building.org\/#website","url":"https:\/\/we-building.org\/","name":"WEbuilding","description":"Using sustainable architecture to help communities around the world build a better and brighter future.","publisher":{"@id":"https:\/\/we-building.org\/#organization"},"potentialAction":[{"@type":"SearchAction","target":{"@type":"EntryPoint","urlTemplate":"https:\/\/we-building.org\/?s={search_term_string}"},"query-input":{"@type":"PropertyValueSpecification","valueRequired":true,"valueName":"search_term_string"}}],"inLanguage":"de-DE"},{"@type":"Organization","@id":"https:\/\/we-building.org\/#organization","name":"WEbuilding","url":"https:\/\/we-building.org\/","logo":{"@type":"ImageObject","inLanguage":"de-DE","@id":"https:\/\/we-building.org\/#\/schema\/logo\/image\/","url":"https:\/\/we-building.org\/wp-content\/uploads\/2020\/02\/cropped-12_Logo-1.png","contentUrl":"https:\/\/we-building.org\/wp-content\/uploads\/2020\/02\/cropped-12_Logo-1.png","width":2288,"height":2288,"caption":"WEbuilding"},"image":{"@id":"https:\/\/we-building.org\/#\/schema\/logo\/image\/"}}]}},"_links":{"self":[{"href":"https:\/\/we-building.org\/de\/wp-json\/wp\/v2\/pages\/12026","targetHints":{"allow":["GET"]}}],"collection":[{"href":"https:\/\/we-building.org\/de\/wp-json\/wp\/v2\/pages"}],"about":[{"href":"https:\/\/we-building.org\/de\/wp-json\/wp\/v2\/types\/page"}],"author":[{"embeddable":true,"href":"https:\/\/we-building.org\/de\/wp-json\/wp\/v2\/users\/1"}],"replies":[{"embeddable":true,"href":"https:\/\/we-building.org\/de\/wp-json\/wp\/v2\/comments?post=12026"}],"version-history":[{"count":0,"href":"https:\/\/we-building.org\/de\/wp-json\/wp\/v2\/pages\/12026\/revisions"}],"wp:attachment":[{"href":"https:\/\/we-building.org\/de\/wp-json\/wp\/v2\/media?parent=12026"}],"curies":[{"name":"wp","href":"https:\/\/api.w.org\/{rel}","templated":true}]}}