{"id":11995,"date":"2023-07-31T11:14:52","date_gmt":"2023-07-31T11:14:52","guid":{"rendered":"https:\/\/we-building.org\/ueber-uns\/"},"modified":"2023-07-31T21:53:02","modified_gmt":"2023-07-31T21:53:02","slug":"ueber-uns","status":"publish","type":"page","link":"https:\/\/we-building.org\/de\/ueber-uns\/","title":{"rendered":"\u00dcber uns"},"content":{"rendered":"\t\t<div data-elementor-type=\"wp-page\" data-elementor-id=\"11995\" class=\"elementor elementor-11995 elementor-11962\" data-elementor-post-type=\"page\">\n\t\t\t\t\t\t<section data-particle_enable=\"false\" data-particle-mobile-disabled=\"false\" class=\"elementor-section elementor-top-section elementor-element elementor-element-85e8a3e elementor-section-full_width elementor-section-height-default elementor-section-height-default\" data-id=\"85e8a3e\" data-element_type=\"section\" data-e-type=\"section\" data-settings=\"{&quot;sticky&quot;:&quot;top&quot;,&quot;sticky_offset&quot;:119,&quot;sticky_on&quot;:[&quot;desktop&quot;],&quot;sticky_effects_offset&quot;:0,&quot;sticky_anchor_link_offset&quot;:0}\">\n\t\t\t\t\t\t\t<div class=\"elementor-background-overlay\"><\/div>\n\t\t\t\t\t\t\t<div class=\"elementor-container elementor-column-gap-no\">\n\t\t\t\t\t<div class=\"elementor-column elementor-col-100 elementor-top-column elementor-element elementor-element-42ab7db\" data-id=\"42ab7db\" data-element_type=\"column\" data-e-type=\"column\">\n\t\t\t<div class=\"elementor-widget-wrap elementor-element-populated\">\n\t\t\t\t\t\t<div class=\"elementor-element elementor-element-bf134cf elementor-nav-menu__align-end elementor-nav-menu--dropdown-none elementor-hidden-phone elementor-widget elementor-widget-global elementor-global-2109 elementor-widget-nav-menu\" data-id=\"bf134cf\" data-element_type=\"widget\" data-e-type=\"widget\" data-settings=\"{&quot;submenu_icon&quot;:{&quot;value&quot;:&quot;&quot;,&quot;library&quot;:&quot;&quot;},&quot;layout&quot;:&quot;horizontal&quot;}\" data-widget_type=\"nav-menu.default\">\n\t\t\t\t<div class=\"elementor-widget-container\">\n\t\t\t\t\t\t\t\t<nav aria-label=\"Menu\" class=\"elementor-nav-menu--main elementor-nav-menu__container elementor-nav-menu--layout-horizontal e--pointer-none\">\n\t\t\t\t<ul id=\"menu-1-bf134cf\" class=\"elementor-nav-menu\"><li class=\"menu-item menu-item-type-post_type menu-item-object-page menu-item-11999\"><a href=\"https:\/\/we-building.org\/de\/ueber-uns\/\" class=\"elementor-item menu-link\">\u00dcber uns<\/a><\/li>\n<li class=\"menu-item menu-item-type-post_type menu-item-object-page menu-item-11991\"><a href=\"https:\/\/we-building.org\/de\/nachhaltigkeit\/\" class=\"elementor-item menu-link\">Nachhaltigkeit<\/a><\/li>\n<li class=\"menu-item menu-item-type-post_type menu-item-object-page menu-item-8884\"><a href=\"https:\/\/we-building.org\/de\/grundwerte\/\" class=\"elementor-item menu-link\">Grundwerte<\/a><\/li>\n<li class=\"menu-item menu-item-type-post_type menu-item-object-page menu-item-12029\"><a href=\"https:\/\/we-building.org\/de\/sdg\/\" class=\"elementor-item menu-link\">SDGs<\/a><\/li>\n<li class=\"menu-item menu-item-type-post_type menu-item-object-page menu-item-12774\"><a href=\"https:\/\/we-building.org\/de\/team\/\" class=\"elementor-item menu-link\">Team<\/a><\/li>\n<\/ul>\t\t\t<\/nav>\n\t\t\t\t\t\t<nav class=\"elementor-nav-menu--dropdown elementor-nav-menu__container\" aria-hidden=\"true\">\n\t\t\t\t<ul id=\"menu-2-bf134cf\" class=\"elementor-nav-menu\"><li class=\"menu-item menu-item-type-post_type menu-item-object-page menu-item-11999\"><a href=\"https:\/\/we-building.org\/de\/ueber-uns\/\" class=\"elementor-item menu-link\" tabindex=\"-1\">\u00dcber uns<\/a><\/li>\n<li class=\"menu-item menu-item-type-post_type menu-item-object-page menu-item-11991\"><a href=\"https:\/\/we-building.org\/de\/nachhaltigkeit\/\" class=\"elementor-item menu-link\" tabindex=\"-1\">Nachhaltigkeit<\/a><\/li>\n<li class=\"menu-item menu-item-type-post_type menu-item-object-page menu-item-8884\"><a href=\"https:\/\/we-building.org\/de\/grundwerte\/\" class=\"elementor-item menu-link\" tabindex=\"-1\">Grundwerte<\/a><\/li>\n<li class=\"menu-item menu-item-type-post_type menu-item-object-page menu-item-12029\"><a href=\"https:\/\/we-building.org\/de\/sdg\/\" class=\"elementor-item menu-link\" tabindex=\"-1\">SDGs<\/a><\/li>\n<li class=\"menu-item menu-item-type-post_type menu-item-object-page menu-item-12774\"><a href=\"https:\/\/we-building.org\/de\/team\/\" class=\"elementor-item menu-link\" tabindex=\"-1\">Team<\/a><\/li>\n<\/ul>\t\t\t<\/nav>\n\t\t\t\t\t\t<\/div>\n\t\t\t\t<\/div>\n\t\t\t\t\t<\/div>\n\t\t<\/div>\n\t\t\t\t\t<\/div>\n\t\t<\/section>\n\t\t<div data-particle_enable=\"false\" data-particle-mobile-disabled=\"false\" class=\"elementor-element elementor-element-e57c95c e-flex e-con-boxed e-con e-parent\" data-id=\"e57c95c\" data-element_type=\"container\" data-e-type=\"container\">\n\t\t\t\t\t<div class=\"e-con-inner\">\n\t\t\t\t<div class=\"elementor-element elementor-element-3127292 elementor-widget elementor-widget-text-editor\" data-id=\"3127292\" data-element_type=\"widget\" data-e-type=\"widget\" data-widget_type=\"text-editor.default\">\n\t\t\t\t<div class=\"elementor-widget-container\">\n\t\t\t\t\t\t\t\t\t<h1>\u00dcber uns<\/h1>\n\t\t\t\t\t\t\t\t<\/div>\n\t\t\t\t<\/div>\n\t\t\t\t\t<\/div>\n\t\t\t\t<\/div>\n\t\t<div data-particle_enable=\"false\" data-particle-mobile-disabled=\"false\" class=\"elementor-element elementor-element-1d521c3 e-flex e-con-boxed e-con e-parent\" data-id=\"1d521c3\" data-element_type=\"container\" data-e-type=\"container\">\n\t\t\t\t\t<div class=\"e-con-inner\">\n\t\t<div data-particle_enable=\"false\" data-particle-mobile-disabled=\"false\" class=\"elementor-element elementor-element-eb26759 e-con-full e-flex e-con e-parent\" data-id=\"eb26759\" data-element_type=\"container\" data-e-type=\"container\">\n\t\t\t\t<div class=\"elementor-element elementor-element-d6732a7 elementor-widget elementor-widget-text-editor\" data-id=\"d6732a7\" data-element_type=\"widget\" data-e-type=\"widget\" data-widget_type=\"text-editor.default\">\n\t\t\t\t<div class=\"elementor-widget-container\">\n\t\t\t\t\t\t\t\t\t<p><strong>We-Building<\/strong> ist ein internationales Team aus Architekt:innen, Stadt- und Landschaftsplaner:innen sowie Projektmanagern, zum Teil mit mehr als 20 Jahren Erfahrung in Bauprojekten. Seit 2015 betreut We-Building Bauprojekte vorrangig in Afrika und Lateinamerika und ber\u00e4t in Fragen zu Bauprojekten in der Entwicklungszusammenarbeit.<\/p>\n<p>Als Non Profit Organisation haben wir es uns zur Aufgabe gemacht, andere gemeinn\u00fctzige Organisationen bei ihren Bauvorhaben f\u00fcr benachteiligte Gemeinschaften zu unterst\u00fctzen. Wir bringen unsere Expertise als Architekt:innen ein, bieten Beratungsleistungen an, helfen bei der Grundlagenermittlung sowie bei Planungsaufgaben und k\u00f6nnen mit Rat und Tat bei allen Bauphasen zur Seite stehen.<\/p>\n<p>Gleichzeitig sind wir in der Bildungsarbeit aktiv und wollen in der Bildungslandschaft mit Workshops und Projekten ein Bewusstsein f\u00fcr nachhaltiges Bauen im globalen Kontext schaffen. Denn wie wir hier leben, hat globale Auswirkungen und wir m\u00f6chten die n\u00e4chste Generation auf die Herausforderungen beim Bauen und Nutzen von Geb\u00e4uden mit Blick auf den Klimawandel, die Umwelt und auf soziale Gerechtigkeit aufmerksam machen.<\/p>\n<div> <\/div>\n<div><strong>Unser Ansatz: Down to earth<br \/><\/strong>Als Expert:innen im Bauwesen wissen wir, dass Bauen aus verschiedenen Perspektiven betrachtet werden muss. Wir wissen, dass Probleme vermieden werden k\u00f6nnen, wenn wir gut und nachhaltig planen. Dabei sind uns alle drei S\u00e4ulen der Nachhaltigkeit wichtig: Soziales, \u00d6kologie und Wirtschaftlichkeit. Effiziente Geb\u00e4udeplanung muss Mensch und Umwelt gleicherma\u00dfen gerecht werden.<br \/>Als Architekt:innen sind wir darauf geschult, schon im Vorfeld Probleme zu vermeiden, statt sie entstehen zu lassen und sp\u00e4ter versuchen zu l\u00f6sen. \u201eDown to earth\u201c trifft unsere Arbeitsweise auf den Punkt. Wir arbeiten lebensnah, realistisch und verfolgen einen menschen-, klima- und umweltfreundlichen Ansatz. So lassen sich wertvolle Ressourcen sparen und oft auch Zeit und Geld. .<\/div>\n<div> <\/div>\n<div>\n<p><strong>Unser Engagement: Mit viel Ehrenamt<br \/><\/strong>Besonders stolz sind wir darauf, dass es We-Building mit viel ehrenamtlicher Unterst\u00fctzung gelingt, wesentliche Ver\u00e4nderungen in lokalen Gemeinschaften herbeizuf\u00fchren. Wir haben an verschiedenen Bauprojekten in acht verschiedenen L\u00e4ndern, wie Ghana, Peru und Kolumbien mitgewirkt. Viel ehrenamtliches Engagement steckt auch in all der Arbeit im Hintergrund: Das B\u00fcro am Laufen halten, alle Kan\u00e4le f\u00fcr die \u00d6ffentlichkeitsarbeit hegen und pflegen, mit unseren Partnern und F\u00f6rdergeldgeber kommunizieren, unsere ehrenamtlichen und freiberuflichen Mitarbeitenden begleiten \u2013 und nat\u00fcrlich unsere Sommer- und Winter-Party organisieren.<br \/><a href=\"https:\/\/we-building.org\/de\/nachhaltigkeit\/\">Mehr lesen&#8230;<\/a><\/p>\n<\/div>\n\t\t\t\t\t\t\t\t<\/div>\n\t\t\t\t<\/div>\n\t\t\t\t<\/div>\n\t\t<div data-particle_enable=\"false\" data-particle-mobile-disabled=\"false\" class=\"elementor-element elementor-element-cdc82ea e-con-full e-flex e-con e-parent\" data-id=\"cdc82ea\" data-element_type=\"container\" data-e-type=\"container\">\n\t\t\t\t<div class=\"elementor-element elementor-element-1eb92a0 elementor-widget elementor-widget-image\" data-id=\"1eb92a0\" data-element_type=\"widget\" data-e-type=\"widget\" data-widget_type=\"image.default\">\n\t\t\t\t<div class=\"elementor-widget-container\">\n\t\t\t\t\t\t\t\t\t\t\t\t\t\t\t<img fetchpriority=\"high\" decoding=\"async\" width=\"1024\" height=\"683\" src=\"https:\/\/we-building.org\/wp-content\/uploads\/2021\/02\/contact-us-web-1024x683.jpg\" class=\"attachment-large size-large wp-image-9187\" alt=\"WEbuilding-Team mit den Kindern vor Ort\" srcset=\"https:\/\/we-building.org\/wp-content\/uploads\/2021\/02\/contact-us-web-1024x683.jpg 1024w, https:\/\/we-building.org\/wp-content\/uploads\/2021\/02\/contact-us-web-300x200.jpg 300w, https:\/\/we-building.org\/wp-content\/uploads\/2021\/02\/contact-us-web-768x512.jpg 768w, https:\/\/we-building.org\/wp-content\/uploads\/2021\/02\/contact-us-web-1536x1024.jpg 1536w, https:\/\/we-building.org\/wp-content\/uploads\/2021\/02\/contact-us-web.jpg 1620w\" sizes=\"(max-width: 1024px) 100vw, 1024px\" \/>\t\t\t\t\t\t\t\t\t\t\t\t\t\t\t<\/div>\n\t\t\t\t<\/div>\n\t\t\t\t<div class=\"elementor-element elementor-element-00332b8 elementor-widget-mobile__width-auto elementor-widget elementor-widget-image\" data-id=\"00332b8\" data-element_type=\"widget\" data-e-type=\"widget\" data-widget_type=\"image.default\">\n\t\t\t\t<div class=\"elementor-widget-container\">\n\t\t\t\t\t\t\t\t\t\t\t\t\t\t\t<img decoding=\"async\" width=\"768\" height=\"576\" src=\"https:\/\/we-building.org\/wp-content\/uploads\/2020\/02\/Team-image-Mozambique-2.jpg\" class=\"attachment-full size-full wp-image-9003\" alt=\"WEbuilding team\" srcset=\"https:\/\/we-building.org\/wp-content\/uploads\/2020\/02\/Team-image-Mozambique-2.jpg 768w, https:\/\/we-building.org\/wp-content\/uploads\/2020\/02\/Team-image-Mozambique-2-300x225.jpg 300w\" sizes=\"(max-width: 768px) 100vw, 768px\" \/>\t\t\t\t\t\t\t\t\t\t\t\t\t\t\t<\/div>\n\t\t\t\t<\/div>\n\t\t\t\t<\/div>\n\t\t\t\t\t<\/div>\n\t\t\t\t<\/div>\n\t\t\t\t<\/div>\n\t\t","protected":false},"excerpt":{"rendered":"<p>\u00dcber uns We-Building ist ein internationales Team aus Architekt:innen, Stadt- und Landschaftsplaner:innen sowie Projektmanagern, zum Teil mit mehr als 20 Jahren Erfahrung in Bauprojekten. Seit 2015 betreut We-Building Bauprojekte vorrangig in Afrika und Lateinamerika und ber\u00e4t in Fragen zu Bauprojekten in der Entwicklungszusammenarbeit. Als Non Profit Organisation haben wir es uns zur Aufgabe gemacht, andere gemeinn\u00fctzige Organisationen bei ihren Bauvorhaben f\u00fcr benachteiligte Gemeinschaften zu unterst\u00fctzen. Wir bringen unsere Expertise als Architekt:innen ein, bieten Beratungsleistungen an, helfen bei der Grundlagenermittlung sowie bei Planungsaufgaben und k\u00f6nnen mit Rat und Tat bei allen Bauphasen zur Seite stehen. Gleichzeitig sind wir in der Bildungsarbeit aktiv und wollen &hellip;<\/p>\n<p class=\"read-more\"> <a class=\"\" href=\"https:\/\/we-building.org\/de\/ueber-uns\/\"> <span class=\"screen-reader-text\">\u00dcber uns<\/span> &#8230;<\/a><\/p>\n","protected":false},"author":1,"featured_media":0,"parent":0,"menu_order":0,"comment_status":"closed","ping_status":"closed","template":"elementor_header_footer","meta":{"site-sidebar-layout":"no-sidebar","site-content-layout":"page-builder","ast-global-header-display":"","ast-banner-title-visibility":"","ast-main-header-display":"disabled","ast-hfb-above-header-display":"","ast-hfb-below-header-display":"","ast-hfb-mobile-header-display":"","site-post-title":"disabled","ast-breadcrumbs-content":"disabled","ast-featured-img":"disabled","footer-sml-layout":"disabled","theme-transparent-header-meta":"disabled","adv-header-id-meta":"","stick-header-meta":"","header-above-stick-meta":"","header-main-stick-meta":"","header-below-stick-meta":"","footnotes":"","_links_to":"","_links_to_target":""},"class_list":["post-11995","page","type-page","status-publish","hentry"],"yoast_head":"<!-- This site is optimized with the Yoast SEO plugin v26.9 - https:\/\/yoast.com\/product\/yoast-seo-wordpress\/ -->\n<title>About us - Berlin-based non-profit organization | We-Building<\/title>\n<meta name=\"description\" content=\"We-Building - non-profit organization founded by young architects, united to help deprived communities through sustainable public building projects.\" \/>\n<meta name=\"robots\" content=\"index, follow, max-snippet:-1, max-image-preview:large, max-video-preview:-1\" \/>\n<link rel=\"canonical\" href=\"https:\/\/we-building.org\/de\/ueber-uns\/\" \/>\n<meta property=\"og:locale\" content=\"de_DE\" \/>\n<meta property=\"og:type\" content=\"article\" \/>\n<meta property=\"og:title\" content=\"About us - Berlin-based non-profit organization | We-Building\" \/>\n<meta property=\"og:description\" content=\"We-Building - non-profit organization founded by young architects, united to help deprived communities through sustainable public building projects.\" \/>\n<meta property=\"og:url\" content=\"https:\/\/we-building.org\/de\/ueber-uns\/\" \/>\n<meta property=\"og:site_name\" content=\"WEbuilding\" \/>\n<meta property=\"article:modified_time\" content=\"2023-07-31T21:53:02+00:00\" \/>\n<meta property=\"og:image\" content=\"https:\/\/we-building.org\/wp-content\/uploads\/2021\/02\/contact-us-web-1024x683.jpg\" \/>\n<meta name=\"twitter:card\" content=\"summary_large_image\" \/>\n<meta name=\"twitter:label1\" content=\"Gesch\u00e4tzte Lesezeit\" \/>\n\t<meta name=\"twitter:data1\" content=\"2 Minuten\" \/>\n<script type=\"application\/ld+json\" class=\"yoast-schema-graph\">{\"@context\":\"https:\/\/schema.org\",\"@graph\":[{\"@type\":\"WebPage\",\"@id\":\"https:\/\/we-building.org\/de\/ueber-uns\/\",\"url\":\"https:\/\/we-building.org\/de\/ueber-uns\/\",\"name\":\"About us - Berlin-based non-profit organization | We-Building\",\"isPartOf\":{\"@id\":\"https:\/\/we-building.org\/#website\"},\"primaryImageOfPage\":{\"@id\":\"https:\/\/we-building.org\/de\/ueber-uns\/#primaryimage\"},\"image\":{\"@id\":\"https:\/\/we-building.org\/de\/ueber-uns\/#primaryimage\"},\"thumbnailUrl\":\"https:\/\/we-building.org\/wp-content\/uploads\/2021\/02\/contact-us-web-1024x683.jpg\",\"datePublished\":\"2023-07-31T11:14:52+00:00\",\"dateModified\":\"2023-07-31T21:53:02+00:00\",\"description\":\"We-Building - non-profit organization founded by young architects, united to help deprived communities through sustainable public building projects.\",\"breadcrumb\":{\"@id\":\"https:\/\/we-building.org\/de\/ueber-uns\/#breadcrumb\"},\"inLanguage\":\"de-DE\",\"potentialAction\":[{\"@type\":\"ReadAction\",\"target\":[\"https:\/\/we-building.org\/de\/ueber-uns\/\"]}]},{\"@type\":\"ImageObject\",\"inLanguage\":\"de-DE\",\"@id\":\"https:\/\/we-building.org\/de\/ueber-uns\/#primaryimage\",\"url\":\"https:\/\/we-building.org\/wp-content\/uploads\/2021\/02\/contact-us-web-1024x683.jpg\",\"contentUrl\":\"https:\/\/we-building.org\/wp-content\/uploads\/2021\/02\/contact-us-web-1024x683.jpg\"},{\"@type\":\"BreadcrumbList\",\"@id\":\"https:\/\/we-building.org\/de\/ueber-uns\/#breadcrumb\",\"itemListElement\":[{\"@type\":\"ListItem\",\"position\":1,\"name\":\"Home\",\"item\":\"https:\/\/we-building.org\/de\/index\/\"},{\"@type\":\"ListItem\",\"position\":2,\"name\":\"\u00dcber uns\"}]},{\"@type\":\"WebSite\",\"@id\":\"https:\/\/we-building.org\/#website\",\"url\":\"https:\/\/we-building.org\/\",\"name\":\"WEbuilding\",\"description\":\"Using sustainable architecture to help communities around the world build a better and brighter future.\",\"publisher\":{\"@id\":\"https:\/\/we-building.org\/#organization\"},\"potentialAction\":[{\"@type\":\"SearchAction\",\"target\":{\"@type\":\"EntryPoint\",\"urlTemplate\":\"https:\/\/we-building.org\/?s={search_term_string}\"},\"query-input\":{\"@type\":\"PropertyValueSpecification\",\"valueRequired\":true,\"valueName\":\"search_term_string\"}}],\"inLanguage\":\"de-DE\"},{\"@type\":\"Organization\",\"@id\":\"https:\/\/we-building.org\/#organization\",\"name\":\"WEbuilding\",\"url\":\"https:\/\/we-building.org\/\",\"logo\":{\"@type\":\"ImageObject\",\"inLanguage\":\"de-DE\",\"@id\":\"https:\/\/we-building.org\/#\/schema\/logo\/image\/\",\"url\":\"https:\/\/we-building.org\/wp-content\/uploads\/2020\/02\/cropped-12_Logo-1.png\",\"contentUrl\":\"https:\/\/we-building.org\/wp-content\/uploads\/2020\/02\/cropped-12_Logo-1.png\",\"width\":2288,\"height\":2288,\"caption\":\"WEbuilding\"},\"image\":{\"@id\":\"https:\/\/we-building.org\/#\/schema\/logo\/image\/\"}}]}<\/script>\n<!-- \/ Yoast SEO plugin. -->","yoast_head_json":{"title":"About us - Berlin-based non-profit organization | We-Building","description":"We-Building - non-profit organization founded by young architects, united to help deprived communities through sustainable public building projects.","robots":{"index":"index","follow":"follow","max-snippet":"max-snippet:-1","max-image-preview":"max-image-preview:large","max-video-preview":"max-video-preview:-1"},"canonical":"https:\/\/we-building.org\/de\/ueber-uns\/","og_locale":"de_DE","og_type":"article","og_title":"About us - Berlin-based non-profit organization | We-Building","og_description":"We-Building - non-profit organization founded by young architects, united to help deprived communities through sustainable public building projects.","og_url":"https:\/\/we-building.org\/de\/ueber-uns\/","og_site_name":"WEbuilding","article_modified_time":"2023-07-31T21:53:02+00:00","og_image":[{"url":"https:\/\/we-building.org\/wp-content\/uploads\/2021\/02\/contact-us-web-1024x683.jpg","type":"","width":"","height":""}],"twitter_card":"summary_large_image","twitter_misc":{"Gesch\u00e4tzte Lesezeit":"2 Minuten"},"schema":{"@context":"https:\/\/schema.org","@graph":[{"@type":"WebPage","@id":"https:\/\/we-building.org\/de\/ueber-uns\/","url":"https:\/\/we-building.org\/de\/ueber-uns\/","name":"About us - Berlin-based non-profit organization | We-Building","isPartOf":{"@id":"https:\/\/we-building.org\/#website"},"primaryImageOfPage":{"@id":"https:\/\/we-building.org\/de\/ueber-uns\/#primaryimage"},"image":{"@id":"https:\/\/we-building.org\/de\/ueber-uns\/#primaryimage"},"thumbnailUrl":"https:\/\/we-building.org\/wp-content\/uploads\/2021\/02\/contact-us-web-1024x683.jpg","datePublished":"2023-07-31T11:14:52+00:00","dateModified":"2023-07-31T21:53:02+00:00","description":"We-Building - non-profit organization founded by young architects, united to help deprived communities through sustainable public building projects.","breadcrumb":{"@id":"https:\/\/we-building.org\/de\/ueber-uns\/#breadcrumb"},"inLanguage":"de-DE","potentialAction":[{"@type":"ReadAction","target":["https:\/\/we-building.org\/de\/ueber-uns\/"]}]},{"@type":"ImageObject","inLanguage":"de-DE","@id":"https:\/\/we-building.org\/de\/ueber-uns\/#primaryimage","url":"https:\/\/we-building.org\/wp-content\/uploads\/2021\/02\/contact-us-web-1024x683.jpg","contentUrl":"https:\/\/we-building.org\/wp-content\/uploads\/2021\/02\/contact-us-web-1024x683.jpg"},{"@type":"BreadcrumbList","@id":"https:\/\/we-building.org\/de\/ueber-uns\/#breadcrumb","itemListElement":[{"@type":"ListItem","position":1,"name":"Home","item":"https:\/\/we-building.org\/de\/index\/"},{"@type":"ListItem","position":2,"name":"\u00dcber uns"}]},{"@type":"WebSite","@id":"https:\/\/we-building.org\/#website","url":"https:\/\/we-building.org\/","name":"WEbuilding","description":"Using sustainable architecture to help communities around the world build a better and brighter future.","publisher":{"@id":"https:\/\/we-building.org\/#organization"},"potentialAction":[{"@type":"SearchAction","target":{"@type":"EntryPoint","urlTemplate":"https:\/\/we-building.org\/?s={search_term_string}"},"query-input":{"@type":"PropertyValueSpecification","valueRequired":true,"valueName":"search_term_string"}}],"inLanguage":"de-DE"},{"@type":"Organization","@id":"https:\/\/we-building.org\/#organization","name":"WEbuilding","url":"https:\/\/we-building.org\/","logo":{"@type":"ImageObject","inLanguage":"de-DE","@id":"https:\/\/we-building.org\/#\/schema\/logo\/image\/","url":"https:\/\/we-building.org\/wp-content\/uploads\/2020\/02\/cropped-12_Logo-1.png","contentUrl":"https:\/\/we-building.org\/wp-content\/uploads\/2020\/02\/cropped-12_Logo-1.png","width":2288,"height":2288,"caption":"WEbuilding"},"image":{"@id":"https:\/\/we-building.org\/#\/schema\/logo\/image\/"}}]}},"_links":{"self":[{"href":"https:\/\/we-building.org\/de\/wp-json\/wp\/v2\/pages\/11995","targetHints":{"allow":["GET"]}}],"collection":[{"href":"https:\/\/we-building.org\/de\/wp-json\/wp\/v2\/pages"}],"about":[{"href":"https:\/\/we-building.org\/de\/wp-json\/wp\/v2\/types\/page"}],"author":[{"embeddable":true,"href":"https:\/\/we-building.org\/de\/wp-json\/wp\/v2\/users\/1"}],"replies":[{"embeddable":true,"href":"https:\/\/we-building.org\/de\/wp-json\/wp\/v2\/comments?post=11995"}],"version-history":[{"count":0,"href":"https:\/\/we-building.org\/de\/wp-json\/wp\/v2\/pages\/11995\/revisions"}],"wp:attachment":[{"href":"https:\/\/we-building.org\/de\/wp-json\/wp\/v2\/media?parent=11995"}],"curies":[{"name":"wp","href":"https:\/\/api.w.org\/{rel}","templated":true}]}}