{"id":11988,"date":"2023-07-31T11:27:55","date_gmt":"2023-07-31T11:27:55","guid":{"rendered":"https:\/\/we-building.org\/nachhaltigkeit\/"},"modified":"2024-04-04T09:04:25","modified_gmt":"2024-04-04T09:04:25","slug":"nachhaltigkeit","status":"publish","type":"page","link":"https:\/\/we-building.org\/de\/nachhaltigkeit\/","title":{"rendered":"nachhaltigkeit"},"content":{"rendered":"\t\t<div data-elementor-type=\"wp-page\" data-elementor-id=\"11988\" class=\"elementor elementor-11988 elementor-11979\" data-elementor-post-type=\"page\">\n\t\t\t\t\t\t<section data-particle_enable=\"false\" data-particle-mobile-disabled=\"false\" class=\"elementor-section elementor-top-section elementor-element elementor-element-85e8a3e elementor-section-full_width elementor-section-height-default elementor-section-height-default\" data-id=\"85e8a3e\" data-element_type=\"section\" data-e-type=\"section\" data-settings=\"{&quot;sticky&quot;:&quot;top&quot;,&quot;sticky_offset&quot;:119,&quot;sticky_on&quot;:[&quot;desktop&quot;],&quot;sticky_effects_offset&quot;:0,&quot;sticky_anchor_link_offset&quot;:0}\">\n\t\t\t\t\t\t\t<div class=\"elementor-background-overlay\"><\/div>\n\t\t\t\t\t\t\t<div class=\"elementor-container elementor-column-gap-no\">\n\t\t\t\t\t<div class=\"elementor-column elementor-col-100 elementor-top-column elementor-element elementor-element-42ab7db\" data-id=\"42ab7db\" data-element_type=\"column\" data-e-type=\"column\">\n\t\t\t<div class=\"elementor-widget-wrap elementor-element-populated\">\n\t\t\t\t\t\t<div class=\"elementor-element elementor-element-bf134cf elementor-nav-menu__align-end elementor-nav-menu--dropdown-none elementor-hidden-phone elementor-widget elementor-widget-global elementor-global-2109 elementor-widget-nav-menu\" data-id=\"bf134cf\" data-element_type=\"widget\" data-e-type=\"widget\" data-settings=\"{&quot;submenu_icon&quot;:{&quot;value&quot;:&quot;&quot;,&quot;library&quot;:&quot;&quot;},&quot;layout&quot;:&quot;horizontal&quot;}\" data-widget_type=\"nav-menu.default\">\n\t\t\t\t<div class=\"elementor-widget-container\">\n\t\t\t\t\t\t\t\t<nav aria-label=\"Menu\" class=\"elementor-nav-menu--main elementor-nav-menu__container elementor-nav-menu--layout-horizontal e--pointer-none\">\n\t\t\t\t<ul id=\"menu-1-bf134cf\" class=\"elementor-nav-menu\"><li class=\"menu-item menu-item-type-post_type menu-item-object-page menu-item-11999\"><a href=\"https:\/\/we-building.org\/de\/ueber-uns\/\" class=\"elementor-item menu-link\">\u00dcber uns<\/a><\/li>\n<li class=\"menu-item menu-item-type-post_type menu-item-object-page menu-item-11991\"><a href=\"https:\/\/we-building.org\/de\/nachhaltigkeit\/\" class=\"elementor-item menu-link\">Nachhaltigkeit<\/a><\/li>\n<li class=\"menu-item menu-item-type-post_type menu-item-object-page menu-item-8884\"><a href=\"https:\/\/we-building.org\/de\/grundwerte\/\" class=\"elementor-item menu-link\">Grundwerte<\/a><\/li>\n<li class=\"menu-item menu-item-type-post_type menu-item-object-page menu-item-12029\"><a href=\"https:\/\/we-building.org\/de\/sdg\/\" class=\"elementor-item menu-link\">SDGs<\/a><\/li>\n<li class=\"menu-item menu-item-type-post_type menu-item-object-page menu-item-12774\"><a href=\"https:\/\/we-building.org\/de\/team\/\" class=\"elementor-item menu-link\">Team<\/a><\/li>\n<\/ul>\t\t\t<\/nav>\n\t\t\t\t\t\t<nav class=\"elementor-nav-menu--dropdown elementor-nav-menu__container\" aria-hidden=\"true\">\n\t\t\t\t<ul id=\"menu-2-bf134cf\" class=\"elementor-nav-menu\"><li class=\"menu-item menu-item-type-post_type menu-item-object-page menu-item-11999\"><a href=\"https:\/\/we-building.org\/de\/ueber-uns\/\" class=\"elementor-item menu-link\" tabindex=\"-1\">\u00dcber uns<\/a><\/li>\n<li class=\"menu-item menu-item-type-post_type menu-item-object-page menu-item-11991\"><a href=\"https:\/\/we-building.org\/de\/nachhaltigkeit\/\" class=\"elementor-item menu-link\" tabindex=\"-1\">Nachhaltigkeit<\/a><\/li>\n<li class=\"menu-item menu-item-type-post_type menu-item-object-page menu-item-8884\"><a href=\"https:\/\/we-building.org\/de\/grundwerte\/\" class=\"elementor-item menu-link\" tabindex=\"-1\">Grundwerte<\/a><\/li>\n<li class=\"menu-item menu-item-type-post_type menu-item-object-page menu-item-12029\"><a href=\"https:\/\/we-building.org\/de\/sdg\/\" class=\"elementor-item menu-link\" tabindex=\"-1\">SDGs<\/a><\/li>\n<li class=\"menu-item menu-item-type-post_type menu-item-object-page menu-item-12774\"><a href=\"https:\/\/we-building.org\/de\/team\/\" class=\"elementor-item menu-link\" tabindex=\"-1\">Team<\/a><\/li>\n<\/ul>\t\t\t<\/nav>\n\t\t\t\t\t\t<\/div>\n\t\t\t\t<\/div>\n\t\t\t\t\t<\/div>\n\t\t<\/div>\n\t\t\t\t\t<\/div>\n\t\t<\/section>\n\t\t<div data-particle_enable=\"false\" data-particle-mobile-disabled=\"false\" class=\"elementor-element elementor-element-e57c95c e-flex e-con-boxed e-con e-parent\" data-id=\"e57c95c\" data-element_type=\"container\" data-e-type=\"container\">\n\t\t\t\t\t<div class=\"e-con-inner\">\n\t\t\t\t<div class=\"elementor-element elementor-element-3127292 elementor-widget elementor-widget-text-editor\" data-id=\"3127292\" data-element_type=\"widget\" data-e-type=\"widget\" data-widget_type=\"text-editor.default\">\n\t\t\t\t<div class=\"elementor-widget-container\">\n\t\t\t\t\t\t\t\t\t<h1>Nachhaltigkeit<\/h1>\n\t\t\t\t\t\t\t\t<\/div>\n\t\t\t\t<\/div>\n\t\t\t\t\t<\/div>\n\t\t\t\t<\/div>\n\t\t<div data-particle_enable=\"false\" data-particle-mobile-disabled=\"false\" class=\"elementor-element elementor-element-1d521c3 e-flex e-con-boxed e-con e-parent\" data-id=\"1d521c3\" data-element_type=\"container\" data-e-type=\"container\">\n\t\t\t\t\t<div class=\"e-con-inner\">\n\t\t<div data-particle_enable=\"false\" data-particle-mobile-disabled=\"false\" class=\"elementor-element elementor-element-eb26759 e-con-full e-flex e-con e-parent\" data-id=\"eb26759\" data-element_type=\"container\" data-e-type=\"container\">\n\t\t\t\t<div class=\"elementor-element elementor-element-c36d427 elementor-widget elementor-widget-text-editor\" data-id=\"c36d427\" data-element_type=\"widget\" data-e-type=\"widget\" data-widget_type=\"text-editor.default\">\n\t\t\t\t<div class=\"elementor-widget-container\">\n\t\t\t\t\t\t\t\t\t<p><strong>Was wir unter nachhaltiger Architektur verstehen<\/strong><\/p>\n<p>Statt von nachhaltiger Architektur k\u00f6nnten wir auch von menschenfreundlicher und effizienter Bauweise sprechen. Wir setzen uns f\u00fcr eine Architektur ein, in der sich die Menschen wohlf\u00fchlen. Es geht darum, einfacher und bescheidener zu bauen, statt verschwenderisch. \u201cEinfach bauen\u201d meint eine Beschr\u00e4nkung auf das Wesentliche und den Einsatz robuster, langlebiger Materialien, um den Ressourcenverbrauch zu minimieren. Also: keine imponierenden Glasfassaden und \u00fcberdimensionierten Stahlbeton-Bauten. Aber auch keine \u00d6ko-Labels um jeden Preis.<br \/>Dabei sind uns alle drei S\u00e4ulen der Nachhaltigkeit wichtig: Soziales, \u00d6kologie und Wirtschaftlichkeit. Nachhaltige Architektur muss Mensch und Umwelt gleicherma\u00dfen gerecht werden &#8211; und zwar weltweit &#8211; in Industriel\u00e4ndern ebenso wie L\u00e4ndern des Globalen S\u00fcdens. Bauen f\u00fcr die Zukunft bedeutet, eine menschen- und klimafreundliche Architektur in wohlhabenden wie auch in benachteiligten Gemeinschaften voranzubringen.<\/p>\n<p><strong>Muss \u00fcberhaupt neu gebaut werden?<\/strong><\/p>\n<p>Die wichtigste Frage, die wir uns zu Anfang eines Bauprojekts stellen: Muss \u00fcberhaupt neu gebaut werden? Am besten f\u00fcr den Klima- und Umwelt- und Ressourcenschutz ist es schlie\u00dflich, gar nicht zu bauen. L\u00e4sst sich ein Abriss, ein Neubau vermeiden &#8211; durch Umbau oder Sanierung eines Geb\u00e4udes, durch Anbau, durch andere L\u00f6sungen? <br \/>Vor allem im Globalen Norden kommt es darauf an, Neubauvorhaben kritisch zu hinterfragen: Was ist wirklich n\u00f6tig? Wie kann Wohnraum effizienter genutzt werden? Wie l\u00e4sst sich die Verschwendung von Baumaterialien wie Stahl, Beton, Glas vermeiden? Nat\u00fcrlich brauchen Menschen ein Dach \u00fcber dem Kopf &#8211; f\u00fcrs Wohnen, Arbeiten, Lernen und Leben. Doch das sollte von Anfang an, gut durchdacht werden und eben in jeder Hinsicht nachhaltig geplant werden. <br \/><a href=\"https:\/\/we-building.org\/de\/grundwerte\/\">Mehr lesen&#8230;<\/a><\/p>\n\t\t\t\t\t\t\t\t<\/div>\n\t\t\t\t<\/div>\n\t\t\t\t<\/div>\n\t\t<div data-particle_enable=\"false\" data-particle-mobile-disabled=\"false\" class=\"elementor-element elementor-element-cdc82ea e-con-full e-flex e-con e-parent\" data-id=\"cdc82ea\" data-element_type=\"container\" data-e-type=\"container\">\n\t\t\t\t<div class=\"elementor-element elementor-element-00332b8 elementor-widget elementor-widget-image\" data-id=\"00332b8\" data-element_type=\"widget\" data-e-type=\"widget\" data-widget_type=\"image.default\">\n\t\t\t\t<div class=\"elementor-widget-container\">\n\t\t\t\t\t\t\t\t\t\t\t\t\t\t\t<img fetchpriority=\"high\" decoding=\"async\" width=\"1079\" height=\"1080\" src=\"https:\/\/we-building.org\/wp-content\/uploads\/2023\/07\/ucionica-panorama-2-PS.jpg\" class=\"attachment-2048x2048 size-2048x2048 wp-image-11984\" alt=\"\" srcset=\"https:\/\/we-building.org\/wp-content\/uploads\/2023\/07\/ucionica-panorama-2-PS.jpg 1079w, https:\/\/we-building.org\/wp-content\/uploads\/2023\/07\/ucionica-panorama-2-PS-300x300.jpg 300w, https:\/\/we-building.org\/wp-content\/uploads\/2023\/07\/ucionica-panorama-2-PS-1024x1024.jpg 1024w, https:\/\/we-building.org\/wp-content\/uploads\/2023\/07\/ucionica-panorama-2-PS-150x150.jpg 150w, https:\/\/we-building.org\/wp-content\/uploads\/2023\/07\/ucionica-panorama-2-PS-768x769.jpg 768w\" sizes=\"(max-width: 1079px) 100vw, 1079px\" \/>\t\t\t\t\t\t\t\t\t\t\t\t\t\t\t<\/div>\n\t\t\t\t<\/div>\n\t\t\t\t<\/div>\n\t\t\t\t\t<\/div>\n\t\t\t\t<\/div>\n\t\t\t\t<\/div>\n\t\t","protected":false},"excerpt":{"rendered":"<p>Nachhaltigkeit Was wir unter nachhaltiger Architektur verstehen Statt von nachhaltiger Architektur k\u00f6nnten wir auch von menschenfreundlicher und effizienter Bauweise sprechen. Wir setzen uns f\u00fcr eine Architektur ein, in der sich die Menschen wohlf\u00fchlen. Es geht darum, einfacher und bescheidener zu bauen, statt verschwenderisch. \u201cEinfach bauen\u201d meint eine Beschr\u00e4nkung auf das Wesentliche und den Einsatz robuster, langlebiger Materialien, um den Ressourcenverbrauch zu minimieren. Also: keine imponierenden Glasfassaden und \u00fcberdimensionierten Stahlbeton-Bauten. Aber auch keine \u00d6ko-Labels um jeden Preis.Dabei sind uns alle drei S\u00e4ulen der Nachhaltigkeit wichtig: Soziales, \u00d6kologie und Wirtschaftlichkeit. Nachhaltige Architektur muss Mensch und Umwelt gleicherma\u00dfen gerecht werden &#8211; und zwar weltweit &#8211; in &hellip;<\/p>\n<p class=\"read-more\"> <a class=\"\" href=\"https:\/\/we-building.org\/de\/nachhaltigkeit\/\"> <span class=\"screen-reader-text\">nachhaltigkeit<\/span> &#8230;<\/a><\/p>\n","protected":false},"author":1,"featured_media":0,"parent":0,"menu_order":0,"comment_status":"closed","ping_status":"closed","template":"elementor_header_footer","meta":{"site-sidebar-layout":"no-sidebar","site-content-layout":"page-builder","ast-global-header-display":"","ast-banner-title-visibility":"","ast-main-header-display":"disabled","ast-hfb-above-header-display":"","ast-hfb-below-header-display":"","ast-hfb-mobile-header-display":"","site-post-title":"disabled","ast-breadcrumbs-content":"disabled","ast-featured-img":"disabled","footer-sml-layout":"disabled","theme-transparent-header-meta":"disabled","adv-header-id-meta":"","stick-header-meta":"","header-above-stick-meta":"","header-main-stick-meta":"","header-below-stick-meta":"","footnotes":"","_links_to":"","_links_to_target":""},"class_list":["post-11988","page","type-page","status-publish","hentry"],"yoast_head":"<!-- This site is optimized with the Yoast SEO plugin v26.9 - https:\/\/yoast.com\/product\/yoast-seo-wordpress\/ -->\n<title>About us - Berlin-based non-profit organization | We-Building<\/title>\n<meta name=\"description\" content=\"We-Building - non-profit organization founded by young architects, united to help deprived communities through sustainable public building projects.\" \/>\n<meta name=\"robots\" content=\"index, follow, max-snippet:-1, max-image-preview:large, max-video-preview:-1\" \/>\n<link rel=\"canonical\" href=\"https:\/\/we-building.org\/de\/nachhaltigkeit\/\" \/>\n<meta property=\"og:locale\" content=\"de_DE\" \/>\n<meta property=\"og:type\" content=\"article\" \/>\n<meta property=\"og:title\" content=\"About us - Berlin-based non-profit organization | We-Building\" \/>\n<meta property=\"og:description\" content=\"We-Building - non-profit organization founded by young architects, united to help deprived communities through sustainable public building projects.\" \/>\n<meta property=\"og:url\" content=\"https:\/\/we-building.org\/de\/nachhaltigkeit\/\" \/>\n<meta property=\"og:site_name\" content=\"WEbuilding\" \/>\n<meta property=\"article:modified_time\" content=\"2024-04-04T09:04:25+00:00\" \/>\n<meta property=\"og:image\" content=\"https:\/\/we-building.org\/wp-content\/uploads\/2023\/07\/ucionica-panorama-2-PS.jpg\" \/>\n<meta name=\"twitter:card\" content=\"summary_large_image\" \/>\n<meta name=\"twitter:label1\" content=\"Gesch\u00e4tzte Lesezeit\" \/>\n\t<meta name=\"twitter:data1\" content=\"1 Minute\" \/>\n<script type=\"application\/ld+json\" class=\"yoast-schema-graph\">{\"@context\":\"https:\/\/schema.org\",\"@graph\":[{\"@type\":\"WebPage\",\"@id\":\"https:\/\/we-building.org\/de\/nachhaltigkeit\/\",\"url\":\"https:\/\/we-building.org\/de\/nachhaltigkeit\/\",\"name\":\"About us - Berlin-based non-profit organization | We-Building\",\"isPartOf\":{\"@id\":\"https:\/\/we-building.org\/#website\"},\"primaryImageOfPage\":{\"@id\":\"https:\/\/we-building.org\/de\/nachhaltigkeit\/#primaryimage\"},\"image\":{\"@id\":\"https:\/\/we-building.org\/de\/nachhaltigkeit\/#primaryimage\"},\"thumbnailUrl\":\"https:\/\/we-building.org\/wp-content\/uploads\/2023\/07\/ucionica-panorama-2-PS.jpg\",\"datePublished\":\"2023-07-31T11:27:55+00:00\",\"dateModified\":\"2024-04-04T09:04:25+00:00\",\"description\":\"We-Building - non-profit organization founded by young architects, united to help deprived communities through sustainable public building projects.\",\"breadcrumb\":{\"@id\":\"https:\/\/we-building.org\/de\/nachhaltigkeit\/#breadcrumb\"},\"inLanguage\":\"de-DE\",\"potentialAction\":[{\"@type\":\"ReadAction\",\"target\":[\"https:\/\/we-building.org\/de\/nachhaltigkeit\/\"]}]},{\"@type\":\"ImageObject\",\"inLanguage\":\"de-DE\",\"@id\":\"https:\/\/we-building.org\/de\/nachhaltigkeit\/#primaryimage\",\"url\":\"https:\/\/we-building.org\/wp-content\/uploads\/2023\/07\/ucionica-panorama-2-PS.jpg\",\"contentUrl\":\"https:\/\/we-building.org\/wp-content\/uploads\/2023\/07\/ucionica-panorama-2-PS.jpg\"},{\"@type\":\"BreadcrumbList\",\"@id\":\"https:\/\/we-building.org\/de\/nachhaltigkeit\/#breadcrumb\",\"itemListElement\":[{\"@type\":\"ListItem\",\"position\":1,\"name\":\"Home\",\"item\":\"https:\/\/we-building.org\/de\/index\/\"},{\"@type\":\"ListItem\",\"position\":2,\"name\":\"nachhaltigkeit\"}]},{\"@type\":\"WebSite\",\"@id\":\"https:\/\/we-building.org\/#website\",\"url\":\"https:\/\/we-building.org\/\",\"name\":\"WEbuilding\",\"description\":\"Using sustainable architecture to help communities around the world build a better and brighter future.\",\"publisher\":{\"@id\":\"https:\/\/we-building.org\/#organization\"},\"potentialAction\":[{\"@type\":\"SearchAction\",\"target\":{\"@type\":\"EntryPoint\",\"urlTemplate\":\"https:\/\/we-building.org\/?s={search_term_string}\"},\"query-input\":{\"@type\":\"PropertyValueSpecification\",\"valueRequired\":true,\"valueName\":\"search_term_string\"}}],\"inLanguage\":\"de-DE\"},{\"@type\":\"Organization\",\"@id\":\"https:\/\/we-building.org\/#organization\",\"name\":\"WEbuilding\",\"url\":\"https:\/\/we-building.org\/\",\"logo\":{\"@type\":\"ImageObject\",\"inLanguage\":\"de-DE\",\"@id\":\"https:\/\/we-building.org\/#\/schema\/logo\/image\/\",\"url\":\"https:\/\/we-building.org\/wp-content\/uploads\/2020\/02\/cropped-12_Logo-1.png\",\"contentUrl\":\"https:\/\/we-building.org\/wp-content\/uploads\/2020\/02\/cropped-12_Logo-1.png\",\"width\":2288,\"height\":2288,\"caption\":\"WEbuilding\"},\"image\":{\"@id\":\"https:\/\/we-building.org\/#\/schema\/logo\/image\/\"}}]}<\/script>\n<!-- \/ Yoast SEO plugin. -->","yoast_head_json":{"title":"About us - Berlin-based non-profit organization | We-Building","description":"We-Building - non-profit organization founded by young architects, united to help deprived communities through sustainable public building projects.","robots":{"index":"index","follow":"follow","max-snippet":"max-snippet:-1","max-image-preview":"max-image-preview:large","max-video-preview":"max-video-preview:-1"},"canonical":"https:\/\/we-building.org\/de\/nachhaltigkeit\/","og_locale":"de_DE","og_type":"article","og_title":"About us - Berlin-based non-profit organization | We-Building","og_description":"We-Building - non-profit organization founded by young architects, united to help deprived communities through sustainable public building projects.","og_url":"https:\/\/we-building.org\/de\/nachhaltigkeit\/","og_site_name":"WEbuilding","article_modified_time":"2024-04-04T09:04:25+00:00","og_image":[{"url":"https:\/\/we-building.org\/wp-content\/uploads\/2023\/07\/ucionica-panorama-2-PS.jpg","type":"","width":"","height":""}],"twitter_card":"summary_large_image","twitter_misc":{"Gesch\u00e4tzte Lesezeit":"1 Minute"},"schema":{"@context":"https:\/\/schema.org","@graph":[{"@type":"WebPage","@id":"https:\/\/we-building.org\/de\/nachhaltigkeit\/","url":"https:\/\/we-building.org\/de\/nachhaltigkeit\/","name":"About us - Berlin-based non-profit organization | We-Building","isPartOf":{"@id":"https:\/\/we-building.org\/#website"},"primaryImageOfPage":{"@id":"https:\/\/we-building.org\/de\/nachhaltigkeit\/#primaryimage"},"image":{"@id":"https:\/\/we-building.org\/de\/nachhaltigkeit\/#primaryimage"},"thumbnailUrl":"https:\/\/we-building.org\/wp-content\/uploads\/2023\/07\/ucionica-panorama-2-PS.jpg","datePublished":"2023-07-31T11:27:55+00:00","dateModified":"2024-04-04T09:04:25+00:00","description":"We-Building - non-profit organization founded by young architects, united to help deprived communities through sustainable public building projects.","breadcrumb":{"@id":"https:\/\/we-building.org\/de\/nachhaltigkeit\/#breadcrumb"},"inLanguage":"de-DE","potentialAction":[{"@type":"ReadAction","target":["https:\/\/we-building.org\/de\/nachhaltigkeit\/"]}]},{"@type":"ImageObject","inLanguage":"de-DE","@id":"https:\/\/we-building.org\/de\/nachhaltigkeit\/#primaryimage","url":"https:\/\/we-building.org\/wp-content\/uploads\/2023\/07\/ucionica-panorama-2-PS.jpg","contentUrl":"https:\/\/we-building.org\/wp-content\/uploads\/2023\/07\/ucionica-panorama-2-PS.jpg"},{"@type":"BreadcrumbList","@id":"https:\/\/we-building.org\/de\/nachhaltigkeit\/#breadcrumb","itemListElement":[{"@type":"ListItem","position":1,"name":"Home","item":"https:\/\/we-building.org\/de\/index\/"},{"@type":"ListItem","position":2,"name":"nachhaltigkeit"}]},{"@type":"WebSite","@id":"https:\/\/we-building.org\/#website","url":"https:\/\/we-building.org\/","name":"WEbuilding","description":"Using sustainable architecture to help communities around the world build a better and brighter future.","publisher":{"@id":"https:\/\/we-building.org\/#organization"},"potentialAction":[{"@type":"SearchAction","target":{"@type":"EntryPoint","urlTemplate":"https:\/\/we-building.org\/?s={search_term_string}"},"query-input":{"@type":"PropertyValueSpecification","valueRequired":true,"valueName":"search_term_string"}}],"inLanguage":"de-DE"},{"@type":"Organization","@id":"https:\/\/we-building.org\/#organization","name":"WEbuilding","url":"https:\/\/we-building.org\/","logo":{"@type":"ImageObject","inLanguage":"de-DE","@id":"https:\/\/we-building.org\/#\/schema\/logo\/image\/","url":"https:\/\/we-building.org\/wp-content\/uploads\/2020\/02\/cropped-12_Logo-1.png","contentUrl":"https:\/\/we-building.org\/wp-content\/uploads\/2020\/02\/cropped-12_Logo-1.png","width":2288,"height":2288,"caption":"WEbuilding"},"image":{"@id":"https:\/\/we-building.org\/#\/schema\/logo\/image\/"}}]}},"_links":{"self":[{"href":"https:\/\/we-building.org\/de\/wp-json\/wp\/v2\/pages\/11988","targetHints":{"allow":["GET"]}}],"collection":[{"href":"https:\/\/we-building.org\/de\/wp-json\/wp\/v2\/pages"}],"about":[{"href":"https:\/\/we-building.org\/de\/wp-json\/wp\/v2\/types\/page"}],"author":[{"embeddable":true,"href":"https:\/\/we-building.org\/de\/wp-json\/wp\/v2\/users\/1"}],"replies":[{"embeddable":true,"href":"https:\/\/we-building.org\/de\/wp-json\/wp\/v2\/comments?post=11988"}],"version-history":[{"count":0,"href":"https:\/\/we-building.org\/de\/wp-json\/wp\/v2\/pages\/11988\/revisions"}],"wp:attachment":[{"href":"https:\/\/we-building.org\/de\/wp-json\/wp\/v2\/media?parent=11988"}],"curies":[{"name":"wp","href":"https:\/\/api.w.org\/{rel}","templated":true}]}}