{"id":11916,"date":"2023-07-25T09:30:39","date_gmt":"2023-07-25T09:30:39","guid":{"rendered":"https:\/\/we-building.org\/?page_id=11916"},"modified":"2023-08-01T08:25:05","modified_gmt":"2023-08-01T08:25:05","slug":"index-new-2023-druga-verzija","status":"publish","type":"page","link":"https:\/\/we-building.org\/de\/index-new-2023-druga-verzija\/","title":{"rendered":"index &#8211; new 2023 &#8211; druga verzija"},"content":{"rendered":"\t\t<div data-elementor-type=\"wp-page\" data-elementor-id=\"11916\" class=\"elementor elementor-11916\" data-elementor-post-type=\"page\">\n\t\t\t\t<div data-particle_enable=\"false\" data-particle-mobile-disabled=\"false\" class=\"elementor-element elementor-element-3104d02 e-flex e-con-boxed e-con e-parent\" data-id=\"3104d02\" data-element_type=\"container\" data-e-type=\"container\">\n\t\t\t\t\t<div class=\"e-con-inner\">\n\t\t<div data-particle_enable=\"false\" data-particle-mobile-disabled=\"false\" class=\"elementor-element elementor-element-bc34dec e-con-full e-flex e-con e-parent\" data-id=\"bc34dec\" data-element_type=\"container\" data-e-type=\"container\">\n\t\t\t\t<div class=\"elementor-element elementor-element-ff7484c elementor-widget elementor-widget-html\" data-id=\"ff7484c\" data-element_type=\"widget\" data-e-type=\"widget\" data-widget_type=\"html.default\">\n\t\t\t\t<div class=\"elementor-widget-container\">\n\t\t\t\t\t<script id=\"mcjs\">!function(c,h,i,m,p){m=c.createElement(h),p=c.getElementsByTagName(h)[0],m.async=1,m.src=i,p.parentNode.insertBefore(m,p)}(document,\"script\",\"https:\/\/chimpstatic.com\/mcjs-connected\/js\/users\/b97a8cf88f69f526d71658c8f\/8027c017e8c4e8d8f1b668dd9.js\");<\/script>\t\t\t\t<\/div>\n\t\t\t\t<\/div>\n\t\t\t\t<div class=\"elementor-element elementor-element-e4ded24 elementor-widget elementor-widget-text-editor\" data-id=\"e4ded24\" data-element_type=\"widget\" data-e-type=\"widget\" data-widget_type=\"text-editor.default\">\n\t\t\t\t<div class=\"elementor-widget-container\">\n\t\t\t\t\t\t\t\t\t<p style=\"text-align: center;\"><span style=\"color: #ffffff;\">Shaping a globally just future through\n<\/span><span style=\"color: #ffffff;\">sustainable architecture and education<\/span><\/p>\t\t\t\t\t\t\t\t<\/div>\n\t\t\t\t<\/div>\n\t\t\t\t<\/div>\n\t\t\t\t\t<\/div>\n\t\t\t\t<\/div>\n\t\t<div data-particle_enable=\"false\" data-particle-mobile-disabled=\"false\" class=\"elementor-element elementor-element-2a7dfad e-flex e-con-boxed e-con e-parent\" data-id=\"2a7dfad\" data-element_type=\"container\" data-e-type=\"container\">\n\t\t\t\t\t<div class=\"e-con-inner\">\n\t\t<div data-particle_enable=\"false\" data-particle-mobile-disabled=\"false\" class=\"elementor-element elementor-element-38b2286 e-con-full e-flex e-con e-parent\" data-id=\"38b2286\" data-element_type=\"container\" data-e-type=\"container\">\n\t\t\t\t<div class=\"elementor-element elementor-element-554849c elementor-widget elementor-widget-image\" data-id=\"554849c\" data-element_type=\"widget\" data-e-type=\"widget\" data-widget_type=\"image.default\">\n\t\t\t\t<div class=\"elementor-widget-container\">\n\t\t\t\t\t\t\t\t\t\t\t\t\t\t\t<img fetchpriority=\"high\" decoding=\"async\" width=\"1249\" height=\"625\" src=\"https:\/\/we-building.org\/wp-content\/uploads\/2023\/07\/front-page-3.jpg\" class=\"attachment-full size-full wp-image-11922\" alt=\"\" srcset=\"https:\/\/we-building.org\/wp-content\/uploads\/2023\/07\/front-page-3.jpg 1249w, https:\/\/we-building.org\/wp-content\/uploads\/2023\/07\/front-page-3-300x150.jpg 300w, https:\/\/we-building.org\/wp-content\/uploads\/2023\/07\/front-page-3-1024x512.jpg 1024w, https:\/\/we-building.org\/wp-content\/uploads\/2023\/07\/front-page-3-768x384.jpg 768w\" sizes=\"(max-width: 1249px) 100vw, 1249px\" \/>\t\t\t\t\t\t\t\t\t\t\t\t\t\t\t<\/div>\n\t\t\t\t<\/div>\n\t\t\t\t<\/div>\n\t\t<div data-particle_enable=\"false\" data-particle-mobile-disabled=\"false\" class=\"elementor-element elementor-element-96105b4 e-con-full e-flex e-con e-parent\" data-id=\"96105b4\" data-element_type=\"container\" data-e-type=\"container\" data-settings=\"{&quot;background_background&quot;:&quot;classic&quot;}\">\n\t\t\t\t<div class=\"elementor-element elementor-element-274d620 elementor-widget elementor-widget-text-editor\" data-id=\"274d620\" data-element_type=\"widget\" data-e-type=\"widget\" data-widget_type=\"text-editor.default\">\n\t\t\t\t<div class=\"elementor-widget-container\">\n\t\t\t\t\t\t\t\t\t<h2><strong>Unsere Grundwerte<\/strong><\/h2><p>Jeder Mensch braucht Raum zur Entfaltung und die Chance auf ein selbstbestimmtes Leben.<\/p><p>Nachhaltige Architektur und Bildung k\u00f6nnen solche R\u00e4ume schaffen und T\u00fcren f\u00fcr eine sozial gerechtere Zukunft \u00f6ffnen.<\/p><p>We-Building e.V. ist ein Zusammenschluss von internationalen Architekt:innen mit Sitz in Berlin.<\/p><p>Wir haben zwei Schwerpunkte:<\/p>\t\t\t\t\t\t\t\t<\/div>\n\t\t\t\t<\/div>\n\t\t\t\t<\/div>\n\t\t<div data-particle_enable=\"false\" data-particle-mobile-disabled=\"false\" class=\"elementor-element elementor-element-87e18e0 e-con-full e-flex e-con e-parent\" data-id=\"87e18e0\" data-element_type=\"container\" data-e-type=\"container\" data-settings=\"{&quot;background_background&quot;:&quot;classic&quot;}\">\n\t\t\t\t<div class=\"elementor-element elementor-element-c7a2389 elementor-widget elementor-widget-text-editor\" data-id=\"c7a2389\" data-element_type=\"widget\" data-e-type=\"widget\" data-widget_type=\"text-editor.default\">\n\t\t\t\t<div class=\"elementor-widget-container\">\n\t\t\t\t\t\t\t\t\t<h2 style=\"text-align: left;\"><strong>Support with construction projects in the Global South<\/strong><\/h2><p>We support organizations active in development cooperation seeking to implement construction projects in the Global South with our consulting services. Based on the experience gained from our construction projects, we pursue sustainable approaches to planning and implementation. In recent years, we have built educational facilities in Ghana, Malawi, Colombia and Peru with our local partners.<\/p>\t\t\t\t\t\t\t\t<\/div>\n\t\t\t\t<\/div>\n\t\t\t\t<\/div>\n\t\t<div data-particle_enable=\"false\" data-particle-mobile-disabled=\"false\" class=\"elementor-element elementor-element-1607e97 e-con-full e-flex e-con e-parent\" data-id=\"1607e97\" data-element_type=\"container\" data-e-type=\"container\">\n\t\t\t\t<div class=\"elementor-element elementor-element-df8a599 elementor-widget elementor-widget-image\" data-id=\"df8a599\" data-element_type=\"widget\" data-e-type=\"widget\" data-widget_type=\"image.default\">\n\t\t\t\t<div class=\"elementor-widget-container\">\n\t\t\t\t\t\t\t\t\t\t\t\t\t\t\t<img decoding=\"async\" width=\"1024\" height=\"512\" src=\"https:\/\/we-building.org\/wp-content\/uploads\/2023\/07\/front-page-2-1024x512.jpg\" class=\"attachment-large size-large wp-image-11920\" alt=\"\" srcset=\"https:\/\/we-building.org\/wp-content\/uploads\/2023\/07\/front-page-2-1024x512.jpg 1024w, https:\/\/we-building.org\/wp-content\/uploads\/2023\/07\/front-page-2-300x150.jpg 300w, https:\/\/we-building.org\/wp-content\/uploads\/2023\/07\/front-page-2-768x384.jpg 768w, https:\/\/we-building.org\/wp-content\/uploads\/2023\/07\/front-page-2.jpg 1280w\" sizes=\"(max-width: 1024px) 100vw, 1024px\" \/>\t\t\t\t\t\t\t\t\t\t\t\t\t\t\t<\/div>\n\t\t\t\t<\/div>\n\t\t\t\t<\/div>\n\t\t<div data-particle_enable=\"false\" data-particle-mobile-disabled=\"false\" class=\"elementor-element elementor-element-bb74aad e-con-full e-flex e-con e-parent\" data-id=\"bb74aad\" data-element_type=\"container\" data-e-type=\"container\">\n\t\t\t\t<div class=\"elementor-element elementor-element-7da4dd2 elementor-widget elementor-widget-image\" data-id=\"7da4dd2\" data-element_type=\"widget\" data-e-type=\"widget\" data-widget_type=\"image.default\">\n\t\t\t\t<div class=\"elementor-widget-container\">\n\t\t\t\t\t\t\t\t\t\t\t\t\t\t\t<img decoding=\"async\" width=\"1249\" height=\"625\" src=\"https:\/\/we-building.org\/wp-content\/uploads\/2023\/07\/front-page-4-1.jpg\" class=\"attachment-full size-full wp-image-11939\" alt=\"\" srcset=\"https:\/\/we-building.org\/wp-content\/uploads\/2023\/07\/front-page-4-1.jpg 1249w, https:\/\/we-building.org\/wp-content\/uploads\/2023\/07\/front-page-4-1-300x150.jpg 300w, https:\/\/we-building.org\/wp-content\/uploads\/2023\/07\/front-page-4-1-1024x512.jpg 1024w, https:\/\/we-building.org\/wp-content\/uploads\/2023\/07\/front-page-4-1-768x384.jpg 768w\" sizes=\"(max-width: 1249px) 100vw, 1249px\" \/>\t\t\t\t\t\t\t\t\t\t\t\t\t\t\t<\/div>\n\t\t\t\t<\/div>\n\t\t\t\t<\/div>\n\t\t<div data-particle_enable=\"false\" data-particle-mobile-disabled=\"false\" class=\"elementor-element elementor-element-48043c0 e-con-full e-flex e-con e-parent\" data-id=\"48043c0\" data-element_type=\"container\" data-e-type=\"container\" data-settings=\"{&quot;background_background&quot;:&quot;classic&quot;}\">\n\t\t\t\t<div class=\"elementor-element elementor-element-ffb8ebc elementor-widget elementor-widget-text-editor\" data-id=\"ffb8ebc\" data-element_type=\"widget\" data-e-type=\"widget\" data-widget_type=\"text-editor.default\">\n\t\t\t\t<div class=\"elementor-widget-container\">\n\t\t\t\t\t\t\t\t\t<h2 style=\"text-align: left;\"><strong>Educational work in Germany<br \/><\/strong><\/h2><p>The building sector is a major driver of climate change. With workshops and lectures at schools and public events in Berlin, we create awareness for this problem and how buildings and their use must be designed in a globally just way.<\/p><p>Sustainable architecture and education can contribute to a socially, ecologically and economically fairer future!<\/p><p>\u00a0<\/p>\t\t\t\t\t\t\t\t<\/div>\n\t\t\t\t<\/div>\n\t\t\t\t<\/div>\n\t\t\t\t\t<\/div>\n\t\t\t\t<\/div>\n\t\t<div data-particle_enable=\"false\" data-particle-mobile-disabled=\"false\" class=\"elementor-element elementor-element-8b729ab e-flex e-con-boxed e-con e-parent\" data-id=\"8b729ab\" data-element_type=\"container\" data-e-type=\"container\">\n\t\t\t\t\t<div class=\"e-con-inner\">\n\t\t<div data-particle_enable=\"false\" data-particle-mobile-disabled=\"false\" class=\"elementor-element elementor-element-befda1b e-con-full e-flex e-con e-parent\" data-id=\"befda1b\" data-element_type=\"container\" data-e-type=\"container\" data-settings=\"{&quot;background_background&quot;:&quot;classic&quot;}\">\n\t\t\t\t<div class=\"elementor-element elementor-element-a4cf5da elementor-widget__width-initial elementor-widget elementor-widget-text-editor\" data-id=\"a4cf5da\" data-element_type=\"widget\" data-e-type=\"widget\" data-widget_type=\"text-editor.default\">\n\t\t\t\t<div class=\"elementor-widget-container\">\n\t\t\t\t\t\t\t\t\t<h2 style=\"text-align: left;\"><strong>Sustainable Development Goals (SDGs)<\/strong><\/h2><p>We-Building&#8217;s work contributes to the achievement of goals under the Sustainable Development Goals. In order to have the most positive impact, we have decided to focus on a few specific SDGs.<\/p>\t\t\t\t\t\t\t\t<\/div>\n\t\t\t\t<\/div>\n\t\t\t\t<div class=\"elementor-element elementor-element-9213c85 elementor-widget elementor-widget-image\" data-id=\"9213c85\" data-element_type=\"widget\" data-e-type=\"widget\" data-widget_type=\"image.default\">\n\t\t\t\t<div class=\"elementor-widget-container\">\n\t\t\t\t\t\t\t\t\t\t\t\t\t\t\t<img loading=\"lazy\" decoding=\"async\" width=\"300\" height=\"300\" src=\"https:\/\/we-building.org\/wp-content\/uploads\/2023\/07\/E_WEB_04-300x300.png\" class=\"attachment-medium size-medium wp-image-11902\" alt=\"\" srcset=\"https:\/\/we-building.org\/wp-content\/uploads\/2023\/07\/E_WEB_04-300x300.png 300w, https:\/\/we-building.org\/wp-content\/uploads\/2023\/07\/E_WEB_04-1024x1024.png 1024w, https:\/\/we-building.org\/wp-content\/uploads\/2023\/07\/E_WEB_04-150x150.png 150w, https:\/\/we-building.org\/wp-content\/uploads\/2023\/07\/E_WEB_04-768x768.png 768w, https:\/\/we-building.org\/wp-content\/uploads\/2023\/07\/E_WEB_04.png 1500w\" sizes=\"(max-width: 300px) 100vw, 300px\" \/>\t\t\t\t\t\t\t\t\t\t\t\t\t\t\t<\/div>\n\t\t\t\t<\/div>\n\t\t\t\t<div class=\"elementor-element elementor-element-5774ffd elementor-widget elementor-widget-image\" data-id=\"5774ffd\" data-element_type=\"widget\" data-e-type=\"widget\" data-widget_type=\"image.default\">\n\t\t\t\t<div class=\"elementor-widget-container\">\n\t\t\t\t\t\t\t\t\t\t\t\t\t\t\t<img loading=\"lazy\" decoding=\"async\" width=\"300\" height=\"300\" src=\"https:\/\/we-building.org\/wp-content\/uploads\/2023\/07\/E_WEB_11-300x300.png\" class=\"attachment-medium size-medium wp-image-11898\" alt=\"\" srcset=\"https:\/\/we-building.org\/wp-content\/uploads\/2023\/07\/E_WEB_11-300x300.png 300w, https:\/\/we-building.org\/wp-content\/uploads\/2023\/07\/E_WEB_11-1024x1024.png 1024w, https:\/\/we-building.org\/wp-content\/uploads\/2023\/07\/E_WEB_11-150x150.png 150w, https:\/\/we-building.org\/wp-content\/uploads\/2023\/07\/E_WEB_11-768x768.png 768w, https:\/\/we-building.org\/wp-content\/uploads\/2023\/07\/E_WEB_11.png 1500w\" sizes=\"(max-width: 300px) 100vw, 300px\" \/>\t\t\t\t\t\t\t\t\t\t\t\t\t\t\t<\/div>\n\t\t\t\t<\/div>\n\t\t\t\t<div class=\"elementor-element elementor-element-522a248 elementor-widget elementor-widget-image\" data-id=\"522a248\" data-element_type=\"widget\" data-e-type=\"widget\" data-widget_type=\"image.default\">\n\t\t\t\t<div class=\"elementor-widget-container\">\n\t\t\t\t\t\t\t\t\t\t\t\t\t\t\t<img loading=\"lazy\" decoding=\"async\" width=\"300\" height=\"300\" src=\"https:\/\/we-building.org\/wp-content\/uploads\/2023\/07\/E_WEB_13-300x300.png\" class=\"attachment-medium size-medium wp-image-11906\" alt=\"\" srcset=\"https:\/\/we-building.org\/wp-content\/uploads\/2023\/07\/E_WEB_13-300x300.png 300w, https:\/\/we-building.org\/wp-content\/uploads\/2023\/07\/E_WEB_13-1024x1024.png 1024w, https:\/\/we-building.org\/wp-content\/uploads\/2023\/07\/E_WEB_13-150x150.png 150w, https:\/\/we-building.org\/wp-content\/uploads\/2023\/07\/E_WEB_13-768x768.png 768w, https:\/\/we-building.org\/wp-content\/uploads\/2023\/07\/E_WEB_13.png 1500w\" sizes=\"(max-width: 300px) 100vw, 300px\" \/>\t\t\t\t\t\t\t\t\t\t\t\t\t\t\t<\/div>\n\t\t\t\t<\/div>\n\t\t\t\t<\/div>\n\t\t\t\t\t<\/div>\n\t\t\t\t<\/div>\n\t\t\t\t<\/div>\n\t\t","protected":false},"excerpt":{"rendered":"<p>Shaping a globally just future through sustainable architecture and education Unsere Grundwerte Jeder Mensch braucht Raum zur Entfaltung und die Chance auf ein selbstbestimmtes Leben. Nachhaltige Architektur und Bildung k\u00f6nnen solche R\u00e4ume schaffen und T\u00fcren f\u00fcr eine sozial gerechtere Zukunft \u00f6ffnen. We-Building e.V. ist ein Zusammenschluss von internationalen Architekt:innen mit Sitz in Berlin. Wir haben zwei Schwerpunkte: Support with construction projects in the Global South We support organizations active in development cooperation seeking to implement construction projects in the Global South with our consulting services. Based on the experience gained from our construction projects, we pursue sustainable approaches to planning and implementation. In &hellip;<\/p>\n<p class=\"read-more\"> <a class=\"\" href=\"https:\/\/we-building.org\/de\/index-new-2023-druga-verzija\/\"> <span class=\"screen-reader-text\">index &#8211; new 2023 &#8211; druga verzija<\/span> &#8230;<\/a><\/p>\n","protected":false},"author":1,"featured_media":0,"parent":0,"menu_order":0,"comment_status":"closed","ping_status":"closed","template":"","meta":{"site-sidebar-layout":"no-sidebar","site-content-layout":"page-builder","ast-global-header-display":"","ast-banner-title-visibility":"","ast-main-header-display":"disabled","ast-hfb-above-header-display":"","ast-hfb-below-header-display":"","ast-hfb-mobile-header-display":"","site-post-title":"disabled","ast-breadcrumbs-content":"disabled","ast-featured-img":"disabled","footer-sml-layout":"disabled","theme-transparent-header-meta":"default","adv-header-id-meta":"","stick-header-meta":"","header-above-stick-meta":"","header-main-stick-meta":"","header-below-stick-meta":"","footnotes":"","_links_to":"","_links_to_target":""},"class_list":["post-11916","page","type-page","status-publish","hentry"],"yoast_head":"<!-- This site is optimized with the Yoast SEO plugin v26.9 - https:\/\/yoast.com\/product\/yoast-seo-wordpress\/ -->\n<title>Supporting Sustainable Architecture Projects | We-Building<\/title>\n<meta name=\"description\" content=\"We-Building is using sustainable architecture to help communities around the world build a better and brighter future.\" \/>\n<meta name=\"robots\" content=\"index, follow, max-snippet:-1, max-image-preview:large, max-video-preview:-1\" \/>\n<link rel=\"canonical\" href=\"https:\/\/we-building.org\/index-new-2023-druga-verzija\/\" \/>\n<meta property=\"og:locale\" content=\"de_DE\" \/>\n<meta property=\"og:type\" content=\"article\" \/>\n<meta property=\"og:title\" content=\"Supporting Sustainable Architecture Projects | We-Building\" \/>\n<meta property=\"og:description\" content=\"We-Building is using sustainable architecture to help communities around the world build a better and brighter future.\" \/>\n<meta property=\"og:url\" content=\"https:\/\/we-building.org\/index-new-2023-druga-verzija\/\" \/>\n<meta property=\"og:site_name\" content=\"WEbuilding\" \/>\n<meta property=\"article:modified_time\" content=\"2023-08-01T08:25:05+00:00\" \/>\n<meta property=\"og:image\" content=\"https:\/\/we-building.org\/wp-content\/uploads\/2023\/07\/front-page-3.jpg\" \/>\n<meta name=\"twitter:card\" content=\"summary_large_image\" \/>\n<meta name=\"twitter:label1\" content=\"Gesch\u00e4tzte Lesezeit\" \/>\n\t<meta name=\"twitter:data1\" content=\"3 Minuten\" \/>\n<script type=\"application\/ld+json\" class=\"yoast-schema-graph\">{\"@context\":\"https:\/\/schema.org\",\"@graph\":[{\"@type\":\"WebPage\",\"@id\":\"https:\/\/we-building.org\/index-new-2023-druga-verzija\/\",\"url\":\"https:\/\/we-building.org\/index-new-2023-druga-verzija\/\",\"name\":\"Supporting Sustainable Architecture Projects | We-Building\",\"isPartOf\":{\"@id\":\"https:\/\/we-building.org\/#website\"},\"primaryImageOfPage\":{\"@id\":\"https:\/\/we-building.org\/index-new-2023-druga-verzija\/#primaryimage\"},\"image\":{\"@id\":\"https:\/\/we-building.org\/index-new-2023-druga-verzija\/#primaryimage\"},\"thumbnailUrl\":\"https:\/\/we-building.org\/wp-content\/uploads\/2023\/07\/front-page-3.jpg\",\"datePublished\":\"2023-07-25T09:30:39+00:00\",\"dateModified\":\"2023-08-01T08:25:05+00:00\",\"description\":\"We-Building is using sustainable architecture to help communities around the world build a better and brighter future.\",\"breadcrumb\":{\"@id\":\"https:\/\/we-building.org\/index-new-2023-druga-verzija\/#breadcrumb\"},\"inLanguage\":\"de-DE\",\"potentialAction\":[{\"@type\":\"ReadAction\",\"target\":[\"https:\/\/we-building.org\/index-new-2023-druga-verzija\/\"]}]},{\"@type\":\"ImageObject\",\"inLanguage\":\"de-DE\",\"@id\":\"https:\/\/we-building.org\/index-new-2023-druga-verzija\/#primaryimage\",\"url\":\"https:\/\/we-building.org\/wp-content\/uploads\/2023\/07\/front-page-3.jpg\",\"contentUrl\":\"https:\/\/we-building.org\/wp-content\/uploads\/2023\/07\/front-page-3.jpg\"},{\"@type\":\"BreadcrumbList\",\"@id\":\"https:\/\/we-building.org\/index-new-2023-druga-verzija\/#breadcrumb\",\"itemListElement\":[{\"@type\":\"ListItem\",\"position\":1,\"name\":\"Home\",\"item\":\"https:\/\/we-building.org\/de\/index\/\"},{\"@type\":\"ListItem\",\"position\":2,\"name\":\"index &#8211; new 2023 &#8211; druga verzija\"}]},{\"@type\":\"WebSite\",\"@id\":\"https:\/\/we-building.org\/#website\",\"url\":\"https:\/\/we-building.org\/\",\"name\":\"WEbuilding\",\"description\":\"Using sustainable architecture to help communities around the world build a better and brighter future.\",\"publisher\":{\"@id\":\"https:\/\/we-building.org\/#organization\"},\"potentialAction\":[{\"@type\":\"SearchAction\",\"target\":{\"@type\":\"EntryPoint\",\"urlTemplate\":\"https:\/\/we-building.org\/?s={search_term_string}\"},\"query-input\":{\"@type\":\"PropertyValueSpecification\",\"valueRequired\":true,\"valueName\":\"search_term_string\"}}],\"inLanguage\":\"de-DE\"},{\"@type\":\"Organization\",\"@id\":\"https:\/\/we-building.org\/#organization\",\"name\":\"WEbuilding\",\"url\":\"https:\/\/we-building.org\/\",\"logo\":{\"@type\":\"ImageObject\",\"inLanguage\":\"de-DE\",\"@id\":\"https:\/\/we-building.org\/#\/schema\/logo\/image\/\",\"url\":\"https:\/\/we-building.org\/wp-content\/uploads\/2020\/02\/cropped-12_Logo-1.png\",\"contentUrl\":\"https:\/\/we-building.org\/wp-content\/uploads\/2020\/02\/cropped-12_Logo-1.png\",\"width\":2288,\"height\":2288,\"caption\":\"WEbuilding\"},\"image\":{\"@id\":\"https:\/\/we-building.org\/#\/schema\/logo\/image\/\"}}]}<\/script>\n<!-- \/ Yoast SEO plugin. -->","yoast_head_json":{"title":"Supporting Sustainable Architecture Projects | We-Building","description":"We-Building is using sustainable architecture to help communities around the world build a better and brighter future.","robots":{"index":"index","follow":"follow","max-snippet":"max-snippet:-1","max-image-preview":"max-image-preview:large","max-video-preview":"max-video-preview:-1"},"canonical":"https:\/\/we-building.org\/index-new-2023-druga-verzija\/","og_locale":"de_DE","og_type":"article","og_title":"Supporting Sustainable Architecture Projects | We-Building","og_description":"We-Building is using sustainable architecture to help communities around the world build a better and brighter future.","og_url":"https:\/\/we-building.org\/index-new-2023-druga-verzija\/","og_site_name":"WEbuilding","article_modified_time":"2023-08-01T08:25:05+00:00","og_image":[{"url":"https:\/\/we-building.org\/wp-content\/uploads\/2023\/07\/front-page-3.jpg","type":"","width":"","height":""}],"twitter_card":"summary_large_image","twitter_misc":{"Gesch\u00e4tzte Lesezeit":"3 Minuten"},"schema":{"@context":"https:\/\/schema.org","@graph":[{"@type":"WebPage","@id":"https:\/\/we-building.org\/index-new-2023-druga-verzija\/","url":"https:\/\/we-building.org\/index-new-2023-druga-verzija\/","name":"Supporting Sustainable Architecture Projects | We-Building","isPartOf":{"@id":"https:\/\/we-building.org\/#website"},"primaryImageOfPage":{"@id":"https:\/\/we-building.org\/index-new-2023-druga-verzija\/#primaryimage"},"image":{"@id":"https:\/\/we-building.org\/index-new-2023-druga-verzija\/#primaryimage"},"thumbnailUrl":"https:\/\/we-building.org\/wp-content\/uploads\/2023\/07\/front-page-3.jpg","datePublished":"2023-07-25T09:30:39+00:00","dateModified":"2023-08-01T08:25:05+00:00","description":"We-Building is using sustainable architecture to help communities around the world build a better and brighter future.","breadcrumb":{"@id":"https:\/\/we-building.org\/index-new-2023-druga-verzija\/#breadcrumb"},"inLanguage":"de-DE","potentialAction":[{"@type":"ReadAction","target":["https:\/\/we-building.org\/index-new-2023-druga-verzija\/"]}]},{"@type":"ImageObject","inLanguage":"de-DE","@id":"https:\/\/we-building.org\/index-new-2023-druga-verzija\/#primaryimage","url":"https:\/\/we-building.org\/wp-content\/uploads\/2023\/07\/front-page-3.jpg","contentUrl":"https:\/\/we-building.org\/wp-content\/uploads\/2023\/07\/front-page-3.jpg"},{"@type":"BreadcrumbList","@id":"https:\/\/we-building.org\/index-new-2023-druga-verzija\/#breadcrumb","itemListElement":[{"@type":"ListItem","position":1,"name":"Home","item":"https:\/\/we-building.org\/de\/index\/"},{"@type":"ListItem","position":2,"name":"index &#8211; new 2023 &#8211; druga verzija"}]},{"@type":"WebSite","@id":"https:\/\/we-building.org\/#website","url":"https:\/\/we-building.org\/","name":"WEbuilding","description":"Using sustainable architecture to help communities around the world build a better and brighter future.","publisher":{"@id":"https:\/\/we-building.org\/#organization"},"potentialAction":[{"@type":"SearchAction","target":{"@type":"EntryPoint","urlTemplate":"https:\/\/we-building.org\/?s={search_term_string}"},"query-input":{"@type":"PropertyValueSpecification","valueRequired":true,"valueName":"search_term_string"}}],"inLanguage":"de-DE"},{"@type":"Organization","@id":"https:\/\/we-building.org\/#organization","name":"WEbuilding","url":"https:\/\/we-building.org\/","logo":{"@type":"ImageObject","inLanguage":"de-DE","@id":"https:\/\/we-building.org\/#\/schema\/logo\/image\/","url":"https:\/\/we-building.org\/wp-content\/uploads\/2020\/02\/cropped-12_Logo-1.png","contentUrl":"https:\/\/we-building.org\/wp-content\/uploads\/2020\/02\/cropped-12_Logo-1.png","width":2288,"height":2288,"caption":"WEbuilding"},"image":{"@id":"https:\/\/we-building.org\/#\/schema\/logo\/image\/"}}]}},"_links":{"self":[{"href":"https:\/\/we-building.org\/de\/wp-json\/wp\/v2\/pages\/11916","targetHints":{"allow":["GET"]}}],"collection":[{"href":"https:\/\/we-building.org\/de\/wp-json\/wp\/v2\/pages"}],"about":[{"href":"https:\/\/we-building.org\/de\/wp-json\/wp\/v2\/types\/page"}],"author":[{"embeddable":true,"href":"https:\/\/we-building.org\/de\/wp-json\/wp\/v2\/users\/1"}],"replies":[{"embeddable":true,"href":"https:\/\/we-building.org\/de\/wp-json\/wp\/v2\/comments?post=11916"}],"version-history":[{"count":0,"href":"https:\/\/we-building.org\/de\/wp-json\/wp\/v2\/pages\/11916\/revisions"}],"wp:attachment":[{"href":"https:\/\/we-building.org\/de\/wp-json\/wp\/v2\/media?parent=11916"}],"curies":[{"name":"wp","href":"https:\/\/api.w.org\/{rel}","templated":true}]}}