{"id":10320,"date":"2021-11-03T19:44:38","date_gmt":"2021-11-03T19:44:38","guid":{"rendered":"https:\/\/we-building.org\/projekte-globalen-sued\/"},"modified":"2023-05-08T20:34:42","modified_gmt":"2023-05-08T20:34:42","slug":"projekte-globalen-sued","status":"publish","type":"page","link":"https:\/\/we-building.org\/de\/projekte-globalen-sued\/","title":{"rendered":"Bauen im globalen S\u00fcden"},"content":{"rendered":"\t\t<div data-elementor-type=\"wp-page\" data-elementor-id=\"10320\" class=\"elementor elementor-10320 elementor-10259\" data-elementor-post-type=\"page\">\n\t\t\t\t\t\t<section data-particle_enable=\"false\" data-particle-mobile-disabled=\"false\" class=\"elementor-section elementor-top-section elementor-element elementor-element-4f69a67 elementor-section-full_width elementor-section-height-default elementor-section-height-default\" data-id=\"4f69a67\" data-element_type=\"section\" data-e-type=\"section\">\n\t\t\t\t\t\t<div class=\"elementor-container elementor-column-gap-extended\">\n\t\t\t\t\t<div class=\"elementor-column elementor-col-25 elementor-top-column elementor-element elementor-element-1b68b5d\" data-id=\"1b68b5d\" data-element_type=\"column\" data-e-type=\"column\">\n\t\t\t<div class=\"elementor-widget-wrap\">\n\t\t\t\t\t\t\t<\/div>\n\t\t<\/div>\n\t\t\t\t<div class=\"elementor-column elementor-col-25 elementor-top-column elementor-element elementor-element-55f7de0\" data-id=\"55f7de0\" data-element_type=\"column\" data-e-type=\"column\">\n\t\t\t<div class=\"elementor-widget-wrap elementor-element-populated\">\n\t\t\t\t\t\t<div class=\"elementor-element elementor-element-fe14d34 elementor-widget elementor-widget-text-editor\" data-id=\"fe14d34\" data-element_type=\"widget\" data-e-type=\"widget\" data-widget_type=\"text-editor.default\">\n\t\t\t\t<div class=\"elementor-widget-container\">\n\t\t\t\t\t\t\t\t\t<h1>Bauen im globalen S\u00fcden<\/h1><p>\u00a0<\/p><p>Wir bieten derzeit zwei Arten von Workshops an, die sich mit dem Thema \u201cBauen in der Entwicklungszusammenarbeit\u201d besch\u00e4ftigen. Ein zentrales Element der Workshops ist der Austausch auf der Grundlage der bisherigen Erfahrungen der Teilnehmenden und die Diskussion \u00fcber konkrete vergangene, aktuelle oder zuk\u00fcnftige Projekte. Im Rahmen von Workshops, f\u00fcr die wir eine F\u00f6rderung erhalten, ist eine kostenlose individuelle Beratung m\u00f6glich<strong>. <\/strong><\/p><p>\u00a0<\/p><p>Der <a href=\"https:\/\/we-building.org\/2023\/01\/09\/online-workshop\/#1tag\">2-t\u00e4gige Workshop<\/a> bietet einen allgemeinen \u00dcberblick \u00fcber verschiedene Themen, die f\u00fcr eine erfolgreiche Durchf\u00fchrung von Bauprojekten eine wichtige Rolle spielen. Sie kombiniert Pr\u00e4sentationen, \u00dcbungen und Gruppendiskussionen und richtet sich an ein breites Publikum \u2013 von Anf\u00e4ngern bis zu Vereinen, die bereits einige Projekte hinter sich haben.<\/p><p>\u00a0<\/p><p>Der <a href=\"https:\/\/we-building.org\/2023\/01\/09\/online-workshop\/#2tag\">1-t\u00e4gige Workshop<\/a> bietet den Teilnehmern, die bereits \u00fcber Erfahrungen in diesem Bereich verf\u00fcgen und bestimmte Themen und Herausforderungen eingehender diskutieren m\u00f6chten, die M\u00f6glichkeit des Austauschs.<\/p><p>\u00a0<\/p><p>Weitere Informationen zu beiden Workshops finden Sie <a href=\"https:\/\/we-building.org\/2023\/01\/09\/online-workshop\/\">hier<\/a>.<\/p><p>\u00a0<\/p><p>Derzeit werden alle Workshops auf Deutsch durchgef\u00fchrt, aber wir entwickeln ein \u00e4hnliches Konzept auf Englisch. Kontaktieren Sie uns, wenn Sie an einer Teilnahme interessiert sind. Wir freuen uns auf Ihre E-Mail!<\/p><p>\u00a0<\/p><p>Kontakt: Ivan Rali\u0161, <a href=\"mailto:ivan@we-building.org\">ivan@we-building.org<\/a><\/p>\t\t\t\t\t\t\t\t<\/div>\n\t\t\t\t<\/div>\n\t\t\t\t\t<\/div>\n\t\t<\/div>\n\t\t\t\t<div class=\"elementor-column elementor-col-25 elementor-top-column elementor-element elementor-element-08bc168\" data-id=\"08bc168\" data-element_type=\"column\" data-e-type=\"column\">\n\t\t\t<div class=\"elementor-widget-wrap elementor-element-populated\">\n\t\t\t\t\t\t<div class=\"elementor-element elementor-element-aea42e2 elementor-widget elementor-widget-image\" data-id=\"aea42e2\" data-element_type=\"widget\" data-e-type=\"widget\" data-widget_type=\"image.default\">\n\t\t\t\t<div class=\"elementor-widget-container\">\n\t\t\t\t\t\t\t\t\t\t\t\t\t\t\t\t<a href=\"https:\/\/we-building.org\/2023\/01\/09\/online-workshop\/\">\n\t\t\t\t\t\t\t<img fetchpriority=\"high\" decoding=\"async\" width=\"768\" height=\"392\" src=\"https:\/\/we-building.org\/wp-content\/uploads\/2021\/10\/workshop-webpage-768x392.jpg\" class=\"attachment-medium_large size-medium_large wp-image-10185\" alt=\"\" srcset=\"https:\/\/we-building.org\/wp-content\/uploads\/2021\/10\/workshop-webpage-768x392.jpg 768w, https:\/\/we-building.org\/wp-content\/uploads\/2021\/10\/workshop-webpage-300x153.jpg 300w, https:\/\/we-building.org\/wp-content\/uploads\/2021\/10\/workshop-webpage-1024x523.jpg 1024w, https:\/\/we-building.org\/wp-content\/uploads\/2021\/10\/workshop-webpage.jpg 1044w\" sizes=\"(max-width: 768px) 100vw, 768px\" \/>\t\t\t\t\t\t\t\t<\/a>\n\t\t\t\t\t\t\t\t\t\t\t\t\t\t\t<\/div>\n\t\t\t\t<\/div>\n\t\t\t\t\t<\/div>\n\t\t<\/div>\n\t\t\t\t<div class=\"elementor-column elementor-col-25 elementor-top-column elementor-element elementor-element-032d8cb\" data-id=\"032d8cb\" data-element_type=\"column\" data-e-type=\"column\">\n\t\t\t<div class=\"elementor-widget-wrap\">\n\t\t\t\t\t\t\t<\/div>\n\t\t<\/div>\n\t\t\t\t\t<\/div>\n\t\t<\/section>\n\t\t\t\t<\/div>\n\t\t","protected":false},"excerpt":{"rendered":"<p>Bauen im globalen S\u00fcden \u00a0 Wir bieten derzeit zwei Arten von Workshops an, die sich mit dem Thema \u201cBauen in der Entwicklungszusammenarbeit\u201d besch\u00e4ftigen. Ein zentrales Element der Workshops ist der Austausch auf der Grundlage der bisherigen Erfahrungen der Teilnehmenden und die Diskussion \u00fcber konkrete vergangene, aktuelle oder zuk\u00fcnftige Projekte. Im Rahmen von Workshops, f\u00fcr die wir eine F\u00f6rderung erhalten, ist eine kostenlose individuelle Beratung m\u00f6glich. \u00a0 Der 2-t\u00e4gige Workshop bietet einen allgemeinen \u00dcberblick \u00fcber verschiedene Themen, die f\u00fcr eine erfolgreiche Durchf\u00fchrung von Bauprojekten eine wichtige Rolle spielen. Sie kombiniert Pr\u00e4sentationen, \u00dcbungen und Gruppendiskussionen und richtet sich an ein breites Publikum \u2013 von Anf\u00e4ngern &hellip;<\/p>\n<p class=\"read-more\"> <a class=\"\" href=\"https:\/\/we-building.org\/de\/projekte-globalen-sued\/\"> <span class=\"screen-reader-text\">Bauen im globalen S\u00fcden<\/span> &#8230;<\/a><\/p>\n","protected":false},"author":1,"featured_media":0,"parent":0,"menu_order":0,"comment_status":"closed","ping_status":"closed","template":"","meta":{"site-sidebar-layout":"no-sidebar","site-content-layout":"page-builder","ast-global-header-display":"","ast-banner-title-visibility":"","ast-main-header-display":"disabled","ast-hfb-above-header-display":"","ast-hfb-below-header-display":"","ast-hfb-mobile-header-display":"","site-post-title":"disabled","ast-breadcrumbs-content":"disabled","ast-featured-img":"disabled","footer-sml-layout":"disabled","theme-transparent-header-meta":"disabled","adv-header-id-meta":"","stick-header-meta":"","header-above-stick-meta":"","header-main-stick-meta":"","header-below-stick-meta":"","footnotes":"","_links_to":"","_links_to_target":""},"class_list":["post-10320","page","type-page","status-publish","hentry"],"yoast_head":"<!-- This site is optimized with the Yoast SEO plugin v26.9 - https:\/\/yoast.com\/product\/yoast-seo-wordpress\/ -->\n<title>Bauen im globalen S\u00fcden | We-Building<\/title>\n<meta name=\"description\" content=\"We-Building e.V. vermittelt die wesentlichen Grundlagen dazu in einem 2-t\u00e4gigen Workshop \u2013 und bietet Raum f\u00fcr individuelle Beratung zu aktuellen oder geplanten Bauvorhaben.\" \/>\n<meta name=\"robots\" content=\"index, follow, max-snippet:-1, max-image-preview:large, max-video-preview:-1\" \/>\n<link rel=\"canonical\" href=\"https:\/\/we-building.org\/de\/projekte-globalen-sued\/\" \/>\n<meta property=\"og:locale\" content=\"de_DE\" \/>\n<meta property=\"og:type\" content=\"article\" \/>\n<meta property=\"og:title\" content=\"Bauen im globalen S\u00fcden | We-Building\" \/>\n<meta property=\"og:description\" content=\"We-Building e.V. vermittelt die wesentlichen Grundlagen dazu in einem 2-t\u00e4gigen Workshop \u2013 und bietet Raum f\u00fcr individuelle Beratung zu aktuellen oder geplanten Bauvorhaben.\" \/>\n<meta property=\"og:url\" content=\"https:\/\/we-building.org\/de\/projekte-globalen-sued\/\" \/>\n<meta property=\"og:site_name\" content=\"WEbuilding\" \/>\n<meta property=\"article:modified_time\" content=\"2023-05-08T20:34:42+00:00\" \/>\n<meta property=\"og:image\" content=\"https:\/\/we-building.org\/wp-content\/uploads\/2021\/10\/workshop-webpage-768x392.jpg\" \/>\n<meta name=\"twitter:card\" content=\"summary_large_image\" \/>\n<meta name=\"twitter:label1\" content=\"Gesch\u00e4tzte Lesezeit\" \/>\n\t<meta name=\"twitter:data1\" content=\"2 Minuten\" \/>\n<script type=\"application\/ld+json\" class=\"yoast-schema-graph\">{\"@context\":\"https:\/\/schema.org\",\"@graph\":[{\"@type\":\"WebPage\",\"@id\":\"https:\/\/we-building.org\/de\/projekte-globalen-sued\/\",\"url\":\"https:\/\/we-building.org\/de\/projekte-globalen-sued\/\",\"name\":\"Bauen im globalen S\u00fcden | We-Building\",\"isPartOf\":{\"@id\":\"https:\/\/we-building.org\/#website\"},\"primaryImageOfPage\":{\"@id\":\"https:\/\/we-building.org\/de\/projekte-globalen-sued\/#primaryimage\"},\"image\":{\"@id\":\"https:\/\/we-building.org\/de\/projekte-globalen-sued\/#primaryimage\"},\"thumbnailUrl\":\"https:\/\/we-building.org\/wp-content\/uploads\/2021\/10\/workshop-webpage-768x392.jpg\",\"datePublished\":\"2021-11-03T19:44:38+00:00\",\"dateModified\":\"2023-05-08T20:34:42+00:00\",\"description\":\"We-Building e.V. vermittelt die wesentlichen Grundlagen dazu in einem 2-t\u00e4gigen Workshop \u2013 und bietet Raum f\u00fcr individuelle Beratung zu aktuellen oder geplanten Bauvorhaben.\",\"breadcrumb\":{\"@id\":\"https:\/\/we-building.org\/de\/projekte-globalen-sued\/#breadcrumb\"},\"inLanguage\":\"de-DE\",\"potentialAction\":[{\"@type\":\"ReadAction\",\"target\":[\"https:\/\/we-building.org\/de\/projekte-globalen-sued\/\"]}]},{\"@type\":\"ImageObject\",\"inLanguage\":\"de-DE\",\"@id\":\"https:\/\/we-building.org\/de\/projekte-globalen-sued\/#primaryimage\",\"url\":\"https:\/\/we-building.org\/wp-content\/uploads\/2021\/10\/workshop-webpage-768x392.jpg\",\"contentUrl\":\"https:\/\/we-building.org\/wp-content\/uploads\/2021\/10\/workshop-webpage-768x392.jpg\"},{\"@type\":\"BreadcrumbList\",\"@id\":\"https:\/\/we-building.org\/de\/projekte-globalen-sued\/#breadcrumb\",\"itemListElement\":[{\"@type\":\"ListItem\",\"position\":1,\"name\":\"Home\",\"item\":\"https:\/\/we-building.org\/de\/index\/\"},{\"@type\":\"ListItem\",\"position\":2,\"name\":\"Bauen im globalen S\u00fcden\"}]},{\"@type\":\"WebSite\",\"@id\":\"https:\/\/we-building.org\/#website\",\"url\":\"https:\/\/we-building.org\/\",\"name\":\"WEbuilding\",\"description\":\"Using sustainable architecture to help communities around the world build a better and brighter future.\",\"publisher\":{\"@id\":\"https:\/\/we-building.org\/#organization\"},\"potentialAction\":[{\"@type\":\"SearchAction\",\"target\":{\"@type\":\"EntryPoint\",\"urlTemplate\":\"https:\/\/we-building.org\/?s={search_term_string}\"},\"query-input\":{\"@type\":\"PropertyValueSpecification\",\"valueRequired\":true,\"valueName\":\"search_term_string\"}}],\"inLanguage\":\"de-DE\"},{\"@type\":\"Organization\",\"@id\":\"https:\/\/we-building.org\/#organization\",\"name\":\"WEbuilding\",\"url\":\"https:\/\/we-building.org\/\",\"logo\":{\"@type\":\"ImageObject\",\"inLanguage\":\"de-DE\",\"@id\":\"https:\/\/we-building.org\/#\/schema\/logo\/image\/\",\"url\":\"https:\/\/we-building.org\/wp-content\/uploads\/2020\/02\/cropped-12_Logo-1.png\",\"contentUrl\":\"https:\/\/we-building.org\/wp-content\/uploads\/2020\/02\/cropped-12_Logo-1.png\",\"width\":2288,\"height\":2288,\"caption\":\"WEbuilding\"},\"image\":{\"@id\":\"https:\/\/we-building.org\/#\/schema\/logo\/image\/\"}}]}<\/script>\n<!-- \/ Yoast SEO plugin. -->","yoast_head_json":{"title":"Bauen im globalen S\u00fcden | We-Building","description":"We-Building e.V. vermittelt die wesentlichen Grundlagen dazu in einem 2-t\u00e4gigen Workshop \u2013 und bietet Raum f\u00fcr individuelle Beratung zu aktuellen oder geplanten Bauvorhaben.","robots":{"index":"index","follow":"follow","max-snippet":"max-snippet:-1","max-image-preview":"max-image-preview:large","max-video-preview":"max-video-preview:-1"},"canonical":"https:\/\/we-building.org\/de\/projekte-globalen-sued\/","og_locale":"de_DE","og_type":"article","og_title":"Bauen im globalen S\u00fcden | We-Building","og_description":"We-Building e.V. vermittelt die wesentlichen Grundlagen dazu in einem 2-t\u00e4gigen Workshop \u2013 und bietet Raum f\u00fcr individuelle Beratung zu aktuellen oder geplanten Bauvorhaben.","og_url":"https:\/\/we-building.org\/de\/projekte-globalen-sued\/","og_site_name":"WEbuilding","article_modified_time":"2023-05-08T20:34:42+00:00","og_image":[{"url":"https:\/\/we-building.org\/wp-content\/uploads\/2021\/10\/workshop-webpage-768x392.jpg","type":"","width":"","height":""}],"twitter_card":"summary_large_image","twitter_misc":{"Gesch\u00e4tzte Lesezeit":"2 Minuten"},"schema":{"@context":"https:\/\/schema.org","@graph":[{"@type":"WebPage","@id":"https:\/\/we-building.org\/de\/projekte-globalen-sued\/","url":"https:\/\/we-building.org\/de\/projekte-globalen-sued\/","name":"Bauen im globalen S\u00fcden | We-Building","isPartOf":{"@id":"https:\/\/we-building.org\/#website"},"primaryImageOfPage":{"@id":"https:\/\/we-building.org\/de\/projekte-globalen-sued\/#primaryimage"},"image":{"@id":"https:\/\/we-building.org\/de\/projekte-globalen-sued\/#primaryimage"},"thumbnailUrl":"https:\/\/we-building.org\/wp-content\/uploads\/2021\/10\/workshop-webpage-768x392.jpg","datePublished":"2021-11-03T19:44:38+00:00","dateModified":"2023-05-08T20:34:42+00:00","description":"We-Building e.V. vermittelt die wesentlichen Grundlagen dazu in einem 2-t\u00e4gigen Workshop \u2013 und bietet Raum f\u00fcr individuelle Beratung zu aktuellen oder geplanten Bauvorhaben.","breadcrumb":{"@id":"https:\/\/we-building.org\/de\/projekte-globalen-sued\/#breadcrumb"},"inLanguage":"de-DE","potentialAction":[{"@type":"ReadAction","target":["https:\/\/we-building.org\/de\/projekte-globalen-sued\/"]}]},{"@type":"ImageObject","inLanguage":"de-DE","@id":"https:\/\/we-building.org\/de\/projekte-globalen-sued\/#primaryimage","url":"https:\/\/we-building.org\/wp-content\/uploads\/2021\/10\/workshop-webpage-768x392.jpg","contentUrl":"https:\/\/we-building.org\/wp-content\/uploads\/2021\/10\/workshop-webpage-768x392.jpg"},{"@type":"BreadcrumbList","@id":"https:\/\/we-building.org\/de\/projekte-globalen-sued\/#breadcrumb","itemListElement":[{"@type":"ListItem","position":1,"name":"Home","item":"https:\/\/we-building.org\/de\/index\/"},{"@type":"ListItem","position":2,"name":"Bauen im globalen S\u00fcden"}]},{"@type":"WebSite","@id":"https:\/\/we-building.org\/#website","url":"https:\/\/we-building.org\/","name":"WEbuilding","description":"Using sustainable architecture to help communities around the world build a better and brighter future.","publisher":{"@id":"https:\/\/we-building.org\/#organization"},"potentialAction":[{"@type":"SearchAction","target":{"@type":"EntryPoint","urlTemplate":"https:\/\/we-building.org\/?s={search_term_string}"},"query-input":{"@type":"PropertyValueSpecification","valueRequired":true,"valueName":"search_term_string"}}],"inLanguage":"de-DE"},{"@type":"Organization","@id":"https:\/\/we-building.org\/#organization","name":"WEbuilding","url":"https:\/\/we-building.org\/","logo":{"@type":"ImageObject","inLanguage":"de-DE","@id":"https:\/\/we-building.org\/#\/schema\/logo\/image\/","url":"https:\/\/we-building.org\/wp-content\/uploads\/2020\/02\/cropped-12_Logo-1.png","contentUrl":"https:\/\/we-building.org\/wp-content\/uploads\/2020\/02\/cropped-12_Logo-1.png","width":2288,"height":2288,"caption":"WEbuilding"},"image":{"@id":"https:\/\/we-building.org\/#\/schema\/logo\/image\/"}}]}},"_links":{"self":[{"href":"https:\/\/we-building.org\/de\/wp-json\/wp\/v2\/pages\/10320","targetHints":{"allow":["GET"]}}],"collection":[{"href":"https:\/\/we-building.org\/de\/wp-json\/wp\/v2\/pages"}],"about":[{"href":"https:\/\/we-building.org\/de\/wp-json\/wp\/v2\/types\/page"}],"author":[{"embeddable":true,"href":"https:\/\/we-building.org\/de\/wp-json\/wp\/v2\/users\/1"}],"replies":[{"embeddable":true,"href":"https:\/\/we-building.org\/de\/wp-json\/wp\/v2\/comments?post=10320"}],"version-history":[{"count":0,"href":"https:\/\/we-building.org\/de\/wp-json\/wp\/v2\/pages\/10320\/revisions"}],"wp:attachment":[{"href":"https:\/\/we-building.org\/de\/wp-json\/wp\/v2\/media?parent=10320"}],"curies":[{"name":"wp","href":"https:\/\/api.w.org\/{rel}","templated":true}]}}