{"id":10165,"date":"2021-08-24T08:34:26","date_gmt":"2021-08-24T08:34:26","guid":{"rendered":"https:\/\/we-building.org\/ranja-valley-schule\/"},"modified":"2026-04-02T14:10:48","modified_gmt":"2026-04-02T14:10:48","slug":"ranja-valley-schule","status":"publish","type":"page","link":"https:\/\/we-building.org\/de\/ranja-valley-schule\/","title":{"rendered":"Ranja Valley Schule"},"content":{"rendered":"\t\t<div data-elementor-type=\"wp-page\" data-elementor-id=\"10165\" class=\"elementor elementor-10165 elementor-10129\" data-elementor-post-type=\"page\">\n\t\t\t\t\t\t<section data-particle_enable=\"false\" data-particle-mobile-disabled=\"false\" class=\"elementor-section elementor-top-section elementor-element elementor-element-3df488b elementor-section-full_width elementor-section-height-min-height elementor-section-items-stretch elementor-section-content-middle elementor-section-height-default\" data-id=\"3df488b\" data-element_type=\"section\" data-e-type=\"section\">\n\t\t\t\t\t\t<div class=\"elementor-container elementor-column-gap-no\">\n\t\t\t\t\t<div class=\"elementor-column elementor-col-50 elementor-top-column elementor-element elementor-element-fc37202\" data-id=\"fc37202\" data-element_type=\"column\" data-e-type=\"column\" data-settings=\"{&quot;background_background&quot;:&quot;classic&quot;}\">\n\t\t\t<div class=\"elementor-widget-wrap elementor-element-populated\">\n\t\t\t\t\t\t\t<\/div>\n\t\t<\/div>\n\t\t\t\t<div class=\"elementor-column elementor-col-50 elementor-top-column elementor-element elementor-element-08bc168\" data-id=\"08bc168\" data-element_type=\"column\" data-e-type=\"column\" data-settings=\"{&quot;background_background&quot;:&quot;classic&quot;}\">\n\t\t\t<div class=\"elementor-widget-wrap elementor-element-populated\">\n\t\t\t\t\t\t<div class=\"elementor-element elementor-element-05c1ef9 elementor-widget elementor-widget-text-editor\" data-id=\"05c1ef9\" data-element_type=\"widget\" data-e-type=\"widget\" data-widget_type=\"text-editor.default\">\n\t\t\t\t<div class=\"elementor-widget-container\">\n\t\t\t\t\t\t\t\t\t<h2><span style=\"color: #ffffff;\"><b>Ranja Valley Schule<\/b><\/span><\/h2><p><strong><span style=\"color: #37b0ac;\">Jahr<\/span><\/strong><br><span style=\"color: #ffffff;\">2021 &#8211; 2025<br><\/span><\/p><p><strong><span style=\"color: #37b0ac;\">Standort<\/span><\/strong><br><span style=\"color: #ffffff;\">Ranja Valley, Haiti<\/span><\/p><p><strong><span style=\"color: #37b0ac;\">Umfeld<\/span><\/strong><br><span style=\"color: #ffffff;\">L\u00e4ndlich<\/span><\/p><p><strong><span style=\"color: #37b0ac;\">Gr\u00f6\u00dfe<\/span><\/strong><br><span style=\"color: #ffffff;\">6 Klassenzimmer (erste Phase)<\/span><\/p><p>Leistung<br>Entwurf, Fundraising<\/p><p><strong><span style=\"color: #37b0ac;\">Partners<\/span><\/strong><br><span style=\"color: #ffffff;\"><a style=\"color: #ffffff;\" href=\"https:\/\/www.facebook.com\/diocesejeremiehaiti\/\" target=\"_blank\" rel=\"noopener\">Dioc\u00e8se J\u00e9r\u00e9mie, Haiti; \u201eEin Herz f\u00fcr Kinder\u201c \u2013 BILD hilft e.V., Reiner Meutsch Stiftung; FLY &amp; HELP: Development Future e.V.<\/a><\/span><\/p><p>Nachhaltigkeit<br>Lokale Mitarbeiter + Training<br>Lokale Materialien<\/p>\t\t\t\t\t\t\t\t<\/div>\n\t\t\t\t<\/div>\n\t\t\t\t\t<\/div>\n\t\t<\/div>\n\t\t\t\t\t<\/div>\n\t\t<\/section>\n\t\t\t\t<section data-particle_enable=\"false\" data-particle-mobile-disabled=\"false\" class=\"elementor-section elementor-top-section elementor-element elementor-element-4f69a67 elementor-section-full_width elementor-section-height-default elementor-section-height-default\" data-id=\"4f69a67\" data-element_type=\"section\" data-e-type=\"section\">\n\t\t\t\t\t\t<div class=\"elementor-container elementor-column-gap-extended\">\n\t\t\t\t\t<div class=\"elementor-column elementor-col-33 elementor-top-column elementor-element elementor-element-b8fe6ae\" data-id=\"b8fe6ae\" data-element_type=\"column\" data-e-type=\"column\">\n\t\t\t<div class=\"elementor-widget-wrap\">\n\t\t\t\t\t\t\t<\/div>\n\t\t<\/div>\n\t\t\t\t<div class=\"elementor-column elementor-col-33 elementor-top-column elementor-element elementor-element-b2ff426\" data-id=\"b2ff426\" data-element_type=\"column\" data-e-type=\"column\">\n\t\t\t<div class=\"elementor-widget-wrap elementor-element-populated\">\n\t\t\t\t\t\t<div class=\"elementor-element elementor-element-fe14d34 elementor-widget elementor-widget-text-editor\" data-id=\"fe14d34\" data-element_type=\"widget\" data-e-type=\"widget\" data-widget_type=\"text-editor.default\">\n\t\t\t\t<div class=\"elementor-widget-container\">\n\t\t\t\t\t\t\t\t\t<h1 style=\"text-align: left;\">Ranja Valley Schule<\/h1>\n<div>Kinder in Haiti haben es nicht leicht: Haiti hat eine Alphabetisierungsrate von nur 60 % &#8211; die niedrigste in der westlichen Hemisph\u00e4re. Der Mangel an Bildung vertieft die sozialen und wirtschaftlichen Unterschiede, was zu einer hohen Armutsquote und wenig M\u00f6glichkeiten zur Verbesserung der Lebensbedingungen f\u00fchrt.<\/div>\n<div>&nbsp;<\/div>\n<div>Eine weitere gro\u00dfe Herausforderung, vor der das Land derzeit steht, ist die Bew\u00e4ltigung der gewaltigen Naturkatastrophen, die die Insel in den letzten Jahren verw\u00fcstet haben, insbesondere die Erdbeben in den Jahren 2010 und 2021 sowie der Hurrikan Matthew im Jahr 2016, durch den mehr als 300 Schulen im Westen Haitis zerst\u00f6rt oder schwer besch\u00e4digt wurden, so dass mehr als 100 000 Kinder den Unterricht nicht besuchen konnten.<\/div>\n<div>&nbsp;<\/div>\n<div>\n<h1 style=\"text-align: left;\"><img fetchpriority=\"high\" decoding=\"async\" class=\"alignnone wp-image-15447 size-full\" src=\"https:\/\/we-building.org\/wp-content\/uploads\/2026\/02\/ChatGPT-Image-10.-Feb.-2026-17_10_33.png\" alt=\"\" width=\"1536\" height=\"1024\" srcset=\"https:\/\/we-building.org\/wp-content\/uploads\/2026\/02\/ChatGPT-Image-10.-Feb.-2026-17_10_33.png 1536w, https:\/\/we-building.org\/wp-content\/uploads\/2026\/02\/ChatGPT-Image-10.-Feb.-2026-17_10_33-300x200.png 300w, https:\/\/we-building.org\/wp-content\/uploads\/2026\/02\/ChatGPT-Image-10.-Feb.-2026-17_10_33-1024x683.png 1024w, https:\/\/we-building.org\/wp-content\/uploads\/2026\/02\/ChatGPT-Image-10.-Feb.-2026-17_10_33-768x512.png 768w\" sizes=\"(max-width: 1536px) 100vw, 1536px\" \/><\/h1>\n<\/div>\n<div>\n<div>The Ranja Valley School has now been completed and is operating in the Grand\u2019Anse region at the western end of Haiti. For the children of Ranja, the nearest school used to be several kilometers away and required crossing the Grand\u2019Anse river \u2014 a daily safety risk that kept many children at home. Today, children can safely walk to class.  <\/div>\n<div>&nbsp;<\/div>\n<div>We-Building hat die Schule in Partnerschaft mit der Di\u00f6zese J\u00e9r\u00e9mie gebaut, die ein Grundst\u00fcck neben der \u00f6rtlichen Kirche zur Verf\u00fcgung gestellt hat. Durch diesen Standort ist die Schule Teil des sozialen Zentrums der Gemeinde geworden und zugleich ist gew\u00e4hrleistet, dass das Gel\u00e4nde das ganze Jahr \u00fcber gut erreichbar und f\u00fcr Kinder sicher ist. <\/div>\n<\/div>\n<div>\n<h1 style=\"text-align: left;\"><img decoding=\"async\" class=\"alignnone wp-image-15439 size-full\" src=\"https:\/\/we-building.org\/wp-content\/uploads\/2026\/02\/Projekt-1-1.png\" alt=\"\" width=\"1280\" height=\"494\" srcset=\"https:\/\/we-building.org\/wp-content\/uploads\/2026\/02\/Projekt-1-1.png 1280w, https:\/\/we-building.org\/wp-content\/uploads\/2026\/02\/Projekt-1-1-300x116.png 300w, https:\/\/we-building.org\/wp-content\/uploads\/2026\/02\/Projekt-1-1-1024x395.png 1024w, https:\/\/we-building.org\/wp-content\/uploads\/2026\/02\/Projekt-1-1-768x296.png 768w\" sizes=\"(max-width: 1280px) 100vw, 1280px\" \/><\/h1>\n<\/div>\n<div>Die erste Phase des Schulkomplexes wurde abgeschlossen. Sie umfasst sechs Klassenr\u00e4ume mit sanit\u00e4ren Anlagen und kommt etwa 180 Kindern aus der Gemeinde und ihren Familien zugute. In weiteren Bauphasen sind zehn zus\u00e4tzliche Klassenr\u00e4ume, ein Computerraum, Arbeitsr\u00e4ume f\u00fcr Lehrkr\u00e4fte und Personal sowie eine Kantine mit K\u00fcche vorgesehen. Der Masterplan ordnet alle Klassenr\u00e4ume um einen gro\u00dfen zentralen Hof an, der f\u00fcr soziale Aktivit\u00e4ten, Sport und gemeinschaftliche Veranstaltungen genutzt wird.   <\/div>\n<div>&nbsp;<\/div>\t\t\t\t\t\t\t\t<\/div>\n\t\t\t\t<\/div>\n\t\t\t\t\t<\/div>\n\t\t<\/div>\n\t\t\t\t<div class=\"elementor-column elementor-col-33 elementor-top-column elementor-element elementor-element-8939d26\" data-id=\"8939d26\" data-element_type=\"column\" data-e-type=\"column\">\n\t\t\t<div class=\"elementor-widget-wrap\">\n\t\t\t\t\t\t\t<\/div>\n\t\t<\/div>\n\t\t\t\t\t<\/div>\n\t\t<\/section>\n\t\t\t\t<\/div>\n\t\t","protected":false},"excerpt":{"rendered":"<p>Ranja Valley Schule Jahr2021 &#8211; 2025 StandortRanja Valley, Haiti UmfeldL\u00e4ndlich Gr\u00f6\u00dfe6 Klassenzimmer (erste Phase) LeistungEntwurf, Fundraising PartnersDioc\u00e8se J\u00e9r\u00e9mie, Haiti; \u201eEin Herz f\u00fcr Kinder\u201c \u2013 BILD hilft e.V., Reiner Meutsch Stiftung; FLY &amp; HELP: Development Future e.V. NachhaltigkeitLokale Mitarbeiter + TrainingLokale Materialien Ranja Valley Schule Kinder in Haiti haben es nicht leicht: Haiti hat eine Alphabetisierungsrate von nur 60 % &#8211; die niedrigste in der westlichen Hemisph\u00e4re. Der Mangel an Bildung vertieft die sozialen und wirtschaftlichen Unterschiede, was zu einer hohen Armutsquote und wenig M\u00f6glichkeiten zur Verbesserung der Lebensbedingungen f\u00fchrt. &nbsp; Eine weitere gro\u00dfe Herausforderung, vor der das Land derzeit steht, ist die Bew\u00e4ltigung &hellip;<\/p>\n<p class=\"read-more\"> <a class=\"\" href=\"https:\/\/we-building.org\/de\/ranja-valley-schule\/\"> <span class=\"screen-reader-text\">Ranja Valley Schule<\/span> &#8230;<\/a><\/p>\n","protected":false},"author":1,"featured_media":0,"parent":0,"menu_order":0,"comment_status":"closed","ping_status":"closed","template":"","meta":{"site-sidebar-layout":"no-sidebar","site-content-layout":"page-builder","ast-global-header-display":"","ast-banner-title-visibility":"","ast-main-header-display":"disabled","ast-hfb-above-header-display":"","ast-hfb-below-header-display":"","ast-hfb-mobile-header-display":"","site-post-title":"disabled","ast-breadcrumbs-content":"disabled","ast-featured-img":"disabled","footer-sml-layout":"disabled","theme-transparent-header-meta":"default","adv-header-id-meta":"","stick-header-meta":"","header-above-stick-meta":"","header-main-stick-meta":"","header-below-stick-meta":"","footnotes":"","_links_to":"","_links_to_target":""},"class_list":["post-10165","page","type-page","status-publish","hentry"],"yoast_head":"<!-- This site is optimized with the Yoast SEO plugin v26.9 - https:\/\/yoast.com\/product\/yoast-seo-wordpress\/ -->\n<title>Ranja Valley School | WEbuilding<\/title>\n<meta name=\"robots\" content=\"index, follow, max-snippet:-1, max-image-preview:large, max-video-preview:-1\" \/>\n<link rel=\"canonical\" href=\"https:\/\/we-building.org\/de\/ranja-valley-schule\/\" \/>\n<meta property=\"og:locale\" content=\"de_DE\" \/>\n<meta property=\"og:type\" content=\"article\" \/>\n<meta property=\"og:title\" content=\"Ranja Valley School | WEbuilding\" \/>\n<meta property=\"og:description\" content=\"Ranja Valley Schule Jahr2021 &#8211; 2025 StandortRanja Valley, Haiti UmfeldL\u00e4ndlich Gr\u00f6\u00dfe6 Klassenzimmer (erste Phase) LeistungEntwurf, Fundraising PartnersDioc\u00e8se J\u00e9r\u00e9mie, Haiti; \u201eEin Herz f\u00fcr Kinder\u201c \u2013 BILD hilft e.V., Reiner Meutsch Stiftung; FLY &amp; HELP: Development Future e.V. NachhaltigkeitLokale Mitarbeiter + TrainingLokale Materialien Ranja Valley Schule Kinder in Haiti haben es nicht leicht: Haiti hat eine Alphabetisierungsrate von nur 60 % &#8211; die niedrigste in der westlichen Hemisph\u00e4re. Der Mangel an Bildung vertieft die sozialen und wirtschaftlichen Unterschiede, was zu einer hohen Armutsquote und wenig M\u00f6glichkeiten zur Verbesserung der Lebensbedingungen f\u00fchrt. &nbsp; Eine weitere gro\u00dfe Herausforderung, vor der das Land derzeit steht, ist die Bew\u00e4ltigung &hellip; Ranja Valley Schule ...\" \/>\n<meta property=\"og:url\" content=\"https:\/\/we-building.org\/de\/ranja-valley-schule\/\" \/>\n<meta property=\"og:site_name\" content=\"WEbuilding\" \/>\n<meta property=\"article:modified_time\" content=\"2026-04-02T14:10:48+00:00\" \/>\n<meta property=\"og:image\" content=\"https:\/\/we-building.org\/wp-content\/uploads\/2026\/02\/ChatGPT-Image-10.-Feb.-2026-17_10_33-1024x683.png\" \/>\n\t<meta property=\"og:image:width\" content=\"1024\" \/>\n\t<meta property=\"og:image:height\" content=\"683\" \/>\n\t<meta property=\"og:image:type\" content=\"image\/png\" \/>\n<meta name=\"twitter:card\" content=\"summary_large_image\" \/>\n<meta name=\"twitter:label1\" content=\"Gesch\u00e4tzte Lesezeit\" \/>\n\t<meta name=\"twitter:data1\" content=\"2 Minuten\" \/>\n<script type=\"application\/ld+json\" class=\"yoast-schema-graph\">{\"@context\":\"https:\/\/schema.org\",\"@graph\":[{\"@type\":\"WebPage\",\"@id\":\"https:\/\/we-building.org\/de\/ranja-valley-schule\/\",\"url\":\"https:\/\/we-building.org\/de\/ranja-valley-schule\/\",\"name\":\"Ranja Valley School | WEbuilding\",\"isPartOf\":{\"@id\":\"https:\/\/we-building.org\/#website\"},\"primaryImageOfPage\":{\"@id\":\"https:\/\/we-building.org\/de\/ranja-valley-schule\/#primaryimage\"},\"image\":{\"@id\":\"https:\/\/we-building.org\/de\/ranja-valley-schule\/#primaryimage\"},\"thumbnailUrl\":\"https:\/\/we-building.org\/wp-content\/uploads\/2026\/02\/ChatGPT-Image-10.-Feb.-2026-17_10_33.png\",\"datePublished\":\"2021-08-24T08:34:26+00:00\",\"dateModified\":\"2026-04-02T14:10:48+00:00\",\"breadcrumb\":{\"@id\":\"https:\/\/we-building.org\/de\/ranja-valley-schule\/#breadcrumb\"},\"inLanguage\":\"de-DE\",\"potentialAction\":[{\"@type\":\"ReadAction\",\"target\":[\"https:\/\/we-building.org\/de\/ranja-valley-schule\/\"]}]},{\"@type\":\"ImageObject\",\"inLanguage\":\"de-DE\",\"@id\":\"https:\/\/we-building.org\/de\/ranja-valley-schule\/#primaryimage\",\"url\":\"https:\/\/we-building.org\/wp-content\/uploads\/2026\/02\/ChatGPT-Image-10.-Feb.-2026-17_10_33.png\",\"contentUrl\":\"https:\/\/we-building.org\/wp-content\/uploads\/2026\/02\/ChatGPT-Image-10.-Feb.-2026-17_10_33.png\"},{\"@type\":\"BreadcrumbList\",\"@id\":\"https:\/\/we-building.org\/de\/ranja-valley-schule\/#breadcrumb\",\"itemListElement\":[{\"@type\":\"ListItem\",\"position\":1,\"name\":\"Home\",\"item\":\"https:\/\/we-building.org\/de\/index\/\"},{\"@type\":\"ListItem\",\"position\":2,\"name\":\"Ranja Valley Schule\"}]},{\"@type\":\"WebSite\",\"@id\":\"https:\/\/we-building.org\/#website\",\"url\":\"https:\/\/we-building.org\/\",\"name\":\"WEbuilding\",\"description\":\"Using sustainable architecture to help communities around the world build a better and brighter future.\",\"publisher\":{\"@id\":\"https:\/\/we-building.org\/#organization\"},\"potentialAction\":[{\"@type\":\"SearchAction\",\"target\":{\"@type\":\"EntryPoint\",\"urlTemplate\":\"https:\/\/we-building.org\/?s={search_term_string}\"},\"query-input\":{\"@type\":\"PropertyValueSpecification\",\"valueRequired\":true,\"valueName\":\"search_term_string\"}}],\"inLanguage\":\"de-DE\"},{\"@type\":\"Organization\",\"@id\":\"https:\/\/we-building.org\/#organization\",\"name\":\"WEbuilding\",\"url\":\"https:\/\/we-building.org\/\",\"logo\":{\"@type\":\"ImageObject\",\"inLanguage\":\"de-DE\",\"@id\":\"https:\/\/we-building.org\/#\/schema\/logo\/image\/\",\"url\":\"https:\/\/we-building.org\/wp-content\/uploads\/2020\/02\/cropped-12_Logo-1.png\",\"contentUrl\":\"https:\/\/we-building.org\/wp-content\/uploads\/2020\/02\/cropped-12_Logo-1.png\",\"width\":2288,\"height\":2288,\"caption\":\"WEbuilding\"},\"image\":{\"@id\":\"https:\/\/we-building.org\/#\/schema\/logo\/image\/\"}}]}<\/script>\n<!-- \/ Yoast SEO plugin. -->","yoast_head_json":{"title":"Ranja Valley School | WEbuilding","robots":{"index":"index","follow":"follow","max-snippet":"max-snippet:-1","max-image-preview":"max-image-preview:large","max-video-preview":"max-video-preview:-1"},"canonical":"https:\/\/we-building.org\/de\/ranja-valley-schule\/","og_locale":"de_DE","og_type":"article","og_title":"Ranja Valley School | WEbuilding","og_description":"Ranja Valley Schule Jahr2021 &#8211; 2025 StandortRanja Valley, Haiti UmfeldL\u00e4ndlich Gr\u00f6\u00dfe6 Klassenzimmer (erste Phase) LeistungEntwurf, Fundraising PartnersDioc\u00e8se J\u00e9r\u00e9mie, Haiti; \u201eEin Herz f\u00fcr Kinder\u201c \u2013 BILD hilft e.V., Reiner Meutsch Stiftung; FLY &amp; HELP: Development Future e.V. NachhaltigkeitLokale Mitarbeiter + TrainingLokale Materialien Ranja Valley Schule Kinder in Haiti haben es nicht leicht: Haiti hat eine Alphabetisierungsrate von nur 60 % &#8211; die niedrigste in der westlichen Hemisph\u00e4re. Der Mangel an Bildung vertieft die sozialen und wirtschaftlichen Unterschiede, was zu einer hohen Armutsquote und wenig M\u00f6glichkeiten zur Verbesserung der Lebensbedingungen f\u00fchrt. &nbsp; Eine weitere gro\u00dfe Herausforderung, vor der das Land derzeit steht, ist die Bew\u00e4ltigung &hellip; Ranja Valley Schule ...","og_url":"https:\/\/we-building.org\/de\/ranja-valley-schule\/","og_site_name":"WEbuilding","article_modified_time":"2026-04-02T14:10:48+00:00","og_image":[{"width":1024,"height":683,"url":"https:\/\/we-building.org\/wp-content\/uploads\/2026\/02\/ChatGPT-Image-10.-Feb.-2026-17_10_33-1024x683.png","type":"image\/png"}],"twitter_card":"summary_large_image","twitter_misc":{"Gesch\u00e4tzte Lesezeit":"2 Minuten"},"schema":{"@context":"https:\/\/schema.org","@graph":[{"@type":"WebPage","@id":"https:\/\/we-building.org\/de\/ranja-valley-schule\/","url":"https:\/\/we-building.org\/de\/ranja-valley-schule\/","name":"Ranja Valley School | WEbuilding","isPartOf":{"@id":"https:\/\/we-building.org\/#website"},"primaryImageOfPage":{"@id":"https:\/\/we-building.org\/de\/ranja-valley-schule\/#primaryimage"},"image":{"@id":"https:\/\/we-building.org\/de\/ranja-valley-schule\/#primaryimage"},"thumbnailUrl":"https:\/\/we-building.org\/wp-content\/uploads\/2026\/02\/ChatGPT-Image-10.-Feb.-2026-17_10_33.png","datePublished":"2021-08-24T08:34:26+00:00","dateModified":"2026-04-02T14:10:48+00:00","breadcrumb":{"@id":"https:\/\/we-building.org\/de\/ranja-valley-schule\/#breadcrumb"},"inLanguage":"de-DE","potentialAction":[{"@type":"ReadAction","target":["https:\/\/we-building.org\/de\/ranja-valley-schule\/"]}]},{"@type":"ImageObject","inLanguage":"de-DE","@id":"https:\/\/we-building.org\/de\/ranja-valley-schule\/#primaryimage","url":"https:\/\/we-building.org\/wp-content\/uploads\/2026\/02\/ChatGPT-Image-10.-Feb.-2026-17_10_33.png","contentUrl":"https:\/\/we-building.org\/wp-content\/uploads\/2026\/02\/ChatGPT-Image-10.-Feb.-2026-17_10_33.png"},{"@type":"BreadcrumbList","@id":"https:\/\/we-building.org\/de\/ranja-valley-schule\/#breadcrumb","itemListElement":[{"@type":"ListItem","position":1,"name":"Home","item":"https:\/\/we-building.org\/de\/index\/"},{"@type":"ListItem","position":2,"name":"Ranja Valley Schule"}]},{"@type":"WebSite","@id":"https:\/\/we-building.org\/#website","url":"https:\/\/we-building.org\/","name":"WEbuilding","description":"Using sustainable architecture to help communities around the world build a better and brighter future.","publisher":{"@id":"https:\/\/we-building.org\/#organization"},"potentialAction":[{"@type":"SearchAction","target":{"@type":"EntryPoint","urlTemplate":"https:\/\/we-building.org\/?s={search_term_string}"},"query-input":{"@type":"PropertyValueSpecification","valueRequired":true,"valueName":"search_term_string"}}],"inLanguage":"de-DE"},{"@type":"Organization","@id":"https:\/\/we-building.org\/#organization","name":"WEbuilding","url":"https:\/\/we-building.org\/","logo":{"@type":"ImageObject","inLanguage":"de-DE","@id":"https:\/\/we-building.org\/#\/schema\/logo\/image\/","url":"https:\/\/we-building.org\/wp-content\/uploads\/2020\/02\/cropped-12_Logo-1.png","contentUrl":"https:\/\/we-building.org\/wp-content\/uploads\/2020\/02\/cropped-12_Logo-1.png","width":2288,"height":2288,"caption":"WEbuilding"},"image":{"@id":"https:\/\/we-building.org\/#\/schema\/logo\/image\/"}}]}},"_links":{"self":[{"href":"https:\/\/we-building.org\/de\/wp-json\/wp\/v2\/pages\/10165","targetHints":{"allow":["GET"]}}],"collection":[{"href":"https:\/\/we-building.org\/de\/wp-json\/wp\/v2\/pages"}],"about":[{"href":"https:\/\/we-building.org\/de\/wp-json\/wp\/v2\/types\/page"}],"author":[{"embeddable":true,"href":"https:\/\/we-building.org\/de\/wp-json\/wp\/v2\/users\/1"}],"replies":[{"embeddable":true,"href":"https:\/\/we-building.org\/de\/wp-json\/wp\/v2\/comments?post=10165"}],"version-history":[{"count":3,"href":"https:\/\/we-building.org\/de\/wp-json\/wp\/v2\/pages\/10165\/revisions"}],"predecessor-version":[{"id":15660,"href":"https:\/\/we-building.org\/de\/wp-json\/wp\/v2\/pages\/10165\/revisions\/15660"}],"wp:attachment":[{"href":"https:\/\/we-building.org\/de\/wp-json\/wp\/v2\/media?parent=10165"}],"curies":[{"name":"wp","href":"https:\/\/api.w.org\/{rel}","templated":true}]}}